{"id":88,"date":"2015-10-28T21:00:38","date_gmt":"2015-10-28T20:00:38","guid":{"rendered":"http:\/\/www.doppelturm.de\/?page_id=88"},"modified":"2016-08-22T22:26:52","modified_gmt":"2016-08-22T20:26:52","slug":"spieltag-6","status":"publish","type":"page","link":"https:\/\/www.doppelturm.de\/?page_id=88","title":{"rendered":"Spieltag 6"},"content":{"rendered":"<h6>Herren 1<\/h6>\n<p>Unsere 1. Mannschaft bleibt daheim weiterhin ungeschlagen! Wieder mit einem ausgezeichneten Gesamt-ergebnis wurde der Gegner aus N\u00fcdlingen mit 5:1 Punkten nach Hause geschickt. Nach den Anfangsstartern stand es noch 1:1 nach Punkten, aber lediglich 18 Holz im Minus. Unser gut eingespieltes Schlusspaar holte nicht nur die Miese raus, sondern verwandelte diese in ein gem\u00fctliches Polster. Nach einer Woche Pause geht es dann f\u00fcr das Team zum Ausw\u00e4rtsspiel nach Schonungen. <a href=\"http:\/\/www.doppelturm.de\/docs\/2015\/ergebnisse\/H1\/SP6H1.pdf\">Spielbericht<\/a><\/p>\n<table class=\"tablerpt\">\n<tbody>\n<tr>\n<td class=\"xl64\" colspan=\"6\" width=\"480\" height=\"20\">DT Grafenrheinfeld 1<\/td>\n<td class=\"xl64\" colspan=\"6\" width=\"480\">TSV N\u00fcdlingen<\/td>\n<\/tr>\n<tr>\n<td height=\"20\">Name<\/td>\n<td>Volle<\/td>\n<td>Abr.<\/td>\n<td>Fehler<\/td>\n<td>Gesamt<\/td>\n<td>MP<\/td>\n<td>Name<\/td>\n<td>Volle<\/td>\n<td>Abr.<\/td>\n<td>Fehler<\/td>\n<td>Gesamt<\/td>\n<td>MP<\/td>\n<\/tr>\n<tr>\n<td height=\"20\">Oliver Werner<\/td>\n<td align=\"right\">382<\/td>\n<td align=\"right\">205<\/td>\n<td align=\"right\">0<\/td>\n<td align=\"right\">587<\/td>\n<td align=\"right\">1<\/td>\n<td>Weber Georg<\/td>\n<td align=\"right\">355<\/td>\n<td align=\"right\">191<\/td>\n<td align=\"right\">3<\/td>\n<td align=\"right\">546<\/td>\n<td align=\"right\">0<\/td>\n<\/tr>\n<tr>\n<td height=\"20\">Philipp H\u00fcmmer<\/td>\n<td align=\"right\">344<\/td>\n<td align=\"right\">147<\/td>\n<td align=\"right\">11<\/td>\n<td align=\"right\">491<\/td>\n<td align=\"right\">0<\/td>\n<td>Nico Schulz<\/td>\n<td align=\"right\">365<\/td>\n<td align=\"right\">184<\/td>\n<td align=\"right\">9<\/td>\n<td align=\"right\">549<\/td>\n<td align=\"right\">1<\/td>\n<\/tr>\n<tr>\n<td height=\"20\">Sascha M\u00fcller<\/td>\n<td align=\"right\">367<\/td>\n<td align=\"right\">209<\/td>\n<td align=\"right\">3<\/td>\n<td align=\"right\">576<\/td>\n<td align=\"right\">1<\/td>\n<td>Dietmar Hofmann<\/td>\n<td align=\"right\">348<\/td>\n<td align=\"right\">156<\/td>\n<td align=\"right\">6<\/td>\n<td align=\"right\">504<\/td>\n<td align=\"right\">0<\/td>\n<\/tr>\n<tr>\n<td height=\"20\">Matthias Braun<\/td>\n<td align=\"right\">358<\/td>\n<td align=\"right\">187<\/td>\n<td align=\"right\">4<\/td>\n<td align=\"right\">545<\/td>\n<td align=\"right\">1<\/td>\n<td>Dominic Schaupp<\/td>\n<td align=\"right\">356<\/td>\n<td align=\"right\">168<\/td>\n<td align=\"right\">7<\/td>\n<td align=\"right\">524<\/td>\n<td align=\"right\">0<\/td>\n<\/tr>\n<tr>\n<td align=\"right\">+76<\/td>\n<td align=\"right\">1451<\/td>\n<td align=\"right\">748<\/td>\n<td align=\"right\">18<\/td>\n<td align=\"right\">2199<\/td>\n<td align=\"right\">5<\/td>\n<td align=\"right\">-76<\/td>\n<td align=\"right\">1424<\/td>\n<td align=\"right\">699<\/td>\n<td align=\"right\">25<\/td>\n<td align=\"right\">2123<\/td>\n<td align=\"right\">1<\/td>\n<\/tr>\n<\/tbody>\n<\/table>\n<h6>Herren 2<\/h6>\n<p>Eine \u00e4rgerliche Heimniederlage f\u00fcr unsere 2. Herren. Nach dem Startpaar f\u00fchrte man dank klasse Ergebnisse mit 2:0 Punkten und \u00fcber 120 Holz Vorsprung. Auch das Schlusspaar legte gute Ergebnisse hin, allerdings trumpften die gegnerischen Schlussstarter nicht erwartend beeindruckend auf &#8211; beinahe w\u00e4re sogar ein neuer Bahnrekord aufgestellt worden. So schmolz der Vorsprung dahin und am Schluss musste man sich mit lediglich 26 Holz geschlagen geben. <a href=\"http:\/\/www.doppelturm.de\/docs\/2015\/ergebnisse\/H2\/SP6H2.pdf\">Spielbericht<\/a><\/p>\n<table class=\"tablerpt\">\n<tbody>\n<tr>\n<td class=\"xl66\" colspan=\"6\" width=\"480\" height=\"20\">DT Grafenrheinfeld 2<\/td>\n<td class=\"xl66\" colspan=\"6\" width=\"480\">SG Dittelbrunn 2<\/td>\n<\/tr>\n<tr>\n<td height=\"20\">Name<\/td>\n<td>Volle<\/td>\n<td>Abr.<\/td>\n<td>Fehler<\/td>\n<td>Gesamt<\/td>\n<td>MP<\/td>\n<td>Name<\/td>\n<td>Volle<\/td>\n<td>Abr.<\/td>\n<td>Fehler<\/td>\n<td>Gesamt<\/td>\n<td>MP<\/td>\n<\/tr>\n<tr>\n<td height=\"20\">Burkard Hofstetter<\/td>\n<td align=\"right\">354<\/td>\n<td align=\"right\">162<\/td>\n<td align=\"right\">10<\/td>\n<td align=\"right\">516<\/td>\n<td align=\"right\">1<\/td>\n<td>Bl\u00fcmm Stephan<\/td>\n<td align=\"right\">162<\/td>\n<td align=\"right\">75<\/td>\n<td align=\"right\">1<\/td>\n<td align=\"right\">237<\/td>\n<td align=\"right\">0<\/td>\n<\/tr>\n<tr>\n<td height=\"20\"><\/td>\n<td><\/td>\n<td><\/td>\n<td><\/td>\n<td><\/td>\n<td><\/td>\n<td>Walter Hans-Peter<\/td>\n<td align=\"right\">170<\/td>\n<td align=\"right\">70<\/td>\n<td align=\"right\">8<\/td>\n<td align=\"right\">240<\/td>\n<td align=\"right\">0<\/td>\n<\/tr>\n<tr>\n<td height=\"20\">Gerhard Lohrey<\/td>\n<td align=\"right\">368<\/td>\n<td align=\"right\">181<\/td>\n<td align=\"right\">6<\/td>\n<td align=\"right\">549<\/td>\n<td align=\"right\">1<\/td>\n<td>Popp Manfred<\/td>\n<td align=\"right\">317<\/td>\n<td align=\"right\">145<\/td>\n<td align=\"right\">13<\/td>\n<td align=\"right\">462<\/td>\n<td align=\"right\">0<\/td>\n<\/tr>\n<tr>\n<td height=\"20\">Georgios Agiropoulos<\/td>\n<td align=\"right\">352<\/td>\n<td align=\"right\">154<\/td>\n<td align=\"right\">10<\/td>\n<td align=\"right\">506<\/td>\n<td align=\"right\">0<\/td>\n<td>Schraut Christof<\/td>\n<td align=\"right\">367<\/td>\n<td align=\"right\">229<\/td>\n<td align=\"right\">5<\/td>\n<td align=\"right\">596<\/td>\n<td align=\"right\">1<\/td>\n<\/tr>\n<tr>\n<td height=\"20\">Hermann Mauder<\/td>\n<td align=\"right\">354<\/td>\n<td align=\"right\">139<\/td>\n<td align=\"right\">11<\/td>\n<td align=\"right\">493<\/td>\n<td align=\"right\">0<\/td>\n<td>Thomann Martin jun.<\/td>\n<td align=\"right\">373<\/td>\n<td align=\"right\">182<\/td>\n<td align=\"right\">5<\/td>\n<td align=\"right\">555<\/td>\n<td align=\"right\">1<\/td>\n<\/tr>\n<tr>\n<td align=\"right\" height=\"20\">-26<\/td>\n<td align=\"right\">1428<\/td>\n<td align=\"right\">636<\/td>\n<td align=\"right\">37<\/td>\n<td align=\"right\">2064<\/td>\n<td align=\"right\">2<\/td>\n<td align=\"right\">26<\/td>\n<td align=\"right\">1389<\/td>\n<td align=\"right\">701<\/td>\n<td align=\"right\">32<\/td>\n<td align=\"right\">2090<\/td>\n<td align=\"right\">4<\/td>\n<\/tr>\n<\/tbody>\n<\/table>\n<h6>Damen<\/h6>\n<p>Am Sonntag \u00fcberzeugte unser Damenteam mit einem ausgezeichneten Ergebnis und so konnten sie die Punkte gegen einen direkten Meisterschaftskontrahenten einfahren. Nach dem Anfangspaar stand es 1:1 nach Punkten und einer F\u00fchrung mit 19 Holz. Das Mittelpaar hielt gegen die starken gegnerischen Spielerinnen mit und verteidigte den Vorsprung. So gingen unsere Schlussdamen mit 2:2 Punkten an den Start und zeigten den Gegnerinnen die Grenzen auf und holten die Ergebnispunkte, was schlussendlich den Sieg bedeutete. <a href=\"http:\/\/www.doppelturm.de\/docs\/2015\/ergebnisse\/D\/SP6D.pdf\">Spielbericht<\/a><\/p>\n<table class=\"tablerpt\">\n<tbody>\n<tr>\n<td class=\"xl66\" colspan=\"6\" width=\"480\" height=\"20\">DT Grafenrheinfeld Damen<\/td>\n<td class=\"xl66\" colspan=\"6\" width=\"480\">Dreieck Schweinfurt<\/td>\n<\/tr>\n<tr>\n<td height=\"20\">Name<\/td>\n<td>Volle<\/td>\n<td>Abr.<\/td>\n<td>Fehler<\/td>\n<td>Gesamt<\/td>\n<td>MP<\/td>\n<td>Name<\/td>\n<td>Volle<\/td>\n<td>Abr.<\/td>\n<td>Fehler<\/td>\n<td>Gesamt<\/td>\n<td>MP<\/td>\n<\/tr>\n<tr>\n<td height=\"20\">Silvia Landeck<\/td>\n<td align=\"right\">343<\/td>\n<td align=\"right\">175<\/td>\n<td align=\"right\">5<\/td>\n<td align=\"right\">518<\/td>\n<td align=\"right\">1<\/td>\n<td>Ziegler Vanessa<\/td>\n<td align=\"right\">325<\/td>\n<td align=\"right\">165<\/td>\n<td align=\"right\">6<\/td>\n<td align=\"right\">490<\/td>\n<td align=\"right\">0<\/td>\n<\/tr>\n<tr>\n<td height=\"20\">Helena N\u00f6th<\/td>\n<td align=\"right\">344<\/td>\n<td align=\"right\">130<\/td>\n<td align=\"right\">12<\/td>\n<td align=\"right\">474<\/td>\n<td align=\"right\">0<\/td>\n<td>Jelitto Melanie<\/td>\n<td align=\"right\">334<\/td>\n<td align=\"right\">149<\/td>\n<td align=\"right\">12<\/td>\n<td align=\"right\">483<\/td>\n<td align=\"right\">1<\/td>\n<\/tr>\n<tr>\n<td height=\"20\">Anni R\u00f6sch<\/td>\n<td align=\"right\">384<\/td>\n<td align=\"right\">133<\/td>\n<td align=\"right\">11<\/td>\n<td align=\"right\">517<\/td>\n<td align=\"right\">0<\/td>\n<td>Weber-Faust Rebecca<\/td>\n<td align=\"right\">343<\/td>\n<td align=\"right\">188<\/td>\n<td align=\"right\">1<\/td>\n<td align=\"right\">531<\/td>\n<td align=\"right\">1<\/td>\n<\/tr>\n<tr>\n<td height=\"20\">Corinna Murphy<\/td>\n<td align=\"right\">374<\/td>\n<td align=\"right\">184<\/td>\n<td align=\"right\">1<\/td>\n<td align=\"right\">558<\/td>\n<td align=\"right\">1<\/td>\n<td>Pfaff Ute<\/td>\n<td align=\"right\">363<\/td>\n<td align=\"right\">183<\/td>\n<td align=\"right\">7<\/td>\n<td align=\"right\">546<\/td>\n<td align=\"right\">0<\/td>\n<\/tr>\n<tr>\n<td height=\"20\">Daniela Eisenhut<\/td>\n<td align=\"right\">351<\/td>\n<td align=\"right\">174<\/td>\n<td align=\"right\">8<\/td>\n<td align=\"right\">525<\/td>\n<td align=\"right\">0<\/td>\n<td>H\u00fcttl Stefanie<\/td>\n<td align=\"right\">362<\/td>\n<td align=\"right\">181<\/td>\n<td align=\"right\">6<\/td>\n<td align=\"right\">543<\/td>\n<td align=\"right\">1<\/td>\n<\/tr>\n<tr>\n<td height=\"20\">Jenny Mauder<\/td>\n<td align=\"right\">362<\/td>\n<td align=\"right\">189<\/td>\n<td align=\"right\">5<\/td>\n<td align=\"right\">551<\/td>\n<td align=\"right\">1<\/td>\n<td>Weber Monika<\/td>\n<td align=\"right\">338<\/td>\n<td align=\"right\">138<\/td>\n<td align=\"right\">10<\/td>\n<td align=\"right\">476<\/td>\n<td align=\"right\">0<\/td>\n<\/tr>\n<tr>\n<td align=\"right\" height=\"20\">74<\/td>\n<td align=\"right\">2158<\/td>\n<td align=\"right\">985<\/td>\n<td align=\"right\">42<\/td>\n<td align=\"right\">3143<\/td>\n<td align=\"right\">5<\/td>\n<td align=\"right\">-74<\/td>\n<td align=\"right\">2065<\/td>\n<td align=\"right\">1004<\/td>\n<td align=\"right\">42<\/td>\n<td align=\"right\">3069<\/td>\n<td align=\"right\">3<\/td>\n<\/tr>\n<\/tbody>\n<\/table>\n<h6>Jugend 1<\/h6>\n<p>Erster Sieg f\u00fcr unsere 1. Jugendmannschaft. Beim Ausw\u00e4rtsspiel ging es am Montagabend zum ESV Schweinfurt. Mit gleich zwei blutigen Anf\u00e4ngerinnen bei den Gegnern war das Spiel von Anfang an klar. Trotzdem nahm unser Nachwuchs das Spiel vorbildlich nicht auf die leichte Schulter und brachte ein gutes und mannschaftlich geschlossenes Gesamtergebnis zusammen. So kann es weiter gehn, dann wird dies nicht der letzte Sieg gewesen sein.<\/p>\n<p><em>Jugendspiele werden ohne Punktewertung gespielt; U14-Spieler bekommen einen Bonus von 9 Holz pro Bahn<\/em><\/p>\n<table class=\"tablerpt\">\n<tbody>\n<tr>\n<td class=\"xl66\" colspan=\"5\" width=\"400\" height=\"20\">ESV Schweinfurt\/R\u00f6thlein 2<\/td>\n<td class=\"xl66\" colspan=\"5\" width=\"400\">DT Grafenrheinfeld Jugend 1<\/td>\n<\/tr>\n<tr>\n<td height=\"20\">Name<\/td>\n<td>Volle<\/td>\n<td>Abr.<\/td>\n<td>Fehler<\/td>\n<td>Gesamt<\/td>\n<td>Name<\/td>\n<td>Volle<\/td>\n<td>Abr.<\/td>\n<td>Fehler<\/td>\n<td>Gesamt<\/td>\n<\/tr>\n<tr>\n<td height=\"20\">Laura Geyer<\/td>\n<td align=\"right\">179<\/td>\n<td align=\"right\">60<\/td>\n<td align=\"right\">52<\/td>\n<td align=\"right\">239<\/td>\n<td>Leo Weigand<\/td>\n<td align=\"right\">343<\/td>\n<td align=\"right\">136<\/td>\n<td align=\"right\">12<\/td>\n<td align=\"right\">479<\/td>\n<\/tr>\n<tr>\n<td height=\"20\">Patricia Willacker<\/td>\n<td align=\"right\">341<\/td>\n<td align=\"right\">118<\/td>\n<td align=\"right\">22<\/td>\n<td align=\"right\">459<\/td>\n<td>Marius Krieger<\/td>\n<td align=\"right\">337<\/td>\n<td align=\"right\">133<\/td>\n<td align=\"right\">16<\/td>\n<td align=\"right\">470<\/td>\n<\/tr>\n<tr>\n<td height=\"20\">Sophie Martinez-Santa<\/td>\n<td align=\"right\">163<\/td>\n<td align=\"right\">56<\/td>\n<td align=\"right\">60<\/td>\n<td align=\"right\">219<\/td>\n<td>Emily Braun<\/td>\n<td align=\"right\">341<\/td>\n<td align=\"right\">138<\/td>\n<td align=\"right\">14<\/td>\n<td align=\"right\">479<\/td>\n<\/tr>\n<tr>\n<td height=\"20\">U14-Bonus<\/td>\n<td><\/td>\n<td><\/td>\n<td><\/td>\n<td align=\"right\">72<\/td>\n<td><\/td>\n<td><\/td>\n<td><\/td>\n<td><\/td>\n<td><\/td>\n<\/tr>\n<tr>\n<td align=\"right\" height=\"20\">-439<\/td>\n<td align=\"right\">683<\/td>\n<td align=\"right\">234<\/td>\n<td align=\"right\">134<\/td>\n<td align=\"right\">989<\/td>\n<td align=\"right\">439<\/td>\n<td align=\"right\">1021<\/td>\n<td align=\"right\">407<\/td>\n<td align=\"right\">42<\/td>\n<td align=\"right\">1428<\/td>\n<\/tr>\n<\/tbody>\n<\/table>\n<p>&nbsp;<\/p>\n","protected":false},"excerpt":{"rendered":"<p>Herren 1 Unsere 1. Mannschaft bleibt daheim weiterhin ungeschlagen! Wieder mit einem ausgezeichneten Gesamt-ergebnis wurde der Gegner aus N\u00fcdlingen mit 5:1 Punkten nach Hause geschickt. Nach den Anfangsstartern stand es <a href=\"https:\/\/www.doppelturm.de\/?page_id=88\" class=\"more-link\">[&hellip;]<\/a><\/p>\n","protected":false},"author":1,"featured_media":0,"parent":994,"menu_order":0,"comment_status":"closed","ping_status":"closed","template":"","meta":{"Layout":"1c"},"_links":{"self":[{"href":"https:\/\/www.doppelturm.de\/index.php?rest_route=\/wp\/v2\/pages\/88"}],"collection":[{"href":"https:\/\/www.doppelturm.de\/index.php?rest_route=\/wp\/v2\/pages"}],"about":[{"href":"https:\/\/www.doppelturm.de\/index.php?rest_route=\/wp\/v2\/types\/page"}],"author":[{"embeddable":true,"href":"https:\/\/www.doppelturm.de\/index.php?rest_route=\/wp\/v2\/users\/1"}],"replies":[{"embeddable":true,"href":"https:\/\/www.doppelturm.de\/index.php?rest_route=%2Fwp%2Fv2%2Fcomments&post=88"}],"version-history":[{"count":10,"href":"https:\/\/www.doppelturm.de\/index.php?rest_route=\/wp\/v2\/pages\/88\/revisions"}],"predecessor-version":[{"id":530,"href":"https:\/\/www.doppelturm.de\/index.php?rest_route=\/wp\/v2\/pages\/88\/revisions\/530"}],"up":[{"embeddable":true,"href":"https:\/\/www.doppelturm.de\/index.php?rest_route=\/wp\/v2\/pages\/994"}],"wp:attachment":[{"href":"https:\/\/www.doppelturm.de\/index.php?rest_route=%2Fwp%2Fv2%2Fmedia&parent=88"}],"curies":[{"name":"wp","href":"https:\/\/api.w.org\/{rel}","templated":true}]}}