{"id":836,"date":"2016-03-15T09:42:59","date_gmt":"2016-03-15T08:42:59","guid":{"rendered":"http:\/\/www.doppelturm.de\/?page_id=836"},"modified":"2016-08-22T22:27:59","modified_gmt":"2016-08-22T20:27:59","slug":"spieltag-17","status":"publish","type":"page","link":"https:\/\/www.doppelturm.de\/?page_id=836","title":{"rendered":"Spieltag 17"},"content":{"rendered":"<h6>Herren 1<\/h6>\n<p>Extrem knapp musste sich unsere erste Mannschaft in Bad Br\u00fcckenbau geschlagen geben. Mit nur zwei Holz R\u00fcckstand wurde am Unentschieden vorbei geregelt. Die Siegesserie ist damit zwar vorbei, aber dank vorzeitiger Meisterschaft und Aufstieg Nebensache.<\/p>\n<table class=\"tablerpt\">\n<tbody>\n<tr>\n<td class=\"lineheaderc\" colspan=\"6\" width=\"480\" height=\"20\">Bad Br\u00fcckenau<\/td>\n<td class=\"lineheaderc\" colspan=\"6\" width=\"480\">DT Herren 1<\/td>\n<\/tr>\n<tr>\n<td class=\"lineheader\" height=\"20\">Name<\/td>\n<td class=\"lineheaderc\">Volle<\/td>\n<td class=\"lineheaderc\">Abr.<\/td>\n<td class=\"lineheaderc\">Fehler<\/td>\n<td class=\"lineheaderc\">Gesamt<\/td>\n<td class=\"lineheaderc\">MP<\/td>\n<td class=\"lineheader\">Name<\/td>\n<td class=\"lineheaderc\">Volle<\/td>\n<td class=\"lineheaderc\">Abr.<\/td>\n<td class=\"lineheaderc\">Fehler<\/td>\n<td class=\"lineheaderc\">Gesamt<\/td>\n<td class=\"lineheaderc\">MP<\/td>\n<\/tr>\n<tr>\n<td class=\"cellborder\" height=\"20\"><\/td>\n<td class=\"cellborderc\" align=\"right\"><\/td>\n<td class=\"cellborderc\" align=\"right\"><\/td>\n<td class=\"cellborderc\" align=\"right\"><\/td>\n<td class=\"cellborderc\" align=\"right\"><\/td>\n<td class=\"cellborderc\" align=\"right\"><\/td>\n<td class=\"cellborder\">Oliver Werner<\/td>\n<td class=\"cellborderc\" align=\"right\"><\/td>\n<td class=\"cellborderc\" align=\"right\"><\/td>\n<td class=\"cellborderc\" align=\"right\"><\/td>\n<td class=\"cellborderc\" align=\"right\"><\/td>\n<td class=\"cellborderc\" align=\"right\">588<\/td>\n<\/tr>\n<tr>\n<td class=\"cellborder\" height=\"20\"><\/td>\n<td class=\"cellborderc\" align=\"right\"><\/td>\n<td class=\"cellborderc\" align=\"right\"><\/td>\n<td class=\"cellborderc\" align=\"right\"><\/td>\n<td class=\"cellborderc\" align=\"right\"><\/td>\n<td class=\"cellborderc\" align=\"right\"><\/td>\n<td class=\"cellborder\">Philipp H\u00fcmmer<\/td>\n<td class=\"cellborderc\" align=\"right\"><\/td>\n<td class=\"cellborderc\" align=\"right\"><\/td>\n<td class=\"cellborderc\" align=\"right\"><\/td>\n<td class=\"cellborderc\" align=\"right\"><\/td>\n<td class=\"cellborderc\" align=\"right\">524<\/td>\n<\/tr>\n<tr>\n<td class=\"cellborder\" height=\"20\"><\/td>\n<td class=\"cellborderc\" align=\"right\"><\/td>\n<td class=\"cellborderc\" align=\"right\"><\/td>\n<td class=\"cellborderc\" align=\"right\"><\/td>\n<td class=\"cellborderc\" align=\"right\"><\/td>\n<td class=\"cellborderc\" align=\"right\"><\/td>\n<td class=\"cellborder\">Sascha M\u00fcller<\/td>\n<td class=\"cellborderc\" align=\"right\"><\/td>\n<td class=\"cellborderc\" align=\"right\"><\/td>\n<td class=\"cellborderc\" align=\"right\"><\/td>\n<td class=\"cellborderc\" align=\"right\"><\/td>\n<td class=\"cellborderc\" align=\"right\">537<\/td>\n<\/tr>\n<tr>\n<td class=\"cellborder\" height=\"20\"><\/td>\n<td class=\"cellborderc\" align=\"right\"><\/td>\n<td class=\"cellborderc\" align=\"right\"><\/td>\n<td class=\"cellborderc\" align=\"right\"><\/td>\n<td class=\"cellborderc\" align=\"right\"><\/td>\n<td class=\"cellborderc\" align=\"right\"><\/td>\n<td class=\"cellborder\">Matthias Braun<\/td>\n<td class=\"cellborderc\" align=\"right\"><\/td>\n<td class=\"cellborderc\" align=\"right\"><\/td>\n<td class=\"cellborderc\" align=\"right\"><\/td>\n<td class=\"cellborderc\" align=\"right\"><\/td>\n<td class=\"cellborderc\" align=\"right\">521<\/td>\n<\/tr>\n<tr>\n<td class=\"cellborderc\" align=\"right\">+2<\/td>\n<td class=\"cellborderc\" align=\"right\"><\/td>\n<td class=\"cellborderc\" align=\"right\"><\/td>\n<td class=\"cellborderc\" align=\"right\"><\/td>\n<td class=\"cellborderc\" align=\"right\">2172<\/td>\n<td class=\"cellborderc\" align=\"right\">4<\/td>\n<td class=\"cellborderc\" align=\"right\">-2<\/td>\n<td class=\"cellborderc\" align=\"right\"><\/td>\n<td class=\"cellborderc\" align=\"right\"><\/td>\n<td class=\"cellborderc\" align=\"right\"><\/td>\n<td class=\"cellborderc\" align=\"right\">2170<\/td>\n<td class=\"cellborderc\" align=\"right\">2<\/td>\n<\/tr>\n<\/tbody>\n<\/table>\n<h6>Herren 2<\/h6>\n<p>Unsere zweiten Herren haben sich mit einem starken 6:0 Ausw\u00e4rtssieg wieder sehr gute Chancen auf die Meisterschaft erk\u00e4mpft. Wenn der aktuelle Tabellenf\u00fchrer n\u00e4chste Woche keinen 6:0-Sieg schafft, holt sich unsere zweite Mannschaft ebenfalls den Meistertitel. Jetzt hei\u00dft es Daumendr\u00fccken!<\/p>\n<table class=\"tablerpt\">\n<tbody>\n<tr>\n<td class=\"lineheaderc\" colspan=\"6\" width=\"480\" height=\"20\">Unterpreppach<\/td>\n<td class=\"lineheaderc\" colspan=\"6\" width=\"480\">DT Herren 2<\/td>\n<\/tr>\n<tr>\n<td class=\"lineheader\" height=\"20\">Name<\/td>\n<td class=\"lineheaderc\">Volle<\/td>\n<td class=\"lineheaderc\">Abr.<\/td>\n<td class=\"lineheaderc\">Fehler<\/td>\n<td class=\"lineheaderc\">Gesamt<\/td>\n<td class=\"lineheaderc\">MP<\/td>\n<td class=\"lineheader\">Name<\/td>\n<td class=\"lineheaderc\">Volle<\/td>\n<td class=\"lineheaderc\">Abr.<\/td>\n<td class=\"lineheaderc\">Fehler<\/td>\n<td class=\"lineheaderc\">Gesamt<\/td>\n<td class=\"lineheaderc\">MP<\/td>\n<\/tr>\n<tr>\n<td class=\"cellborder\" height=\"20\"><\/td>\n<td class=\"cellborderc\" align=\"right\"><\/td>\n<td class=\"cellborderc\" align=\"right\"><\/td>\n<td class=\"cellborderc\" align=\"right\"><\/td>\n<td class=\"cellborderc\" align=\"right\"><\/td>\n<td class=\"cellborderc\" align=\"right\"><\/td>\n<td class=\"cellborder\">Gerd Lohrey<\/td>\n<td class=\"cellborderc\" align=\"right\"><\/td>\n<td class=\"cellborderc\" align=\"right\"><\/td>\n<td class=\"cellborderc\" align=\"right\"><\/td>\n<td class=\"cellborderc\" align=\"right\"><\/td>\n<td class=\"cellborderc\" align=\"right\">485<\/td>\n<\/tr>\n<tr>\n<td class=\"cellborder\" height=\"20\"><\/td>\n<td class=\"cellborderc\" align=\"right\"><\/td>\n<td class=\"cellborderc\" align=\"right\"><\/td>\n<td class=\"cellborderc\" align=\"right\"><\/td>\n<td class=\"cellborderc\" align=\"right\"><\/td>\n<td class=\"cellborderc\" align=\"right\"><\/td>\n<td class=\"cellborder\">Hermann Mauder<\/td>\n<td class=\"cellborderc\" align=\"right\"><\/td>\n<td class=\"cellborderc\" align=\"right\"><\/td>\n<td class=\"cellborderc\" align=\"right\"><\/td>\n<td class=\"cellborderc\" align=\"right\"><\/td>\n<td class=\"cellborderc\" align=\"right\">488<\/td>\n<\/tr>\n<tr>\n<td class=\"cellborder\" height=\"20\"><\/td>\n<td class=\"cellborderc\" align=\"right\"><\/td>\n<td class=\"cellborderc\" align=\"right\"><\/td>\n<td class=\"cellborderc\" align=\"right\"><\/td>\n<td class=\"cellborderc\" align=\"right\"><\/td>\n<td class=\"cellborderc\" align=\"right\"><\/td>\n<td class=\"cellborder\">Wolfgang Borowski<\/td>\n<td class=\"cellborderc\" align=\"right\"><\/td>\n<td class=\"cellborderc\" align=\"right\"><\/td>\n<td class=\"cellborderc\" align=\"right\"><\/td>\n<td class=\"cellborderc\" align=\"right\"><\/td>\n<td class=\"cellborderc\" align=\"right\">485<\/td>\n<\/tr>\n<tr>\n<td class=\"cellborder\" height=\"20\"><\/td>\n<td class=\"cellborderc\" align=\"right\"><\/td>\n<td class=\"cellborderc\" align=\"right\"><\/td>\n<td class=\"cellborderc\" align=\"right\"><\/td>\n<td class=\"cellborderc\" align=\"right\"><\/td>\n<td class=\"cellborderc\" align=\"right\"><\/td>\n<td class=\"cellborder\">Georgios Agiropoulos<\/td>\n<td class=\"cellborderc\" align=\"right\"><\/td>\n<td class=\"cellborderc\" align=\"right\"><\/td>\n<td class=\"cellborderc\" align=\"right\"><\/td>\n<td class=\"cellborderc\" align=\"right\"><\/td>\n<td class=\"cellborderc\" align=\"right\">490<\/td>\n<\/tr>\n<tr>\n<td class=\"cellborderc\" align=\"right\">-283<\/td>\n<td class=\"cellborderc\" align=\"right\"><\/td>\n<td class=\"cellborderc\" align=\"right\"><\/td>\n<td class=\"cellborderc\" align=\"right\"><\/td>\n<td class=\"cellborderc\" align=\"right\">1665<\/td>\n<td class=\"cellborderc\" align=\"right\">0<\/td>\n<td class=\"cellborderc\" align=\"right\"><\/td>\n<td class=\"cellborderc\" align=\"right\"><\/td>\n<td class=\"cellborderc\" align=\"right\"><\/td>\n<td class=\"cellborderc\" align=\"right\"><\/td>\n<td class=\"cellborderc\" align=\"right\">1948<\/td>\n<td class=\"cellborderc\" align=\"right\">6<\/td>\n<\/tr>\n<\/tbody>\n<\/table>\n<p><b>Damen<\/b><\/p>\n<table class=\"tablerpt\">\n<tbody>\n<tr>\n<td class=\"lineheaderc\" colspan=\"7\" width=\"480\" height=\"20\">Gerolzhofen<\/td>\n<td class=\"lineheaderc\" colspan=\"7\" width=\"480\">DT Damen<\/td>\n<\/tr>\n<tr>\n<td class=\"lineheader\" height=\"20\">Name<\/td>\n<td class=\"lineheaderc\">Dg 1<\/td>\n<td class=\"lineheaderc\">Dg 2<\/td>\n<td class=\"lineheaderc\">Dg 3<\/td>\n<td class=\"lineheaderc\">Dg 4<\/td>\n<td class=\"lineheaderc\">Gesamt<\/td>\n<td class=\"lineheaderc\">MP<\/td>\n<td class=\"lineheaderc\" height=\"20\">MP<\/td>\n<td class=\"lineheaderc\">Gesamt<\/td>\n<td class=\"lineheaderc\">Dg 4<\/td>\n<td class=\"lineheaderc\">Dg 3<\/td>\n<td class=\"lineheaderc\">Dg 2<\/td>\n<td class=\"lineheaderc\">Dg 1<\/td>\n<td class=\"lineheaderc\">Name<\/td>\n<\/tr>\n<tr>\n<td class=\"cellborder\" height=\"20\">Niedermeier Doris<\/td>\n<td class=\"cellborderc\">119<\/td>\n<td class=\"cellborderc\">116<\/td>\n<td class=\"cellborderc\">121<\/td>\n<td class=\"cellborderc\">130<\/td>\n<td class=\"cellborderc\">486<\/td>\n<td class=\"cellborderc\">1<\/td>\n<td class=\"cellborderc\" height=\"20\">0<\/td>\n<td class=\"cellborderc\">482<\/td>\n<td class=\"cellborderc\">108<\/td>\n<td class=\"cellborderc\">129<\/td>\n<td class=\"cellborderc\">130<\/td>\n<td class=\"cellborderc\">115<\/td>\n<td class=\"cellborder\" align=\"right\">Landeck Siliva<\/td>\n<\/tr>\n<tr>\n<td class=\"cellborder\" height=\"20\">Leubner Ilse<\/td>\n<td class=\"cellborderc\">110<\/td>\n<td class=\"cellborderc\">115<\/td>\n<td class=\"cellborderc\">111<\/td>\n<td class=\"cellborderc\">121<\/td>\n<td class=\"cellborderc\">457<\/td>\n<td class=\"cellborderc\">1<\/td>\n<td class=\"cellborderc\" height=\"20\">0<\/td>\n<td class=\"cellborderc\">436<\/td>\n<td class=\"cellborderc\">118<\/td>\n<td class=\"cellborderc\">113<\/td>\n<td class=\"cellborderc\">101<\/td>\n<td class=\"cellborderc\">104<\/td>\n<td class=\"cellborder\" align=\"right\">Pfaff Sabine<\/td>\n<\/tr>\n<tr>\n<td class=\"cellborder\" height=\"20\">Niedermeier Lea<\/td>\n<td class=\"cellborderc\">127<\/td>\n<td class=\"cellborderc\">118<\/td>\n<td class=\"cellborderc\">140<\/td>\n<td class=\"cellborderc\">121<\/td>\n<td class=\"cellborderc\">506<\/td>\n<td class=\"cellborderc\">1<\/td>\n<td class=\"cellborderc\" height=\"20\">0<\/td>\n<td class=\"cellborderc\">466<\/td>\n<td class=\"cellborderc\">116<\/td>\n<td class=\"cellborderc\">119<\/td>\n<td class=\"cellborderc\">115<\/td>\n<td class=\"cellborderc\">116<\/td>\n<td class=\"cellborder\" align=\"right\">N\u00f6th Helena<\/td>\n<\/tr>\n<tr>\n<td class=\"cellborder\" height=\"20\">Fritz Carola<\/td>\n<td class=\"cellborderc\">120<\/td>\n<td class=\"cellborderc\">125<\/td>\n<td class=\"cellborderc\">109<\/td>\n<td class=\"cellborderc\">114<\/td>\n<td class=\"cellborderc\">468<\/td>\n<td class=\"cellborderc\">0<\/td>\n<td class=\"cellborderc\">1<\/td>\n<td class=\"cellborderc\">487<\/td>\n<td class=\"cellborderc\">122<\/td>\n<td class=\"cellborderc\">130<\/td>\n<td class=\"cellborderc\">122<\/td>\n<td class=\"cellborderc\">113<\/td>\n<td class=\"cellborder\" align=\"right\">Mauder Jenny<\/td>\n<\/tr>\n<tr>\n<td class=\"cellborder\" height=\"20\">Geck Susanne<\/td>\n<td class=\"cellborderc\">112<\/td>\n<td class=\"cellborderc\">141<\/td>\n<td class=\"cellborderc\">125<\/td>\n<td class=\"cellborderc\">122<\/td>\n<td class=\"cellborderc\">500<\/td>\n<td class=\"cellborderc\">0<\/td>\n<td class=\"cellborderc\">1<\/td>\n<td class=\"cellborderc\">527<\/td>\n<td class=\"cellborderc\">142<\/td>\n<td class=\"cellborderc\">135<\/td>\n<td class=\"cellborderc\">124<\/td>\n<td class=\"cellborderc\">125<\/td>\n<td class=\"cellborder\" align=\"right\">Murphy Corina<\/td>\n<\/tr>\n<tr>\n<td class=\"cellborder\" height=\"20\">Dippert Sandra<\/td>\n<td class=\"cellborderc\">123<\/td>\n<td class=\"cellborderc\">130<\/td>\n<td class=\"cellborderc\">128<\/td>\n<td class=\"cellborderc\">146<\/td>\n<td class=\"cellborderc\">527<\/td>\n<td class=\"cellborderc\">1<\/td>\n<td class=\"cellborderc\" height=\"20\">0<\/td>\n<td class=\"cellborderc\">518<\/td>\n<td class=\"cellborderc\">133<\/td>\n<td class=\"cellborderc\">119<\/td>\n<td class=\"cellborderc\">143<\/td>\n<td class=\"cellborderc\">123<\/td>\n<td class=\"cellborder\" align=\"right\">Eisenhut Daniela<\/td>\n<\/tr>\n<tr>\n<td colspan=\"7\">\n<table class=\"tablerpt\">\n<tr>\n<td class=\"lineheaderc\">Differenz<\/td>\n<td class=\"lineheaderc\">Volle<\/td>\n<td class=\"lineheaderc\">R\u00e4umen<\/td>\n<td class=\"lineheaderc\">Fehler<\/td>\n<td class=\"lineheaderc\">Gesamt<\/td>\n<td class=\"lineheaderc\">MP<\/td>\n<\/tr>\n<tr>\n<td class=\"cellborderc\">+28<\/td>\n<td class=\"cellborderc\">2013<\/td>\n<td class=\"cellborderc\">931<\/td>\n<td class=\"cellborderc\">40<\/td>\n<td class=\"cellborderc\">2944<\/td>\n<td class=\"cellborderc\">6<\/td>\n<\/tr>\n<\/table>\n<\/td>\n<td colspan=\"7\"><\/p>\n<table class=\"tablerpt\">\n<tr>\n<td class=\"lineheaderc\">MP<\/td>\n<td class=\"lineheaderc\">Gesamt<\/td>\n<td class=\"lineheaderc\">Fehler<\/td>\n<td class=\"lineheaderc\">R\u00e4umen<\/td>\n<td class=\"lineheaderc\">Volle<\/td>\n<td class=\"lineheaderc\">Differenz<\/td>\n<\/tr>\n<tr>\n<td class=\"cellborderc\">2<\/td>\n<td class=\"cellborderc\">2916<\/td>\n<td class=\"cellborderc\">47<\/td>\n<td class=\"cellborderc\">901<\/td>\n<td class=\"cellborderc\">2015<\/td>\n<td class=\"cellborderc\">-28<\/td>\n<\/tr>\n<\/table>\n<\/td>\n<\/tr>\n<\/tbody>\n<\/table>\n<p><strong>Jugend 1<\/strong><br \/>\nDie erwartete Niederlage hat es f\u00fcr unsere 1. Jugendmannschaft am Mittwoch bei dem schon als Meister feststehendem Gegner gegeben. Die ersatzgeschw\u00e4chte Mannschaft hat trotzdem alles gegeben.<br \/>\n<em>Jugendspiele werden ohne Punktewertung gespielt; U14-Spieler bekommen einen Bonus von 9 Holz pro Bahn<\/em><\/p>\n<table class=\"tablerpt\">\n<tbody>\n<tr>\n<td class=\"lineheaderc\" colspan=\"5\" width=\"400\" height=\"20\">Gl\u00fcck Auf Schweinfurt<\/td>\n<td class=\"lineheaderc\" colspan=\"5\" width=\"400\">DT Grafenrheinfeld Jugend 1<\/td>\n<\/tr>\n<tr>\n<td class=\"lineheader\" height=\"20\">Name<\/td>\n<td class=\"lineheaderc\">Volle<\/td>\n<td class=\"lineheaderc\">Abr.<\/td>\n<td class=\"lineheaderc\">Fehler<\/td>\n<td class=\"lineheaderc\">Gesamt<\/td>\n<td class=\"lineheader\">Name<\/td>\n<td class=\"lineheaderc\">Volle<\/td>\n<td class=\"lineheaderc\">Abr.<\/td>\n<td class=\"lineheaderc\">Fehler<\/td>\n<td class=\"lineheaderc\">Gesamt<\/td>\n<\/tr>\n<tr>\n<td class=\"cellborder\" height=\"20\"><\/td>\n<td class=\"cellborderc\" align=\"right\"><\/td>\n<td class=\"cellborderc\" align=\"right\"><\/td>\n<td class=\"cellborderc\" align=\"right\"><\/td>\n<td class=\"cellborderc\" align=\"right\"><\/td>\n<td class=\"cellborder\">Marius Krieger<\/td>\n<td class=\"cellborderc\" align=\"right\"><\/td>\n<td class=\"cellborderc\" align=\"right\"><\/td>\n<td class=\"cellborderc\" align=\"right\"><\/td>\n<td class=\"cellborderc\" align=\"right\">441<\/td>\n<\/tr>\n<tr>\n<td class=\"cellborder\" height=\"20\"><\/td>\n<td class=\"cellborderc\" align=\"right\"><\/td>\n<td class=\"cellborderc\" align=\"right\"><\/td>\n<td class=\"cellborderc\" align=\"right\"><\/td>\n<td class=\"cellborderc\" align=\"right\"><\/td>\n<td class=\"cellborder\">Forian Werner<\/td>\n<td class=\"cellborderc\" align=\"right\"><\/td>\n<td class=\"cellborderc\" align=\"right\"><\/td>\n<td class=\"cellborderc\" align=\"right\"><\/td>\n<td class=\"cellborderc\" align=\"right\">449<\/td>\n<\/tr>\n<tr>\n<td class=\"cellborder\" height=\"20\"><\/td>\n<td class=\"cellborderc\" align=\"right\"><\/td>\n<td class=\"cellborderc\" align=\"right\"><\/td>\n<td class=\"cellborderc\" align=\"right\"><\/td>\n<td class=\"cellborderc\" align=\"right\"><\/td>\n<td class=\"cellborder\">Leo Weigand<\/td>\n<td class=\"cellborderc\" align=\"right\"><\/td>\n<td class=\"cellborderc\" align=\"right\"><\/td>\n<td class=\"cellborderc\" align=\"right\"><\/td>\n<td class=\"cellborderc\" align=\"right\">466<\/td>\n<\/tr>\n<tr>\n<td class=\"cellborderc\" align=\"right\" height=\"20\">+102<\/td>\n<td class=\"cellborderc\" align=\"right\"><\/td>\n<td class=\"cellborderc\" align=\"right\"><\/td>\n<td class=\"cellborderc\" align=\"right\"><\/td>\n<td class=\"cellborderc\" align=\"right\">1458<\/td>\n<td class=\"cellborderc\" align=\"right\">-102<\/td>\n<td class=\"cellborderc\" align=\"right\"><\/td>\n<td class=\"cellborderc\" align=\"right\"><\/td>\n<td class=\"cellborderc\" align=\"right\"><\/td>\n<td class=\"cellborderc\" align=\"right\">1356<\/td>\n<\/tr>\n<\/tbody>\n<\/table>\n<p><strong>Jugend 1<\/strong><br \/>\nEinen Tag nach der Niederlage hat sich unsere 1. Jugendmannschaft gleich wieder einen Sieg eingefahren und eine tolle Moral bewiesen. Dank der Heimst\u00e4rke konnten die ungef\u00e4hrdeten Punkte eingefahren werden.<br \/>\n<em>Jugendspiele werden ohne Punktewertung gespielt; U14-Spieler bekommen einen Bonus von 9 Holz pro Bahn<\/em><\/p>\n<table class=\"tablerpt\">\n<tbody>\n<tr>\n<td class=\"lineheaderc\" colspan=\"5\" width=\"400\" height=\"20\">DT Grafenrheinfeld Jugend 1<\/td>\n<td class=\"lineheaderc\" colspan=\"5\" width=\"400\">Dittelbrunn\/Dreieck SW<\/td>\n<\/tr>\n<tr>\n<td class=\"lineheader\" height=\"20\">Name<\/td>\n<td class=\"lineheaderc\">Volle<\/td>\n<td class=\"lineheaderc\">Abr.<\/td>\n<td class=\"lineheaderc\">Fehler<\/td>\n<td class=\"lineheaderc\">Gesamt<\/td>\n<td class=\"lineheader\">Name<\/td>\n<td class=\"lineheaderc\">Volle<\/td>\n<td class=\"lineheaderc\">Abr.<\/td>\n<td class=\"lineheaderc\">Fehler<\/td>\n<td class=\"lineheaderc\">Gesamt<\/td>\n<\/tr>\n<tr>\n<td class=\"cellborder\" height=\"20\">Kai Mauder<\/td>\n<td class=\"cellborderc\" align=\"right\"><\/td>\n<td class=\"cellborderc\" align=\"right\"><\/td>\n<td class=\"cellborderc\" align=\"right\"><\/td>\n<td class=\"cellborderc\" align=\"right\">522<\/td>\n<td class=\"cellborder\"><\/td>\n<td class=\"cellborderc\" align=\"right\"><\/td>\n<td class=\"cellborderc\" align=\"right\"><\/td>\n<td class=\"cellborderc\" align=\"right\"><\/td>\n<td class=\"cellborderc\" align=\"right\"><\/td>\n<\/tr>\n<tr>\n<td class=\"cellborder\" height=\"20\">Leo Weigand<\/td>\n<td class=\"cellborderc\" align=\"right\"><\/td>\n<td class=\"cellborderc\" align=\"right\"><\/td>\n<td class=\"cellborderc\" align=\"right\"><\/td>\n<td class=\"cellborderc\" align=\"right\">498<\/td>\n<td class=\"cellborder\"><\/td>\n<td class=\"cellborderc\" align=\"right\"><\/td>\n<td class=\"cellborderc\" align=\"right\"><\/td>\n<td class=\"cellborderc\" align=\"right\"><\/td>\n<td class=\"cellborderc\" align=\"right\"><\/td>\n<\/tr>\n<tr>\n<td class=\"cellborder\" height=\"20\">Emily Braun<\/td>\n<td class=\"cellborderc\" align=\"right\"><\/td>\n<td class=\"cellborderc\" align=\"right\"><\/td>\n<td class=\"cellborderc\" align=\"right\"><\/td>\n<td class=\"cellborderc\" align=\"right\">456<\/td>\n<td class=\"cellborder\"><\/td>\n<td class=\"cellborderc\" align=\"right\"><\/td>\n<td class=\"cellborderc\" align=\"right\"><\/td>\n<td class=\"cellborderc\" align=\"right\"><\/td>\n<td class=\"cellborderc\" align=\"right\"><\/td>\n<\/tr>\n<tr>\n<td class=\"cellborderc\" align=\"right\" height=\"20\">+165<\/td>\n<td class=\"cellborderc\" align=\"right\"><\/td>\n<td class=\"cellborderc\" align=\"right\"><\/td>\n<td class=\"cellborderc\" align=\"right\"><\/td>\n<td class=\"cellborderc\" align=\"right\">1477<\/td>\n<td class=\"cellborderc\" align=\"right\">-165<\/td>\n<td class=\"cellborderc\" align=\"right\"><\/td>\n<td class=\"cellborderc\" align=\"right\"><\/td>\n<td class=\"cellborderc\" align=\"right\"><\/td>\n<td class=\"cellborderc\" align=\"right\">1312<\/td>\n<\/tr>\n<\/tbody>\n<\/table>\n<p><strong>Jugend 2<\/strong><br \/>\nF\u00fcr unsere j\u00fcngsten Kegler gab es erwartungsgem\u00e4\u00df in R\u00f6thlein nichts zu holen. Aber die Leistungen unserer Anf\u00e4nger k\u00f6nnen sich durchaus sehen lassen und die Motivation der Truppe ist weiterhin gro\u00df.<br \/>\n<em>Jugendspiele werden ohne Punktewertung gespielt; U14-Spieler bekommen einen Bonus von 9 Holz pro Bahn<\/em><\/p>\n<table class=\"tablerpt\">\n<tbody>\n<tr>\n<td class=\"lineheaderc\" colspan=\"5\" width=\"400\" height=\"20\">SE R\u00f6thlein<\/td>\n<td class=\"lineheaderc\" colspan=\"5\" width=\"400\">DT Grafenrheinfeld Jugend 2<\/td>\n<\/tr>\n<tr>\n<td class=\"lineheader\" height=\"20\">Name<\/td>\n<td class=\"lineheaderc\">Volle<\/td>\n<td class=\"lineheaderc\">Abr.<\/td>\n<td class=\"lineheaderc\">Fehler<\/td>\n<td class=\"lineheaderc\">Gesamt<\/td>\n<td class=\"lineheader\">Name<\/td>\n<td class=\"lineheaderc\">Volle<\/td>\n<td class=\"lineheaderc\">Abr.<\/td>\n<td class=\"lineheaderc\">Fehler<\/td>\n<td class=\"lineheaderc\">Gesamt<\/td>\n<\/tr>\n<tr>\n<td class=\"cellborder\" height=\"20\"><\/td>\n<td class=\"cellborderc\" align=\"right\"><\/td>\n<td class=\"cellborderc\" align=\"right\"><\/td>\n<td class=\"cellborderc\" align=\"right\"><\/td>\n<td class=\"cellborderc\" align=\"right\"><\/td>\n<td class=\"cellborder\">Florian Schreiner<\/td>\n<td class=\"cellborderc\" align=\"right\"><\/td>\n<td class=\"cellborderc\" align=\"right\"><\/td>\n<td class=\"cellborderc\" align=\"right\"><\/td>\n<td class=\"cellborderc\" align=\"right\">435<\/td>\n<\/tr>\n<tr>\n<td class=\"cellborder\" height=\"20\"><\/td>\n<td class=\"cellborderc\" align=\"right\"><\/td>\n<td class=\"cellborderc\" align=\"right\"><\/td>\n<td class=\"cellborderc\" align=\"right\"><\/td>\n<td class=\"cellborderc\" align=\"right\"><\/td>\n<td class=\"cellborder\">Lara Eisenhut<\/td>\n<td class=\"cellborderc\" align=\"right\"><\/td>\n<td class=\"cellborderc\" align=\"right\"><\/td>\n<td class=\"cellborderc\" align=\"right\"><\/td>\n<td class=\"cellborderc\" align=\"right\">381<\/td>\n<\/tr>\n<tr>\n<td class=\"cellborder\" height=\"20\"><\/td>\n<td class=\"cellborderc\" align=\"right\"><\/td>\n<td class=\"cellborderc\" align=\"right\"><\/td>\n<td class=\"cellborderc\" align=\"right\"><\/td>\n<td class=\"cellborderc\" align=\"right\"><\/td>\n<td class=\"cellborder\">Fabian Stingl<\/td>\n<td class=\"cellborderc\" align=\"right\"><\/td>\n<td class=\"cellborderc\" align=\"right\"><\/td>\n<td class=\"cellborderc\" align=\"right\"><\/td>\n<td class=\"cellborderc\" align=\"right\">383<\/td>\n<\/tr>\n<tr>\n<td class=\"cellborderc\" align=\"right\" height=\"20\">+115<\/td>\n<td class=\"cellborderc\" align=\"right\"><\/td>\n<td class=\"cellborderc\" align=\"right\"><\/td>\n<td class=\"cellborderc\" align=\"right\"><\/td>\n<td class=\"cellborderc\" align=\"right\">1386<\/td>\n<td class=\"cellborderc\" align=\"right\">-115<\/td>\n<td class=\"cellborderc\" align=\"right\"><\/td>\n<td class=\"cellborderc\" align=\"right\"><\/td>\n<td class=\"cellborderc\" align=\"right\"><\/td>\n<td class=\"cellborderc\" align=\"right\">1271<\/td>\n<\/tr>\n<\/tbody>\n<\/table>\n","protected":false},"excerpt":{"rendered":"<p>Herren 1 Extrem knapp musste sich unsere erste Mannschaft in Bad Br\u00fcckenbau geschlagen geben. Mit nur zwei Holz R\u00fcckstand wurde am Unentschieden vorbei geregelt. Die Siegesserie ist damit zwar vorbei, <a href=\"https:\/\/www.doppelturm.de\/?page_id=836\" class=\"more-link\">[&hellip;]<\/a><\/p>\n","protected":false},"author":2,"featured_media":0,"parent":994,"menu_order":17,"comment_status":"closed","ping_status":"closed","template":"","meta":{"Layout":""},"_links":{"self":[{"href":"https:\/\/www.doppelturm.de\/index.php?rest_route=\/wp\/v2\/pages\/836"}],"collection":[{"href":"https:\/\/www.doppelturm.de\/index.php?rest_route=\/wp\/v2\/pages"}],"about":[{"href":"https:\/\/www.doppelturm.de\/index.php?rest_route=\/wp\/v2\/types\/page"}],"author":[{"embeddable":true,"href":"https:\/\/www.doppelturm.de\/index.php?rest_route=\/wp\/v2\/users\/2"}],"replies":[{"embeddable":true,"href":"https:\/\/www.doppelturm.de\/index.php?rest_route=%2Fwp%2Fv2%2Fcomments&post=836"}],"version-history":[{"count":4,"href":"https:\/\/www.doppelturm.de\/index.php?rest_route=\/wp\/v2\/pages\/836\/revisions"}],"predecessor-version":[{"id":1022,"href":"https:\/\/www.doppelturm.de\/index.php?rest_route=\/wp\/v2\/pages\/836\/revisions\/1022"}],"up":[{"embeddable":true,"href":"https:\/\/www.doppelturm.de\/index.php?rest_route=\/wp\/v2\/pages\/994"}],"wp:attachment":[{"href":"https:\/\/www.doppelturm.de\/index.php?rest_route=%2Fwp%2Fv2%2Fmedia&parent=836"}],"curies":[{"name":"wp","href":"https:\/\/api.w.org\/{rel}","templated":true}]}}