{"id":789,"date":"2016-02-19T07:32:58","date_gmt":"2016-02-19T06:32:58","guid":{"rendered":"http:\/\/www.doppelturm.de\/?page_id=789"},"modified":"2016-03-04T12:03:09","modified_gmt":"2016-03-04T11:03:09","slug":"jugend-kreismeisterschaft","status":"publish","type":"page","link":"https:\/\/www.doppelturm.de\/?page_id=789","title":{"rendered":"Jugend Kreismeisterschaft"},"content":{"rendered":"<p>Am Wochenende 27.+28.02.2016 findet die Kreiseinzelmeisterschaft der Jugend statt. Von unserem Verein starten 10 Jugendliche in unterschiedlichen Altersklassen bei diesem \u00fcber\u00f6rtlichen Vergleich. Es wird auf den Bahnen Scharfes Eck R\u00f6thlein und Steigerwald Gerolzhofen gespielt. Die Startzeiten sind hier ver\u00f6ffentlicht. Unsere Nachwuchskegler freuen sich \u00fcber tatkr\u00e4ftige und lautstarke Unterst\u00fctzung!<\/p>\n<table>\n<tbody>\n<tr>\n<td class=\"lineheaderc\" rowspan=\"2\">Name<\/td>\n<td class=\"lineheaderc\" colspan=\"3\">Vorlauf<\/td>\n<td class=\"lineheaderc\" colspan=\"3\">Endlauf<\/td>\n<\/tr>\n<tr>\n<td class=\"lineheaderc\">Startzeit<\/td>\n<td class=\"lineheaderc\">Ergebnis<\/td>\n<td class=\"lineheaderc\">Rang<\/td>\n<td class=\"lineheaderc\">Startzeit<\/td>\n<td class=\"lineheaderc\">Ergebnis<\/td>\n<td class=\"lineheaderc\">Rang<\/td>\n<\/tr>\n<tr>\n<td class=\"lineheader\" colspan=\"7\">U14+U18 weiblich; Vorlauf: SE R\u00f6thlein Endlauf: SKK Gerolzhofen<\/td>\n<\/tr>\n<tr>\n<td class=\"cellborder\">Braun, Jana<\/td>\n<td class=\"cellborderc\"><\/td>\n<td class=\"cellborderc\">\u00a0349<\/td>\n<td class=\"cellborderc\">6.<\/td>\n<td class=\"cellborderc\">13:00<\/td>\n<td class=\"cellborderc\">\u00a0353<\/td>\n<td class=\"cellborderc\">6.<\/td>\n<\/tr>\n<tr>\n<td class=\"cellborder\">Eisenhut, Lara<\/td>\n<td class=\"cellborderc\"><\/td>\n<td class=\"cellborderc\">405<\/td>\n<td class=\"cellborderc\">3.<\/td>\n<td class=\"cellborderc\">15:00<\/td>\n<td class=\"cellborderc\">\u00a0342<\/td>\n<td class=\"cellborderc\">3.<\/td>\n<\/tr>\n<tr>\n<td class=\"cellborder\">Braun, Emily<\/td>\n<td class=\"cellborderc\"><\/td>\n<td class=\"cellborderc\">471<\/td>\n<td class=\"cellborderc\">11.<\/td>\n<td class=\"cellborderc\">11:00<\/td>\n<td class=\"cellborderc\">\u00a0442<\/td>\n<td class=\"cellborderc\">11.<\/td>\n<\/tr>\n<tr>\n<td class=\"lineheader\" colspan=\"7\">U14+U18 m\u00e4nnlich; Vorlauf: SKK Gerolzhofen Endlauf: SE R\u00f6thlein<\/td>\n<\/tr>\n<tr>\n<td class=\"cellborder\">Schulz, Stefan<\/td>\n<td class=\"cellborderc\"><\/td>\n<td class=\"cellborderc\">\u00a0350<\/td>\n<td class=\"cellborderc\">\u00a08.<\/td>\n<td class=\"cellborderc\">12:30<\/td>\n<td class=\"cellborderc\">394<\/td>\n<td class=\"cellborderc\">9.<\/td>\n<\/tr>\n<tr>\n<td class=\"cellborder\">Schreiner, Florian<\/td>\n<td class=\"cellborderc\"><\/td>\n<td class=\"cellborderc\">\u00a0422<\/td>\n<td class=\"cellborderc\">\u00a03.<\/td>\n<td class=\"cellborderc\">14:30<\/td>\n<td class=\"cellborderc\">436<\/td>\n<td class=\"cellborderc\">4.<\/td>\n<\/tr>\n<tr>\n<td class=\"cellborder\">Landeck, Jan Simon<\/td>\n<td class=\"cellborderc\"><\/td>\n<td class=\"cellborderc\">\u00a0391<\/td>\n<td class=\"cellborderc\">\u00a05.<\/td>\n<td class=\"cellborderc\">13:30<\/td>\n<td class=\"cellborderc\">420<\/td>\n<td class=\"cellborderc\">6.<\/td>\n<\/tr>\n<tr>\n<td class=\"cellborder\">Eisenhut, Aaron<\/td>\n<td class=\"cellborderc\"><\/td>\n<td class=\"cellborderc\">\u00a0241<\/td>\n<td class=\"cellborderc\">\u00a010.<\/td>\n<td class=\"cellborderc\">11:30<\/td>\n<td class=\"cellborderc\">331<\/td>\n<td class=\"cellborderc\">10.<\/td>\n<\/tr>\n<tr>\n<td class=\"cellborder\">Werner, Florian<\/td>\n<td class=\"cellborderc\">krank<\/td>\n<td class=\"cellborderc\"><\/td>\n<td class=\"cellborderc\"><\/td>\n<td class=\"cellborderc\">krank<\/td>\n<td class=\"cellborderc\"><\/td>\n<td class=\"cellborderc\"><\/td>\n<\/tr>\n<tr>\n<td class=\"cellborder\">Weigand, Leo<\/td>\n<td class=\"cellborderc\"><\/td>\n<td class=\"cellborderc\">\u00a0448<\/td>\n<td class=\"cellborderc\">\u00a08.<\/td>\n<td class=\"cellborderc\">12:30<\/td>\n<td class=\"cellborderc\">509<\/td>\n<td class=\"cellborderc\">6.<\/td>\n<\/tr>\n<tr>\n<td class=\"cellborder\">Krieger, Marius<\/td>\n<td class=\"cellborderc\"><\/td>\n<td class=\"cellborderc\">\u00a0457<\/td>\n<td class=\"cellborderc\">\u00a06.<\/td>\n<td class=\"cellborderc\">13:30<\/td>\n<td class=\"cellborderc\">446<\/td>\n<td class=\"cellborderc\">8.<\/td>\n<\/tr>\n<\/tbody>\n<\/table>\n","protected":false},"excerpt":{"rendered":"<p>Am Wochenende 27.+28.02.2016 findet die Kreiseinzelmeisterschaft der Jugend statt. Von unserem Verein starten 10 Jugendliche in unterschiedlichen Altersklassen bei diesem \u00fcber\u00f6rtlichen Vergleich. Es wird auf den Bahnen Scharfes Eck R\u00f6thlein <a href=\"https:\/\/www.doppelturm.de\/?page_id=789\" class=\"more-link\">[&hellip;]<\/a><\/p>\n","protected":false},"author":2,"featured_media":0,"parent":36,"menu_order":300,"comment_status":"closed","ping_status":"closed","template":"","meta":{"Layout":""},"_links":{"self":[{"href":"https:\/\/www.doppelturm.de\/index.php?rest_route=\/wp\/v2\/pages\/789"}],"collection":[{"href":"https:\/\/www.doppelturm.de\/index.php?rest_route=\/wp\/v2\/pages"}],"about":[{"href":"https:\/\/www.doppelturm.de\/index.php?rest_route=\/wp\/v2\/types\/page"}],"author":[{"embeddable":true,"href":"https:\/\/www.doppelturm.de\/index.php?rest_route=\/wp\/v2\/users\/2"}],"replies":[{"embeddable":true,"href":"https:\/\/www.doppelturm.de\/index.php?rest_route=%2Fwp%2Fv2%2Fcomments&post=789"}],"version-history":[{"count":9,"href":"https:\/\/www.doppelturm.de\/index.php?rest_route=\/wp\/v2\/pages\/789\/revisions"}],"predecessor-version":[{"id":805,"href":"https:\/\/www.doppelturm.de\/index.php?rest_route=\/wp\/v2\/pages\/789\/revisions\/805"}],"up":[{"embeddable":true,"href":"https:\/\/www.doppelturm.de\/index.php?rest_route=\/wp\/v2\/pages\/36"}],"wp:attachment":[{"href":"https:\/\/www.doppelturm.de\/index.php?rest_route=%2Fwp%2Fv2%2Fmedia&parent=789"}],"curies":[{"name":"wp","href":"https:\/\/api.w.org\/{rel}","templated":true}]}}