{"id":765,"date":"2016-01-25T10:02:22","date_gmt":"2016-01-25T09:02:22","guid":{"rendered":"http:\/\/www.doppelturm.de\/?page_id=765"},"modified":"2016-08-22T22:27:49","modified_gmt":"2016-08-22T20:27:49","slug":"spieltag-13","status":"publish","type":"page","link":"https:\/\/www.doppelturm.de\/?page_id=765","title":{"rendered":"Spieltag 13"},"content":{"rendered":"<h6>Herren 1<\/h6>\n<p>Die Siegesserie geht weiter \u2013 wieder ein 6:0 Sieg!<br \/>\nUnsere 1. Mannschaft ist zurzeit einfach b\u00e4renstark und zeigt auch ausw\u00e4rts auf unbekannten Bahnen keine Schw\u00e4che. So wurde das Spiel in Althausen 6:0 mit achtbaren Einzel- und Gesamtergebnis gewonnen. N\u00e4chstes Spiel kommt mit Sondheim der derzeitige Tabellendritte nach Grafenrheinfeld und unsere Herren k\u00f6nnen sich f\u00fcr die letztj\u00e4hrige Ausw\u00e4rtsniederlage revanchieren.<\/p>\n<table class=\"tablerpt\">\n<tbody>\n<tr>\n<td class=\"lineheaderc\" colspan=\"6\" width=\"480\" height=\"20\">Sportfreunde Althausen<\/td>\n<td class=\"lineheaderc\" colspan=\"6\" width=\"480\">DT Herren 1<\/td>\n<\/tr>\n<tr>\n<td class=\"lineheader\" height=\"20\">Name<\/td>\n<td class=\"lineheaderc\">Volle<\/td>\n<td class=\"lineheaderc\">Abr.<\/td>\n<td class=\"lineheaderc\">Fehler<\/td>\n<td class=\"lineheaderc\">Gesamt<\/td>\n<td class=\"lineheaderc\">MP<\/td>\n<td class=\"lineheader\">Name<\/td>\n<td class=\"lineheaderc\">Volle<\/td>\n<td class=\"lineheaderc\">Abr.<\/td>\n<td class=\"lineheaderc\">Fehler<\/td>\n<td class=\"lineheaderc\">Gesamt<\/td>\n<td class=\"lineheaderc\">MP<\/td>\n<\/tr>\n<tr>\n<td class=\"cellborder\" height=\"20\">Pfeuffer, Christoph<\/td>\n<td class=\"cellborderc\" align=\"right\">340<\/td>\n<td class=\"cellborderc\" align=\"right\">148<\/td>\n<td class=\"cellborderc\" align=\"right\">3<\/td>\n<td class=\"cellborderc\" align=\"right\">488<\/td>\n<td class=\"cellborderc\" align=\"right\">0<\/td>\n<td class=\"cellborder\">Philipp H\u00fcmmer<\/td>\n<td class=\"cellborderc\" align=\"right\">345<\/td>\n<td class=\"cellborderc\" align=\"right\">153<\/td>\n<td class=\"cellborderc\" align=\"right\">6<\/td>\n<td class=\"cellborderc\" align=\"right\">498<\/td>\n<td class=\"cellborderc\" align=\"right\">1<\/td>\n<\/tr>\n<tr>\n<td class=\"cellborder\" height=\"20\">Morber, Rene<\/td>\n<td class=\"cellborderc\" align=\"right\">344<\/td>\n<td class=\"cellborderc\" align=\"right\">190<\/td>\n<td class=\"cellborderc\" align=\"right\">2<\/td>\n<td class=\"cellborderc\" align=\"right\">534<\/td>\n<td class=\"cellborderc\" align=\"right\">0<\/td>\n<td class=\"cellborder\">Oliver Werner<\/td>\n<td class=\"cellborderc\" align=\"right\">364<\/td>\n<td class=\"cellborderc\" align=\"right\">191<\/td>\n<td class=\"cellborderc\" align=\"right\">1<\/td>\n<td class=\"cellborderc\" align=\"right\">555<\/td>\n<td class=\"cellborderc\" align=\"right\">1<\/td>\n<\/tr>\n<tr>\n<td class=\"cellborder\" height=\"20\">Brust, Daniel<\/td>\n<td class=\"cellborderc\" align=\"right\">336<\/td>\n<td class=\"cellborderc\" align=\"right\">139<\/td>\n<td class=\"cellborderc\" align=\"right\">9<\/td>\n<td class=\"cellborderc\" align=\"right\">475<\/td>\n<td class=\"cellborderc\" align=\"right\">0<\/td>\n<td class=\"cellborder\">M\u00fcller Sascha<\/td>\n<td class=\"cellborderc\" align=\"right\">373<\/td>\n<td class=\"cellborderc\" align=\"right\">149<\/td>\n<td class=\"cellborderc\" align=\"right\">6<\/td>\n<td class=\"cellborderc\" align=\"right\">522<\/td>\n<td class=\"cellborderc\" align=\"right\">1<\/td>\n<\/tr>\n<tr>\n<td class=\"cellborder\" height=\"20\">Bieber, Swen<\/td>\n<td class=\"cellborderc\" align=\"right\">342<\/td>\n<td class=\"cellborderc\" align=\"right\">154<\/td>\n<td class=\"cellborderc\" align=\"right\">5<\/td>\n<td class=\"cellborderc\" align=\"right\">496<\/td>\n<td class=\"cellborderc\" align=\"right\">0<\/td>\n<td class=\"cellborder\">Braun Matthias<\/td>\n<td class=\"cellborderc\" align=\"right\">338<\/td>\n<td class=\"cellborderc\" align=\"right\">184<\/td>\n<td class=\"cellborderc\" align=\"right\">7<\/td>\n<td class=\"cellborderc\" align=\"right\">522<\/td>\n<td class=\"cellborderc\" align=\"right\">1<\/td>\n<\/tr>\n<tr>\n<td class=\"cellborderc\" align=\"right\">-104<\/td>\n<td class=\"cellborderc\" align=\"right\">1362<\/td>\n<td class=\"cellborderc\" align=\"right\">631<\/td>\n<td class=\"cellborderc\" align=\"right\">19<\/td>\n<td class=\"cellborderc\" align=\"right\">1993<\/td>\n<td class=\"cellborderc\" align=\"right\">0<\/td>\n<td class=\"cellborderc\" align=\"right\">+104<\/td>\n<td class=\"cellborderc\" align=\"right\">1420<\/td>\n<td class=\"cellborderc\" align=\"right\">677<\/td>\n<td class=\"cellborderc\" align=\"right\">20<\/td>\n<td class=\"cellborderc\" align=\"right\">2097<\/td>\n<td class=\"cellborderc\" align=\"right\">6<\/td>\n<\/tr>\n<\/tbody>\n<\/table>\n<h6>Herren 2<\/h6>\n<p>Erneute Niederlage gegen Sand. Schon in der Vorrunde musste sich unser Team daheim geschlagen geben, auch diesmal gab es in Sand nichts zu holen. Obwohl die Mannschaft diesmal deutlich besser dagegen hielt und die Punkte nur knapp verloren wurden, mussten die Punkte in Sand gelassen werden. Durch die Niederlage musste die Tabellenf\u00fchrung abgegeben werden, aber die Runde ist noch nicht vorbei und unsere M\u00e4nner bleiben dran.<\/p>\n<table class=\"tablerpt\">\n<tbody>\n<tr>\n<td class=\"lineheaderc\" colspan=\"6\" width=\"480\" height=\"20\">Alle Neun Sand 3<\/td>\n<td class=\"lineheaderc\" colspan=\"6\" width=\"480\">DT Herren 2<\/td>\n<\/tr>\n<tr>\n<td class=\"lineheader\" height=\"20\">Name<\/td>\n<td class=\"lineheaderc\">Volle<\/td>\n<td class=\"lineheaderc\">Abr.<\/td>\n<td class=\"lineheaderc\">Fehler<\/td>\n<td class=\"lineheaderc\">Gesamt<\/td>\n<td class=\"lineheaderc\">MP<\/td>\n<td class=\"lineheader\">Name<\/td>\n<td class=\"lineheaderc\">Volle<\/td>\n<td class=\"lineheaderc\">Abr.<\/td>\n<td class=\"lineheaderc\">Fehler<\/td>\n<td class=\"lineheaderc\">Gesamt<\/td>\n<td class=\"lineheaderc\">MP<\/td>\n<\/tr>\n<tr>\n<td class=\"cellborder\" height=\"20\">\u00d6sterling, Pascalt<\/td>\n<td class=\"cellborderc\" align=\"right\">373<\/td>\n<td class=\"cellborderc\" align=\"right\">174<\/td>\n<td class=\"cellborderc\" align=\"right\">1<\/td>\n<td class=\"cellborderc\" align=\"right\">547<\/td>\n<td class=\"cellborderc\" align=\"right\">1<\/td>\n<td class=\"cellborder\">Agiropoulos, Georgios<\/td>\n<td class=\"cellborderc\" align=\"right\">364<\/td>\n<td class=\"cellborderc\" align=\"right\">143<\/td>\n<td class=\"cellborderc\" align=\"right\">8<\/td>\n<td class=\"cellborderc\" align=\"right\">507<\/td>\n<td class=\"cellborderc\" align=\"right\">0<\/td>\n<\/tr>\n<tr>\n<td class=\"cellborder\" height=\"20\">Schnaus, Noah<\/td>\n<td class=\"cellborderc\" align=\"right\">336<\/td>\n<td class=\"cellborderc\" align=\"right\">141<\/td>\n<td class=\"cellborderc\" align=\"right\">9<\/td>\n<td class=\"cellborderc\" align=\"right\">477<\/td>\n<td class=\"cellborderc\" align=\"right\">0<\/td>\n<td class=\"cellborder\">Lohrey, Gerd<\/td>\n<td class=\"cellborderc\" align=\"right\">341<\/td>\n<td class=\"cellborderc\" align=\"right\">156<\/td>\n<td class=\"cellborderc\" align=\"right\">2<\/td>\n<td class=\"cellborderc\" align=\"right\">497<\/td>\n<td class=\"cellborderc\" align=\"right\">1<\/td>\n<\/tr>\n<tr>\n<td class=\"cellborder\" height=\"20\">Schneider, Dieter<\/td>\n<td class=\"cellborderc\" align=\"right\">353<\/td>\n<td class=\"cellborderc\" align=\"right\">145<\/td>\n<td class=\"cellborderc\" align=\"right\">7<\/td>\n<td class=\"cellborderc\" align=\"right\">498<\/td>\n<td class=\"cellborderc\" align=\"right\">1<\/td>\n<td class=\"cellborder\">Borowski, Wolfgang<\/td>\n<td class=\"cellborderc\" align=\"right\">347<\/td>\n<td class=\"cellborderc\" align=\"right\">150<\/td>\n<td class=\"cellborderc\" align=\"right\">7<\/td>\n<td class=\"cellborderc\" align=\"right\">497<\/td>\n<td class=\"cellborderc\" align=\"right\">0<\/td>\n<\/tr>\n<tr>\n<td class=\"cellborder\" height=\"20\">\u00d6sterling, Dominic<\/td>\n<td class=\"cellborderc\" align=\"right\">386<\/td>\n<td class=\"cellborderc\" align=\"right\">157<\/td>\n<td class=\"cellborderc\" align=\"right\">22<\/td>\n<td class=\"cellborderc\" align=\"right\">543<\/td>\n<td class=\"cellborderc\" align=\"right\">1<\/td>\n<td class=\"cellborder\">Mauder, Hermann<\/td>\n<td class=\"cellborderc\" align=\"right\">350<\/td>\n<td class=\"cellborderc\" align=\"right\">158<\/td>\n<td class=\"cellborderc\" align=\"right\">3<\/td>\n<td class=\"cellborderc\" align=\"right\">508<\/td>\n<td class=\"cellborderc\" align=\"right\">0<\/td>\n<\/tr>\n<tr>\n<td class=\"cellborderc\" align=\"right\">+56<\/td>\n<td class=\"cellborderc\" align=\"right\">1448<\/td>\n<td class=\"cellborderc\" align=\"right\">617<\/td>\n<td class=\"cellborderc\" align=\"right\">22<\/td>\n<td class=\"cellborderc\" align=\"right\">2065<\/td>\n<td class=\"cellborderc\" align=\"right\">5<\/td>\n<td class=\"cellborderc\" align=\"right\">-56<\/td>\n<td class=\"cellborderc\" align=\"right\">1402<\/td>\n<td class=\"cellborderc\" align=\"right\">607<\/td>\n<td class=\"cellborderc\" align=\"right\">20<\/td>\n<td class=\"cellborderc\" align=\"right\">2009<\/td>\n<td class=\"cellborderc\" align=\"right\">1<\/td>\n<\/tr>\n<\/tbody>\n<\/table>\n<p>Die Spiele der Gemischten und die Damen-Mannschaft wurden verlegt.<\/p>\n<p><b>Nachholkampf der Damen &#8211; vom 31.01.2016<\/b><\/p>\n<table class=\"tablerpt\">\n<tbody>\n<tr>\n<td class=\"lineheaderc\" colspan=\"7\" width=\"480\" height=\"20\">DT Grafenrheinfeld Damen<\/td>\n<td class=\"lineheaderc\" colspan=\"7\" width=\"480\">DJK Kirchaich<\/td>\n<\/tr>\n<tr>\n<td class=\"lineheader\" height=\"20\">Name<\/td>\n<td class=\"lineheaderc\">Dg 1<\/td>\n<td class=\"lineheaderc\">Dg 2<\/td>\n<td class=\"lineheaderc\">Dg 3<\/td>\n<td class=\"lineheaderc\">Dg 4<\/td>\n<td class=\"lineheaderc\">Gesamt<\/td>\n<td class=\"lineheaderc\">MP<\/td>\n<td class=\"lineheaderc\" height=\"20\">MP<\/td>\n<td class=\"lineheaderc\">Gesamt<\/td>\n<td class=\"lineheaderc\">Dg 4<\/td>\n<td class=\"lineheaderc\">Dg 3<\/td>\n<td class=\"lineheaderc\">Dg 2<\/td>\n<td class=\"lineheaderc\">Dg 1<\/td>\n<td class=\"lineheaderc\">Name<\/td>\n<\/tr>\n<tr>\n<td class=\"cellborder\" height=\"20\">Landeck, Silvia<\/td>\n<td class=\"cellborderc\">125<\/td>\n<td class=\"cellborderc\">141<\/td>\n<td class=\"cellborderc\">109<\/td>\n<td class=\"cellborderc\">144<\/td>\n<td class=\"cellborderc\">519<\/td>\n<td class=\"cellborderc\">1<\/td>\n<td class=\"cellborderc\" height=\"20\">0<\/td>\n<td class=\"cellborderc\">506<\/td>\n<td class=\"cellborderc\">124<\/td>\n<td class=\"cellborderc\">122<\/td>\n<td class=\"cellborderc\">134<\/td>\n<td class=\"cellborderc\">126<\/td>\n<td class=\"cellborder\" align=\"right\">Seyfried, Claudia<\/td>\n<\/tr>\n<tr>\n<td class=\"cellborder\" height=\"20\">Pfaff, Sabine<\/td>\n<td class=\"cellborderc\">134<\/td>\n<td class=\"cellborderc\">122<\/td>\n<td class=\"cellborderc\">117<\/td>\n<td class=\"cellborderc\">130<\/td>\n<td class=\"cellborderc\">503<\/td>\n<td class=\"cellborderc\">1<\/td>\n<td class=\"cellborderc\" height=\"20\">0<\/td>\n<td class=\"cellborderc\">436<\/td>\n<td class=\"cellborderc\">119<\/td>\n<td class=\"cellborderc\">104<\/td>\n<td class=\"cellborderc\">98<\/td>\n<td class=\"cellborderc\">115<\/td>\n<td class=\"cellborder\" align=\"right\">Eckert, List<\/td>\n<\/tr>\n<tr>\n<td class=\"cellborder\" height=\"20\">R\u00f6sch, Anni<\/td>\n<td class=\"cellborderc\">123<\/td>\n<td class=\"cellborderc\">127<\/td>\n<td class=\"cellborderc\">144<\/td>\n<td class=\"cellborderc\">117<\/td>\n<td class=\"cellborderc\">511<\/td>\n<td class=\"cellborderc\">1<\/td>\n<td class=\"cellborderc\" height=\"20\">0<\/td>\n<td class=\"cellborderc\">448<\/td>\n<td class=\"cellborderc\">98<\/td>\n<td class=\"cellborderc\">109<\/td>\n<td class=\"cellborderc\">120<\/td>\n<td class=\"cellborderc\">121<\/td>\n<td class=\"cellborder\" align=\"right\">Eckert, Sabrina<\/td>\n<\/tr>\n<tr>\n<td class=\"cellborder\" height=\"20\">N\u00f6th, Helena<\/td>\n<td class=\"cellborderc\">135<\/td>\n<td class=\"cellborderc\">133<\/td>\n<td class=\"cellborderc\">107<\/td>\n<td class=\"cellborderc\">120<\/td>\n<td class=\"cellborderc\">495<\/td>\n<td class=\"cellborderc\">0<\/td>\n<td class=\"cellborderc\">1<\/td>\n<td class=\"cellborderc\">496<\/td>\n<td class=\"cellborderc\">131<\/td>\n<td class=\"cellborderc\">109<\/td>\n<td class=\"cellborderc\">124<\/td>\n<td class=\"cellborderc\">132<\/td>\n<td class=\"cellborder\" align=\"right\">M\u00fcller, Silke<\/td>\n<\/tr>\n<tr>\n<td class=\"cellborder\" height=\"20\">Murphy, Corina<\/td>\n<td class=\"cellborderc\">122<\/td>\n<td class=\"cellborderc\">151<\/td>\n<td class=\"cellborderc\">113<\/td>\n<td class=\"cellborderc\">132<\/td>\n<td class=\"cellborderc\">518<\/td>\n<td class=\"cellborderc\">1<\/td>\n<td class=\"cellborderc\">0<\/td>\n<td class=\"cellborderc\">448<\/td>\n<td class=\"cellborderc\">113<\/td>\n<td class=\"cellborderc\">111<\/td>\n<td class=\"cellborderc\">97<\/td>\n<td class=\"cellborderc\">127<\/td>\n<td class=\"cellborder\" align=\"right\">Hornung, Diana<\/td>\n<\/tr>\n<tr>\n<td class=\"cellborder\" height=\"20\">Eisenhut, Daniela<\/td>\n<td class=\"cellborderc\">145<\/td>\n<td class=\"cellborderc\">136<\/td>\n<td class=\"cellborderc\">140<\/td>\n<td class=\"cellborderc\">129<\/td>\n<td class=\"cellborderc\">550<\/td>\n<td class=\"cellborderc\">1<\/td>\n<td class=\"cellborderc\" height=\"20\">0<\/td>\n<td class=\"cellborderc\">506<\/td>\n<td class=\"cellborderc\">123<\/td>\n<td class=\"cellborderc\">120<\/td>\n<td class=\"cellborderc\">108<\/td>\n<td class=\"cellborderc\">155<\/td>\n<td class=\"cellborder\" align=\"right\">Pfuhlmann, Barbara<\/td>\n<\/tr>\n<tr>\n<td colspan=\"7\">\n<table class=\"tablerpt\">\n<tr>\n<td class=\"lineheaderc\">Differenz<\/td>\n<td class=\"lineheaderc\">Volle<\/td>\n<td class=\"lineheaderc\">R\u00e4umen<\/td>\n<td class=\"lineheaderc\">Fehler<\/td>\n<td class=\"lineheaderc\">Gesamt<\/td>\n<td class=\"lineheaderc\">MP<\/td>\n<\/tr>\n<tr>\n<td class=\"cellborderc\">+256<\/td>\n<td class=\"cellborderc\">2142<\/td>\n<td class=\"cellborderc\">954<\/td>\n<td class=\"cellborderc\">44<\/td>\n<td class=\"cellborderc\">3096<\/td>\n<td class=\"cellborderc\">7<\/td>\n<\/tr>\n<\/table>\n<\/td>\n<td colspan=\"7\"><\/p>\n<table class=\"tablerpt\">\n<tr>\n<td class=\"lineheaderc\">MP<\/td>\n<td class=\"lineheaderc\">Gesamt<\/td>\n<td class=\"lineheaderc\">Fehler<\/td>\n<td class=\"lineheaderc\">R\u00e4umen<\/td>\n<td class=\"lineheaderc\">Volle<\/td>\n<td class=\"lineheaderc\">Differenz<\/td>\n<\/tr>\n<tr>\n<td class=\"cellborderc\">1<\/td>\n<td class=\"cellborderc\">2840<\/td>\n<td class=\"cellborderc\">71<\/td>\n<td class=\"cellborderc\">873<\/td>\n<td class=\"cellborderc\">1967<\/td>\n<td class=\"cellborderc\">-256<\/td>\n<\/tr>\n<\/table>\n<\/td>\n<\/tr>\n<\/tbody>\n<\/table>\n<p><strong>Jugend 2<\/strong><br \/>\nEine erwartete Niederlage gab es f\u00fcr unserer 2. Jugendmannschaft beim Heimspiel gegen Gl\u00fcck Auf Schweinfurt. Mit den Leistungen der Nachwuchskegler k\u00f6nnen wir durchaus zufrieden sein. Florian hielt gegen die \u00e4ltere Gegnerin gut dagegen, Jan Simon hat die erste Bahn \u201everschlafen\u201c, ansonsten w\u00e4re ein besseres Ergebnis drin gewesen und Jana scheiterte nur ganz knapp an der 400er-Marke.<\/p>\n<p><em>Jugendspiele werden ohne Punktewertung gespielt; U14-Spieler bekommen einen Bonus von 9 Holz pro Bahn<\/em><\/p>\n<table class=\"tablerpt\">\n<tbody>\n<tr>\n<td class=\"lineheaderc\" colspan=\"5\" width=\"400\" height=\"20\">DT Grafenrheinfeld Jugend 2<\/td>\n<td class=\"lineheaderc\" colspan=\"5\" width=\"400\">Gl\u00fcck Auf Schweinfurt<\/td>\n<\/tr>\n<tr>\n<td class=\"lineheader\" height=\"20\">Name<\/td>\n<td class=\"lineheaderc\">Volle<\/td>\n<td class=\"lineheaderc\">Abr.<\/td>\n<td class=\"lineheaderc\">Fehler<\/td>\n<td class=\"lineheaderc\">Gesamt<\/td>\n<td class=\"lineheader\">Name<\/td>\n<td class=\"lineheaderc\">Volle<\/td>\n<td class=\"lineheaderc\">Abr.<\/td>\n<td class=\"lineheaderc\">Fehler<\/td>\n<td class=\"lineheaderc\">Gesamt<\/td>\n<\/tr>\n<tr>\n<td class=\"cellborder\" height=\"20\">Braun, Jana<\/td>\n<td class=\"cellborderc\" align=\"right\">283<\/td>\n<td class=\"cellborderc\" align=\"right\">111<\/td>\n<td class=\"cellborderc\" align=\"right\">17<\/td>\n<td class=\"cellborderc\" align=\"right\">394<\/td>\n<td class=\"cellborder\">Dressler, Lars<\/td>\n<td class=\"cellborderc\" align=\"right\">330<\/td>\n<td class=\"cellborderc\" align=\"right\">139<\/td>\n<td class=\"cellborderc\" align=\"right\">12<\/td>\n<td class=\"cellborderc\" align=\"right\">469<\/td>\n<\/tr>\n<tr>\n<td class=\"cellborder\" height=\"20\">Werner, Florian<\/td>\n<td class=\"cellborderc\" align=\"right\">318<\/td>\n<td class=\"cellborderc\" align=\"right\">141<\/td>\n<td class=\"cellborderc\" align=\"right\">14<\/td>\n<td class=\"cellborderc\" align=\"right\">459<\/td>\n<td class=\"cellborder\">Limpert, Nadine<\/td>\n<td class=\"cellborderc\" align=\"right\">351<\/td>\n<td class=\"cellborderc\" align=\"right\">148<\/td>\n<td class=\"cellborderc\" align=\"right\">14<\/td>\n<td class=\"cellborderc\" align=\"right\">499<\/td>\n<\/tr>\n<tr>\n<td class=\"cellborder\" height=\"20\">Landeck, Jan Simon<\/td>\n<td class=\"cellborderc\" align=\"right\">324<\/td>\n<td class=\"cellborderc\" align=\"right\">87<\/td>\n<td class=\"cellborderc\" align=\"right\">25<\/td>\n<td class=\"cellborderc\" align=\"right\">411<\/td>\n<td class=\"cellborder\">Umh\u00f6fer, Kristina<\/td>\n<td class=\"cellborderc\" align=\"right\">308<\/td>\n<td class=\"cellborderc\" align=\"right\">165<\/td>\n<td class=\"cellborderc\" align=\"right\">10<\/td>\n<td class=\"cellborderc\" align=\"right\">473<\/td>\n<\/tr>\n<tr>\n<td class=\"cellborderc\" align=\"right\" height=\"20\">-141<\/td>\n<td class=\"cellborderc\" align=\"right\">997<\/td>\n<td class=\"cellborderc\" align=\"right\">339<\/td>\n<td class=\"cellborderc\" align=\"right\">56<\/td>\n<td class=\"cellborderc\" align=\"right\">1336<\/td>\n<td class=\"cellborderc\" align=\"right\">+141<\/td>\n<td class=\"cellborderc\" align=\"right\">1025<\/td>\n<td class=\"cellborderc\" align=\"right\">452<\/td>\n<td class=\"cellborderc\" align=\"right\">36<\/td>\n<td class=\"cellborderc\" align=\"right\">1477<\/td>\n<\/tr>\n<\/tbody>\n<\/table>\n","protected":false},"excerpt":{"rendered":"<p>Herren 1 Die Siegesserie geht weiter \u2013 wieder ein 6:0 Sieg! Unsere 1. Mannschaft ist zurzeit einfach b\u00e4renstark und zeigt auch ausw\u00e4rts auf unbekannten Bahnen keine Schw\u00e4che. So wurde das <a href=\"https:\/\/www.doppelturm.de\/?page_id=765\" class=\"more-link\">[&hellip;]<\/a><\/p>\n","protected":false},"author":2,"featured_media":0,"parent":994,"menu_order":13,"comment_status":"closed","ping_status":"closed","template":"","meta":{"Layout":""},"_links":{"self":[{"href":"https:\/\/www.doppelturm.de\/index.php?rest_route=\/wp\/v2\/pages\/765"}],"collection":[{"href":"https:\/\/www.doppelturm.de\/index.php?rest_route=\/wp\/v2\/pages"}],"about":[{"href":"https:\/\/www.doppelturm.de\/index.php?rest_route=\/wp\/v2\/types\/page"}],"author":[{"embeddable":true,"href":"https:\/\/www.doppelturm.de\/index.php?rest_route=\/wp\/v2\/users\/2"}],"replies":[{"embeddable":true,"href":"https:\/\/www.doppelturm.de\/index.php?rest_route=%2Fwp%2Fv2%2Fcomments&post=765"}],"version-history":[{"count":12,"href":"https:\/\/www.doppelturm.de\/index.php?rest_route=\/wp\/v2\/pages\/765\/revisions"}],"predecessor-version":[{"id":785,"href":"https:\/\/www.doppelturm.de\/index.php?rest_route=\/wp\/v2\/pages\/765\/revisions\/785"}],"up":[{"embeddable":true,"href":"https:\/\/www.doppelturm.de\/index.php?rest_route=\/wp\/v2\/pages\/994"}],"wp:attachment":[{"href":"https:\/\/www.doppelturm.de\/index.php?rest_route=%2Fwp%2Fv2%2Fmedia&parent=765"}],"curies":[{"name":"wp","href":"https:\/\/api.w.org\/{rel}","templated":true}]}}