{"id":746,"date":"2016-01-18T10:22:04","date_gmt":"2016-01-18T09:22:04","guid":{"rendered":"http:\/\/www.doppelturm.de\/?page_id=746"},"modified":"2016-08-22T22:27:43","modified_gmt":"2016-08-22T20:27:43","slug":"spieltag-12","status":"publish","type":"page","link":"https:\/\/www.doppelturm.de\/?page_id=746","title":{"rendered":"Spieltag 12"},"content":{"rendered":"<h6>Herren 1<\/h6>\n<table width=\"675\">\n<tbody>\n<tr>\n<td colspan=\"12\" width=\"675\">Wichtiger Sieg im Spitzenspiel! Der Kampf Tabellenersten gegen Tabellenzweiten wurde wie erwartet zu einem hei\u00dfen Match. W\u00e4hrend das Hinspiel ausw\u00e4rts noch zu unserem Nachteil ausging, holte sich diesmal das Rafelder-Team die Punkte. Mit klasse Einzelergebnissen holte man sich 3 Punkte in den Duellen und dank dem besseren Gesamtergebnis ging das Spiel dann 5:1 f\u00fcr uns aus. Die Tabellenf\u00fchrung wurde damit nicht nur verteidigt, sondern auf mittlerweile 4 Punkte ausgebaut.<\/td>\n<\/tr>\n<\/tbody>\n<\/table>\n<table class=\"tablerpt\">\n<tbody>\n<tr>\n<td class=\"xl64\" colspan=\"6\" width=\"480\" height=\"20\">DT Grafenrhenfeld Herren 1<\/td>\n<td class=\"xl64\" colspan=\"6\" width=\"480\">TSV Gro\u00dfbardorf 2<\/td>\n<\/tr>\n<tr>\n<td height=\"20\">Name<\/td>\n<td>Volle<\/td>\n<td>Abr.<\/td>\n<td>Fehler<\/td>\n<td>Gesamt<\/td>\n<td>MP<\/td>\n<td>Name<\/td>\n<td>Volle<\/td>\n<td>Abr.<\/td>\n<td>Fehler<\/td>\n<td>Gesamt<\/td>\n<td>MP<\/td>\n<\/tr>\n<tr>\n<td height=\"20\">Werner, Oliver<\/td>\n<td align=\"right\">376<\/td>\n<td align=\"right\">1192<\/td>\n<td align=\"right\">1<\/td>\n<td align=\"right\">568<\/td>\n<td align=\"right\">1<\/td>\n<td>W\u00f6lfling, Sandro<\/td>\n<td align=\"right\">345<\/td>\n<td align=\"right\">177<\/td>\n<td align=\"right\">7<\/td>\n<td align=\"right\">522<\/td>\n<td align=\"right\">0<\/td>\n<\/tr>\n<tr>\n<td height=\"20\">H\u00fcmmer, Philipp<\/td>\n<td align=\"right\">368<\/td>\n<td align=\"right\">172<\/td>\n<td align=\"right\">10<\/td>\n<td align=\"right\">540<\/td>\n<td align=\"right\">0<\/td>\n<td>Behr, Andy<\/td>\n<td align=\"right\">355<\/td>\n<td align=\"right\">189<\/td>\n<td align=\"right\">3<\/td>\n<td align=\"right\">544<\/td>\n<td align=\"right\">1<\/td>\n<\/tr>\n<tr>\n<td height=\"20\">M\u00fcller, Sascha<\/td>\n<td align=\"right\">377<\/td>\n<td align=\"right\">179<\/td>\n<td align=\"right\">6<\/td>\n<td align=\"right\">556<\/td>\n<td align=\"right\">1<\/td>\n<td>Kirchner, Nico<\/td>\n<td align=\"right\">350<\/td>\n<td align=\"right\">158<\/td>\n<td align=\"right\">10<\/td>\n<td align=\"right\">508<\/td>\n<td align=\"right\">0<\/td>\n<\/tr>\n<tr>\n<td height=\"20\">Braun, Matthias<\/td>\n<td align=\"right\">335<\/td>\n<td align=\"right\">206<\/td>\n<td align=\"right\">3<\/td>\n<td align=\"right\">541<\/td>\n<td align=\"right\">1<\/td>\n<td>Rink, Oliver<\/td>\n<td align=\"right\">370<\/td>\n<td align=\"right\">155<\/td>\n<td align=\"right\">6<\/td>\n<td align=\"right\">525<\/td>\n<td align=\"right\">0<\/td>\n<\/tr>\n<tr>\n<td align=\"right\">\u00a0+106<\/td>\n<td align=\"right\">1456<\/td>\n<td align=\"right\">749<\/td>\n<td align=\"right\">20<\/td>\n<td align=\"right\">2205<\/td>\n<td align=\"right\">5<\/td>\n<td align=\"right\">-106<\/td>\n<td align=\"right\">1420<\/td>\n<td align=\"right\">679<\/td>\n<td align=\"right\">26<\/td>\n<td align=\"right\">2099<\/td>\n<td align=\"right\">1<\/td>\n<\/tr>\n<\/tbody>\n<\/table>\n<h6>Herren 2<\/h6>\n<table width=\"675\">\n<tbody>\n<tr>\n<td colspan=\"12\" width=\"675\">Ein fast perfekter und \u00fcberaus souver\u00e4ner Sieg unserer 2. Mannschaft. Die Rafelder Spieler riefen am Samstag starke Leistungen ab und lie\u00dfen den Gegner aus Ebern keine Chance. Nur 0,5 von insgesamt 16 m\u00f6glichen Satzpunkten ging verloren. Durch den Sieg hat das Team die Tabellenf\u00fchrung der Kreisklasse A Ost zun\u00e4chst \u00fcbernommen, allerdings haben die folgenden Mannschaften 1-2 Spiele weniger und k\u00f6nnen wieder aufholen.<\/td>\n<\/tr>\n<\/tbody>\n<\/table>\n<table class=\"tablerpt\">\n<tbody>\n<tr>\n<td class=\"xl64\" colspan=\"6\" width=\"480\" height=\"20\">DT Grafenrheinfeld Herren 2<\/td>\n<td class=\"xl64\" colspan=\"6\" width=\"480\">TV Ebern 2<\/td>\n<\/tr>\n<tr>\n<td height=\"20\">Name<\/td>\n<td>Volle<\/td>\n<td>Abr.<\/td>\n<td>Fehler<\/td>\n<td>Gesamt<\/td>\n<td>MP<\/td>\n<td>Name<\/td>\n<td>Volle<\/td>\n<td>Abr.<\/td>\n<td>Fehler<\/td>\n<td>Gesamt<\/td>\n<td>MP<\/td>\n<\/tr>\n<tr>\n<td height=\"20\">Borowski, Wolfgang<\/td>\n<td align=\"right\">362<\/td>\n<td align=\"right\">159<\/td>\n<td align=\"right\">12<\/td>\n<td align=\"right\">521<\/td>\n<td align=\"right\">1<\/td>\n<td>Lutz, Stefan<\/td>\n<td align=\"right\">322<\/td>\n<td align=\"right\">128<\/td>\n<td align=\"right\">13<\/td>\n<td align=\"right\">450<\/td>\n<td align=\"right\">0<\/td>\n<\/tr>\n<tr>\n<td height=\"20\">Lohrey, Gerhard<\/td>\n<td align=\"right\">323<\/td>\n<td align=\"right\">172<\/td>\n<td align=\"right\">10<\/td>\n<td align=\"right\">495<\/td>\n<td align=\"right\">1<\/td>\n<td>Gardt, Yannick<\/td>\n<td align=\"right\">331<\/td>\n<td align=\"right\">114<\/td>\n<td align=\"right\">15<\/td>\n<td align=\"right\">445<\/td>\n<td align=\"right\">0<\/td>\n<\/tr>\n<tr>\n<td height=\"20\">Mauder, Hermann<\/td>\n<td align=\"right\">359<\/td>\n<td align=\"right\">166<\/td>\n<td align=\"right\">8<\/td>\n<td align=\"right\">525<\/td>\n<td align=\"right\">1<\/td>\n<td>Klehr, Frank<\/td>\n<td align=\"right\">334<\/td>\n<td align=\"right\">142<\/td>\n<td align=\"right\">15<\/td>\n<td align=\"right\">476<\/td>\n<td align=\"right\">0<\/td>\n<\/tr>\n<tr>\n<td height=\"20\">Agiropoulos, Georgios<\/td>\n<td align=\"right\">354<\/td>\n<td align=\"right\">167<\/td>\n<td align=\"right\">6<\/td>\n<td align=\"right\">521<\/td>\n<td align=\"right\">1<\/td>\n<td>Lurz, Robert<\/td>\n<td align=\"right\">320<\/td>\n<td align=\"right\">128<\/td>\n<td align=\"right\">15<\/td>\n<td align=\"right\">448<\/td>\n<td align=\"right\">0<\/td>\n<\/tr>\n<tr>\n<td align=\"right\">+243<\/td>\n<td align=\"right\">1398<\/td>\n<td align=\"right\">664<\/td>\n<td align=\"right\">36<\/td>\n<td align=\"right\">2062<\/td>\n<td align=\"right\">6<\/td>\n<td align=\"right\">-243<\/td>\n<td align=\"right\">1307<\/td>\n<td align=\"right\">512<\/td>\n<td align=\"right\">58<\/td>\n<td align=\"right\">1819<\/td>\n<td align=\"right\">0<\/td>\n<\/tr>\n<\/tbody>\n<\/table>\n<h6>Damen<\/h6>\n<table width=\"675\">\n<tbody>\n<tr>\n<td colspan=\"12\" width=\"675\">Last-Minute-Sieg! Bei einem \u00e4u\u00dferst spannenden und knappen Kampf haben unsere Damen in R\u00f6thlein einen Ausw\u00e4rtssieg errungen. W\u00e4hrend das Anfangspaar noch 1:1 spielte und ein paar Holz gut machte, verlor das Mittelpaar beide Duelle knapp und schickten das Schlusspaar mit eine paar Holz minus auf die Bahn. Beide Schlussspielerinnen spielten stark auf und holten jeweils den Mannschaftspunkt, wobei Conny es besonders spannend machte und erst mit der letzten Kugel das Spiel zu unseren Gunsten entschied.<\/td>\n<\/tr>\n<\/tbody>\n<\/table>\n<table class=\"tablerpt\">\n<tbody>\n<tr>\n<td class=\"xl64\" colspan=\"6\" width=\"480\" height=\"20\"><\/td>\n<td class=\"xl64\" colspan=\"6\" width=\"480\"><\/td>\n<\/tr>\n<tr>\n<td height=\"20\">Name<\/td>\n<td>Volle<\/td>\n<td>Abr.<\/td>\n<td>Fehler<\/td>\n<td>Gesamt<\/td>\n<td>MP<\/td>\n<td>Name<\/td>\n<td>Volle<\/td>\n<td>Abr.<\/td>\n<td>Fehler<\/td>\n<td>Gesamt<\/td>\n<td>MP<\/td>\n<\/tr>\n<tr>\n<td height=\"20\">\u00a0St\u00f6hr, Martina<\/td>\n<td align=\"right\">345<\/td>\n<td align=\"right\">138<\/td>\n<td align=\"right\">11<\/td>\n<td align=\"right\">483<\/td>\n<td align=\"right\">0<\/td>\n<td>Landeck, Silvia<\/td>\n<td align=\"right\">365<\/td>\n<td align=\"right\">167<\/td>\n<td align=\"right\">6<\/td>\n<td align=\"right\">532<\/td>\n<td align=\"right\">1<\/td>\n<\/tr>\n<tr>\n<td height=\"20\">Keller, Julia<\/td>\n<td align=\"right\">337<\/td>\n<td align=\"right\">156<\/td>\n<td align=\"right\">3<\/td>\n<td align=\"right\">493<\/td>\n<td align=\"right\">1<\/td>\n<td>Pfaff, Sabine<\/td>\n<td align=\"right\">330<\/td>\n<td align=\"right\">124<\/td>\n<td align=\"right\">13<\/td>\n<td align=\"right\">454<\/td>\n<td align=\"right\">0<\/td>\n<\/tr>\n<tr>\n<td height=\"20\">Krueg, Stefanie<\/td>\n<td align=\"right\">343<\/td>\n<td align=\"right\">161<\/td>\n<td align=\"right\">7<\/td>\n<td align=\"right\">504<\/td>\n<td align=\"right\">1<\/td>\n<td>N\u00f6th, Helena<\/td>\n<td align=\"right\">333<\/td>\n<td align=\"right\">148<\/td>\n<td align=\"right\">9<\/td>\n<td align=\"right\">481<\/td>\n<td align=\"right\">0<\/td>\n<\/tr>\n<tr>\n<td height=\"20\">Groh, Jaqueline<\/td>\n<td align=\"right\">354<\/td>\n<td align=\"right\">157<\/td>\n<td align=\"right\">7<\/td>\n<td align=\"right\">511<\/td>\n<td align=\"right\">1<\/td>\n<td>R\u00f6sch, Anni<\/td>\n<td align=\"right\">363<\/td>\n<td align=\"right\">151<\/td>\n<td align=\"right\">3<\/td>\n<td align=\"right\">514<\/td>\n<td align=\"right\">0<\/td>\n<\/tr>\n<tr>\n<td align=\"right\">Kohl, Nina<\/td>\n<td align=\"right\">331<\/td>\n<td align=\"right\">153<\/td>\n<td align=\"right\">7<\/td>\n<td align=\"right\">484<\/td>\n<td align=\"right\">0<\/td>\n<td align=\"right\">Eisenhut, Daniela<\/td>\n<td align=\"right\">371<\/td>\n<td align=\"right\">160<\/td>\n<td align=\"right\">6<\/td>\n<td align=\"right\">531<\/td>\n<td align=\"right\">1<\/td>\n<\/tr>\n<tr>\n<td height=\"20\">Keller, Melanie<\/td>\n<td align=\"right\">339<\/td>\n<td align=\"right\">166<\/td>\n<td align=\"right\">9<\/td>\n<td align=\"right\">505<\/td>\n<td align=\"right\">0<\/td>\n<td>Murphy, Corina<\/td>\n<td align=\"right\">362<\/td>\n<td align=\"right\">160<\/td>\n<td align=\"right\">4<\/td>\n<td align=\"right\">522<\/td>\n<td align=\"right\">1<\/td>\n<\/tr>\n<tr>\n<td align=\"right\">-63<\/td>\n<td align=\"right\">2049<\/td>\n<td align=\"right\">931<\/td>\n<td align=\"right\">44<\/td>\n<td align=\"right\">2980<\/td>\n<td align=\"right\">3<\/td>\n<td align=\"right\">+63<\/td>\n<td align=\"right\">2124<\/td>\n<td align=\"right\">910<\/td>\n<td align=\"right\">41<\/td>\n<td align=\"right\">3034<\/td>\n<td align=\"right\">5<\/td>\n<\/tr>\n<\/tbody>\n<\/table>\n<h6>Gemischt<\/h6>\n<table width=\"675\">\n<tbody>\n<tr>\n<td colspan=\"12\" width=\"675\">Eine Heimniederlage musste die dritte Mannschaft am Samstag einstecken. Der Sieg w\u00e4re durchaus drin gewesen, aber leider musste Burkard aufgrund gesundheitlicher Probleme fr\u00fch ausgewechselt werden und der Jugendliche Marius musste unvorbereitet f\u00fcr Ihn einspringen. Bis auf die letzte Bahn w\u00e4re der Sieg aber noch drin gewesen, aber die gr\u00f6\u00dfere Erfahrung der Gegner gaben letztendlich den Ausschlag f\u00fcr die Niederlage.<\/td>\n<\/tr>\n<\/tbody>\n<\/table>\n<table class=\"tablerpt\">\n<tbody>\n<tr>\n<td class=\"xl64\" colspan=\"5\" width=\"480\" height=\"20\">DT Grafenrheinfeld Gemisch<\/td>\n<td class=\"xl64\" colspan=\"5\" width=\"480\">TV Oberndorf Gemischt<\/td>\n<\/tr>\n<tr>\n<td height=\"20\">Name<\/td>\n<td>Volle<\/td>\n<td>Abr.<\/td>\n<td>Fehler<\/td>\n<td>Gesamt<\/td>\n<td>Name<\/td>\n<td>Volle<\/td>\n<td>Abr.<\/td>\n<td>Fehler<\/td>\n<td>Gesamt<\/td>\n<\/tr>\n<tr>\n<td height=\"20\">Burkard Hofstetter und Marius Krieger<\/td>\n<td align=\"right\">233<\/td>\n<td align=\"right\">114<\/td>\n<td align=\"right\">8<\/td>\n<td align=\"right\">347<\/td>\n<td>F\u00fc\u00dfer, Elisabeth<\/td>\n<td align=\"right\">259<\/td>\n<td align=\"right\">113<\/td>\n<td align=\"right\">14<\/td>\n<td align=\"right\">372<\/td>\n<\/tr>\n<tr>\n<td height=\"20\">Kuntschar Andreas<\/td>\n<td align=\"right\">268<\/td>\n<td align=\"right\">116<\/td>\n<td align=\"right\">11<\/td>\n<td align=\"right\">384<\/td>\n<td>Schneider, Hannelore<\/td>\n<td align=\"right\">277<\/td>\n<td align=\"right\">103<\/td>\n<td align=\"right\">12<\/td>\n<td align=\"right\">372<\/td>\n<\/tr>\n<tr>\n<td height=\"20\">Krieger, Christine<\/td>\n<td align=\"right\">255<\/td>\n<td align=\"right\">95<\/td>\n<td align=\"right\">13<\/td>\n<td align=\"right\">350<\/td>\n<td>F\u00fc\u00dfer, Gerhard<\/td>\n<td align=\"right\">281<\/td>\n<td align=\"right\">108<\/td>\n<td align=\"right\">7<\/td>\n<td align=\"right\">389<\/td>\n<\/tr>\n<tr>\n<td height=\"20\">R\u00f6sch, Gerhard<\/td>\n<td align=\"right\">376<\/td>\n<td align=\"right\">106<\/td>\n<td align=\"right\">9<\/td>\n<td align=\"right\">382<\/td>\n<td>Wiener, Herbert<\/td>\n<td align=\"right\">271<\/td>\n<td align=\"right\">114<\/td>\n<td align=\"right\">13<\/td>\n<td align=\"right\">385<\/td>\n<\/tr>\n<tr>\n<td align=\"right\">-63<\/td>\n<td align=\"right\">1032<\/td>\n<td align=\"right\">431<\/td>\n<td align=\"right\">41<\/td>\n<td align=\"right\">1463<\/td>\n<td align=\"right\">+63<\/td>\n<td align=\"right\">1088<\/td>\n<td align=\"right\">438<\/td>\n<td align=\"right\">46<\/td>\n<td align=\"right\">1526<\/td>\n<\/tr>\n<\/tbody>\n<\/table>\n<h6>Jugend 1<\/h6>\n<table width=\"675\">\n<tbody>\n<tr>\n<td colspan=\"12\" width=\"675\">Mit einer Niederlage ist unsere 1. Jugend ins Jahr 2016 gestartet. W\u00e4hrend Leo ein gutes Ergebnis erzielte, taten sich Marius und Emily ungew\u00f6hnlich schwer und blieben hinter den von Ihnen gewohnten guten Leistungen zur\u00fcck. Mit neuem Eifer starten wir wieder ins regem\u00e4\u00dfige Training, denn die Tabellenpl\u00e4tze 2 und 3 sind noch mit lediglich zwei Tabellenpunkte Unterschied in Reichweite.<\/td>\n<\/tr>\n<\/tbody>\n<\/table>\n<p><em>Jugendspiele werden ohne Punktewertung gespielt; U14-Spieler bekommen einen Bonus von 9 Holz pro Bahn<\/em><\/p>\n<table class=\"tablerpt\">\n<tbody>\n<tr>\n<td class=\"xl66\" colspan=\"5\" width=\"400\" height=\"20\">SE R\u00f6thlein<\/td>\n<td class=\"xl66\" colspan=\"5\" width=\"400\">DT Grafenrheinfeld Jugend 1<\/td>\n<\/tr>\n<tr>\n<td height=\"20\">Name<\/td>\n<td>Volle<\/td>\n<td>Abr.<\/td>\n<td>Fehler<\/td>\n<td>Gesamt<\/td>\n<td>Name<\/td>\n<td>Volle<\/td>\n<td>Abr.<\/td>\n<td>Fehler<\/td>\n<td>Gesamt<\/td>\n<\/tr>\n<tr>\n<td height=\"20\">Krug\/Keller<\/td>\n<td align=\"right\">\u00a0345<\/td>\n<td align=\"right\">\u00a0146<\/td>\n<td align=\"right\">\u00a09<\/td>\n<td align=\"right\">\u00a0491<\/td>\n<td>Leo Weigand<\/td>\n<td align=\"right\">356<\/td>\n<td align=\"right\">139<\/td>\n<td align=\"right\">9<\/td>\n<td align=\"right\">495<\/td>\n<\/tr>\n<tr>\n<td height=\"20\">Sterker, Lukas<\/td>\n<td align=\"right\">\u00a0338<\/td>\n<td align=\"right\">\u00a0168<\/td>\n<td align=\"right\">\u00a03<\/td>\n<td align=\"right\">\u00a0506<\/td>\n<td>Marius Krieger<\/td>\n<td align=\"right\">319<\/td>\n<td align=\"right\">97<\/td>\n<td align=\"right\">20<\/td>\n<td align=\"right\">416<\/td>\n<\/tr>\n<tr>\n<td height=\"20\">Fischer\/Flederer<\/td>\n<td align=\"right\">345<\/td>\n<td align=\"right\">112<\/td>\n<td align=\"right\">14<\/td>\n<td align=\"right\">457<\/td>\n<td>Emily Braun<\/td>\n<td align=\"right\">327<\/td>\n<td align=\"right\">128<\/td>\n<td align=\"right\">15<\/td>\n<td align=\"right\">455<\/td>\n<\/tr>\n<tr>\n<td height=\"20\">U14-Bonus<\/td>\n<td><\/td>\n<td><\/td>\n<td><\/td>\n<td>18<\/td>\n<td height=\"20\"><\/td>\n<td><\/td>\n<td><\/td>\n<td><\/td>\n<td align=\"right\"><\/td>\n<\/tr>\n<tr>\n<td align=\"right\" height=\"20\">\u00a0+106<\/td>\n<td align=\"right\">\u00a01028<\/td>\n<td align=\"right\">\u00a0429<\/td>\n<td align=\"right\">\u00a026<\/td>\n<td align=\"right\">\u00a01472<\/td>\n<td align=\"right\">\u00a0-106<\/td>\n<td align=\"right\">1002<\/td>\n<td align=\"right\">364<\/td>\n<td align=\"right\">44<\/td>\n<td align=\"right\">1366<\/td>\n<\/tr>\n<\/tbody>\n<\/table>\n","protected":false},"excerpt":{"rendered":"<p>Herren 1 Wichtiger Sieg im Spitzenspiel! Der Kampf Tabellenersten gegen Tabellenzweiten wurde wie erwartet zu einem hei\u00dfen Match. W\u00e4hrend das Hinspiel ausw\u00e4rts noch zu unserem Nachteil ausging, holte sich diesmal <a href=\"https:\/\/www.doppelturm.de\/?page_id=746\" class=\"more-link\">[&hellip;]<\/a><\/p>\n","protected":false},"author":2,"featured_media":0,"parent":994,"menu_order":12,"comment_status":"closed","ping_status":"closed","template":"","meta":{"Layout":"1c"},"_links":{"self":[{"href":"https:\/\/www.doppelturm.de\/index.php?rest_route=\/wp\/v2\/pages\/746"}],"collection":[{"href":"https:\/\/www.doppelturm.de\/index.php?rest_route=\/wp\/v2\/pages"}],"about":[{"href":"https:\/\/www.doppelturm.de\/index.php?rest_route=\/wp\/v2\/types\/page"}],"author":[{"embeddable":true,"href":"https:\/\/www.doppelturm.de\/index.php?rest_route=\/wp\/v2\/users\/2"}],"replies":[{"embeddable":true,"href":"https:\/\/www.doppelturm.de\/index.php?rest_route=%2Fwp%2Fv2%2Fcomments&post=746"}],"version-history":[{"count":9,"href":"https:\/\/www.doppelturm.de\/index.php?rest_route=\/wp\/v2\/pages\/746\/revisions"}],"predecessor-version":[{"id":761,"href":"https:\/\/www.doppelturm.de\/index.php?rest_route=\/wp\/v2\/pages\/746\/revisions\/761"}],"up":[{"embeddable":true,"href":"https:\/\/www.doppelturm.de\/index.php?rest_route=\/wp\/v2\/pages\/994"}],"wp:attachment":[{"href":"https:\/\/www.doppelturm.de\/index.php?rest_route=%2Fwp%2Fv2%2Fmedia&parent=746"}],"curies":[{"name":"wp","href":"https:\/\/api.w.org\/{rel}","templated":true}]}}