{"id":731,"date":"2016-01-10T21:50:01","date_gmt":"2016-01-10T20:50:01","guid":{"rendered":"http:\/\/www.doppelturm.de\/?page_id=731"},"modified":"2016-08-22T22:27:37","modified_gmt":"2016-08-22T20:27:37","slug":"11-spieltag","status":"publish","type":"page","link":"https:\/\/www.doppelturm.de\/?page_id=731","title":{"rendered":"Spieltag 11"},"content":{"rendered":"<h6>Herren 1<\/h6>\n<p>Die Kegler der 1. Mannschaft haben am Samstag einen ungef\u00e4hrdeten Ausw\u00e4rtssieg eingefahren. Mit guten Einzelergebnissen und starke Nerven in den einzelnen Duellen konnten alle Mannschaftspunkte f\u00fcr Grafenrheinfeld entschieden werden. Die Konzentration liegt nun auf n\u00e4chsten Samstag, wo mit der Mannschaft aus Gro\u00dfbardorf der direkte Meisterschaftskonkurrent zu Gast in Grafenrheinfeld ist. Die M\u00e4nner freuen sich auf viele Fans bei diesem Spitzenspiel.<\/p>\n<table class=\"tablerpt\">\n<tbody>\n<tr>\n<td class=\"xl64\" colspan=\"6\" width=\"480\" height=\"20\">TSV Oberthulba<\/td>\n<td class=\"xl64\" colspan=\"6\" width=\"480\">DT Herren 1<\/td>\n<\/tr>\n<tr>\n<td height=\"20\">Name<\/td>\n<td>Volle<\/td>\n<td>Abr.<\/td>\n<td>Fehler<\/td>\n<td>Gesamt<\/td>\n<td>MP<\/td>\n<td>Name<\/td>\n<td>Volle<\/td>\n<td>Abr.<\/td>\n<td>Fehler<\/td>\n<td>Gesamt<\/td>\n<td>MP<\/td>\n<\/tr>\n<tr>\n<td height=\"20\">H\u00e4fner Tobias<\/td>\n<td align=\"right\">361<\/td>\n<td align=\"right\">139<\/td>\n<td align=\"right\">11<\/td>\n<td align=\"right\">500<\/td>\n<td align=\"right\">0<\/td>\n<td>Philipp H\u00fcmmer<\/td>\n<td align=\"right\">339<\/td>\n<td align=\"right\">153<\/td>\n<td align=\"right\">8<\/td>\n<td align=\"right\">492<\/td>\n<td align=\"right\">1<\/td>\n<\/tr>\n<tr>\n<td height=\"20\">Hein Stefan<\/td>\n<td align=\"right\">345<\/td>\n<td align=\"right\">147<\/td>\n<td align=\"right\">11<\/td>\n<td align=\"right\">492<\/td>\n<td align=\"right\">0<\/td>\n<td>Oliver Werner<\/td>\n<td align=\"right\">358<\/td>\n<td align=\"right\">162<\/td>\n<td align=\"right\">1<\/td>\n<td align=\"right\">520<\/td>\n<td align=\"right\">1<\/td>\n<\/tr>\n<tr>\n<td height=\"20\">Faulhammer G\u00fcnther<\/td>\n<td align=\"right\">333<\/td>\n<td align=\"right\">142<\/td>\n<td align=\"right\">8<\/td>\n<td align=\"right\">475<\/td>\n<td align=\"right\">0<\/td>\n<td>M\u00fcller Sascha<\/td>\n<td align=\"right\">366<\/td>\n<td align=\"right\">184<\/td>\n<td align=\"right\">6<\/td>\n<td align=\"right\">550<\/td>\n<td align=\"right\">1<\/td>\n<\/tr>\n<tr>\n<td height=\"20\">Halbig Tobias<\/td>\n<td align=\"right\">340<\/td>\n<td align=\"right\">163<\/td>\n<td align=\"right\">3<\/td>\n<td align=\"right\">503<\/td>\n<td align=\"right\">0<\/td>\n<td>Braun Matthias<\/td>\n<td align=\"right\">359<\/td>\n<td align=\"right\">169<\/td>\n<td align=\"right\">4<\/td>\n<td align=\"right\">528<\/td>\n<td align=\"right\">1<\/td>\n<\/tr>\n<tr>\n<td align=\"right\">-120<\/td>\n<td align=\"right\">1379<\/td>\n<td align=\"right\">591<\/td>\n<td align=\"right\">33<\/td>\n<td align=\"right\">1970<\/td>\n<td align=\"right\">0<\/td>\n<td align=\"right\">+120<\/td>\n<td align=\"right\">1422<\/td>\n<td align=\"right\">668<\/td>\n<td align=\"right\">19<\/td>\n<td align=\"right\">2090<\/td>\n<td align=\"right\">6<\/td>\n<\/tr>\n<\/tbody>\n<\/table>\n<h6>Herren 2<\/h6>\n<p>Mit einem Ausw\u00e4rtssieg ist unsere 2. Mannschaft aus der Winterpause gestartet. Nur ein Mannschaftspunkt musste in den direkten Duellen hergegeben werden. Dank diesem Sieg ist die Mannschaft auf den 2. Tabellenplatz punktgleich mit dem Tabellenf\u00fchrer geklettert. Die Tabelle in der Liga ist so eng, dass zwischen dem Ersten und dem letzten Platz lediglich 6 Punkte Unterschied liegen. Also nicht nachgeben, M\u00e4nner!<\/p>\n<table class=\"tablerpt\">\n<tbody>\n<tr>\n<td class=\"xl64\" colspan=\"6\" width=\"480\" height=\"20\">Gut Holz Zeil 4<\/td>\n<td class=\"xl64\" colspan=\"6\" width=\"480\">DT Herren 2<\/td>\n<\/tr>\n<tr>\n<td height=\"20\">Name<\/td>\n<td>Volle<\/td>\n<td>Abr.<\/td>\n<td>Fehler<\/td>\n<td>Gesamt<\/td>\n<td>MP<\/td>\n<td>Name<\/td>\n<td>Volle<\/td>\n<td>Abr.<\/td>\n<td>Fehler<\/td>\n<td>Gesamt<\/td>\n<td>MP<\/td>\n<\/tr>\n<tr>\n<td height=\"20\">Salberg Benedikt<\/td>\n<td align=\"right\">312<\/td>\n<td align=\"right\">172<\/td>\n<td align=\"right\">9<\/td>\n<td align=\"right\">484<\/td>\n<td align=\"right\">0<\/td>\n<td>Wolfgang Borowski<\/td>\n<td align=\"right\">353<\/td>\n<td align=\"right\">146<\/td>\n<td align=\"right\">7<\/td>\n<td align=\"right\">499<\/td>\n<td align=\"right\">1<\/td>\n<\/tr>\n<tr>\n<td height=\"20\">Weinkauf Leo<\/td>\n<td align=\"right\">338<\/td>\n<td align=\"right\">133<\/td>\n<td align=\"right\">10<\/td>\n<td align=\"right\">471<\/td>\n<td align=\"right\">0<\/td>\n<td>Gerd Lohrey<\/td>\n<td align=\"right\">355<\/td>\n<td align=\"right\">157<\/td>\n<td align=\"right\">9<\/td>\n<td align=\"right\">512<\/td>\n<td align=\"right\">1<\/td>\n<\/tr>\n<tr>\n<td height=\"20\">Dittmann Christian<\/td>\n<td align=\"right\">331<\/td>\n<td align=\"right\">114<\/td>\n<td align=\"right\">14<\/td>\n<td align=\"right\">445<\/td>\n<td align=\"right\">0<\/td>\n<td>Hermann Mauder<\/td>\n<td align=\"right\">356<\/td>\n<td align=\"right\">128<\/td>\n<td align=\"right\">10<\/td>\n<td align=\"right\">484<\/td>\n<td align=\"right\">1<\/td>\n<\/tr>\n<tr>\n<td height=\"20\">Hofmann Michael<\/td>\n<td align=\"right\">321<\/td>\n<td align=\"right\">161<\/td>\n<td align=\"right\">6<\/td>\n<td align=\"right\">482<\/td>\n<td align=\"right\">1<\/td>\n<td>Argiropoulos Georgios<\/td>\n<td align=\"right\">320<\/td>\n<td align=\"right\">148<\/td>\n<td align=\"right\">7<\/td>\n<td align=\"right\">468<\/td>\n<td align=\"right\">0<\/td>\n<\/tr>\n<tr>\n<td align=\"right\">-81<\/td>\n<td align=\"right\">1302<\/td>\n<td align=\"right\">580<\/td>\n<td align=\"right\">39<\/td>\n<td align=\"right\">1882<\/td>\n<td align=\"right\">1<\/td>\n<td align=\"right\">+81<\/td>\n<td align=\"right\">1384<\/td>\n<td align=\"right\">579<\/td>\n<td align=\"right\">33<\/td>\n<td align=\"right\">1963<\/td>\n<td align=\"right\">5<\/td>\n<\/tr>\n<\/tbody>\n<\/table>\n<h6>Damen<\/h6>\n<p>Die Damenmannschaft hatten am Sonntag die Keglerinnen aus Karlstadt zu Gast. Im Hinspiel konnten unsere Spielerinnen in einem spannenden Match die Punkte ausw\u00e4rts einheimsen, daf\u00fcr mussten sie nun eine klare Heimniederlage einstecken. Mit einem ersatzgeschw\u00e4chten Team, teilweise nicht \u00fcberzeugenden Leistungen und einem starken Gegner musste die deutliche Niederlage fr\u00fch anerkannt werden. Aber die Damen lassen sich durch den Punktverlust, die Verletzungssorgen und durch andere Umst\u00e4nde nicht unterkriegen und k\u00e4mpfen weiter!<\/p>\n<table class=\"tablerpt\">\n<tbody>\n<tr>\n<td class=\"xl64\" colspan=\"6\" width=\"480\" height=\"20\">DT Grafenrheinfeld Damen<\/td>\n<td class=\"xl64\" colspan=\"6\" width=\"480\">Bavaria Karlstadt 2<\/td>\n<\/tr>\n<tr>\n<td height=\"20\">Name<\/td>\n<td>Volle<\/td>\n<td>Abr.<\/td>\n<td>Fehler<\/td>\n<td>Gesamt<\/td>\n<td>MP<\/td>\n<td>Name<\/td>\n<td>Volle<\/td>\n<td>Abr.<\/td>\n<td>Fehler<\/td>\n<td>Gesamt<\/td>\n<td>MP<\/td>\n<\/tr>\n<tr>\n<td height=\"20\">Silvia Landeck<\/td>\n<td align=\"right\">343<\/td>\n<td align=\"right\">140<\/td>\n<td align=\"right\">8<\/td>\n<td align=\"right\">483<\/td>\n<td align=\"right\">0<\/td>\n<td>Bellwood Josefine<\/td>\n<td align=\"right\">342<\/td>\n<td align=\"right\">158<\/td>\n<td align=\"right\">10<\/td>\n<td align=\"right\">500<\/td>\n<td align=\"right\">1<\/td>\n<\/tr>\n<tr>\n<td height=\"20\">Christine Krieger<\/td>\n<td align=\"right\">317<\/td>\n<td align=\"right\">97<\/td>\n<td align=\"right\">22<\/td>\n<td align=\"right\">414<\/td>\n<td align=\"right\">0<\/td>\n<td>R\u00f6mer Karin<\/td>\n<td align=\"right\">359<\/td>\n<td align=\"right\">170<\/td>\n<td align=\"right\">5<\/td>\n<td align=\"right\">529<\/td>\n<td align=\"right\">1<\/td>\n<\/tr>\n<tr>\n<td height=\"20\">Helena N\u00f6th<\/td>\n<td align=\"right\">348<\/td>\n<td align=\"right\">114<\/td>\n<td align=\"right\">16<\/td>\n<td align=\"right\">462<\/td>\n<td align=\"right\">0<\/td>\n<td>Nick Annalena<\/td>\n<td align=\"right\">336<\/td>\n<td align=\"right\">146<\/td>\n<td align=\"right\">10<\/td>\n<td align=\"right\">482<\/td>\n<td align=\"right\">1<\/td>\n<\/tr>\n<tr>\n<td height=\"20\">Anni R\u00f6sch<\/td>\n<td align=\"right\">351<\/td>\n<td align=\"right\">135<\/td>\n<td align=\"right\">11<\/td>\n<td align=\"right\">486<\/td>\n<td align=\"right\">0<\/td>\n<td>Netrval Gertrud<\/td>\n<td align=\"right\">360<\/td>\n<td align=\"right\">147<\/td>\n<td align=\"right\">9<\/td>\n<td align=\"right\">507<\/td>\n<td align=\"right\">1<\/td>\n<\/tr>\n<tr>\n<td align=\"right\">Daniela Eisenhut<\/td>\n<td align=\"right\">367<\/td>\n<td align=\"right\">148<\/td>\n<td align=\"right\">9<\/td>\n<td align=\"right\">515<\/td>\n<td align=\"right\">1<\/td>\n<td align=\"right\">Wittmann Gabi<\/td>\n<td align=\"right\">352<\/td>\n<td align=\"right\">145<\/td>\n<td align=\"right\">11<\/td>\n<td align=\"right\">497<\/td>\n<td align=\"right\">0<\/td>\n<\/tr>\n<tr>\n<td height=\"20\">Corina Murphy<\/td>\n<td align=\"right\">337<\/td>\n<td align=\"right\">194<\/td>\n<td align=\"right\">3<\/td>\n<td align=\"right\">531<\/td>\n<td align=\"right\">0<\/td>\n<td>G\u00f6bel Sinja<\/td>\n<td align=\"right\">378<\/td>\n<td align=\"right\">174<\/td>\n<td align=\"right\">6<\/td>\n<td align=\"right\">552<\/td>\n<td align=\"right\">1<\/td>\n<\/tr>\n<tr>\n<td align=\"right\">-176<\/td>\n<td align=\"right\">2063<\/td>\n<td align=\"right\">828<\/td>\n<td align=\"right\">69<\/td>\n<td align=\"right\">2891<\/td>\n<td align=\"right\">1<\/td>\n<td align=\"right\">+176<\/td>\n<td align=\"right\">2127<\/td>\n<td align=\"right\">940<\/td>\n<td align=\"right\">51<\/td>\n<td align=\"right\">3067<\/td>\n<td align=\"right\">7<\/td>\n<\/tr>\n<\/tbody>\n<\/table>\n<h6>Gemischt<\/h6>\n<p>Mit einer knappen und ungl\u00fccklichen Niederlage ist die gemischte Mannschaft in die R\u00fcckrunde gestartet. Dank dem guten Ergebnissen des Anfangsp\u00e4rchens f\u00fchrte man noch mit 15 Holz und machte sich Hoffnungen auf den 2. Saisonsieg. Aber das Schlussp\u00e4rchen konnte den Vorsprung nicht halten und das Team musste sich leider knapp geschlagen geben. Durch Verst\u00e4rkung aus der 2. Mannschaft hofft die gemischte Mannschaft den ein oder anderen Punkt zu holen, um den Abstieg zu entgehen.<br \/>\n100 Schub-System<\/p>\n<table class=\"tablerpt\">\n<tbody>\n<tr>\n<td class=\"xl64\" colspan=\"5\" width=\"480\" height=\"20\">DJK\/Gl\u00fcck Auf SW SK<\/td>\n<td class=\"xl64\" colspan=\"5\" width=\"480\">DT Grafenrheinfeld Gemischt<\/td>\n<\/tr>\n<tr>\n<td height=\"20\">Name<\/td>\n<td>Volle<\/td>\n<td>Abr.<\/td>\n<td>Fehler<\/td>\n<td>Gesamt<\/td>\n<td>Name<\/td>\n<td>Volle<\/td>\n<td>Abr.<\/td>\n<td>Fehler<\/td>\n<td>Gesamt<\/td>\n<\/tr>\n<tr>\n<td height=\"20\">Wirsing Barbara<\/td>\n<td align=\"right\">231<\/td>\n<td align=\"right\">105<\/td>\n<td align=\"right\">12<\/td>\n<td align=\"right\">336<\/td>\n<td>R\u00f6sch Gerhard<\/td>\n<td align=\"right\">279<\/td>\n<td align=\"right\">111<\/td>\n<td align=\"right\">9<\/td>\n<td align=\"right\">390<\/td>\n<\/tr>\n<tr>\n<td height=\"20\">Walder Nikolaj<\/td>\n<td align=\"right\">312<\/td>\n<td align=\"right\">122<\/td>\n<td align=\"right\">6<\/td>\n<td align=\"right\">434<\/td>\n<td>Hofstetter Burkard<\/td>\n<td align=\"right\">262<\/td>\n<td align=\"right\">133<\/td>\n<td align=\"right\">5<\/td>\n<td align=\"right\">395<\/td>\n<\/tr>\n<tr>\n<td height=\"20\">Meiz Christian<\/td>\n<td align=\"right\">232<\/td>\n<td align=\"right\">92<\/td>\n<td align=\"right\">18<\/td>\n<td align=\"right\">324<\/td>\n<td>Weigand Leo<\/td>\n<td align=\"right\">275<\/td>\n<td align=\"right\">78<\/td>\n<td align=\"right\">15<\/td>\n<td align=\"right\">353<\/td>\n<\/tr>\n<tr>\n<td height=\"20\">B\u00fchl Dominik<\/td>\n<td align=\"right\">273<\/td>\n<td align=\"right\">115<\/td>\n<td align=\"right\">14<\/td>\n<td align=\"right\">388<\/td>\n<td>Andreas Kuntschar<\/td>\n<td align=\"right\">226<\/td>\n<td align=\"right\">95<\/td>\n<td align=\"right\">20<\/td>\n<td align=\"right\">321<\/td>\n<\/tr>\n<tr>\n<td align=\"right\">+23<\/td>\n<td align=\"right\">1048<\/td>\n<td align=\"right\">434<\/td>\n<td align=\"right\">50<\/td>\n<td align=\"right\">1482<\/td>\n<td align=\"right\">-23<\/td>\n<td align=\"right\">1042<\/td>\n<td align=\"right\">417<\/td>\n<td align=\"right\">49<\/td>\n<td align=\"right\">1459<\/td>\n<\/tr>\n<\/tbody>\n<\/table>\n","protected":false},"excerpt":{"rendered":"<p>Herren 1 Die Kegler der 1. Mannschaft haben am Samstag einen ungef\u00e4hrdeten Ausw\u00e4rtssieg eingefahren. Mit guten Einzelergebnissen und starke Nerven in den einzelnen Duellen konnten alle Mannschaftspunkte f\u00fcr Grafenrheinfeld entschieden <a href=\"https:\/\/www.doppelturm.de\/?page_id=731\" class=\"more-link\">[&hellip;]<\/a><\/p>\n","protected":false},"author":2,"featured_media":0,"parent":994,"menu_order":11,"comment_status":"closed","ping_status":"closed","template":"","meta":{"Layout":""},"_links":{"self":[{"href":"https:\/\/www.doppelturm.de\/index.php?rest_route=\/wp\/v2\/pages\/731"}],"collection":[{"href":"https:\/\/www.doppelturm.de\/index.php?rest_route=\/wp\/v2\/pages"}],"about":[{"href":"https:\/\/www.doppelturm.de\/index.php?rest_route=\/wp\/v2\/types\/page"}],"author":[{"embeddable":true,"href":"https:\/\/www.doppelturm.de\/index.php?rest_route=\/wp\/v2\/users\/2"}],"replies":[{"embeddable":true,"href":"https:\/\/www.doppelturm.de\/index.php?rest_route=%2Fwp%2Fv2%2Fcomments&post=731"}],"version-history":[{"count":7,"href":"https:\/\/www.doppelturm.de\/index.php?rest_route=\/wp\/v2\/pages\/731\/revisions"}],"predecessor-version":[{"id":742,"href":"https:\/\/www.doppelturm.de\/index.php?rest_route=\/wp\/v2\/pages\/731\/revisions\/742"}],"up":[{"embeddable":true,"href":"https:\/\/www.doppelturm.de\/index.php?rest_route=\/wp\/v2\/pages\/994"}],"wp:attachment":[{"href":"https:\/\/www.doppelturm.de\/index.php?rest_route=%2Fwp%2Fv2%2Fmedia&parent=731"}],"curies":[{"name":"wp","href":"https:\/\/api.w.org\/{rel}","templated":true}]}}