{"id":693,"date":"2015-12-11T10:59:24","date_gmt":"2015-12-11T09:59:24","guid":{"rendered":"http:\/\/www.doppelturm.de\/?page_id=693"},"modified":"2016-08-22T22:27:30","modified_gmt":"2016-08-22T20:27:30","slug":"spieltag-10","status":"publish","type":"page","link":"https:\/\/www.doppelturm.de\/?page_id=693","title":{"rendered":"Spieltag 10"},"content":{"rendered":"<h6>Spiel Jugend 1 gegen Jugend 2<\/h6>\n<p>Das Spiel unserer Jugendmannschaften gegeneinander war das Spiel des Jahres f\u00fcr unsere Jugendmannschaften: David gegen Goliath oder die Erfahrung gegen die Jugend. Allerdings taten sich unsere erfahrenen U-18-Spieler ungew\u00f6hnlich schwer gegen die jungen wilden Anf\u00e4nger. So lief das Spiel besonders am Anfang um einiges spannender als erwartet, nachdem die beiden Flos gegen Marius und Leo ordentlich mithielten und durch das Bonusholz f\u00fcr U14-Spieler sogar mit 1 Holz f\u00fchrten. Jan Simon und Jana wollten genauso stark dagegen halten, aber Emily lie\u00df sich nicht nerv\u00f6s machen. So endete das Spiel doch wie erwartet mit einem Sieg f\u00fcr die unsere 1. Jugendmannschaft. Auf das R\u00fcckspiel in der R\u00fcckrunde freuen wir uns jetzt schon. Der Jugendspielbetrieb geht nun zun\u00e4chst in die Winterpause, aber die Einzelmeisterschaften stehen an.<\/p>\n<p><em>Jugendspiele werden ohne Punktewertung gespielt; U14-Spieler bekommen einen Bonus von 9 Holz pro Bahn<\/em><\/p>\n<table class=\"tablerpt\">\n<tbody>\n<tr>\n<td class=\"xl66\" colspan=\"5\" width=\"400\" height=\"20\">DT Grafenrheinfeld Jugend 1<\/td>\n<td class=\"xl66\" colspan=\"5\" width=\"400\">DT Grafenrheinfeld Jugend 2<\/td>\n<\/tr>\n<tr>\n<td height=\"20\">Name<\/td>\n<td>Volle<\/td>\n<td>Abr.<\/td>\n<td>Fehler<\/td>\n<td>Gesamt<\/td>\n<td>Name<\/td>\n<td>Volle<\/td>\n<td>Abr.<\/td>\n<td>Fehler<\/td>\n<td>Gesamt<\/td>\n<\/tr>\n<tr>\n<td height=\"20\">Marius Krieger<\/td>\n<td align=\"right\">313<\/td>\n<td align=\"right\">156<\/td>\n<td align=\"right\">13<\/td>\n<td align=\"right\">469<\/td>\n<td>Schreiner Florian<\/td>\n<td align=\"right\">320<\/td>\n<td align=\"right\">120<\/td>\n<td align=\"right\">15<\/td>\n<td align=\"right\">440<\/td>\n<\/tr>\n<tr>\n<td height=\"20\">Weigand Leo<\/td>\n<td align=\"right\">334<\/td>\n<td align=\"right\">121<\/td>\n<td align=\"right\">13<\/td>\n<td align=\"right\">455<\/td>\n<td>Werner Florian<\/td>\n<td align=\"right\">316<\/td>\n<td align=\"right\">133<\/td>\n<td align=\"right\">13<\/td>\n<td align=\"right\">449<\/td>\n<\/tr>\n<tr>\n<td height=\"20\">Braun Emily<\/td>\n<td align=\"right\">329<\/td>\n<td align=\"right\">139<\/td>\n<td align=\"right\">12<\/td>\n<td align=\"right\">468<\/td>\n<td>Landeck Jan Simon<\/td>\n<td align=\"right\">137<\/td>\n<td align=\"right\">43<\/td>\n<td align=\"right\">16<\/td>\n<td align=\"right\">180<\/td>\n<\/tr>\n<td>\n<td>\n<td>\n<td>\n<td>\n<td>Braun Jana<\/td>\n<td align=\"right\">94<\/td>\n<td align=\"right\">51<\/td>\n<td align=\"right\">18<\/td>\n<td align=\"right\">165<\/td>\n<tr>\n<td align=\"right\" height=\"20\">+86<\/td>\n<td align=\"right\">976<\/td>\n<td align=\"right\">416<\/td>\n<td align=\"right\">38<\/td>\n<td align=\"right\">1392<\/td>\n<td align=\"right\">-86<\/td>\n<td align=\"right\">959<\/td>\n<td align=\"right\">347<\/td>\n<td align=\"right\">62<\/td>\n<td align=\"right\">1306<\/td>\n<\/tr>\n<\/tbody>\n<\/table>\n","protected":false},"excerpt":{"rendered":"<p>Spiel Jugend 1 gegen Jugend 2 Das Spiel unserer Jugendmannschaften gegeneinander war das Spiel des Jahres f\u00fcr unsere Jugendmannschaften: David gegen Goliath oder die Erfahrung gegen die Jugend. Allerdings taten <a href=\"https:\/\/www.doppelturm.de\/?page_id=693\" class=\"more-link\">[&hellip;]<\/a><\/p>\n","protected":false},"author":2,"featured_media":0,"parent":994,"menu_order":10,"comment_status":"closed","ping_status":"closed","template":"","meta":{"Layout":"1c"},"_links":{"self":[{"href":"https:\/\/www.doppelturm.de\/index.php?rest_route=\/wp\/v2\/pages\/693"}],"collection":[{"href":"https:\/\/www.doppelturm.de\/index.php?rest_route=\/wp\/v2\/pages"}],"about":[{"href":"https:\/\/www.doppelturm.de\/index.php?rest_route=\/wp\/v2\/types\/page"}],"author":[{"embeddable":true,"href":"https:\/\/www.doppelturm.de\/index.php?rest_route=\/wp\/v2\/users\/2"}],"replies":[{"embeddable":true,"href":"https:\/\/www.doppelturm.de\/index.php?rest_route=%2Fwp%2Fv2%2Fcomments&post=693"}],"version-history":[{"count":5,"href":"https:\/\/www.doppelturm.de\/index.php?rest_route=\/wp\/v2\/pages\/693\/revisions"}],"predecessor-version":[{"id":698,"href":"https:\/\/www.doppelturm.de\/index.php?rest_route=\/wp\/v2\/pages\/693\/revisions\/698"}],"up":[{"embeddable":true,"href":"https:\/\/www.doppelturm.de\/index.php?rest_route=\/wp\/v2\/pages\/994"}],"wp:attachment":[{"href":"https:\/\/www.doppelturm.de\/index.php?rest_route=%2Fwp%2Fv2%2Fmedia&parent=693"}],"curies":[{"name":"wp","href":"https:\/\/api.w.org\/{rel}","templated":true}]}}