{"id":591,"date":"2015-11-23T10:56:10","date_gmt":"2015-11-23T09:56:10","guid":{"rendered":"http:\/\/www.doppelturm.de\/?page_id=591"},"modified":"2016-08-22T22:27:19","modified_gmt":"2016-08-22T20:27:19","slug":"9-spieltag","status":"publish","type":"page","link":"https:\/\/www.doppelturm.de\/?page_id=591","title":{"rendered":"Spieltag 9"},"content":{"rendered":"<h6>Herren 1<\/h6>\n<p>Unsere 1. Herrenmannschaft reiste zum Ausw\u00e4rtsspiel nach Mittelstreu. Nur ein Mannschaftspunkt ging bei den direkten Duellen verloren. Nachdem man sich auch die Ergebnispunkte holte, ging das Spiel verdienterma\u00dfen mit 1:5 zu unseren Gunsten aus. Die Mannschaft konnte nun den 1. Platz in der Tabelle einnehmen, allerdings erst mal vorl\u00e4ufig, da das Spiel des bisher Erstplazierten abgebrochen und noch nicht zu Ende gespielt wurde.<br \/>\nN\u00e4here Informationen folgen, sobald mir der Spielbericht vorliegt.<\/p>\n<table class=\"tablerpt\">\n<tbody>\n<tr>\n<td class=\"xl64\" colspan=\"6\" width=\"480\" height=\"20\">TSV Mittelstreu<\/td>\n<td class=\"xl64\" colspan=\"6\" width=\"480\">DT Herren 1<\/td>\n<\/tr>\n<tr>\n<td height=\"20\">Name<\/td>\n<td>Volle<\/td>\n<td>Abr.<\/td>\n<td>Fehler<\/td>\n<td>Gesamt<\/td>\n<td>MP<\/td>\n<td>Name<\/td>\n<td>Volle<\/td>\n<td>Abr.<\/td>\n<td>Fehler<\/td>\n<td>Gesamt<\/td>\n<td>MP<\/td>\n<\/tr>\n<tr>\n<td height=\"20\">Ment Bastian<\/td>\n<td align=\"right\">346<\/td>\n<td align=\"right\">163<\/td>\n<td align=\"right\">4<\/td>\n<td align=\"right\">509<\/td>\n<td align=\"right\">0<\/td>\n<td>Werner Oliver<\/td>\n<td align=\"right\">350<\/td>\n<td align=\"right\">167<\/td>\n<td align=\"right\">4<\/td>\n<td align=\"right\">517<\/td>\n<td align=\"right\">1<\/td>\n<\/tr>\n<tr>\n<td height=\"20\">Ment Harald<\/td>\n<td align=\"right\">352<\/td>\n<td align=\"right\">152<\/td>\n<td align=\"right\">7<\/td>\n<td align=\"right\">504<\/td>\n<td align=\"right\">1<\/td>\n<td>Mauder Hermann<\/td>\n<td align=\"right\">342<\/td>\n<td align=\"right\">134<\/td>\n<td align=\"right\">12<\/td>\n<td align=\"right\">476<\/td>\n<td align=\"right\">0<\/td>\n<\/tr>\n<tr>\n<td height=\"20\">R\u00f6hrig Wolfgang<\/td>\n<td align=\"right\">156<\/td>\n<td align=\"right\">63<\/td>\n<td align=\"right\">6<\/td>\n<td align=\"right\">219<\/td>\n<td align=\"right\">0<\/td>\n<td>M\u00fcller Sascha<\/td>\n<td align=\"right\">338<\/td>\n<td align=\"right\">160<\/td>\n<td align=\"right\">2<\/td>\n<td align=\"right\">498<\/td>\n<td align=\"right\">1<\/td>\n<\/tr>\n<tr>\n<td height=\"20\">Ziegler Mario<\/td>\n<td align=\"right\">166<\/td>\n<td align=\"right\">70<\/td>\n<td align=\"right\">4<\/td>\n<td align=\"right\">236<\/td>\n<td align=\"right\">0<\/td>\n<td align=\"right\" colspan=\"6\"><\/td>\n<\/tr>\n<tr>\n<td height=\"20\">Straub Harald<\/td>\n<td align=\"right\">334<\/td>\n<td align=\"right\">167<\/td>\n<td align=\"right\">5<\/td>\n<td align=\"right\">501<\/td>\n<td align=\"right\">0<\/td>\n<td>Braun Matthias<\/td>\n<td align=\"right\">342<\/td>\n<td align=\"right\">166<\/td>\n<td align=\"right\">6<\/td>\n<td align=\"right\">508<\/td>\n<td align=\"right\">1<\/td>\n<\/tr>\n<tr>\n<td align=\"right\">-30<\/td>\n<td align=\"right\">1354<\/td>\n<td align=\"right\">615<\/td>\n<td align=\"right\">26<\/td>\n<td align=\"right\">1969<\/td>\n<td align=\"right\">1<\/td>\n<td align=\"right\">+30<\/td>\n<td align=\"right\">1372<\/td>\n<td align=\"right\">627<\/td>\n<td align=\"right\">24<\/td>\n<td align=\"right\">1999<\/td>\n<td align=\"right\">5<\/td>\n<\/tr>\n<\/tbody>\n<\/table>\n<h6>Damen<\/h6>\n<p>Einen 8:0 Ausw\u00e4rtssieg konnten unsere Damen am Sonntag einfahren und haben damit die Herbstmeisterschaft perfekt gemacht. Das Spiel lief aber wesentlich spannender ab, als es der Endstand vermuten l\u00e4sst, dieses Spiel h\u00e4tte sowohl verloren, als auch unentschieden enden k\u00f6nnen. Dass es trotzdem zu einem 8:0 Sieg gereicht hat, lag an den starken Nerven der Spielerinnen, die oft mit den letzten Schub die Punkte gesichert haben. Mit der Herbstmeisterschaft in der Tasche k\u00f6nnen unsere Damen nun zufrieden in die verdiente Winterpause gehn.<br \/>\n<a href=\"http:\/\/www.doppelturm.de\/docs\/2015\/ergebnisse\/D\/SP9D.pdf\">Spielbericht<\/a><\/p>\n<table class=\"tablerpt\">\n<tbody>\n<tr>\n<td class=\"xl64\" colspan=\"6\" width=\"480\" height=\"20\">KM DJK \/ Gl\u00fcck Auf Schweinfurt<\/td>\n<td class=\"xl64\" colspan=\"6\" width=\"480\">DT Grafenrheinfeld Damen<\/td>\n<\/tr>\n<tr>\n<td height=\"20\">Name<\/td>\n<td>Volle<\/td>\n<td>Abr.<\/td>\n<td>Fehler<\/td>\n<td>Gesamt<\/td>\n<td>MP<\/td>\n<td>Name<\/td>\n<td>Volle<\/td>\n<td>Abr.<\/td>\n<td>Fehler<\/td>\n<td>Gesamt<\/td>\n<td>MP<\/td>\n<\/tr>\n<tr>\n<td height=\"20\">Michler, Katharina<\/td>\n<td align=\"right\">336<\/td>\n<td align=\"right\">133<\/td>\n<td align=\"right\">13<\/td>\n<td align=\"right\">469<\/td>\n<td align=\"right\">0<\/td>\n<td>Pfaff, Sabine<\/td>\n<td align=\"right\">316<\/td>\n<td align=\"right\">139<\/td>\n<td align=\"right\">14<\/td>\n<td align=\"right\">455<\/td>\n<td align=\"right\">1<\/td>\n<\/tr>\n<tr>\n<td height=\"20\">Umh\u00f6fer, Kristina<\/td>\n<td align=\"right\">332<\/td>\n<td align=\"right\">149<\/td>\n<td align=\"right\">5<\/td>\n<td align=\"right\">481<\/td>\n<td align=\"right\">0<\/td>\n<td>Landeck, Silvia<\/td>\n<td align=\"right\">353<\/td>\n<td align=\"right\">150<\/td>\n<td align=\"right\">6<\/td>\n<td align=\"right\">503<\/td>\n<td align=\"right\">1<\/td>\n<\/tr>\n<tr>\n<td height=\"20\">K\u00f6tzner, Claudia<\/td>\n<td align=\"right\">322<\/td>\n<td align=\"right\">157<\/td>\n<td align=\"right\">7<\/td>\n<td align=\"right\">479<\/td>\n<td align=\"right\">0<\/td>\n<td>N\u00f6th, Helena<\/td>\n<td align=\"right\">322<\/td>\n<td align=\"right\">166<\/td>\n<td align=\"right\">6<\/td>\n<td align=\"right\">488<\/td>\n<td align=\"right\">1<\/td>\n<\/tr>\n<tr>\n<td height=\"20\">B\u00fchl, Rita<\/td>\n<td align=\"right\">330<\/td>\n<td align=\"right\">158<\/td>\n<td align=\"right\">12<\/td>\n<td align=\"right\">488<\/td>\n<td align=\"right\">0<\/td>\n<td>R\u00f6sch, Anni<\/td>\n<td align=\"right\">337<\/td>\n<td align=\"right\">165<\/td>\n<td align=\"right\">8<\/td>\n<td align=\"right\">502<\/td>\n<td align=\"right\">1<\/td>\n<\/tr>\n<tr>\n<td align=\"right\">Horal, Petra<\/td>\n<td align=\"right\">346<\/td>\n<td align=\"right\">180<\/td>\n<td align=\"right\">2<\/td>\n<td align=\"right\">526<\/td>\n<td align=\"right\">0<\/td>\n<td align=\"right\">Eisenhut, Daniela<\/td>\n<td align=\"right\">358<\/td>\n<td align=\"right\">171<\/td>\n<td align=\"right\">3<\/td>\n<td align=\"right\">529<\/td>\n<td align=\"right\">1<\/td>\n<\/tr>\n<tr>\n<td height=\"20\">Limpert, Nadine<\/td>\n<td align=\"right\">364<\/td>\n<td align=\"right\">161<\/td>\n<td align=\"right\">7<\/td>\n<td align=\"right\">525<\/td>\n<td align=\"right\">0<\/td>\n<td>Murphy, Corina<\/td>\n<td align=\"right\">340<\/td>\n<td align=\"right\">183<\/td>\n<td align=\"right\">0<\/td>\n<td align=\"right\">523<\/td>\n<td align=\"right\">1<\/td>\n<\/tr>\n<tr>\n<td align=\"right\">-32<\/td>\n<td align=\"right\">2030<\/td>\n<td align=\"right\">938<\/td>\n<td align=\"right\">46<\/td>\n<td align=\"right\">2968<\/td>\n<td align=\"right\">0<\/td>\n<td align=\"right\">+32<\/td>\n<td align=\"right\">2026<\/td>\n<td align=\"right\">974<\/td>\n<td align=\"right\">37<\/td>\n<td align=\"right\">3000<\/td>\n<td align=\"right\">8<\/td>\n<\/tr>\n<\/tbody>\n<\/table>\n<p><strong>2. Herren und Gemischte Mannschaft sind dieses Wochenende spielfrei.<\/strong><\/p>\n<h6>Jugend 1<\/h6>\n<p>Unsere 1. Jugendmannschaft war am Freitagabend zu Gast bei der Spielgemeinschaft Dittelbrunn\/Dreieck SW. Erst im letzten Heimspiel stellten sie einen Mannschaftsrekord mit insgesamt 1475 Holz auf, aber das war Ihnen anscheinend noch nicht gut genug. Daher legten sie bei diesem Spiel noch einmal eine Schippe drauf und sie knackten erstmalig die 1500-Schallmauer. W\u00e4hrend Marius und Leo ganz knapp an der 500er-Marke scheiterten, machte es Emily im Schlusspaar besser und trumpfte mit einem klasse Ergebnis auf. Das Spiel wurde dann auch mit \u00fcber 100 Holz gewonnen.<br \/>\n<a href=\"http:\/\/www.doppelturm.de\/docs\/2015\/ergebnisse\/J1\/SP6J1.pdf\">Spielbericht<\/a><\/p>\n<p><em>Jugendspiele werden ohne Punktewertung gespielt; U14-Spieler bekommen einen Bonus von 9 Holz pro Bahn<\/em><\/p>\n<table class=\"tablerpt\">\n<tbody>\n<tr>\n<td class=\"xl66\" colspan=\"5\" width=\"400\" height=\"20\">Dittelbrunn\/Dreieck SW<\/td>\n<td class=\"xl66\" colspan=\"5\" width=\"400\">DT Grafenrheinfeld Jugend 1<\/td>\n<\/tr>\n<tr>\n<td height=\"20\">Name<\/td>\n<td>Volle<\/td>\n<td>Abr.<\/td>\n<td>Fehler<\/td>\n<td>Gesamt<\/td>\n<td>Name<\/td>\n<td>Volle<\/td>\n<td>Abr.<\/td>\n<td>Fehler<\/td>\n<td>Gesamt<\/td>\n<\/tr>\n<tr>\n<td height=\"20\">Vanessa Ziegler<\/td>\n<td align=\"right\">370<\/td>\n<td align=\"right\">166<\/td>\n<td align=\"right\">2<\/td>\n<td align=\"right\">536<\/td>\n<td>Marius Krieger<\/td>\n<td align=\"right\">357<\/td>\n<td align=\"right\">137<\/td>\n<td align=\"right\">14<\/td>\n<td align=\"right\">494<\/td>\n<\/tr>\n<tr>\n<td height=\"20\">Manuel Brandel<\/td>\n<td align=\"right\">275<\/td>\n<td align=\"right\">103<\/td>\n<td align=\"right\">25<\/td>\n<td align=\"right\">378<\/td>\n<td>Leo Weigand<\/td>\n<td align=\"right\">341<\/td>\n<td align=\"right\">157<\/td>\n<td align=\"right\">7<\/td>\n<td align=\"right\">498<\/td>\n<\/tr>\n<tr>\n<td height=\"20\">Ronja Sch\u00e4fer<\/td>\n<td align=\"right\">347<\/td>\n<td align=\"right\">152<\/td>\n<td align=\"right\">10<\/td>\n<td align=\"right\">499<\/td>\n<td>Emily Braun<\/td>\n<td align=\"right\">356<\/td>\n<td align=\"right\">174<\/td>\n<td align=\"right\">9<\/td>\n<td align=\"right\">530<\/td>\n<\/tr>\n<tr>\n<td align=\"right\" height=\"20\">-109<\/td>\n<td align=\"right\">992<\/td>\n<td align=\"right\">421<\/td>\n<td align=\"right\">37<\/td>\n<td align=\"right\">1413<\/td>\n<td align=\"right\">+109<\/td>\n<td align=\"right\">1054<\/td>\n<td align=\"right\">468<\/td>\n<td align=\"right\">30<\/td>\n<td align=\"right\">1522<\/td>\n<\/tr>\n<\/tbody>\n<\/table>\n<h6>Jugend 2<\/h6>\n<p>Ein ganz besonderes Spiel f\u00fcr Grafenrheinfeld hat am Donnerstag stattgefunden. In dem Spiel gegen R\u00f6thlein ist die 2. Jugendmannschaft mit zwei Kegelanf\u00e4ngern gestartet. Jana Braun und Florian Schreiner haben erst in 2015 mit dem Sportkegeln begonnen und seitdem flei\u00dfig trainiert. Nun durften sie auch die ersten Wettkampferfahrungen sammeln und haben trotz Aufregung ordentliche Ergebnisse abgeliefert. Die weiteren Kegelanf\u00e4nger, die wir haben und auf Ihren ersten Einsatz warten, d\u00fcrfen dann in den n\u00e4chsten Spielen antreten.<br \/>\n<a href=\"http:\/\/www.doppelturm.de\/docs\/2015\/ergebnisse\/J2\/SP6J2.pdf\">Spielbericht<\/a><\/p>\n<p><em>Jugendspiele werden ohne Punktewertung gespielt; U14-Spieler bekommen einen Bonus von 9 Holz pro Bahn<\/em><\/p>\n<table class=\"tablerpt\">\n<tbody>\n<tr>\n<td class=\"xl66\" colspan=\"5\" width=\"400\" height=\"20\">DT Grafenrheinfeld Jugend 2<\/td>\n<td class=\"xl66\" colspan=\"5\" width=\"400\">SE R\u00f6thlein<\/td>\n<\/tr>\n<tr>\n<td height=\"20\">Name<\/td>\n<td>Volle<\/td>\n<td>Abr.<\/td>\n<td>Fehler<\/td>\n<td>Gesamt<\/td>\n<td>Name<\/td>\n<td>Volle<\/td>\n<td>Abr.<\/td>\n<td>Fehler<\/td>\n<td>Gesamt<\/td>\n<\/tr>\n<tr>\n<td height=\"20\">Lara Eisenhut<\/td>\n<td align=\"right\">269<\/td>\n<td align=\"right\">84<\/td>\n<td align=\"right\">33<\/td>\n<td align=\"right\">353<\/td>\n<td>Christoph Krug<\/td>\n<td align=\"right\">289<\/td>\n<td align=\"right\">142<\/td>\n<td align=\"right\">10<\/td>\n<td align=\"right\">431<\/td>\n<\/tr>\n<tr>\n<td height=\"20\">Florian Schreiner<\/td>\n<td align=\"right\">310<\/td>\n<td align=\"right\">137<\/td>\n<td align=\"right\">12<\/td>\n<td align=\"right\">447<\/td>\n<td>Chrisoph Fischer<\/td>\n<td align=\"right\">137<\/td>\n<td align=\"right\">58<\/td>\n<td align=\"right\">11<\/td>\n<td align=\"right\">195<\/td>\n<\/tr>\n<tr>\n<td><\/td>\n<td align=\"right\"><\/td>\n<td align=\"right\"><\/td>\n<td align=\"right\"><\/td>\n<td align=\"right\"><\/td>\n<td>Mario Flederer<\/td>\n<td align=\"right\">164<\/td>\n<td align=\"right\">78<\/td>\n<td align=\"right\">4<\/td>\n<td align=\"right\">242<\/td>\n<\/tr>\n<tr>\n<td height=\"20\">Jana Braun<\/td>\n<td align=\"right\">235<\/td>\n<td align=\"right\">107<\/td>\n<td align=\"right\">24<\/td>\n<td align=\"right\">342<\/td>\n<td>Stefanie Krug<\/td>\n<td align=\"right\">349<\/td>\n<td align=\"right\">165<\/td>\n<td align=\"right\">10<\/td>\n<td align=\"right\">514<\/td>\n<\/tr>\n<tr>\n<td align=\"right\" height=\"20\">-222<\/td>\n<td align=\"right\">814<\/td>\n<td align=\"right\">328<\/td>\n<td align=\"right\">69<\/td>\n<td align=\"right\">1214<\/td>\n<td align=\"right\">+222<\/td>\n<td align=\"right\">939<\/td>\n<td align=\"right\">443<\/td>\n<td align=\"right\">35<\/td>\n<td align=\"right\">1436<\/td>\n<\/tr>\n<\/tbody>\n<\/table>\n","protected":false},"excerpt":{"rendered":"<p>Herren 1 Unsere 1. Herrenmannschaft reiste zum Ausw\u00e4rtsspiel nach Mittelstreu. Nur ein Mannschaftspunkt ging bei den direkten Duellen verloren. Nachdem man sich auch die Ergebnispunkte holte, ging das Spiel verdienterma\u00dfen <a href=\"https:\/\/www.doppelturm.de\/?page_id=591\" class=\"more-link\">[&hellip;]<\/a><\/p>\n","protected":false},"author":2,"featured_media":0,"parent":994,"menu_order":0,"comment_status":"closed","ping_status":"closed","template":"","meta":{"Layout":"1c"},"_links":{"self":[{"href":"https:\/\/www.doppelturm.de\/index.php?rest_route=\/wp\/v2\/pages\/591"}],"collection":[{"href":"https:\/\/www.doppelturm.de\/index.php?rest_route=\/wp\/v2\/pages"}],"about":[{"href":"https:\/\/www.doppelturm.de\/index.php?rest_route=\/wp\/v2\/types\/page"}],"author":[{"embeddable":true,"href":"https:\/\/www.doppelturm.de\/index.php?rest_route=\/wp\/v2\/users\/2"}],"replies":[{"embeddable":true,"href":"https:\/\/www.doppelturm.de\/index.php?rest_route=%2Fwp%2Fv2%2Fcomments&post=591"}],"version-history":[{"count":25,"href":"https:\/\/www.doppelturm.de\/index.php?rest_route=\/wp\/v2\/pages\/591\/revisions"}],"predecessor-version":[{"id":679,"href":"https:\/\/www.doppelturm.de\/index.php?rest_route=\/wp\/v2\/pages\/591\/revisions\/679"}],"up":[{"embeddable":true,"href":"https:\/\/www.doppelturm.de\/index.php?rest_route=\/wp\/v2\/pages\/994"}],"wp:attachment":[{"href":"https:\/\/www.doppelturm.de\/index.php?rest_route=%2Fwp%2Fv2%2Fmedia&parent=591"}],"curies":[{"name":"wp","href":"https:\/\/api.w.org\/{rel}","templated":true}]}}