{"id":54,"date":"2015-10-28T18:41:36","date_gmt":"2015-10-28T17:41:36","guid":{"rendered":"http:\/\/www.doppelturm.de\/?page_id=54"},"modified":"2018-08-15T21:25:13","modified_gmt":"2018-08-15T19:25:13","slug":"damen","status":"publish","type":"page","link":"https:\/\/www.doppelturm.de\/?page_id=54","title":{"rendered":"Damen"},"content":{"rendered":"<table class=\"tableteam\" width=\"40%\">\n<tbody>\n<tr>\n<td>Mannschaftsf\u00fchrerin<\/td>\n<td colspan=\"3\">Helena Kuntschar (geb. N\u00f6th)<\/td>\n<\/tr>\n<tr>\n<td>Spielerinnen<\/td>\n<td colspan=\"3\">Jenny Mauder<br \/>\nSilvia Landeck<br \/>\nDaniela Eisenhut<br \/>\nCorina Murphy<br \/>\nAnni R\u00f6sch<br \/>\nSabine Pfaff<br \/>\nEmily Braun<\/td>\n<\/tr>\n<tr>\n<td>Mannschaft<\/td>\n<td>6 Spielerinnen<\/td>\n<\/tr>\n<tr>\n<td>Liga<\/td>\n<td>Landesliga Nord<\/td>\n<\/tr>\n<tr>\n<td>Spielsystem<\/td>\n<td>120 Schub mit Punktewertung<\/td>\n<\/tr>\n<tr>\n<td>Heimspiele<\/td>\n<td>Sonntag 14:30 Uhr<\/td>\n<\/tr>\n<tr>\n<td><\/td>\n<td><\/td>\n<\/tr>\n<\/tbody>\n<\/table>\n<p>Unsere Damen konnten letztes Jahr die Meisterschaft in der Bezirksoberliga Unterfranken einfahren und den Aufstieg in die Landesliga Nord wahrnehmen. Die Motivation bei unseren Ladys ist gro\u00df sich auch auf \u00fcberregionaler Ebene zu beweisen. Die Landesliga birgt doch starke Gegner und viele unbekannte Kegelbahnen, daher sind sie und der gesamte Verein gespannt wie das erfolgsverw\u00f6hnte Team sich pr\u00e4sentieren wird. Der Klassenerhalt ist das Ziel!<\/p>\n","protected":false},"excerpt":{"rendered":"<p>Mannschaftsf\u00fchrerin Helena Kuntschar (geb. N\u00f6th) Spielerinnen Jenny Mauder Silvia Landeck Daniela Eisenhut Corina Murphy Anni R\u00f6sch Sabine Pfaff Emily Braun Mannschaft 6 Spielerinnen Liga Landesliga Nord Spielsystem 120 Schub mit <a href=\"https:\/\/www.doppelturm.de\/?page_id=54\" class=\"more-link\">[&hellip;]<\/a><\/p>\n","protected":false},"author":1,"featured_media":0,"parent":31,"menu_order":3,"comment_status":"closed","ping_status":"closed","template":"","meta":{"Layout":"2c-l"},"_links":{"self":[{"href":"https:\/\/www.doppelturm.de\/index.php?rest_route=\/wp\/v2\/pages\/54"}],"collection":[{"href":"https:\/\/www.doppelturm.de\/index.php?rest_route=\/wp\/v2\/pages"}],"about":[{"href":"https:\/\/www.doppelturm.de\/index.php?rest_route=\/wp\/v2\/types\/page"}],"author":[{"embeddable":true,"href":"https:\/\/www.doppelturm.de\/index.php?rest_route=\/wp\/v2\/users\/1"}],"replies":[{"embeddable":true,"href":"https:\/\/www.doppelturm.de\/index.php?rest_route=%2Fwp%2Fv2%2Fcomments&post=54"}],"version-history":[{"count":10,"href":"https:\/\/www.doppelturm.de\/index.php?rest_route=\/wp\/v2\/pages\/54\/revisions"}],"predecessor-version":[{"id":2172,"href":"https:\/\/www.doppelturm.de\/index.php?rest_route=\/wp\/v2\/pages\/54\/revisions\/2172"}],"up":[{"embeddable":true,"href":"https:\/\/www.doppelturm.de\/index.php?rest_route=\/wp\/v2\/pages\/31"}],"wp:attachment":[{"href":"https:\/\/www.doppelturm.de\/index.php?rest_route=%2Fwp%2Fv2%2Fmedia&parent=54"}],"curies":[{"name":"wp","href":"https:\/\/api.w.org\/{rel}","templated":true}]}}