{"id":538,"date":"2015-11-13T07:31:00","date_gmt":"2015-11-13T06:31:00","guid":{"rendered":"http:\/\/www.doppelturm.de\/?page_id=538"},"modified":"2016-08-22T22:27:12","modified_gmt":"2016-08-22T20:27:12","slug":"spieltag-8","status":"publish","type":"page","link":"https:\/\/www.doppelturm.de\/?page_id=538","title":{"rendered":"Spieltag 8"},"content":{"rendered":"<h6>Herren 1<\/h6>\n<p>Einen weiteren Heimsieg konnte unsere erste Mannschaft am Samstag gegen den Gegner aus Bad Br\u00fcckenau einfahren. Der Sieg fiel diesmal nicht so souver\u00e4n aus wie bei den letzten Heimspielen gewohnt, aber auch diese Ergebnisse k\u00f6nnen sich durchaus sehen lassen. Besonders Matthias unterstrich seine derzeit starke Form. Die Tabelle in der &#8220;Bezirksliga A Nord\/Ost&#8221; ist eng beieinander. Die Tabellenpl\u00e4tze 2 bis 4 sind punktgleich und der Tabellenf\u00fchrer ist lediglich ein Punkt entfernt.<br \/>\n120 Schub-System &#8211; <a href=\"http:\/\/www.doppelturm.de\/docs\/2015\/ergebnisse\/H1\/SP8H1.pdf\">Spielbericht<\/a><\/p>\n<table class=\"tablerpt\">\n<tbody>\n<tr>\n<td class=\"xl64\" colspan=\"6\" width=\"480\" height=\"20\">\u00a0DT Grafenrhenfeld Herren 1<\/td>\n<td class=\"xl64\" colspan=\"6\" width=\"480\">\u00a0SKK Bad Br\u00fcckenau<\/td>\n<\/tr>\n<tr>\n<td height=\"20\">Name<\/td>\n<td>Volle<\/td>\n<td>Abr.<\/td>\n<td>Fehler<\/td>\n<td>Gesamt<\/td>\n<td>MP<\/td>\n<td>Name<\/td>\n<td>Volle<\/td>\n<td>Abr.<\/td>\n<td>Fehler<\/td>\n<td>Gesamt<\/td>\n<td>MP<\/td>\n<\/tr>\n<tr>\n<td height=\"20\">Werner, Oliver<\/td>\n<td align=\"right\">372<\/td>\n<td align=\"right\">161<\/td>\n<td align=\"right\">1<\/td>\n<td align=\"right\">533<\/td>\n<td align=\"right\">1<\/td>\n<td>Scheichenost, Herbert<\/td>\n<td align=\"right\">336<\/td>\n<td align=\"right\">122<\/td>\n<td align=\"right\">14<\/td>\n<td align=\"right\">458<\/td>\n<td align=\"right\">0<\/td>\n<\/tr>\n<tr>\n<td height=\"20\">Hartmann, Georg<\/td>\n<td align=\"right\">337<\/td>\n<td align=\"right\">144<\/td>\n<td align=\"right\">15<\/td>\n<td align=\"right\">481<\/td>\n<td align=\"right\">0<\/td>\n<td>H\u00f6rmann, Bernd<\/td>\n<td align=\"right\">369<\/td>\n<td align=\"right\">185<\/td>\n<td align=\"right\">6<\/td>\n<td align=\"right\">554<\/td>\n<td align=\"right\">1<\/td>\n<\/tr>\n<tr>\n<td height=\"20\">M\u00fcller, Sascha<\/td>\n<td align=\"right\">364<\/td>\n<td align=\"right\">163<\/td>\n<td align=\"right\">6<\/td>\n<td align=\"right\">527<\/td>\n<td align=\"right\">0<\/td>\n<td>Betz, Stefan<\/td>\n<td align=\"right\">360<\/td>\n<td align=\"right\">189<\/td>\n<td align=\"right\">2<\/td>\n<td align=\"right\">549<\/td>\n<td align=\"right\">1<\/td>\n<\/tr>\n<tr>\n<td height=\"20\">Braun, Matthias<\/td>\n<td align=\"right\">368<\/td>\n<td align=\"right\">194<\/td>\n<td align=\"right\">3<\/td>\n<td align=\"right\">562<\/td>\n<td align=\"right\">1<\/td>\n<td>Lang, Markus<\/td>\n<td align=\"right\">353<\/td>\n<td align=\"right\">148<\/td>\n<td align=\"right\">8<\/td>\n<td align=\"right\">501<\/td>\n<td align=\"right\">0<\/td>\n<\/tr>\n<tr>\n<td align=\"right\">\u00a0+41<\/td>\n<td align=\"right\">1441<\/td>\n<td align=\"right\">662<\/td>\n<td align=\"right\">25<\/td>\n<td align=\"right\">2103<\/td>\n<td align=\"right\">4<\/td>\n<td align=\"right\">-41<\/td>\n<td align=\"right\">1418<\/td>\n<td align=\"right\">644<\/td>\n<td align=\"right\">30<\/td>\n<td align=\"right\">2062<\/td>\n<td align=\"right\">2<\/td>\n<\/tr>\n<\/tbody>\n<\/table>\n<h6>Herren 2<\/h6>\n<p>Einen souver\u00e4nen Heimsieg hat unsere zweite Herrenmannschaft am Samstag eingefahren. Lediglich 4 von 16 Duellen wurden \u00fcberhaupt verloren, sodass der Sieg mit 5:1 Punkten und 131 Holz deutlich ausgefallen ist. Nur unser &#8220;Opa&#8221; spielte unter seinen Erwartungen, w\u00e4hrend seine Mannschaftskollegen starke Leistungen ablieferten. Am n\u00e4chsten Samstag holen sie das Spiel vom 2. Spieltag gegen Gut Holz Zeil nach und hofft auf zahlreiche Fans und Unterst\u00fctzer &#8211; trotz spielfreien Wochenende.<br \/>\n120 Schub-System &#8211; <a href=\"http:\/\/www.doppelturm.de\/docs\/2015\/ergebnisse\/H2\/SP8H2.pdf\">Spielbericht<\/a><\/p>\n<table class=\"tablerpt\">\n<tbody>\n<tr>\n<td class=\"xl64\" colspan=\"6\" width=\"480\" height=\"20\"><\/td>\n<td class=\"xl64\" colspan=\"6\" width=\"480\"><\/td>\n<\/tr>\n<tr>\n<td height=\"20\">Name<\/td>\n<td>Volle<\/td>\n<td>Abr.<\/td>\n<td>Fehler<\/td>\n<td>Gesamt<\/td>\n<td>MP<\/td>\n<td>Name<\/td>\n<td>Volle<\/td>\n<td>Abr.<\/td>\n<td>Fehler<\/td>\n<td>Gesamt<\/td>\n<td>MP<\/td>\n<\/tr>\n<tr>\n<td height=\"20\">Hofstetter, Burkhard<\/td>\n<td align=\"right\">352<\/td>\n<td align=\"right\">164<\/td>\n<td align=\"right\">11<\/td>\n<td align=\"right\">516<\/td>\n<td align=\"right\">1<\/td>\n<td>Schorn, Gerhard<\/td>\n<td align=\"right\">316<\/td>\n<td align=\"right\">112<\/td>\n<td align=\"right\">14<\/td>\n<td align=\"right\">428<\/td>\n<td align=\"right\">0<\/td>\n<\/tr>\n<tr>\n<td height=\"20\">Lohrey, Gerhard<\/td>\n<td align=\"right\">352<\/td>\n<td align=\"right\">160<\/td>\n<td align=\"right\">6<\/td>\n<td align=\"right\">512<\/td>\n<td align=\"right\">1<\/td>\n<td>Porzner, Dieter<\/td>\n<td align=\"right\">366<\/td>\n<td align=\"right\">136<\/td>\n<td align=\"right\">16<\/td>\n<td align=\"right\">502<\/td>\n<td align=\"right\">0<\/td>\n<\/tr>\n<tr>\n<td height=\"20\">Agiropoulos, Georgios<\/td>\n<td align=\"right\">315<\/td>\n<td align=\"right\">135<\/td>\n<td align=\"right\">12<\/td>\n<td align=\"right\">450<\/td>\n<td align=\"right\">0<\/td>\n<td>Schmidt, Manuel<\/td>\n<td align=\"right\">318<\/td>\n<td align=\"right\">135<\/td>\n<td align=\"right\">9<\/td>\n<td align=\"right\">453<\/td>\n<td align=\"right\">1<\/td>\n<\/tr>\n<tr>\n<td height=\"20\">Borowski, Wolfgang<\/td>\n<td align=\"right\">344<\/td>\n<td align=\"right\">173<\/td>\n<td align=\"right\">8<\/td>\n<td align=\"right\">517<\/td>\n<td align=\"right\">1<\/td>\n<td>R\u00e4der, Karl-Josef<\/td>\n<td align=\"right\">327<\/td>\n<td align=\"right\">154<\/td>\n<td align=\"right\">11<\/td>\n<td align=\"right\">481<\/td>\n<td align=\"right\">0<\/td>\n<\/tr>\n<tr>\n<td align=\"right\">+131<\/td>\n<td align=\"right\">1363<\/td>\n<td align=\"right\">632<\/td>\n<td align=\"right\">37<\/td>\n<td align=\"right\">1995<\/td>\n<td align=\"right\">5<\/td>\n<td align=\"right\">-131<\/td>\n<td align=\"right\">1327<\/td>\n<td align=\"right\">537<\/td>\n<td align=\"right\">50<\/td>\n<td align=\"right\">1864<\/td>\n<td align=\"right\">1<\/td>\n<\/tr>\n<\/tbody>\n<\/table>\n<h6>Damen<\/h6>\n<p>Unsere Damen konnten einen weiteren Sieg mit 6:2 Punkten f\u00fcr den Doppelturm einfahren. Im Startpaar holte Silvia den ersten Punkt, w\u00e4hrend Sabine, trotz einem klasse Ergebnis, den Punkt hergeben musste &#8211; besonders \u00e4rgerlich, da sie im Endeffekt mehr Holz als die Gegnerin hatte. Das Mittelpaar Helena und Daniela taten sich beide daheim ungewohnt schwer, aber zumindest Daniela holte ungef\u00e4hrdet den Punkt. So ging das Schlusspaar mit 2:2 Punkten und ein paar Minusholz auf die Bahn. Allerdings ist auf Jenny und Conni Verlass, beide holten sie den Punkt und die Holzanzahl raus.<br \/>\n120 Schub-System &#8211; <a href=\"http:\/\/www.doppelturm.de\/docs\/2015\/ergebnisse\/D\/SP8D.pdf\">Spielbericht<\/a><\/p>\n<table class=\"tablerpt\">\n<tbody>\n<tr>\n<td class=\"xl64\" colspan=\"6\" width=\"480\" height=\"20\"><\/td>\n<td class=\"xl64\" colspan=\"6\" width=\"480\"><\/td>\n<\/tr>\n<tr>\n<td height=\"20\">Name<\/td>\n<td>Volle<\/td>\n<td>Abr.<\/td>\n<td>Fehler<\/td>\n<td>Gesamt<\/td>\n<td>MP<\/td>\n<td>Name<\/td>\n<td>Volle<\/td>\n<td>Abr.<\/td>\n<td>Fehler<\/td>\n<td>Gesamt<\/td>\n<td>MP<\/td>\n<\/tr>\n<tr>\n<td height=\"20\">Landeck, Silvia<\/td>\n<td align=\"right\">346<\/td>\n<td align=\"right\">139<\/td>\n<td align=\"right\">8<\/td>\n<td align=\"right\">485<\/td>\n<td align=\"right\">1<\/td>\n<td>Niedermeier, Doris<\/td>\n<td align=\"right\">352<\/td>\n<td align=\"right\">130<\/td>\n<td align=\"right\">16<\/td>\n<td align=\"right\">482<\/td>\n<td align=\"right\">0<\/td>\n<\/tr>\n<tr>\n<td height=\"20\">Pfaff, Sabine<\/td>\n<td align=\"right\">334<\/td>\n<td align=\"right\">182<\/td>\n<td align=\"right\">11<\/td>\n<td align=\"right\">516<\/td>\n<td align=\"right\">0<\/td>\n<td>Leubner, Illse<\/td>\n<td align=\"right\">360<\/td>\n<td align=\"right\">155<\/td>\n<td align=\"right\">12<\/td>\n<td align=\"right\">515<\/td>\n<td align=\"right\">1<\/td>\n<\/tr>\n<tr>\n<td height=\"20\">Eisenhut, Daniela<\/td>\n<td align=\"right\">337<\/td>\n<td align=\"right\">148<\/td>\n<td align=\"right\">11<\/td>\n<td align=\"right\">485<\/td>\n<td align=\"right\">1<\/td>\n<td>Fritz, Carola<\/td>\n<td align=\"right\">293<\/td>\n<td align=\"right\">146<\/td>\n<td align=\"right\">8<\/td>\n<td align=\"right\">439<\/td>\n<td align=\"right\">0<\/td>\n<\/tr>\n<tr>\n<td height=\"20\">N\u00f6th, Helena<\/td>\n<td align=\"right\">343<\/td>\n<td align=\"right\">124<\/td>\n<td align=\"right\">18<\/td>\n<td align=\"right\">467<\/td>\n<td align=\"right\">0<\/td>\n<td>Niedermeier, Lea<\/td>\n<td align=\"right\">365<\/td>\n<td align=\"right\">163<\/td>\n<td align=\"right\">6<\/td>\n<td align=\"right\">528<\/td>\n<td align=\"right\">1<\/td>\n<\/tr>\n<tr>\n<td align=\"right\">Murphy, Corina<\/td>\n<td align=\"right\">348<\/td>\n<td align=\"right\">188<\/td>\n<td align=\"right\">3<\/td>\n<td align=\"right\">536<\/td>\n<td align=\"right\">1<\/td>\n<td align=\"right\">Geck, Susanne<\/td>\n<td align=\"right\">363<\/td>\n<td align=\"right\">157<\/td>\n<td align=\"right\">11<\/td>\n<td align=\"right\">520<\/td>\n<td align=\"right\">0<\/td>\n<\/tr>\n<tr>\n<td height=\"20\">Mauder, Jenny<\/td>\n<td align=\"right\">363<\/td>\n<td align=\"right\">162<\/td>\n<td align=\"right\">6<\/td>\n<td align=\"right\">525<\/td>\n<td align=\"right\">1<\/td>\n<td>Dippert, Sandra<\/td>\n<td align=\"right\">341<\/td>\n<td align=\"right\">148<\/td>\n<td align=\"right\">7<\/td>\n<td align=\"right\">489<\/td>\n<td align=\"right\">0<\/td>\n<\/tr>\n<tr>\n<td align=\"right\">+41<\/td>\n<td align=\"right\">2071<\/td>\n<td align=\"right\">943<\/td>\n<td align=\"right\">57<\/td>\n<td align=\"right\">3014<\/td>\n<td align=\"right\">6<\/td>\n<td align=\"right\">-41<\/td>\n<td align=\"right\">2074<\/td>\n<td align=\"right\">899<\/td>\n<td align=\"right\">60<\/td>\n<td align=\"right\">2973<\/td>\n<td align=\"right\">2<\/td>\n<\/tr>\n<\/tbody>\n<\/table>\n<h6>Gemischt<\/h6>\n<p>F\u00fcr unsere gemischte Mannschaft gab es bei Gut Holz Schweinfurt nichts zu holen. Herbert und Reinhold teilten sich die 100 Schub auf. Der Jugendliche Florian spielte ein richtig gutes Ergebnis und wurde Einzelbester der Mannschaft. Bei Christine lief es diesmal nicht so gut, aber Gerhard lieferte seine gewohnt guten Leistungen ab. Dies war f\u00fcr die gemischte Mannschaft das letzte Vorrundenspiel, es fehlt allerdings noch ein Nachholspiel, danach geht es im Januar f\u00fcr die Mannschaft weiter.<br \/>\n100 Schub-System<\/p>\n<table class=\"tablerpt\">\n<tbody>\n<tr>\n<td class=\"xl64\" colspan=\"5\" width=\"480\" height=\"20\">\u00a0SKK Gut Holz SW 2<\/td>\n<td class=\"xl64\" colspan=\"5\" width=\"480\">DT Grafenrheinfeld Gemischt<\/td>\n<\/tr>\n<tr>\n<td height=\"20\">Name<\/td>\n<td>Volle<\/td>\n<td>Abr.<\/td>\n<td>Fehler<\/td>\n<td>Gesamt<\/td>\n<td>Name<\/td>\n<td>Volle<\/td>\n<td>Abr.<\/td>\n<td>Fehler<\/td>\n<td>Gesamt<\/td>\n<\/tr>\n<tr>\n<td height=\"20\">Kraus, Sebastian<\/td>\n<td align=\"right\">270<\/td>\n<td align=\"right\">146<\/td>\n<td align=\"right\">5<\/td>\n<td align=\"right\">416<\/td>\n<td>Werner Florian<\/td>\n<td align=\"right\">263<\/td>\n<td align=\"right\">120<\/td>\n<td align=\"right\">6<\/td>\n<td align=\"right\">383<\/td>\n<\/tr>\n<tr>\n<td height=\"20\">Schottroff, Benjamin<\/td>\n<td align=\"right\">290<\/td>\n<td align=\"right\">133<\/td>\n<td align=\"right\">9<\/td>\n<td align=\"right\">423<\/td>\n<td>Kimmel, Herbert<\/td>\n<td align=\"right\">91<\/td>\n<td align=\"right\">34<\/td>\n<td align=\"right\">10<\/td>\n<td align=\"right\">125<\/td>\n<\/tr>\n<tr>\n<td colspan=\"5\" height=\"20\"><\/td>\n<td>N\u00f6th, Reinhold<\/td>\n<td align=\"right\">122<\/td>\n<td align=\"right\">25<\/td>\n<td align=\"right\">18<\/td>\n<td align=\"right\">147<\/td>\n<\/tr>\n<tr>\n<td height=\"20\">Kraus, Franz<\/td>\n<td align=\"right\">305<\/td>\n<td align=\"right\">134<\/td>\n<td align=\"right\">0<\/td>\n<td align=\"right\">439<\/td>\n<td>Krieger, Christine<\/td>\n<td align=\"right\">233<\/td>\n<td align=\"right\">69<\/td>\n<td align=\"right\">19<\/td>\n<td align=\"right\">302<\/td>\n<\/tr>\n<tr>\n<td height=\"20\">Kraus, Wolfgang<\/td>\n<td align=\"right\">280<\/td>\n<td align=\"right\">105<\/td>\n<td align=\"right\">10<\/td>\n<td align=\"right\">385<\/td>\n<td>R\u00f6sch, Gerhard<\/td>\n<td align=\"right\">269<\/td>\n<td align=\"right\">106<\/td>\n<td align=\"right\">13<\/td>\n<td align=\"right\">375<\/td>\n<\/tr>\n<tr>\n<td align=\"right\">+331<\/td>\n<td align=\"right\">1145<\/td>\n<td align=\"right\">518<\/td>\n<td align=\"right\">24<\/td>\n<td align=\"right\">1663<\/td>\n<td align=\"right\">-331<\/td>\n<td align=\"right\">978<\/td>\n<td align=\"right\">354<\/td>\n<td align=\"right\">66<\/td>\n<td align=\"right\">1332<\/td>\n<\/tr>\n<\/tbody>\n<\/table>\n<h6>Jugend 1<\/h6>\n<p>Mit einer richtig guten Mannschaftsleistung holte sich die 1. Jugendmannschaft den Sieg gegen die Jugend aus Gerolzhofen, immerhin den letztj\u00e4hrigen Meister der Liga. Bei dem spannenden Match hielten die Mannschaften klasse gegeneinader. Mit dem bisher besten Mannschaftsergebnis holten sich die Rafelder den Sieg, quasi mit dem letzten Schub. N\u00e4chste Woche geht es nach Dittelbrunn, auch hier hoffen wir auf einen Sieg. So kann es weiter gehn!<br \/>\n<a href=\"http:\/\/www.doppelturm.de\/docs\/2015\/ergebnisse\/J1\/SP5J1.pdf\">Spielbericht<\/a><\/p>\n<p><em>Jugendspiele werden ohne Punktewertung gespielt; U14-Spieler bekommen einen Bonus von 9 Holz pro Bahn<\/em><\/p>\n<table class=\"tablerpt\">\n<tbody>\n<tr>\n<td class=\"xl66\" colspan=\"5\" width=\"400\" height=\"20\">DT Grafenrheinfeld Jugend 1<\/td>\n<td class=\"xl66\" colspan=\"5\" width=\"400\">Steigerwald Gerolzhofen<\/td>\n<\/tr>\n<tr>\n<td height=\"20\">Name<\/td>\n<td>Volle<\/td>\n<td>Abr.<\/td>\n<td>Fehler<\/td>\n<td>Gesamt<\/td>\n<td>Name<\/td>\n<td>Volle<\/td>\n<td>Abr.<\/td>\n<td>Fehler<\/td>\n<td>Gesamt<\/td>\n<\/tr>\n<tr>\n<td height=\"20\">Marius Krieger<\/td>\n<td align=\"right\">326<\/td>\n<td align=\"right\">153<\/td>\n<td align=\"right\">13<\/td>\n<td align=\"right\">479<\/td>\n<td>Levin Termkolli<\/td>\n<td align=\"right\">348<\/td>\n<td align=\"right\">121<\/td>\n<td align=\"right\">16<\/td>\n<td align=\"right\">469<\/td>\n<\/tr>\n<tr>\n<td height=\"20\">Leo Weigand<\/td>\n<td align=\"right\">352<\/td>\n<td align=\"right\">143<\/td>\n<td align=\"right\">8<\/td>\n<td align=\"right\">495<\/td>\n<td>Hanna G\u00fcrsching<\/td>\n<td align=\"right\">286<\/td>\n<td align=\"right\">122<\/td>\n<td align=\"right\">17<\/td>\n<td align=\"right\">408<\/td>\n<\/tr>\n<tr>\n<td height=\"20\">Emily Braun<\/td>\n<td align=\"right\">326<\/td>\n<td align=\"right\">175<\/td>\n<td align=\"right\">3<\/td>\n<td align=\"right\">501<\/td>\n<td>Lea Niedermeier<\/td>\n<td align=\"right\">380<\/td>\n<td align=\"right\">177<\/td>\n<td align=\"right\">2<\/td>\n<td align=\"right\">557<\/td>\n<\/tr>\n<tr>\n<td><\/td>\n<td><\/td>\n<td><\/td>\n<td><\/td>\n<td><\/td>\n<td height=\"20\">U14-Bonus<\/td>\n<td><\/td>\n<td><\/td>\n<td><\/td>\n<td align=\"right\">36<\/td>\n<\/tr>\n<tr>\n<td align=\"right\" height=\"20\">+5<\/td>\n<td align=\"right\">1004<\/td>\n<td align=\"right\">471<\/td>\n<td align=\"right\">24<\/td>\n<td align=\"right\">1475<\/td>\n<td align=\"right\">-5<\/td>\n<td align=\"right\">1014<\/td>\n<td align=\"right\">420<\/td>\n<td align=\"right\">35<\/td>\n<td align=\"right\">1470<\/td>\n<\/tr>\n<\/tbody>\n<\/table>\n<p>&nbsp;<\/p>\n<h6>Jugend 2<\/h6>\n<p>Am Donnerstagabend spielte die 2. Jugendmannschaft daheim gegen die Spielgemeinschaft Dittelbrunn\/Dreieck SW. Gegen die Anf\u00e4ngerinnen der Gegner konnten Lara und Florian souver\u00e4n aufspielen und holten gut Holz raus. Jan Simon spielte gegen die erfahrenste Gegnerin und holte sogar noch Holz raus, indem er das erste Mal die 400er-Marke knackte \u2013 und das gleich deutlich. Somit gingen die Punkte verdienterma\u00dfen nach Grafenrheinfeld.<br \/>\n<a href=\"http:\/\/www.doppelturm.de\/docs\/2015\/ergebnisse\/J2\/SP5J2.pdf\">Spielbericht<\/a><br \/>\n<em>Jugendspiele werden ohne Punktewertung gespielt; U14-Spieler bekommen einen Bonus von 9 Holz pro Bahn<\/em><\/p>\n<table class=\"tablerpt\">\n<tbody>\n<tr>\n<td class=\"xl66\" colspan=\"5\" width=\"400\" height=\"20\">DT Grafenrheinfeld Jugend 1<\/td>\n<td class=\"xl66\" colspan=\"5\" width=\"400\">SG Dittelbrunn\/Dreieck SW<\/td>\n<\/tr>\n<tr>\n<td height=\"20\">Name<\/td>\n<td>Volle<\/td>\n<td>Abr.<\/td>\n<td>Fehler<\/td>\n<td>Gesamt<\/td>\n<td>Name<\/td>\n<td>Volle<\/td>\n<td>Abr.<\/td>\n<td>Fehler<\/td>\n<td>Gesamt<\/td>\n<\/tr>\n<tr>\n<td height=\"20\">Lara Eisenhut<\/td>\n<td align=\"right\">275<\/td>\n<td align=\"right\">102<\/td>\n<td align=\"right\">26<\/td>\n<td align=\"right\">377<\/td>\n<td>Hanna Seidel<\/td>\n<td align=\"right\">241<\/td>\n<td align=\"right\">125<\/td>\n<td align=\"right\">16<\/td>\n<td align=\"right\">366<\/td>\n<\/tr>\n<tr>\n<td height=\"20\">Florian Werner<\/td>\n<td align=\"right\">310<\/td>\n<td align=\"right\">130<\/td>\n<td align=\"right\">19<\/td>\n<td align=\"right\">440<\/td>\n<td>Lina Schraut<\/td>\n<td align=\"right\">250<\/td>\n<td align=\"right\">55<\/td>\n<td align=\"right\">42<\/td>\n<td align=\"right\">305<\/td>\n<\/tr>\n<tr>\n<td height=\"20\">Jan Simon Landeck<\/td>\n<td align=\"right\">332<\/td>\n<td align=\"right\">113<\/td>\n<td align=\"right\">16<\/td>\n<td align=\"right\">445<\/td>\n<td>Ronja Sch\u00e4fer<\/td>\n<td align=\"right\">306<\/td>\n<td align=\"right\">118<\/td>\n<td align=\"right\">10<\/td>\n<td align=\"right\">424<\/td>\n<\/tr>\n<tr>\n<td height=\"20\">U14-Bonus<\/td>\n<td><\/td>\n<td><\/td>\n<td><\/td>\n<td align=\"right\">72<\/td>\n<td height=\"20\">U14-Bonus<\/td>\n<td><\/td>\n<td><\/td>\n<td><\/td>\n<td align=\"right\">72<\/td>\n<\/tr>\n<tr>\n<td align=\"right\" height=\"20\">+167<\/td>\n<td align=\"right\">917<\/td>\n<td align=\"right\">345<\/td>\n<td align=\"right\">61<\/td>\n<td align=\"right\">1334<\/td>\n<td align=\"right\">-167<\/td>\n<td align=\"right\">797<\/td>\n<td align=\"right\">298<\/td>\n<td align=\"right\">68<\/td>\n<td align=\"right\">1167<\/td>\n<\/tr>\n<\/tbody>\n<\/table>\n<p>&nbsp;<\/p>\n","protected":false},"excerpt":{"rendered":"<p>Herren 1 Einen weiteren Heimsieg konnte unsere erste Mannschaft am Samstag gegen den Gegner aus Bad Br\u00fcckenau einfahren. Der Sieg fiel diesmal nicht so souver\u00e4n aus wie bei den letzten <a href=\"https:\/\/www.doppelturm.de\/?page_id=538\" class=\"more-link\">[&hellip;]<\/a><\/p>\n","protected":false},"author":2,"featured_media":0,"parent":994,"menu_order":0,"comment_status":"closed","ping_status":"closed","template":"","meta":{"Layout":"1c"},"_links":{"self":[{"href":"https:\/\/www.doppelturm.de\/index.php?rest_route=\/wp\/v2\/pages\/538"}],"collection":[{"href":"https:\/\/www.doppelturm.de\/index.php?rest_route=\/wp\/v2\/pages"}],"about":[{"href":"https:\/\/www.doppelturm.de\/index.php?rest_route=\/wp\/v2\/types\/page"}],"author":[{"embeddable":true,"href":"https:\/\/www.doppelturm.de\/index.php?rest_route=\/wp\/v2\/users\/2"}],"replies":[{"embeddable":true,"href":"https:\/\/www.doppelturm.de\/index.php?rest_route=%2Fwp%2Fv2%2Fcomments&post=538"}],"version-history":[{"count":18,"href":"https:\/\/www.doppelturm.de\/index.php?rest_route=\/wp\/v2\/pages\/538\/revisions"}],"predecessor-version":[{"id":582,"href":"https:\/\/www.doppelturm.de\/index.php?rest_route=\/wp\/v2\/pages\/538\/revisions\/582"}],"up":[{"embeddable":true,"href":"https:\/\/www.doppelturm.de\/index.php?rest_route=\/wp\/v2\/pages\/994"}],"wp:attachment":[{"href":"https:\/\/www.doppelturm.de\/index.php?rest_route=%2Fwp%2Fv2%2Fmedia&parent=538"}],"curies":[{"name":"wp","href":"https:\/\/api.w.org\/{rel}","templated":true}]}}