{"id":467,"date":"2015-11-08T01:47:54","date_gmt":"2015-11-08T00:47:54","guid":{"rendered":"http:\/\/www.doppelturm.de\/?page_id=467"},"modified":"2015-11-08T02:29:53","modified_gmt":"2015-11-08T01:29:53","slug":"anfahrt","status":"publish","type":"page","link":"https:\/\/www.doppelturm.de\/?page_id=467","title":{"rendered":"Anfahrt"},"content":{"rendered":"<p><strong>Unsere Anschrift:<\/strong><br \/>\nAm Wehrbusch 2<br \/>\n97506 Grafenrheinfeld<\/p>\n<p>Zutritt zur Kegelbahn erh\u00e4lt man \u00fcber den Nebeneingang \u00fcber die ehemalige Wirtschaft.<\/p>\n<p><iframe loading=\"lazy\" style=\"border: 0;\" src=\"https:\/\/www.google.com\/maps\/embed?pb=!1m16!1m12!1m3!1d760.1893502505392!2d10.197274609144147!3d50.00606590737554!2m3!1f0!2f0!3f0!3m2!1i1024!2i768!4f13.1!2m1!1sSKK+Doppelturm+%2C+Grafenrheinfeld!5e0!3m2!1sde!2sde!4v1446943870331\" width=\"800\" height=\"600\" frameborder=\"0\" allowfullscreen=\"allowfullscreen\"><\/iframe><\/p>\n","protected":false},"excerpt":{"rendered":"<p>Unsere Anschrift: Am Wehrbusch 2 97506 Grafenrheinfeld Zutritt zur Kegelbahn erh\u00e4lt man \u00fcber den Nebeneingang \u00fcber die ehemalige Wirtschaft.<\/p>\n","protected":false},"author":1,"featured_media":0,"parent":457,"menu_order":199,"comment_status":"closed","ping_status":"closed","template":"","meta":{"Layout":"2c-l"},"_links":{"self":[{"href":"https:\/\/www.doppelturm.de\/index.php?rest_route=\/wp\/v2\/pages\/467"}],"collection":[{"href":"https:\/\/www.doppelturm.de\/index.php?rest_route=\/wp\/v2\/pages"}],"about":[{"href":"https:\/\/www.doppelturm.de\/index.php?rest_route=\/wp\/v2\/types\/page"}],"author":[{"embeddable":true,"href":"https:\/\/www.doppelturm.de\/index.php?rest_route=\/wp\/v2\/users\/1"}],"replies":[{"embeddable":true,"href":"https:\/\/www.doppelturm.de\/index.php?rest_route=%2Fwp%2Fv2%2Fcomments&post=467"}],"version-history":[{"count":6,"href":"https:\/\/www.doppelturm.de\/index.php?rest_route=\/wp\/v2\/pages\/467\/revisions"}],"predecessor-version":[{"id":480,"href":"https:\/\/www.doppelturm.de\/index.php?rest_route=\/wp\/v2\/pages\/467\/revisions\/480"}],"up":[{"embeddable":true,"href":"https:\/\/www.doppelturm.de\/index.php?rest_route=\/wp\/v2\/pages\/457"}],"wp:attachment":[{"href":"https:\/\/www.doppelturm.de\/index.php?rest_route=%2Fwp%2Fv2%2Fmedia&parent=467"}],"curies":[{"name":"wp","href":"https:\/\/api.w.org\/{rel}","templated":true}]}}