{"id":46,"date":"2015-10-28T18:17:54","date_gmt":"2015-10-28T17:17:54","guid":{"rendered":"http:\/\/www.doppelturm.de\/?page_id=46"},"modified":"2018-09-10T19:52:36","modified_gmt":"2018-09-10T17:52:36","slug":"herren-1","status":"publish","type":"page","link":"https:\/\/www.doppelturm.de\/?page_id=46","title":{"rendered":"Herren 1"},"content":{"rendered":"<table class=\"tableteam\" width=\"40%\">\n<tbody>\n<tr>\n<td>Mannschaftsf\u00fchrer<\/td>\n<td colspan=\"3\">Matthias Braun<\/td>\n<\/tr>\n<tr>\n<td>Spieler<\/td>\n<td colspan=\"3\">Oliver Werner<br \/>\nSascha M\u00fcller<br \/>\nJ\u00fcrgen Landeck<\/td>\n<\/tr>\n<tr>\n<td>Mannschaft<\/td>\n<td>4 Spieler<\/td>\n<\/tr>\n<tr>\n<td>Liga<\/td>\n<td>Bezirksliga Unterfranken 1<\/td>\n<\/tr>\n<tr>\n<td>Spielsystem<\/td>\n<td>120 Schub mit Punktewertung<\/td>\n<\/tr>\n<tr>\n<td>Heimspiele<\/td>\n<td>Samstag 17:00 Uhr<\/td>\n<\/tr>\n<tr>\n<td><\/td>\n<td><\/td>\n<\/tr>\n<\/tbody>\n<\/table>\n<p>&nbsp;<\/p>\n","protected":false},"excerpt":{"rendered":"<p>Mannschaftsf\u00fchrer Matthias Braun Spieler Oliver Werner Sascha M\u00fcller J\u00fcrgen Landeck Mannschaft 4 Spieler Liga Bezirksliga Unterfranken 1 Spielsystem 120 Schub mit Punktewertung Heimspiele Samstag 17:00 Uhr &nbsp;<\/p>\n","protected":false},"author":1,"featured_media":0,"parent":31,"menu_order":0,"comment_status":"closed","ping_status":"closed","template":"","meta":{"Layout":"2c-l"},"_links":{"self":[{"href":"https:\/\/www.doppelturm.de\/index.php?rest_route=\/wp\/v2\/pages\/46"}],"collection":[{"href":"https:\/\/www.doppelturm.de\/index.php?rest_route=\/wp\/v2\/pages"}],"about":[{"href":"https:\/\/www.doppelturm.de\/index.php?rest_route=\/wp\/v2\/types\/page"}],"author":[{"embeddable":true,"href":"https:\/\/www.doppelturm.de\/index.php?rest_route=\/wp\/v2\/users\/1"}],"replies":[{"embeddable":true,"href":"https:\/\/www.doppelturm.de\/index.php?rest_route=%2Fwp%2Fv2%2Fcomments&post=46"}],"version-history":[{"count":20,"href":"https:\/\/www.doppelturm.de\/index.php?rest_route=\/wp\/v2\/pages\/46\/revisions"}],"predecessor-version":[{"id":2176,"href":"https:\/\/www.doppelturm.de\/index.php?rest_route=\/wp\/v2\/pages\/46\/revisions\/2176"}],"up":[{"embeddable":true,"href":"https:\/\/www.doppelturm.de\/index.php?rest_route=\/wp\/v2\/pages\/31"}],"wp:attachment":[{"href":"https:\/\/www.doppelturm.de\/index.php?rest_route=%2Fwp%2Fv2%2Fmedia&parent=46"}],"curies":[{"name":"wp","href":"https:\/\/api.w.org\/{rel}","templated":true}]}}