{"id":449,"date":"2015-11-07T23:42:51","date_gmt":"2015-11-07T22:42:51","guid":{"rendered":"http:\/\/www.doppelturm.de\/?page_id=449"},"modified":"2016-08-22T22:26:59","modified_gmt":"2016-08-22T20:26:59","slug":"spieltag-7","status":"publish","type":"page","link":"https:\/\/www.doppelturm.de\/?page_id=449","title":{"rendered":"Spieltag 7"},"content":{"rendered":"<h6>Herren 1<\/h6>\n<p>Am Samstagnachmittag spielte unsere 1. Mannschaft in Schonungen. Das Team hat eindrucksvoll bewiesen das sie auch ausw\u00e4rts gute Ergebnisse erzielen k\u00f6nnen. Mit einem deutlichen 6:0 Sieg wurden die 2 Tabellenpunkte eingefahren. Wieder einmal zeigten sie eine gute Mannschaftsleistung und Sascha scheiterte knapp am dortigen Bahnrekord. In der Tabelle haben sie sich durch den Sieg und die eingefahrenen Mannschaftspunkte den 2. Tabellenplatz ergattert. So kann es ruhig weitergehn!<br \/>\n120 Schub-System &#8211; <a href=\"http:\/\/www.doppelturm.de\/docs\/2015\/ergebnisse\/H1\/SP7H1.pdf\">Spielbericht<\/a><\/p>\n<table class=\"tablerpt\">\n<tbody>\n<tr>\n<td class=\"xl64\" colspan=\"6\" width=\"480\" height=\"20\">FT Schonungen<\/td>\n<td class=\"xl64\" colspan=\"6\" width=\"480\">DT Grafenrheinfeld 1<\/td>\n<\/tr>\n<tr>\n<td height=\"20\">Name<\/td>\n<td>Volle<\/td>\n<td>Abr.<\/td>\n<td>Fehler<\/td>\n<td>Gesamt<\/td>\n<td>MP<\/td>\n<td>Name<\/td>\n<td>Volle<\/td>\n<td>Abr.<\/td>\n<td>Fehler<\/td>\n<td>Gesamt<\/td>\n<td>MP<\/td>\n<\/tr>\n<tr>\n<td height=\"20\">Peter Pinzka<\/td>\n<td align=\"right\">323<\/td>\n<td align=\"right\">148<\/td>\n<td align=\"right\">18<\/td>\n<td align=\"right\">471<\/td>\n<td align=\"right\">0<\/td>\n<td>Oliver Werner<\/td>\n<td align=\"right\">342<\/td>\n<td align=\"right\">191<\/td>\n<td align=\"right\">2<\/td>\n<td align=\"right\">533<\/td>\n<td align=\"right\">1<\/td>\n<\/tr>\n<tr>\n<td height=\"20\">Michael Haag<\/td>\n<td align=\"right\">357<\/td>\n<td align=\"right\">114<\/td>\n<td align=\"right\">13<\/td>\n<td align=\"right\">471<\/td>\n<td align=\"right\">0<\/td>\n<td>Philipp H\u00fcmmer<\/td>\n<td align=\"right\">338<\/td>\n<td align=\"right\">148<\/td>\n<td align=\"right\">10<\/td>\n<td align=\"right\">486<\/td>\n<td align=\"right\">1<\/td>\n<\/tr>\n<tr>\n<td height=\"20\">Stefan Kunz<\/td>\n<td align=\"right\">354<\/td>\n<td align=\"right\">166<\/td>\n<td align=\"right\">6<\/td>\n<td align=\"right\">520<\/td>\n<td align=\"right\">0<\/td>\n<td>Sascha M\u00fcller<\/td>\n<td align=\"right\">376<\/td>\n<td align=\"right\">193<\/td>\n<td align=\"right\">2<\/td>\n<td align=\"right\">569<\/td>\n<td align=\"right\">1<\/td>\n<\/tr>\n<tr>\n<td height=\"20\">Jochen Mai<\/td>\n<td align=\"right\">346<\/td>\n<td align=\"right\">157<\/td>\n<td align=\"right\">8<\/td>\n<td align=\"right\">503<\/td>\n<td align=\"right\">0<\/td>\n<td>Matthias Braun<\/td>\n<td align=\"right\">375<\/td>\n<td align=\"right\">143<\/td>\n<td align=\"right\">5<\/td>\n<td align=\"right\">518<\/td>\n<td align=\"right\">1<\/td>\n<\/tr>\n<tr>\n<td align=\"right\">-141<\/td>\n<td align=\"right\">1380<\/td>\n<td align=\"right\">585<\/td>\n<td align=\"right\">45<\/td>\n<td align=\"right\">1965<\/td>\n<td align=\"right\">0<\/td>\n<td align=\"right\">+141<\/td>\n<td align=\"right\">1431<\/td>\n<td align=\"right\">675<\/td>\n<td align=\"right\">19<\/td>\n<td align=\"right\">2106<\/td>\n<td align=\"right\">6<\/td>\n<\/tr>\n<\/tbody>\n<\/table>\n<h6>Gemischt<\/h6>\n<p>Ein erneuter Punktverlust f\u00fcr unsere gemischte Mannschaft. Gegen den starken Gegner aus Geldersheim gab es f\u00fcr uns nichts zu holen. Aber die Ergebnisse unserer Mannschaft k\u00f6nnen sich durchaus sehen lassen. Bei Andreas und der Jugendlichen Emily w\u00e4re die 400er-Marke drin gewesen und wurde durch Pech auf Abr\u00e4umen knapp nicht geknackt. Unsere Anf\u00e4ngerin Christine kommt immer besser zurecht und auch beim Routinier Gerhard w\u00e4re aufgrund der Leistung mehr Holz verdient gewesen.<br \/>\n100 Schub-System &#8211; <a href=\"http:\/\/www.doppelturm.de\/docs\/2015\/ergebnisse\/gem\/SP7G.pdf\">Spielbericht<\/a><\/p>\n<table class=\"tablerpt\">\n<tbody>\n<tr>\n<td class=\"xl64\" colspan=\"5\" width=\"480\" height=\"20\">DT Grafenrheinfeld 3 Gemischt<\/td>\n<td class=\"xl64\" colspan=\"5\" width=\"480\">Blau Wei\u00df Geldersheim 3<\/td>\n<\/tr>\n<tr>\n<td height=\"20\">Name<\/td>\n<td>Volle<\/td>\n<td>Abr.<\/td>\n<td>Fehler<\/td>\n<td>Gesamt<\/td>\n<td>Name<\/td>\n<td>Volle<\/td>\n<td>Abr.<\/td>\n<td>Fehler<\/td>\n<td>Gesamt<\/td>\n<\/tr>\n<tr>\n<td height=\"20\">Gerhard R\u00f6sch<\/td>\n<td align=\"right\">273<\/td>\n<td align=\"right\">78<\/td>\n<td align=\"right\">14<\/td>\n<td align=\"right\">351<\/td>\n<td>Nikolaus Neeb<\/td>\n<td align=\"right\">308<\/td>\n<td align=\"right\">130<\/td>\n<td align=\"right\">9<\/td>\n<td align=\"right\">438<\/td>\n<\/tr>\n<tr>\n<td height=\"20\">Emily Braun<\/td>\n<td align=\"right\">287<\/td>\n<td align=\"right\">94<\/td>\n<td align=\"right\">12<\/td>\n<td align=\"right\">381<\/td>\n<td>Karl-Heinz Keller<\/td>\n<td align=\"right\">285<\/td>\n<td align=\"right\">88<\/td>\n<td align=\"right\">18<\/td>\n<td align=\"right\">373<\/td>\n<\/tr>\n<tr>\n<td height=\"20\">Christine Krieger<\/td>\n<td align=\"right\">245<\/td>\n<td align=\"right\">89<\/td>\n<td align=\"right\">18<\/td>\n<td align=\"right\">334<\/td>\n<td>Walter Wiesner<\/td>\n<td align=\"right\">303<\/td>\n<td align=\"right\">114<\/td>\n<td align=\"right\">8<\/td>\n<td align=\"right\">417<\/td>\n<\/tr>\n<tr>\n<td height=\"20\">Andreas Kuntschar<\/td>\n<td align=\"right\">265<\/td>\n<td align=\"right\">124<\/td>\n<td align=\"right\">10<\/td>\n<td align=\"right\">389<\/td>\n<td>Fabian Wieghardt<\/td>\n<td align=\"right\">295<\/td>\n<td align=\"right\">121<\/td>\n<td align=\"right\">10<\/td>\n<td align=\"right\">416<\/td>\n<\/tr>\n<tr>\n<td align=\"right\">-189<\/td>\n<td align=\"right\">1070<\/td>\n<td align=\"right\">385<\/td>\n<td align=\"right\">54<\/td>\n<td align=\"right\">1455<\/td>\n<td align=\"right\">+189<\/td>\n<td align=\"right\">1191<\/td>\n<td align=\"right\">453<\/td>\n<td align=\"right\">45<\/td>\n<td align=\"right\">1644<\/td>\n<\/tr>\n<\/tbody>\n<\/table>\n<h6>Damen<\/h6>\n<p>F\u00fcr unser Damenteam ging es am Sonntag zum Vergleich nach Ma\u00dfbach. Bereits letztes Jahr war hier ein spannender Kampf zu sehen und dies sollte auch diesmal nicht anders sein. Im Anfangs-, Mittel- und Schlusspaar holten sie jeweils einen Punkt, w\u00e4hrend der andere Punkt verloren ging. So stand es nach den direkten Duellen unentschieden und dank dem besseren Gesamtergebnis gingen die Punkte nach Grafenrheinfeld. Besonders Jenny \u00fcberzeugte mit einem starken Einzelergebnis.<br \/>\n120 Schub-System &#8211; <a href=\"http:\/\/www.doppelturm.de\/docs\/2015\/ergebnisse\/D\/SP7D.pdf\">Spielbericht<\/a><\/p>\n<table class=\"tablerpt\">\n<tbody>\n<tr>\n<td class=\"xl64\" colspan=\"6\" width=\"480\" height=\"20\">TSV Ma\u00dfbach<\/td>\n<td class=\"xl64\" colspan=\"6\" width=\"480\">DT Grafenrheinfeld Damen<\/td>\n<\/tr>\n<tr>\n<td height=\"20\">Name<\/td>\n<td>Volle<\/td>\n<td>Abr.<\/td>\n<td>Fehler<\/td>\n<td>Gesamt<\/td>\n<td>MP<\/td>\n<td>Name<\/td>\n<td>Volle<\/td>\n<td>Abr.<\/td>\n<td>Fehler<\/td>\n<td>Gesamt<\/td>\n<td>MP<\/td>\n<\/tr>\n<tr>\n<td height=\"20\">Schneider, Selina<\/td>\n<td align=\"right\">338<\/td>\n<td align=\"right\">133<\/td>\n<td align=\"right\">13<\/td>\n<td align=\"right\">471<\/td>\n<td align=\"right\">0<\/td>\n<td>Landeck, Silvia<\/td>\n<td align=\"right\">342<\/td>\n<td align=\"right\">160<\/td>\n<td align=\"right\">6<\/td>\n<td align=\"right\">502<\/td>\n<td align=\"right\">1<\/td>\n<\/tr>\n<tr>\n<td height=\"20\">Bellmann, Sybille<\/td>\n<td align=\"right\">363<\/td>\n<td align=\"right\">139<\/td>\n<td align=\"right\">8<\/td>\n<td align=\"right\">502<\/td>\n<td align=\"right\">1<\/td>\n<td>N\u00f6th, Helena<\/td>\n<td align=\"right\">329<\/td>\n<td align=\"right\">129<\/td>\n<td align=\"right\">13<\/td>\n<td align=\"right\">458<\/td>\n<td align=\"right\">0<\/td>\n<\/tr>\n<tr>\n<td height=\"20\">Bockisch, Kirstin<\/td>\n<td align=\"right\">315<\/td>\n<td align=\"right\">119<\/td>\n<td align=\"right\">20<\/td>\n<td align=\"right\">434<\/td>\n<td align=\"right\">0<\/td>\n<td>R\u00f6sch, Anni<\/td>\n<td align=\"right\">363<\/td>\n<td align=\"right\">155<\/td>\n<td align=\"right\">10<\/td>\n<td align=\"right\">518<\/td>\n<td align=\"right\">1<\/td>\n<\/tr>\n<tr>\n<td height=\"20\">Schulz, Heike<\/td>\n<td align=\"right\">358<\/td>\n<td align=\"right\">152<\/td>\n<td align=\"right\">7<\/td>\n<td align=\"right\">510<\/td>\n<td align=\"right\">1<\/td>\n<td>Eisenhut, Daniela<\/td>\n<td align=\"right\">356<\/td>\n<td align=\"right\">129<\/td>\n<td align=\"right\">6<\/td>\n<td align=\"right\">485<\/td>\n<td align=\"right\">0<\/td>\n<\/tr>\n<tr>\n<td height=\"20\">Meyer, Susanne<\/td>\n<td align=\"right\">357<\/td>\n<td align=\"right\">158<\/td>\n<td align=\"right\">9<\/td>\n<td align=\"right\">515<\/td>\n<td align=\"right\">0<\/td>\n<td>Mauder, Jenny<\/td>\n<td align=\"right\">361<\/td>\n<td align=\"right\">189<\/td>\n<td align=\"right\">5<\/td>\n<td align=\"right\">550<\/td>\n<td align=\"right\">1<\/td>\n<\/tr>\n<tr>\n<td height=\"20\">Sch\u00f6ller, Melanie<\/td>\n<td align=\"right\">348<\/td>\n<td align=\"right\">170<\/td>\n<td align=\"right\">5<\/td>\n<td align=\"right\">518<\/td>\n<td align=\"right\">1<\/td>\n<td>Murphy, Corina<\/td>\n<td align=\"right\">340<\/td>\n<td align=\"right\">159<\/td>\n<td align=\"right\">6<\/td>\n<td align=\"right\">499<\/td>\n<td align=\"right\">0<\/td>\n<\/tr>\n<tr>\n<td align=\"right\">-62<\/td>\n<td align=\"right\">2079<\/td>\n<td align=\"right\">871<\/td>\n<td align=\"right\">62<\/td>\n<td align=\"right\">2950<\/td>\n<td align=\"right\">3<\/td>\n<td align=\"right\">+62<\/td>\n<td align=\"right\">2091<\/td>\n<td align=\"right\">921<\/td>\n<td align=\"right\">46<\/td>\n<td align=\"right\">3012<\/td>\n<td align=\"right\">5<\/td>\n<\/tr>\n<\/tbody>\n<\/table>\n","protected":false},"excerpt":{"rendered":"<p>Herren 1 Am Samstagnachmittag spielte unsere 1. Mannschaft in Schonungen. Das Team hat eindrucksvoll bewiesen das sie auch ausw\u00e4rts gute Ergebnisse erzielen k\u00f6nnen. Mit einem deutlichen 6:0 Sieg wurden die <a href=\"https:\/\/www.doppelturm.de\/?page_id=449\" class=\"more-link\">[&hellip;]<\/a><\/p>\n","protected":false},"author":1,"featured_media":0,"parent":994,"menu_order":0,"comment_status":"closed","ping_status":"closed","template":"","meta":{"Layout":""},"_links":{"self":[{"href":"https:\/\/www.doppelturm.de\/index.php?rest_route=\/wp\/v2\/pages\/449"}],"collection":[{"href":"https:\/\/www.doppelturm.de\/index.php?rest_route=\/wp\/v2\/pages"}],"about":[{"href":"https:\/\/www.doppelturm.de\/index.php?rest_route=\/wp\/v2\/types\/page"}],"author":[{"embeddable":true,"href":"https:\/\/www.doppelturm.de\/index.php?rest_route=\/wp\/v2\/users\/1"}],"replies":[{"embeddable":true,"href":"https:\/\/www.doppelturm.de\/index.php?rest_route=%2Fwp%2Fv2%2Fcomments&post=449"}],"version-history":[{"count":9,"href":"https:\/\/www.doppelturm.de\/index.php?rest_route=\/wp\/v2\/pages\/449\/revisions"}],"predecessor-version":[{"id":494,"href":"https:\/\/www.doppelturm.de\/index.php?rest_route=\/wp\/v2\/pages\/449\/revisions\/494"}],"up":[{"embeddable":true,"href":"https:\/\/www.doppelturm.de\/index.php?rest_route=\/wp\/v2\/pages\/994"}],"wp:attachment":[{"href":"https:\/\/www.doppelturm.de\/index.php?rest_route=%2Fwp%2Fv2%2Fmedia&parent=449"}],"curies":[{"name":"wp","href":"https:\/\/api.w.org\/{rel}","templated":true}]}}