{"id":40,"date":"2015-10-28T18:13:48","date_gmt":"2015-10-28T17:13:48","guid":{"rendered":"http:\/\/www.doppelturm.de\/?page_id=40"},"modified":"2018-03-27T08:57:35","modified_gmt":"2018-03-27T06:57:35","slug":"jugend","status":"publish","type":"page","link":"https:\/\/www.doppelturm.de\/?page_id=40","title":{"rendered":"Jugend"},"content":{"rendered":"<p style=\"text-align: center;\"><strong>Unsere Jugend \u2013 Stolz und Zukunft unseres Vereins!<\/strong><br \/>\n<strong>Das Miteinander f\u00f6rdern &#8211; als Team Seite an Seite stehen &#8211; gemeinsam Ziele erreichen<\/strong><\/p>\n<p>&nbsp;<\/p>\n<p>Auch an uns geht der demografische Wandel und der allgemeine Mitgliederschwund in Vereinen nicht spurlos vorbei. Daher bem\u00fcht sich der gesamte Verein besonders um unsere j\u00fcngsten Kegler und investiert viel Zeit, Arbeit und Herzblut in die Jugendarbeit. Dies macht sich auch an der stetig steigenden Zahl von Jugendlichen bemerkbar. Waren es 2011 noch lediglich 3 Interessierte sind es zurzeit 11 aktiv gemeldete Jugendliche.<\/p>\n<p>Wir haben derzeit 2 Jugendmannschaften f\u00fcr den Spielbetrieb gemeldet. In dieser Spielrunde kegeln A-(U18) und B-(U14) Jugendlichen von September bis April in einer gemeinsamen Liga. Weiterhin gibt es auch Einzelmeisterschaften in der sich die Jugendlichen nach Altersklassen und Geschlecht getrennt mit Keglern aus der ganzen Region messen k\u00f6nnen.<\/p>\n<p><strong>Training<\/strong><br \/>\nOhne Training l\u00e4uft beim Kegeln nichts!<\/p>\n<p>Dass es sich beim Kegeln um eine vollwertige Leistungs- und Pr\u00e4zisionssportart handelt, merken die jungen Kegler (oder allgemein Kegelanf\u00e4nger) bei den ersten Trainingseinheiten schnell. Denn Kegeln verbindet Konzentration, Geschicklichkeit, Gef\u00fchl und Ausdauer. Beim w\u00f6chentlichen Training wird daher den Kids die richtige Technik beigebracht und sie so auf das Wettkampfgeschehen vorbereitet.<\/p>\n<p>Das Jugendtraining findet immer am Dienstag ab 16 Uhr statt. Ein weiterer Trainingstag (aufgrund der gro\u00dfen Anzahl an Jugendlichen) wird jede Woche mit den Jugendlichen direkt abgesprochen.<\/p>\n<p>Der Doppelturm Grafenrheinfeld w\u00fcrde sich freuen, wenn sich noch mehr Kinder und Jugendliche (10-18 Jahre) f\u00fcr das Kegeln begeistern lassen. Sie k\u00f6nnen gerne mal beim Jugendtraining reinschnuppern. Am Dienstag ab 16 Uhr sind unsere Bahnen f\u00fcr das Jugendtraining reserviert. Kommt einfach vorbei und probiert ein paar Schub aus.<\/p>\n<p><strong>Trainerteam:<\/strong><br \/>\n<strong>Helena N\u00f6th, Jenny Mauer, Daniela Eisenhut und Walter Nacke<\/strong><\/p>\n<p>Unser Trainerteam k\u00fcmmert sich um alle Belange der Jugendarbeit beim Doppelturm. Die Arbeit ist zwar mit w\u00f6chentlichen Trainingseinheiten und Spielbetrieb, Einzelwettk\u00e4mpfen und verschiedenen Veranstaltungen eine zeitintensive Angelegenheit, aber diese nimmt unser Trainerteam mit Freude und \u00dcberzeugung auf sich. Das Jugend- und Trainerteam wird noch von weiteren Vereinsmitgliedern unterst\u00fctzt, die bei den Heimspielen helfen und hingebungsvoll anfeuern oder auch mal als Fahrdienst herhalten.<\/p>\n<p><strong>Im Jugendspielbetrieb werden folgende Altersklassen unterschieden:<\/strong><\/p>\n<table class=\"tableinf\">\n<tbody>\n<tr class=\"rowheader\">\n<td width=\"121\"><span style=\"color: #000000;\">Klasse<\/span><\/td>\n<td width=\"95\">Alter<\/td>\n<td width=\"217\">Besonderheiten<\/td>\n<td width=\"187\">Spielsystem<\/td>\n<\/tr>\n<tr>\n<td class=\"lineheader\" width=\"121\"><span style=\"color: #000000;\">C-Jugend<\/span><\/td>\n<td width=\"95\">&lt;10 Jahre<\/td>\n<td width=\"217\">Beschr\u00e4nktes Spielrecht und ganz kleine Kugeln (120 mm = 1,2 kg)<\/td>\n<td width=\"187\">Beschr\u00e4nktes Spielrecht in Jugendliga<\/td>\n<\/tr>\n<tr>\n<td class=\"lineheader\" width=\"121\"><span style=\"color: #000000;\">B-Jugend<\/span><\/td>\n<td width=\"95\">10-14 Jahre<\/td>\n<td width=\"217\">Kleine Kugeln (140 mm = 1,9 kg)<\/td>\n<td rowspan=\"2\" width=\"187\">Der Spielbetrieb findet in einer gemeinsamen Jugendliga statt.<\/p>\n<p>Spielsystem im Moment 120 Schub, allerdings mit reiner Kegelwertung (ohne Punktesystem)<\/td>\n<\/tr>\n<tr>\n<td class=\"lineheader\" width=\"121\"><span style=\"color: #000000;\">A-Jugend<\/span><\/td>\n<td width=\"95\">14-18 Jahre<\/td>\n<td width=\"217\">Ab dieser Altersklasse darf mit normalen Vollkugeln gespielt werden (160 mm = 2,85 kg)<\/p>\n<p>Zugelassen f\u00fcr Erwachsenenspielbetrieb<\/td>\n<\/tr>\n<\/tbody>\n<\/table>\n","protected":false},"excerpt":{"rendered":"<p>Unsere Jugend \u2013 Stolz und Zukunft unseres Vereins! Das Miteinander f\u00f6rdern &#8211; als Team Seite an Seite stehen &#8211; gemeinsam Ziele erreichen &nbsp; Auch an uns geht der demografische Wandel <a href=\"https:\/\/www.doppelturm.de\/?page_id=40\" class=\"more-link\">[&hellip;]<\/a><\/p>\n","protected":false},"author":1,"featured_media":0,"parent":457,"menu_order":1,"comment_status":"closed","ping_status":"closed","template":"","meta":{"Layout":"default"},"_links":{"self":[{"href":"https:\/\/www.doppelturm.de\/index.php?rest_route=\/wp\/v2\/pages\/40"}],"collection":[{"href":"https:\/\/www.doppelturm.de\/index.php?rest_route=\/wp\/v2\/pages"}],"about":[{"href":"https:\/\/www.doppelturm.de\/index.php?rest_route=\/wp\/v2\/types\/page"}],"author":[{"embeddable":true,"href":"https:\/\/www.doppelturm.de\/index.php?rest_route=\/wp\/v2\/users\/1"}],"replies":[{"embeddable":true,"href":"https:\/\/www.doppelturm.de\/index.php?rest_route=%2Fwp%2Fv2%2Fcomments&post=40"}],"version-history":[{"count":22,"href":"https:\/\/www.doppelturm.de\/index.php?rest_route=\/wp\/v2\/pages\/40\/revisions"}],"predecessor-version":[{"id":1800,"href":"https:\/\/www.doppelturm.de\/index.php?rest_route=\/wp\/v2\/pages\/40\/revisions\/1800"}],"up":[{"embeddable":true,"href":"https:\/\/www.doppelturm.de\/index.php?rest_route=\/wp\/v2\/pages\/457"}],"wp:attachment":[{"href":"https:\/\/www.doppelturm.de\/index.php?rest_route=%2Fwp%2Fv2%2Fmedia&parent=40"}],"curies":[{"name":"wp","href":"https:\/\/api.w.org\/{rel}","templated":true}]}}