{"id":381,"date":"2015-10-29T23:47:28","date_gmt":"2015-10-29T22:47:28","guid":{"rendered":"http:\/\/www.doppelturm.de\/?page_id=381"},"modified":"2016-08-22T22:26:45","modified_gmt":"2016-08-22T20:26:45","slug":"spieltag-5","status":"publish","type":"page","link":"https:\/\/www.doppelturm.de\/?page_id=381","title":{"rendered":"Spieltag 5"},"content":{"rendered":"<p><strong>1. Herren<\/strong><\/p>\n<p>Leider kam unsere 1. Mannschaft mit leeren H\u00e4nden vom Ausw\u00e4rtsspiel zur\u00fcck. Es war ein spannenderes Spiel, als es die Punkte und Holzzahl vermuten l\u00e4sst. Besonders die zwei ersten Duelle wurden \u00e4u\u00dferst ungl\u00fccklich und knapp verloren und so lag man fr\u00fch mit 2:0 hinten. Sie verk\u00fcrzten zwischenzeitlich auf 2:1 und machten etwas Holz gut, aber der Schlussmann der Gegner spielte auf seiner Heimbahn zu souver\u00e4n um hier noch einmal ran zukommen. <a href=\"http:\/\/www.doppelturm.de\/docs\/2015\/ergebnisse\/H1\/SP5H1.pdf\">Spielbericht<\/a><\/p>\n<table class=\"tablerpt\" width=\"675\">\n<tbody>\n<tr>\n<td colspan=\"6\" width=\"338\">TSV Sondheim\/Rh\u00f6n<\/td>\n<td colspan=\"6\" width=\"337\">DT Grafenrheinfeld 1<\/td>\n<\/tr>\n<tr>\n<td width=\"145\">Name<\/td>\n<td width=\"40\">Volle<\/td>\n<td width=\"40\">Abr.<\/td>\n<td width=\"40\">Fehler<\/td>\n<td width=\"49\">Gesamt<\/td>\n<td width=\"24\">MP<\/td>\n<td width=\"145\">Name<\/td>\n<td width=\"39\">Volle<\/td>\n<td width=\"40\">Abr.<\/td>\n<td width=\"40\">Fehler<\/td>\n<td width=\"49\">Gesamt<\/td>\n<td width=\"24\">MP<\/td>\n<\/tr>\n<tr>\n<td>Steven Straub<\/td>\n<td>374<\/td>\n<td>155<\/td>\n<td>9<\/td>\n<td>529<\/td>\n<td>1<\/td>\n<td>Sascha M\u00fcller<\/td>\n<td>335<\/td>\n<td>186<\/td>\n<td>4<\/td>\n<td>521<\/td>\n<td>0<\/td>\n<\/tr>\n<tr>\n<td>Thmoas Wittwer<\/td>\n<td>378<\/td>\n<td>175<\/td>\n<td>3<\/td>\n<td>553<\/td>\n<td>1<\/td>\n<td>Oliver Werner<\/td>\n<td>341<\/td>\n<td>178<\/td>\n<td>6<\/td>\n<td>519<\/td>\n<td>0<\/td>\n<\/tr>\n<tr>\n<td>Norbert Budnick<\/td>\n<td>346<\/td>\n<td>137<\/td>\n<td>11<\/td>\n<td>483<\/td>\n<td>0<\/td>\n<td>Philipp H\u00fcmmer<\/td>\n<td>348<\/td>\n<td>147<\/td>\n<td>7<\/td>\n<td>495<\/td>\n<td>1<\/td>\n<\/tr>\n<tr>\n<td>Andreas Sopp<\/td>\n<td>347<\/td>\n<td>193<\/td>\n<td>4<\/td>\n<td>540<\/td>\n<td>1<\/td>\n<td>Matthias Braun<\/td>\n<td>342<\/td>\n<td>175<\/td>\n<td>2<\/td>\n<td>517<\/td>\n<td>0<\/td>\n<\/tr>\n<tr>\n<td>+53<\/td>\n<td>1445<\/td>\n<td>660<\/td>\n<td>27<\/td>\n<td>2105<\/td>\n<td>5<\/td>\n<td>-53<\/td>\n<td>1366<\/td>\n<td>686<\/td>\n<td>19<\/td>\n<td>2052<\/td>\n<td>1<\/td>\n<\/tr>\n<\/tbody>\n<\/table>\n<p><strong>2. Herren<\/strong><\/p>\n<p>Am Samstagmorgen musste unsere 2. Herren beim ESV Schweinfurt antreten. Der Wettkampf gestaltete sich \u00e4u\u00dferst spannend und endete leider in einer knappen Niederlage f\u00fcr uns. Die Leistungen der einzelnen Spieler k\u00f6nnen sich durchaus sehen lassen, besonders das Abr\u00e4umergebnis und die wenigen Fehler zeugen von dem durchgehenden flei\u00dfigen Training des Teams &#8211; hier k\u00f6nnen sich die anderen Mannschaften ruhig ein Beispiel nehmen. <a href=\"http:\/\/www.doppelturm.de\/docs\/2015\/ergebnisse\/H2\/SP5H2.pdf\">Spielbericht<\/a><\/p>\n<table class=\"tablerpt\" width=\"675\">\n<tbody>\n<tr>\n<td colspan=\"6\" width=\"338\">ESV Schweinfurt 3<\/td>\n<td colspan=\"6\" width=\"337\">DT Grafenrheinfeld 2<\/td>\n<\/tr>\n<tr>\n<td width=\"145\">Name<\/td>\n<td width=\"40\">Volle<\/td>\n<td width=\"40\">Abr.<\/td>\n<td width=\"40\">Fehler<\/td>\n<td width=\"49\">Gesamt<\/td>\n<td width=\"24\">MP<\/td>\n<td width=\"145\">Name<\/td>\n<td width=\"39\">Volle<\/td>\n<td width=\"40\">Abr.<\/td>\n<td width=\"40\">Fehler<\/td>\n<td width=\"49\">Gesamt<\/td>\n<td width=\"24\">MP<\/td>\n<\/tr>\n<tr>\n<td>Willacker Lucas<\/td>\n<td>350<\/td>\n<td>167<\/td>\n<td>10<\/td>\n<td>517<\/td>\n<td>0<\/td>\n<td>Gerd Lohrey<\/td>\n<td>349<\/td>\n<td>184<\/td>\n<td>3<\/td>\n<td>533<\/td>\n<td>1<\/td>\n<\/tr>\n<tr>\n<td>Reinhardt Peter<\/td>\n<td>373<\/td>\n<td>156<\/td>\n<td>10<\/td>\n<td>529<\/td>\n<td>1<\/td>\n<td>Burkard Hofstetter<\/td>\n<td>324<\/td>\n<td>177<\/td>\n<td>6<\/td>\n<td>501<\/td>\n<td>0<\/td>\n<\/tr>\n<tr>\n<td>K\u00f6\u00dfler Florian<\/td>\n<td>343<\/td>\n<td>149<\/td>\n<td>6<\/td>\n<td>492<\/td>\n<td>0<\/td>\n<td>Georgios Agiropoulos<\/td>\n<td>344<\/td>\n<td>149<\/td>\n<td>5<\/td>\n<td>493<\/td>\n<td>1<\/td>\n<\/tr>\n<tr>\n<td>M\u00f6slein Erich<\/td>\n<td>332<\/td>\n<td>156<\/td>\n<td>13<\/td>\n<td>488<\/td>\n<td>1<\/td>\n<td>Hermann Mauder<\/td>\n<td>313<\/td>\n<td>162<\/td>\n<td>8<\/td>\n<td>475<\/td>\n<td>0<\/td>\n<\/tr>\n<tr>\n<td>+24<\/td>\n<td>1398<\/td>\n<td>628<\/td>\n<td>39<\/td>\n<td>2026<\/td>\n<td>4<\/td>\n<td>-24<\/td>\n<td>1330<\/td>\n<td>672<\/td>\n<td>22<\/td>\n<td>2002<\/td>\n<td>2<\/td>\n<\/tr>\n<\/tbody>\n<\/table>\n<p><strong>Gemischte Mannschaft<\/strong><\/p>\n<p>Unsere dritte Mannschaft war am Samstag zu Gast in Schonungen. Es gab zwar eine erneute Niederlage, aber die Ergebnisse k\u00f6nnen sich f\u00fcr die schwierige Bahn sehen lassen. Die Mannschaft w\u00e4chst immer mehr zusammen und die guten Ergebnisse festigen sich, sodass der erste Sieg nur eine Frage der Zeit ist. Aus Verletzungsgr\u00fcnden muss immer wieder auf die A-Jugendlichen zur\u00fcckgegriffen werden, diese machen Ihre Sache \u2013 diesmal Kai Mauder &#8211; aber immer gut. <\/p>\n<table class=\"tablerpt\" width=\"675\">\n<tbody>\n<tr>\n<td colspan=\"6\" width=\"338\">FT Schonungen gemischt<\/td>\n<td colspan=\"6\" width=\"337\">DT Grafenrheinfeld 3 gemischt<\/td>\n<\/tr>\n<tr>\n<td width=\"145\">Name<\/td>\n<td width=\"40\">Volle<\/td>\n<td width=\"40\">Abr.<\/td>\n<td width=\"40\">Fehler<\/td>\n<td width=\"49\">Gesamt<\/td>\n<td width=\"24\">MP<\/td>\n<td width=\"145\">Name<\/td>\n<td width=\"39\">Volle<\/td>\n<td width=\"40\">Abr.<\/td>\n<td width=\"40\">Fehler<\/td>\n<td width=\"49\">Gesamt<\/td>\n<td width=\"24\">MP<\/td>\n<\/tr>\n<tr>\n<td>Kunz L.<\/td>\n<td><\/td>\n<td><\/td>\n<td><\/td>\n<td>386<\/td>\n<td><\/td>\n<td>Gerhard R\u00f6sch<\/td>\n<td><\/td>\n<td><\/td>\n<td><\/td>\n<td>360<\/td>\n<td><\/td>\n<\/tr>\n<tr>\n<td>Saffer W.<\/td>\n<td><\/td>\n<td><\/td>\n<td><\/td>\n<td>397<\/td>\n<td><\/td>\n<td>Christine Krieger<\/td>\n<td><\/td>\n<td><\/td>\n<td><\/td>\n<td>330<\/td>\n<td><\/td>\n<\/tr>\n<tr>\n<td>Mai R.<\/td>\n<td><\/td>\n<td><\/td>\n<td><\/td>\n<td>408<\/td>\n<td><\/td>\n<td>Kai Mauder<\/td>\n<td><\/td>\n<td><\/td>\n<td><\/td>\n<td>367<\/td>\n<td><\/td>\n<\/tr>\n<tr>\n<td>Mostowski J.<\/td>\n<td><\/td>\n<td><\/td>\n<td><\/td>\n<td>417<\/td>\n<td><\/td>\n<td>Andreas Kuntschar<\/td>\n<td><\/td>\n<td><\/td>\n<td><\/td>\n<td>371<\/td>\n<td><\/td>\n<\/tr>\n<tr>\n<td>+180<\/td>\n<td>0<\/td>\n<td>0<\/td>\n<td>0<\/td>\n<td>1608<\/td>\n<td><\/td>\n<td>-180<\/td>\n<td>0<\/td>\n<td>0<\/td>\n<td>0<\/td>\n<td>1428<\/td>\n<td><\/td>\n<\/tr>\n<\/tbody>\n<\/table>\n<p><strong>1. Damen<\/strong><\/p>\n<p>Nach der letzten Ausw\u00e4rtsniederlage machten unsere Damen eine Wiedergutmachung und sie gewannen daheim deutlich mit 7:1 Punkten und 180 Holz plus. Von Beginn an lie\u00dfen unsere Spielerinnen keinen Zweifel daran, wer dieses Spiel gewinnen wird. Die Tabelle in der Bezirksliga ist sehr eng zusammen und n\u00e4chste Woche ist mit Dreieck SW ein punktgleicher Mitstreiter um die Meisterschaft zu Gast.<\/p>\n<table class=\"tablerpt\" width=\"675\"> <a href=\"http:\/\/www.doppelturm.de\/docs\/2015\/ergebnisse\/D\/SP5D.pdf\">Spielbericht<\/a><\/p>\n<tbody>\n<tr>\n<td colspan=\"6\" width=\"338\">DT Grafenrheinfeld Damen<\/td>\n<td colspan=\"6\" width=\"337\">Kegelfreunde Niederlauer<\/td>\n<\/tr>\n<tr>\n<td width=\"145\">Name<\/td>\n<td width=\"40\">Volle<\/td>\n<td width=\"40\">Abr.<\/td>\n<td width=\"40\">Fehler<\/td>\n<td width=\"49\">Gesamt<\/td>\n<td width=\"24\">MP<\/td>\n<td width=\"145\">Name<\/td>\n<td width=\"39\">Volle<\/td>\n<td width=\"40\">Abr.<\/td>\n<td width=\"40\">Fehler<\/td>\n<td width=\"49\">Gesamt<\/td>\n<td width=\"24\">MP<\/td>\n<\/tr>\n<tr>\n<td>Silvia Landeck<\/td>\n<td>360<\/td>\n<td>193<\/td>\n<td>5<\/td>\n<td>553<\/td>\n<td>1<\/td>\n<td>Karin St\u00fcrmer<\/td>\n<td>356<\/td>\n<td>173<\/td>\n<td>11<\/td>\n<td>529<\/td>\n<td>0<\/td>\n<\/tr>\n<tr>\n<td>Helena N\u00f6th<\/td>\n<td>372<\/td>\n<td>152<\/td>\n<td>6<\/td>\n<td>524<\/td>\n<td>1<\/td>\n<td>Marianne Katzenberger<\/td>\n<td>329<\/td>\n<td>137<\/td>\n<td>16<\/td>\n<td>466<\/td>\n<td>0<\/td>\n<\/tr>\n<tr>\n<td>Daniela Eisenhut<\/td>\n<td>349<\/td>\n<td>145<\/td>\n<td>14<\/td>\n<td>494<\/td>\n<td>1<\/td>\n<td>Gerda Volkmuth<\/td>\n<td>327<\/td>\n<td>152<\/td>\n<td>4<\/td>\n<td>479<\/td>\n<td>0<\/td>\n<\/tr>\n<tr>\n<td>Anni R\u00f6sch<\/td>\n<td>355<\/td>\n<td>155<\/td>\n<td>10<\/td>\n<td>510<\/td>\n<td>1<\/td>\n<td>Viktora Koschig<\/td>\n<td>334<\/td>\n<td>112<\/td>\n<td>15<\/td>\n<td>446<\/td>\n<td>0<\/td>\n<\/tr>\n<tr>\n<td>Corinna Murphy<\/td>\n<td>328<\/td>\n<td>158<\/td>\n<td>8<\/td>\n<td>486<\/td>\n<td>0<\/td>\n<td>Stefanie Mutz<\/td>\n<td>354<\/td>\n<td>143<\/td>\n<td>7<\/td>\n<td>497<\/td>\n<td>1<\/td>\n<\/tr>\n<tr>\n<td>Jenny Mauder<\/td>\n<td>350<\/td>\n<td>134<\/td>\n<td>10<\/td>\n<td>484<\/td>\n<td>1<\/td>\n<td>Ziegler Marina<\/td>\n<td>332<\/td>\n<td>122<\/td>\n<td>15<\/td>\n<td>454<\/td>\n<td>0<\/td>\n<\/tr>\n<tr>\n<td>+180<\/td>\n<td>2114<\/td>\n<td>937<\/td>\n<td>53<\/td>\n<td>3051<\/td>\n<td>7<\/td>\n<td>-180<\/td>\n<td>2032<\/td>\n<td>839<\/td>\n<td>68<\/td>\n<td>2871<\/td>\n<td>1<\/td>\n<\/tr>\n<\/tbody>\n<\/table>\n<p><strong>1. Jugend<\/strong><\/p>\n<p>Eine Niederlage musste unsere 1. Jugendmannschaft am Donnerstag einstecken, da die gegnerische Mannschaft stark spielte. Jeder Rafelder Kegler hatte Startschwierigkeiten und so verloren sie in den ersten Durchg\u00e4ngen zu viel Holz. Im Laufe des Spiels fingen Sie sich wieder und riefen Ihre gewohnten guten Leistungen ab &#8211; mussten aber den verlorenen Holz m\u00fchselig hinterherlaufen. Die Niederlage wird uns allerdings nicht zur\u00fcckwerfen und wir richten den Blick nach vorne auf das n\u00e4chste Spiel. <a href=\"http:\/\/www.doppelturm.de\/docs\/2015\/ergebnisse\/J1\/SP3J1.pdf\">Spielbericht<\/a><\/p>\n<p><em>Jugendspiele werden ohne Punktewertung gespielt; U14-Spieler bekommen einen Bonus von 9 Holz pro Bahn<\/em><\/p>\n<table class=\"tablerpt\" width=\"675\">\n<tbody>\n<tr>\n<td colspan=\"6\" width=\"338\">DT Jugend 1<\/td>\n<td colspan=\"6\" width=\"337\">Gl\u00fcck Auf Schweinfurt<\/td>\n<\/tr>\n<tr>\n<td width=\"145\">Name<\/td>\n<td width=\"40\">Volle<\/td>\n<td width=\"40\">Abr.<\/td>\n<td width=\"40\">Fehler<\/td>\n<td width=\"49\">Gesamt<\/td>\n<td width=\"24\">MP<\/td>\n<td width=\"145\">Name<\/td>\n<td width=\"39\">Volle<\/td>\n<td width=\"40\">Abr.<\/td>\n<td width=\"40\">Fehler<\/td>\n<td width=\"49\">Gesamt<\/td>\n<td width=\"24\">MP<\/td>\n<\/tr>\n<tr>\n<td>Weigand Leo<\/td>\n<td>331<\/td>\n<td>113<\/td>\n<td>16<\/td>\n<td>444<\/td>\n<td><\/td>\n<td>Dressler Lars<\/td>\n<td>334<\/td>\n<td>138<\/td>\n<td>15<\/td>\n<td>472<\/td>\n<td><\/td>\n<\/tr>\n<tr>\n<td>Krieger Marius<\/td>\n<td>315<\/td>\n<td>118<\/td>\n<td>13<\/td>\n<td>433<\/td>\n<td><\/td>\n<td>Limpert Nadine<\/td>\n<td>346<\/td>\n<td>165<\/td>\n<td>4<\/td>\n<td>511<\/td>\n<td><\/td>\n<\/tr>\n<tr>\n<td>Mauder Kai<\/td>\n<td>326<\/td>\n<td>132<\/td>\n<td>13<\/td>\n<td>458<\/td>\n<td><\/td>\n<td>Umh\u00f6fer Kristina<\/td>\n<td>336<\/td>\n<td>131<\/td>\n<td>21<\/td>\n<td>467<\/td>\n<td><\/td>\n<\/tr>\n<tr>\n<td><\/td>\n<td><\/td>\n<td><\/td>\n<td><\/td>\n<td><\/td>\n<td><\/td>\n<td>U14-Bonus<\/td>\n<td><\/td>\n<td><\/td>\n<td><\/td>\n<td>36<\/td>\n<td><\/td>\n<\/tr>\n<tr>\n<td>-151<\/td>\n<td>972<\/td>\n<td>363<\/td>\n<td>42<\/td>\n<td>1335<\/td>\n<td><\/td>\n<td>+151<\/td>\n<td>1016<\/td>\n<td>434<\/td>\n<td>40<\/td>\n<td>1486<\/td>\n<td><\/td>\n<\/tr>\n<\/tbody>\n<\/table>\n<p><strong>2. Jugend<\/strong><\/p>\n<p>Erster Sieg f\u00fcr unsere Nachwuchskegler! Mit einer geschlossenen guten Mannschaftsleistung hat die Jugend 2 Ihren ersten Heimkampf abgeschlossen und konnte einen Sieg erringen. Lara spielte gegen die Anf\u00e4ngerinnen der Gegner und nutzte Ihre Erfahrung um einen komfortablen Vorsprung heraus zuholen. Jan Simon wollte diesmal unbedingt die 400er-Marke knacken, am Schluss ging ihm leider etwas die Luft aus und er hat es ganz knapp nicht geschafft. Florian im Schlussduell musste den Vorsprung nur noch halten und zeigte eine konstante Leistung \u00fcber alle vier Bahnen.<\/p>\n<p><em>Jugendspiele werden ohne Punktewertung gespielt; U14-Spieler bekommen einen Bonus von 9 Holz pro Bahn<\/em><\/p>\n<table class=\"tablerpt\" width=\"675\">\n<tbody>\n<tr>\n<td colspan=\"6\" width=\"338\">DT Jugend 2<\/td>\n<td colspan=\"6\" width=\"337\">ESV Schweinfurt<\/td>\n<\/tr>\n<tr>\n<td width=\"145\">Name<\/td>\n<td width=\"40\">Volle<\/td>\n<td width=\"40\">Abr.<\/td>\n<td width=\"40\">Fehler<\/td>\n<td width=\"49\">Gesamt<\/td>\n<td width=\"24\">MP<\/td>\n<td width=\"145\">Name<\/td>\n<td width=\"39\">Volle<\/td>\n<td width=\"40\">Abr.<\/td>\n<td width=\"40\">Fehler<\/td>\n<td width=\"49\">Gesamt<\/td>\n<td width=\"24\">MP<\/td>\n<\/tr>\n<tr>\n<td>Eisenhut Lara<\/td>\n<td>305<\/td>\n<td>105<\/td>\n<td>18<\/td>\n<td>410<\/td>\n<td><\/td>\n<td>Geyer Laura<\/td>\n<td>94<\/td>\n<td>31<\/td>\n<td>26<\/td>\n<td>125<\/td>\n<td><\/td>\n<\/tr>\n<tr>\n<td><\/td>\n<td><\/td>\n<td><\/td>\n<td><\/td>\n<td><\/td>\n<td><\/td>\n<td>Martinez-Santa Sophie<\/td>\n<td>61<\/td>\n<td>24<\/td>\n<td>37<\/td>\n<td>85<\/td>\n<td><\/td>\n<\/tr>\n<tr>\n<td>Landeck Jan Simon<\/td>\n<td>293<\/td>\n<td>103<\/td>\n<td>18<\/td>\n<td>396<\/td>\n<td><\/td>\n<td>Willacker Patricia<\/td>\n<td>314<\/td>\n<td>101<\/td>\n<td>29<\/td>\n<td>415<\/td>\n<td><\/td>\n<\/tr>\n<tr>\n<td>Werner Florian<\/td>\n<td>310<\/td>\n<td>110<\/td>\n<td>13<\/td>\n<td>420<\/td>\n<td><\/td>\n<td>Willacker Lucas<\/td>\n<td>325<\/td>\n<td>145<\/td>\n<td>10<\/td>\n<td>470<\/td>\n<td><\/td>\n<\/tr>\n<tr>\n<td>U14-Bonus<\/td>\n<td><\/td>\n<td><\/td>\n<td><\/td>\n<td>72<\/td>\n<td><\/td>\n<td>U-14-Bonus<\/td>\n<td><\/td>\n<td><\/td>\n<td><\/td>\n<td>72<\/td>\n<td><\/td>\n<\/tr>\n<tr>\n<td>+131<\/td>\n<td>908<\/td>\n<td>318<\/td>\n<td>49<\/td>\n<td>1298<\/td>\n<td><\/td>\n<td>-131<\/td>\n<td>794<\/td>\n<td>301<\/td>\n<td>102<\/td>\n<td>1167<\/td>\n<td><\/td>\n<\/tr>\n<\/tbody>\n<\/table>\n","protected":false},"excerpt":{"rendered":"<p>1. Herren Leider kam unsere 1. Mannschaft mit leeren H\u00e4nden vom Ausw\u00e4rtsspiel zur\u00fcck. Es war ein spannenderes Spiel, als es die Punkte und Holzzahl vermuten l\u00e4sst. Besonders die zwei ersten <a href=\"https:\/\/www.doppelturm.de\/?page_id=381\" class=\"more-link\">[&hellip;]<\/a><\/p>\n","protected":false},"author":1,"featured_media":0,"parent":994,"menu_order":0,"comment_status":"closed","ping_status":"closed","template":"","meta":{"Layout":""},"_links":{"self":[{"href":"https:\/\/www.doppelturm.de\/index.php?rest_route=\/wp\/v2\/pages\/381"}],"collection":[{"href":"https:\/\/www.doppelturm.de\/index.php?rest_route=\/wp\/v2\/pages"}],"about":[{"href":"https:\/\/www.doppelturm.de\/index.php?rest_route=\/wp\/v2\/types\/page"}],"author":[{"embeddable":true,"href":"https:\/\/www.doppelturm.de\/index.php?rest_route=\/wp\/v2\/users\/1"}],"replies":[{"embeddable":true,"href":"https:\/\/www.doppelturm.de\/index.php?rest_route=%2Fwp%2Fv2%2Fcomments&post=381"}],"version-history":[{"count":6,"href":"https:\/\/www.doppelturm.de\/index.php?rest_route=\/wp\/v2\/pages\/381\/revisions"}],"predecessor-version":[{"id":528,"href":"https:\/\/www.doppelturm.de\/index.php?rest_route=\/wp\/v2\/pages\/381\/revisions\/528"}],"up":[{"embeddable":true,"href":"https:\/\/www.doppelturm.de\/index.php?rest_route=\/wp\/v2\/pages\/994"}],"wp:attachment":[{"href":"https:\/\/www.doppelturm.de\/index.php?rest_route=%2Fwp%2Fv2%2Fmedia&parent=381"}],"curies":[{"name":"wp","href":"https:\/\/api.w.org\/{rel}","templated":true}]}}