{"id":379,"date":"2015-10-29T23:38:02","date_gmt":"2015-10-29T22:38:02","guid":{"rendered":"http:\/\/www.doppelturm.de\/?page_id=379"},"modified":"2016-08-22T22:26:22","modified_gmt":"2016-08-22T20:26:22","slug":"spieltag-3","status":"publish","type":"page","link":"https:\/\/www.doppelturm.de\/?page_id=379","title":{"rendered":"Spieltag 3"},"content":{"rendered":"<p><strong>1. Herren<\/strong><\/p>\n<p>Die Rafelder fuhren, aufgrund zwei \u00fcberragender Auftaktsiege, mit breiter Brust auf die unbekannte Bahn und mussten die erste Saisonniederlage einstecken. Die Gesamt- und Einzelergebnisse k\u00f6nnen sich durchaus sehen lassen, aber in den direkten Duellen konnte leider nur ein Punkt ergattern werden. Beim R\u00fcckspiel auf der heimischen Bahn, haben Sie die Chance auf eine Revanche. <a href=\"http:\/\/www.doppelturm.de\/docs\/2015\/ergebnisse\/H1\/SP3H1.pdf\">Spielbericht<\/a><\/p>\n<table class=\"tablerpt\" width=\"675\">\n<tbody>\n<tr>\n<td colspan=\"6\" width=\"338\">TSV Gro\u00dfbardorf 2<\/td>\n<td colspan=\"6\" width=\"337\">DT Grafenrheinfeld 1<\/td>\n<\/tr>\n<tr>\n<td width=\"145\">Name<\/td>\n<td width=\"40\">Volle<\/td>\n<td width=\"40\">Abr.<\/td>\n<td width=\"40\">Fehler<\/td>\n<td width=\"49\">Gesamt<\/td>\n<td width=\"24\">MP<\/td>\n<td width=\"145\">Name<\/td>\n<td width=\"39\">Volle<\/td>\n<td width=\"40\">Abr.<\/td>\n<td width=\"40\">Fehler<\/td>\n<td width=\"49\">Gesamt<\/td>\n<td width=\"24\">MP<\/td>\n<\/tr>\n<tr>\n<td>Behr Andy<\/td>\n<td>378<\/td>\n<td>205<\/td>\n<td>1<\/td>\n<td>583<\/td>\n<td>1<\/td>\n<td>Werner Oliver<\/td>\n<td>341<\/td>\n<td>197<\/td>\n<td>1<\/td>\n<td>538<\/td>\n<td>0<\/td>\n<\/tr>\n<tr>\n<td>Rink Oliver<\/td>\n<td>328<\/td>\n<td>183<\/td>\n<td>3<\/td>\n<td>511<\/td>\n<td>1<\/td>\n<td>H\u00fcmmer Philipp<\/td>\n<td>338<\/td>\n<td>168<\/td>\n<td>4<\/td>\n<td>506<\/td>\n<td>0<\/td>\n<\/tr>\n<tr>\n<td>W\u00f6lfling Sandro<\/td>\n<td>347<\/td>\n<td>153<\/td>\n<td>5<\/td>\n<td>500<\/td>\n<td>0<\/td>\n<td>Braun Matthias<\/td>\n<td>357<\/td>\n<td>174<\/td>\n<td>6<\/td>\n<td>531<\/td>\n<td>1<\/td>\n<\/tr>\n<tr>\n<td>Weigand Josef<\/td>\n<td>374<\/td>\n<td>167<\/td>\n<td>5<\/td>\n<td>541<\/td>\n<td>1<\/td>\n<td>Hartmann Georg<\/td>\n<td>360<\/td>\n<td>152<\/td>\n<td>5<\/td>\n<td>512<\/td>\n<td>0<\/td>\n<\/tr>\n<tr>\n<td>+48<\/td>\n<td>1427<\/td>\n<td>708<\/td>\n<td>14<\/td>\n<td>2135<\/td>\n<td>5<\/td>\n<td>-48<\/td>\n<td>1396<\/td>\n<td>691<\/td>\n<td>16<\/td>\n<td>2087<\/td>\n<td>1<\/td>\n<\/tr>\n<\/tbody>\n<\/table>\n<p><strong>2. Herren<\/strong><\/p>\n<p>Erneuter Punktgewinn ausw\u00e4rts! Unsere 2. Herren hat auch das 2. Spiel ausw\u00e4rts souver\u00e4n gewonnen und die Tabellenspitze in der Kreisklasse A Ost eingenommen. Drei der vier direkten Duelle konnten die Rafelder f\u00fcr sich gewinnen und somit mit den Ergebnispunkten den 5:1 Sieg einfahren. Den erhofften Tabellenplatz gilt es jetzt zu verteidigen. Weiter so, M\u00e4nner! <a href=\"http:\/\/www.doppelturm.de\/docs\/2015\/ergebnisse\/H2\/SP3H1.pdf\">Spielbericht<\/a><\/p>\n<table class=\"tablerpt\" width=\"675\">\n<tbody>\n<tr>\n<td colspan=\"6\" width=\"338\">TV Ebern 2<\/td>\n<td colspan=\"6\" width=\"337\">DT Grafenrheinfeld 2<\/td>\n<\/tr>\n<tr>\n<td width=\"145\">Name<\/td>\n<td width=\"40\">Volle<\/td>\n<td width=\"40\">Abr.<\/td>\n<td width=\"40\">Fehler<\/td>\n<td width=\"49\">Gesamt<\/td>\n<td width=\"24\">MP<\/td>\n<td width=\"145\">Name<\/td>\n<td width=\"39\">Volle<\/td>\n<td width=\"40\">Abr.<\/td>\n<td width=\"40\">Fehler<\/td>\n<td width=\"49\">Gesamt<\/td>\n<td width=\"24\">MP<\/td>\n<\/tr>\n<tr>\n<td>Lurz Robert<\/td>\n<td>176<\/td>\n<td>53<\/td>\n<td>13<\/td>\n<td>229<\/td>\n<td><\/td>\n<td>Mauder Hermann<\/td>\n<td>352<\/td>\n<td>144<\/td>\n<td>11<\/td>\n<td>496<\/td>\n<td>1<\/td>\n<\/tr>\n<tr>\n<td>Klehr Frank<\/td>\n<td>159<\/td>\n<td>78<\/td>\n<td>3<\/td>\n<td>237<\/td>\n<td><\/td>\n<td><\/td>\n<td><\/td>\n<td><\/td>\n<td><\/td>\n<td><\/td>\n<td><\/td>\n<\/tr>\n<tr>\n<td>Wagner Sebastian<\/td>\n<td>344<\/td>\n<td>143<\/td>\n<td>10<\/td>\n<td>487<\/td>\n<td>1<\/td>\n<td>Lohrey Gerhard<\/td>\n<td>331<\/td>\n<td>147<\/td>\n<td>11<\/td>\n<td>478<\/td>\n<td>0<\/td>\n<\/tr>\n<tr>\n<td>Lurz Stefan<\/td>\n<td>326<\/td>\n<td>112<\/td>\n<td>15<\/td>\n<td>438<\/td>\n<td><\/td>\n<td>Borowski Wolfgang<\/td>\n<td>354<\/td>\n<td>158<\/td>\n<td>6<\/td>\n<td>512<\/td>\n<td>1<\/td>\n<\/tr>\n<tr>\n<td>Raab Dominik<\/td>\n<td>317<\/td>\n<td>162<\/td>\n<td>10<\/td>\n<td>479<\/td>\n<td><\/td>\n<td>Agiropoulos Georgios<\/td>\n<td>325<\/td>\n<td>156<\/td>\n<td>8<\/td>\n<td>481<\/td>\n<td>1<\/td>\n<\/tr>\n<tr>\n<td>-97<\/td>\n<td>1322<\/td>\n<td>548<\/td>\n<td>51<\/td>\n<td>1870<\/td>\n<td>1<\/td>\n<td>+97<\/td>\n<td>1362<\/td>\n<td>605<\/td>\n<td>36<\/td>\n<td>1967<\/td>\n<td>5<\/td>\n<\/tr>\n<\/tbody>\n<\/table>\n<p><strong>Gemischte Mannschaft<\/strong><\/p>\n<p>Die gemischte Mannschaft fuhr zu ihrem ersten Saisonspiel und musste gleich auf einer der schwersten zu spielenden Bahn im Umkreis antreten. Leider hat es nicht zu einem Sieg gereicht und das Team musste sich mit 102 Holz geschlagen geben. F\u00fcr Christine war es der erste Wettkampf \u00fcberhaupt und auch f\u00fcr den Jugendlichen Marius war es sein Erwachsenenspiel-Deb\u00fct.<\/p>\n<table class=\"tablerpt\" width=\"675\">\n<tbody>\n<tr>\n<td colspan=\"6\" width=\"338\">TV Oberndorf gemischt<\/td>\n<td colspan=\"6\" width=\"337\">DT Grafenrheinfeld 3 gemischt<\/td>\n<\/tr>\n<tr>\n<td width=\"145\">Name<\/td>\n<td width=\"40\">Volle<\/td>\n<td width=\"40\">Abr.<\/td>\n<td width=\"40\">Fehler<\/td>\n<td width=\"49\">Gesamt<\/td>\n<td width=\"24\">MP<\/td>\n<td width=\"145\">Name<\/td>\n<td width=\"39\">Volle<\/td>\n<td width=\"40\">Abr.<\/td>\n<td width=\"40\">Fehler<\/td>\n<td width=\"49\">Gesamt<\/td>\n<td width=\"24\">MP<\/td>\n<\/tr>\n<tr>\n<td>F\u00fc\u00dfer Elisabeth<\/td>\n<td>237<\/td>\n<td>77<\/td>\n<td>21<\/td>\n<td>314<\/td>\n<td><\/td>\n<td>R\u00f6sch Gerhard<\/td>\n<td>251<\/td>\n<td>91<\/td>\n<td>10<\/td>\n<td>342<\/td>\n<td><\/td>\n<\/tr>\n<tr>\n<td>Schneider Hanne<\/td>\n<td>279<\/td>\n<td>103<\/td>\n<td>12<\/td>\n<td>382<\/td>\n<td><\/td>\n<td>Krieger Christine<\/td>\n<td>218<\/td>\n<td>68<\/td>\n<td>24<\/td>\n<td>286<\/td>\n<td><\/td>\n<\/tr>\n<tr>\n<td>Wiener Herbert<\/td>\n<td>253<\/td>\n<td>113<\/td>\n<td>10<\/td>\n<td>366<\/td>\n<td><\/td>\n<td>Krieger Marius<\/td>\n<td>260<\/td>\n<td>78<\/td>\n<td>15<\/td>\n<td>338<\/td>\n<td><\/td>\n<\/tr>\n<tr>\n<td>Unrath Brigitte<\/td>\n<td>266<\/td>\n<td>81<\/td>\n<td>16<\/td>\n<td>347<\/td>\n<td><\/td>\n<td>Kuntschar Andreas<\/td>\n<td>254<\/td>\n<td>87<\/td>\n<td>15<\/td>\n<td>341<\/td>\n<td><\/td>\n<\/tr>\n<tr>\n<td>+102<\/td>\n<td>1035<\/td>\n<td>374<\/td>\n<td>59<\/td>\n<td>1409<\/td>\n<td><\/td>\n<td>-102<\/td>\n<td>983<\/td>\n<td>324<\/td>\n<td>64<\/td>\n<td>1307<\/td>\n<td><\/td>\n<\/tr>\n<\/tbody>\n<\/table>\n<p><strong>1. Damen<\/strong><\/p>\n<p>Das Spiel der Damenmannschaft wurde auf Wunsch des Gegners verlegt. Der Nachholtermin ist der <strong>31.10.2015 um 14:30 Uhr<\/strong><\/p>\n<p><strong>Nachtrag vom 01.11.2015:<\/strong><\/p>\n<p>Gestern, am 31.10.2015, wurde der Nachholkampf der Damen vom 3. Spieltag gegen die Spielgemeinschaft vom ESV Schweinfurt\/Scharfen Eck R\u00f6thlein ausgetragen. Der spannende Kampf forderte bis zuletzt den vollen Einsatz der ganzen Mannschaft. Auch die Zuschauer mussten starke Nerven beweisen und haben durch das Anfeuern der Mannschaft letztlich doch zum Sieg verhelfen k\u00f6nnen. <a href=\"http:\/\/www.doppelturm.de\/docs\/2015\/ergebnisse\/D\/SP3D.pdf\">Spielbericht<\/a><\/p>\n<table class=\"tablerpt\" style=\"height: 251px;\">\n<tbody>\n<tr>\n<td colspan=\"6\" width=\"338\">DT Grafenrheinfeld Damen<\/td>\n<td colspan=\"6\" width=\"337\">ESV Schweinfurt\/R\u00f6thlein 2<\/td>\n<\/tr>\n<tr>\n<td width=\"145\">Name<\/td>\n<td width=\"40\">Volle<\/td>\n<td width=\"40\">Abr.<\/td>\n<td width=\"40\">Fehler<\/td>\n<td width=\"49\">Gesamt<\/td>\n<td width=\"24\">MP<\/td>\n<td width=\"145\">Name<\/td>\n<td width=\"39\">Volle<\/td>\n<td width=\"40\">Abr.<\/td>\n<td width=\"40\">Fehler<\/td>\n<td width=\"49\">Gesamt<\/td>\n<td width=\"24\">MP<\/td>\n<\/tr>\n<tr>\n<td>Landeck, Siliva<\/td>\n<td>342<\/td>\n<td>148<\/td>\n<td>11<\/td>\n<td>490<\/td>\n<td>1<\/td>\n<td>Keller, Julia<\/td>\n<td>352<\/td>\n<td>120<\/td>\n<td>16<\/td>\n<td>472<\/td>\n<td>0<\/td>\n<\/tr>\n<tr>\n<td>Pfaff, Sabine<\/td>\n<td>313<\/td>\n<td>120<\/td>\n<td>13<\/td>\n<td>433<\/td>\n<td>0<\/td>\n<td>Staub, Gisela<\/td>\n<td>358<\/td>\n<td>120<\/td>\n<td>20<\/td>\n<td>478<\/td>\n<td>1<\/td>\n<\/tr>\n<tr>\n<td>R\u00f6sch, Anni<\/td>\n<td>355<\/td>\n<td>140<\/td>\n<td>9<\/td>\n<td>495<\/td>\n<td>0<\/td>\n<td>Groh, Jaqueline<\/td>\n<td>335<\/td>\n<td>143<\/td>\n<td>16<\/td>\n<td>478<\/td>\n<td>1<\/td>\n<\/tr>\n<tr>\n<td>N\u00f6th, Helena<\/td>\n<td>350<\/td>\n<td>142<\/td>\n<td>12<\/td>\n<td>492<\/td>\n<td>1<\/td>\n<td>Krug, Stefanie<\/td>\n<td>335<\/td>\n<td>136<\/td>\n<td>11<\/td>\n<td>471<\/td>\n<td>0<\/td>\n<\/tr>\n<tr>\n<td>Eisenhut, Daniela<\/td>\n<td>349<\/td>\n<td>191<\/td>\n<td>3<\/td>\n<td>540<\/td>\n<td>1<\/td>\n<td>St\u00f6hr, Martina<\/td>\n<td>330<\/td>\n<td>130<\/td>\n<td>14<\/td>\n<td>460<\/td>\n<td>0<\/td>\n<\/tr>\n<tr>\n<td>Mauder, Jenny<\/td>\n<td>357<\/td>\n<td>157<\/td>\n<td>7<\/td>\n<td>514<\/td>\n<td>0<\/td>\n<td>Kohl, Nina<\/td>\n<td>356<\/td>\n<td>185<\/td>\n<td>6<\/td>\n<td>541<\/td>\n<td>1<\/td>\n<\/tr>\n<tr>\n<td>+64 Holz<\/td>\n<td>2066<\/td>\n<td>898<\/td>\n<td>55<\/td>\n<td>2964<\/td>\n<td>5<\/td>\n<td><\/td>\n<td>2066<\/td>\n<td>834<\/td>\n<td>83<\/td>\n<td>2900<\/td>\n<td>3<\/td>\n<\/tr>\n<\/tbody>\n<\/table>\n<p>&nbsp;<\/p>\n","protected":false},"excerpt":{"rendered":"<p>1. Herren Die Rafelder fuhren, aufgrund zwei \u00fcberragender Auftaktsiege, mit breiter Brust auf die unbekannte Bahn und mussten die erste Saisonniederlage einstecken. Die Gesamt- und Einzelergebnisse k\u00f6nnen sich durchaus sehen <a href=\"https:\/\/www.doppelturm.de\/?page_id=379\" class=\"more-link\">[&hellip;]<\/a><\/p>\n","protected":false},"author":1,"featured_media":0,"parent":994,"menu_order":0,"comment_status":"closed","ping_status":"closed","template":"","meta":{"Layout":""},"_links":{"self":[{"href":"https:\/\/www.doppelturm.de\/index.php?rest_route=\/wp\/v2\/pages\/379"}],"collection":[{"href":"https:\/\/www.doppelturm.de\/index.php?rest_route=\/wp\/v2\/pages"}],"about":[{"href":"https:\/\/www.doppelturm.de\/index.php?rest_route=\/wp\/v2\/types\/page"}],"author":[{"embeddable":true,"href":"https:\/\/www.doppelturm.de\/index.php?rest_route=\/wp\/v2\/users\/1"}],"replies":[{"embeddable":true,"href":"https:\/\/www.doppelturm.de\/index.php?rest_route=%2Fwp%2Fv2%2Fcomments&post=379"}],"version-history":[{"count":9,"href":"https:\/\/www.doppelturm.de\/index.php?rest_route=\/wp\/v2\/pages\/379\/revisions"}],"predecessor-version":[{"id":526,"href":"https:\/\/www.doppelturm.de\/index.php?rest_route=\/wp\/v2\/pages\/379\/revisions\/526"}],"up":[{"embeddable":true,"href":"https:\/\/www.doppelturm.de\/index.php?rest_route=\/wp\/v2\/pages\/994"}],"wp:attachment":[{"href":"https:\/\/www.doppelturm.de\/index.php?rest_route=%2Fwp%2Fv2%2Fmedia&parent=379"}],"curies":[{"name":"wp","href":"https:\/\/api.w.org\/{rel}","templated":true}]}}