{"id":377,"date":"2015-10-29T23:32:32","date_gmt":"2015-10-29T22:32:32","guid":{"rendered":"http:\/\/www.doppelturm.de\/?page_id=377"},"modified":"2016-08-22T22:26:37","modified_gmt":"2016-08-22T20:26:37","slug":"spieltag-4","status":"publish","type":"page","link":"https:\/\/www.doppelturm.de\/?page_id=377","title":{"rendered":"Spieltag 4"},"content":{"rendered":"<p><strong>1. Herren<\/strong><\/p>\n<p>Ein grandioser Sieg! Dieses Spiel bedarf eigentlicher keiner Worte, sondern die Zahlen sprechen f\u00fcr sich. Unsere vier Kegler spielten \u00fcberragend gut und \u00fcberboten abermals mit einem Gesamtergebnis von 2245 Holz ihren vor 2 Wochen aufgestellten Mannschaftsrekord. Die Gegner &#8211; immerhin angereist als ungeschlagener Tabellenf\u00fchrer &#8211; wusste gar nicht, wie ihnen geschieht. Zurzeit sind unsere Herren zu Hause nicht zu schlagen und die Tabellenspitze wurde wieder zur\u00fcckerobert. <a href=\"http:\/\/www.doppelturm.de\/docs\/2015\/ergebnisse\/H1\/SP4H1.pdf\">Spielbericht<\/a><\/p>\n<table class=\"tablerpt\" width=\"675\">\n<tbody>\n<tr>\n<td colspan=\"6\" width=\"338\">DT Grafenrheinfeld 1<\/td>\n<td colspan=\"6\" width=\"337\">Sportfreunde Althausen<\/td>\n<\/tr>\n<tr>\n<td width=\"145\">Name<\/td>\n<td width=\"40\">Volle<\/td>\n<td width=\"40\">Abr.<\/td>\n<td width=\"40\">Fehler<\/td>\n<td width=\"49\">Gesamt<\/td>\n<td width=\"24\">MP<\/td>\n<td width=\"145\">Name<\/td>\n<td width=\"39\">Volle<\/td>\n<td width=\"40\">Abr.<\/td>\n<td width=\"40\">Fehler<\/td>\n<td width=\"49\">Gesamt<\/td>\n<td width=\"24\">MP<\/td>\n<\/tr>\n<tr>\n<td>Werner Oliver<\/td>\n<td>351<\/td>\n<td>196<\/td>\n<td>3<\/td>\n<td>547<\/td>\n<td>1<\/td>\n<td>Brust Daniel<\/td>\n<td>350<\/td>\n<td>171<\/td>\n<td>7<\/td>\n<td>521<\/td>\n<td>0<\/td>\n<\/tr>\n<tr>\n<td>H\u00fcmmer Philipp<\/td>\n<td>372<\/td>\n<td>193<\/td>\n<td>2<\/td>\n<td>565<\/td>\n<td>1<\/td>\n<td>Morber Rene<\/td>\n<td>335<\/td>\n<td>192<\/td>\n<td>4<\/td>\n<td>527<\/td>\n<td>0<\/td>\n<\/tr>\n<tr>\n<td>M\u00fcller Sascha<\/td>\n<td>363<\/td>\n<td>196<\/td>\n<td>2<\/td>\n<td>559<\/td>\n<td>1<\/td>\n<td>Pfeuffer Christoph<\/td>\n<td>355<\/td>\n<td>148<\/td>\n<td>9<\/td>\n<td>503<\/td>\n<td>0<\/td>\n<\/tr>\n<tr>\n<td>Braun Matthias<\/td>\n<td>375<\/td>\n<td>199<\/td>\n<td>4<\/td>\n<td>574<\/td>\n<td>1<\/td>\n<td>Caesar Josef<\/td>\n<td>354<\/td>\n<td>156<\/td>\n<td>8<\/td>\n<td>510<\/td>\n<td>0<\/td>\n<\/tr>\n<tr>\n<td>+184<\/td>\n<td>1461<\/td>\n<td>784<\/td>\n<td>11<\/td>\n<td>2245<\/td>\n<td>6<\/td>\n<td>-184<\/td>\n<td>1394<\/td>\n<td>667<\/td>\n<td>28<\/td>\n<td>2061<\/td>\n<td>0<\/td>\n<\/tr>\n<\/tbody>\n<\/table>\n<p><strong>2. Herren<\/strong><\/p>\n<p>F\u00fcr unsere zweite Mannschaft lief es beim Wettkampf mit den Gegnern aus Sand nicht gut. Lediglich ein direktes Duell konnten sie f\u00fcr sich entscheiden. Mit einem starken Anfangsp\u00e4rchen kam die junge Mannschaft aus Sand besser ins Spiel. Unser Schlussp\u00e4rchen hielt dann zwar gut dagegen und holte Holz wieder auf, aber die Heimniederlage konnte nicht mehr verhindert werden. <a href=\"http:\/\/www.doppelturm.de\/docs\/2015\/ergebnisse\/H2\/SP4H2.pdf\">Spielbericht<\/a><\/p>\n<table class=\"tablerpt\" width=\"675\">\n<tbody>\n<tr>\n<td colspan=\"6\" width=\"338\">DT Grafenrheinfeld 2<\/td>\n<td colspan=\"6\" width=\"337\">Alle Neun Sand 3<\/td>\n<\/tr>\n<tr>\n<td width=\"145\">Name<\/td>\n<td width=\"40\">Volle<\/td>\n<td width=\"40\">Abr.<\/td>\n<td width=\"40\">Fehler<\/td>\n<td width=\"49\">Gesamt<\/td>\n<td width=\"24\">MP<\/td>\n<td width=\"145\">Name<\/td>\n<td width=\"39\">Volle<\/td>\n<td width=\"40\">Abr.<\/td>\n<td width=\"40\">Fehler<\/td>\n<td width=\"49\">Gesamt<\/td>\n<td width=\"24\">MP<\/td>\n<\/tr>\n<tr>\n<td>Hofstetter Burkard<\/td>\n<td>352<\/td>\n<td>137<\/td>\n<td>15<\/td>\n<td>489<\/td>\n<td>0<\/td>\n<td>\u00d6sterling Pascal<\/td>\n<td>346<\/td>\n<td>178<\/td>\n<td>8<\/td>\n<td>524<\/td>\n<td>1<\/td>\n<\/tr>\n<tr>\n<td>Borowski Wolfgang<\/td>\n<td>323<\/td>\n<td>140<\/td>\n<td>8<\/td>\n<td>463<\/td>\n<td>0<\/td>\n<td>Haderlein Sven<\/td>\n<td>371<\/td>\n<td>163<\/td>\n<td>5<\/td>\n<td>534<\/td>\n<td>1<\/td>\n<\/tr>\n<tr>\n<td>Mauder Hermann<\/td>\n<td>349<\/td>\n<td>151<\/td>\n<td>10<\/td>\n<td>500<\/td>\n<td>1<\/td>\n<td>Schnaus Noah<\/td>\n<td>349<\/td>\n<td>129<\/td>\n<td>21<\/td>\n<td>478<\/td>\n<td>0<\/td>\n<\/tr>\n<tr>\n<td>Agiropoulos Georgios<\/td>\n<td>337<\/td>\n<td>136<\/td>\n<td>14<\/td>\n<td>473<\/td>\n<td>0<\/td>\n<td>\u00d6sterling Dominic<\/td>\n<td>336<\/td>\n<td>141<\/td>\n<td>7<\/td>\n<td>477<\/td>\n<td>1<\/td>\n<\/tr>\n<tr>\n<td>-88<\/td>\n<td>1361<\/td>\n<td>564<\/td>\n<td>47<\/td>\n<td>1925<\/td>\n<td>1<\/td>\n<td>+88<\/td>\n<td>1402<\/td>\n<td>611<\/td>\n<td>41<\/td>\n<td>2013<\/td>\n<td>5<\/td>\n<\/tr>\n<\/tbody>\n<\/table>\n<p><strong>Gemischte Mannschaft<\/strong><\/p>\n<p>Unsere 3. Mannschaft hat gut gespielt, aber es hat leider ganz knapp nicht f\u00fcr einen Sieg gereicht. Auff\u00e4llig viele Fehler leisteten sich die Rafelder. So ist es auch nicht verwunderlich das die fehlenden Holz bei den Abr\u00e4umergebnis zu finden sind, w\u00e4hrend bei den Vollen die Rafelder die Nase vorn hatte. Erfreulich das Reinhold nach langer Verletzungsphase seinen ersten Wettkampf wieder bestritt. Die Jugendlichen Leo und Marius halfen bei den Erwachsenen aus und erzielten richtig gute Ergebnisse. <\/p>\n<table class=\"tablerpt\" width=\"675\">\n<tbody>\n<tr>\n<td colspan=\"6\" width=\"338\">DT Grafenrheinfeld 3 gemischt<\/td>\n<td colspan=\"6\" width=\"337\">Steigerwald Gerolzhofen 4<\/td>\n<\/tr>\n<tr>\n<td width=\"145\">Name<\/td>\n<td width=\"40\">Volle<\/td>\n<td width=\"40\">Abr.<\/td>\n<td width=\"40\">Fehler<\/td>\n<td width=\"49\">Gesamt<\/td>\n<td width=\"24\">MP<\/td>\n<td width=\"145\">Name<\/td>\n<td width=\"39\">Volle<\/td>\n<td width=\"40\">Abr.<\/td>\n<td width=\"40\">Fehler<\/td>\n<td width=\"49\">Gesamt<\/td>\n<td width=\"24\">MP<\/td>\n<\/tr>\n<tr>\n<td>R\u00f6sch Gerhard<\/td>\n<td>272<\/td>\n<td>88<\/td>\n<td>20<\/td>\n<td>360<\/td>\n<td><\/td>\n<td>Adolf Stroch<\/td>\n<td>282<\/td>\n<td>115<\/td>\n<td>9<\/td>\n<td>397<\/td>\n<td><\/td>\n<\/tr>\n<tr>\n<td>N\u00f6th Reinhold<\/td>\n<td>118<\/td>\n<td>44<\/td>\n<td>10<\/td>\n<td>162<\/td>\n<td><\/td>\n<td><\/td>\n<td><\/td>\n<td><\/td>\n<td><\/td>\n<td><\/td>\n<td><\/td>\n<\/tr>\n<tr>\n<td>Krieger Marius<\/td>\n<td>142<\/td>\n<td>62<\/td>\n<td>3<\/td>\n<td>204<\/td>\n<td><\/td>\n<td>F\u00e4rber Karlheinz<\/td>\n<td>256<\/td>\n<td>96<\/td>\n<td>11<\/td>\n<td>352<\/td>\n<td><\/td>\n<\/tr>\n<tr>\n<td>Weigand Leo<\/td>\n<td>299<\/td>\n<td>114<\/td>\n<td>7<\/td>\n<td>413<\/td>\n<td><\/td>\n<td>Kuhn Erwin<\/td>\n<td>273<\/td>\n<td>107<\/td>\n<td>13<\/td>\n<td>380<\/td>\n<td><\/td>\n<\/tr>\n<tr>\n<td>Ludewig J\u00f6rg<\/td>\n<td>292<\/td>\n<td>97<\/td>\n<td>13<\/td>\n<td>389<\/td>\n<td><\/td>\n<td>Sch\u00fcll Reinhold<\/td>\n<td>289<\/td>\n<td>124<\/td>\n<td>4<\/td>\n<td>413<\/td>\n<td><\/td>\n<\/tr>\n<tr>\n<td>-14<\/td>\n<td>1123<\/td>\n<td>405<\/td>\n<td>53<\/td>\n<td>1528<\/td>\n<td><\/td>\n<td>+14<\/td>\n<td>1100<\/td>\n<td>442<\/td>\n<td>37<\/td>\n<td>1542<\/td>\n<td><\/td>\n<\/tr>\n<\/tbody>\n<\/table>\n<p><strong>1. Damen<\/strong><\/p>\n<p>Eine deutliche und verdiente Niederlage mussten unsere Damen in Kirchaich einstecken. Von Beginn an kamen unsere Spielerinnen nicht zurecht und gingen fr\u00fch mit viel Holz in R\u00fcckstand. Auch die angeblasene Aufholjagd brachte nichts ein und so mussten sie einsehen, dass die Gegnerinnen heute einfach besser waren. Die Chance auf Revanche bekommen unsere Damen im R\u00fcckspiel. <a href=\"http:\/\/www.doppelturm.de\/docs\/2015\/ergebnisse\/D\/SP4D.pdf\">Spielbericht<\/a><\/p>\n<table class=\"tablerpt\" width=\"675\">\n<tbody>\n<tr>\n<td colspan=\"6\" width=\"338\">DJK Kirchaich<\/td>\n<td colspan=\"6\" width=\"337\">DT Grafenrheinfeld Damen<\/td>\n<\/tr>\n<tr>\n<td width=\"145\">Name<\/td>\n<td width=\"40\">Volle<\/td>\n<td width=\"40\">Abr.<\/td>\n<td width=\"40\">Fehler<\/td>\n<td width=\"49\">Gesamt<\/td>\n<td width=\"24\">MP<\/td>\n<td width=\"145\">Name<\/td>\n<td width=\"39\">Volle<\/td>\n<td width=\"40\">Abr.<\/td>\n<td width=\"40\">Fehler<\/td>\n<td width=\"49\">Gesamt<\/td>\n<td width=\"24\">MP<\/td>\n<\/tr>\n<tr>\n<td>Su\u00dfmann Vera<\/td>\n<td>349<\/td>\n<td>188<\/td>\n<td>4<\/td>\n<td>537<\/td>\n<td>1<\/td>\n<td>Pfaff Sabine<\/td>\n<td>299<\/td>\n<td>132<\/td>\n<td>18<\/td>\n<td>431<\/td>\n<td>0<\/td>\n<\/tr>\n<tr>\n<td>Seyfried Claudia<\/td>\n<td>343<\/td>\n<td>192<\/td>\n<td>3<\/td>\n<td>535<\/td>\n<td>1<\/td>\n<td>N\u00f6th Helena<\/td>\n<td>335<\/td>\n<td>174<\/td>\n<td>7<\/td>\n<td>509<\/td>\n<td>0<\/td>\n<\/tr>\n<tr>\n<td>Kager Barbara<\/td>\n<td>359<\/td>\n<td>146<\/td>\n<td>15<\/td>\n<td>505<\/td>\n<td>1<\/td>\n<td>R\u00f6sch Anni<\/td>\n<td>325<\/td>\n<td>150<\/td>\n<td>7<\/td>\n<td>475<\/td>\n<td>0<\/td>\n<\/tr>\n<tr>\n<td>Hornung Diana<\/td>\n<td>350<\/td>\n<td>134<\/td>\n<td>19<\/td>\n<td>484<\/td>\n<td>0<\/td>\n<td>Landeck Silvia<\/td>\n<td>351<\/td>\n<td>143<\/td>\n<td>8<\/td>\n<td>494<\/td>\n<td>1<\/td>\n<\/tr>\n<tr>\n<td>Eckert Sabrina<\/td>\n<td>345<\/td>\n<td>150<\/td>\n<td>9<\/td>\n<td>495<\/td>\n<td>0<\/td>\n<td>Mauder Jenny<\/td>\n<td>351<\/td>\n<td>162<\/td>\n<td>5<\/td>\n<td>513<\/td>\n<td>1<\/td>\n<\/tr>\n<tr>\n<td>Pfuhlmann Barbara<\/td>\n<td>360<\/td>\n<td>186<\/td>\n<td>5<\/td>\n<td>546<\/td>\n<td>1<\/td>\n<td>Eisenhut Daniela<\/td>\n<td>349<\/td>\n<td>172<\/td>\n<td>9<\/td>\n<td>521<\/td>\n<td>0<\/td>\n<\/tr>\n<tr>\n<td>+159<\/td>\n<td>2106<\/td>\n<td>996<\/td>\n<td>55<\/td>\n<td>3102<\/td>\n<td>6<\/td>\n<td>-159<\/td>\n<td>2010<\/td>\n<td>933<\/td>\n<td>54<\/td>\n<td>2943<\/td>\n<td>2<\/td>\n<\/tr>\n<\/tbody>\n<\/table>\n<p><strong>2. Jugend<\/strong><\/p>\n<p>Mit der erwarteten Niederlage ist unsere 2. Jugend in die Saison gestartet. Gleich das erste Spiel musste ausw\u00e4rts bei Gl\u00fcck Auf Schweinfurt absolviert werden. Gegen die deutlich erfahrenere und \u00e4ltere Mannschaft lief es f\u00fcr unsere j\u00fcngsten Kegler nicht gut und endete mit einer deutlichen Niederlage. Wir hoffen jedoch auf einen Sieg im n\u00e4chsten Kampf &#8211; denn es wird ja flei\u00dfig trainiert! <a href=\"http:\/\/www.doppelturm.de\/docs\/2015\/ergebnisse\/J\/SP2J2.pdf\">Spielbericht<\/a><\/p>\n<p><em>Jugendspiele werden ohne Punktewertung gespielt; U14-Spieler bekommen einen Bonus von 9 Holz pro Bahn<\/em><\/p>\n<table class=\"tablerpt\" width=\"675\">\n<tbody>\n<tr>\n<td colspan=\"6\" width=\"338\">Gl\u00fcck Auf Schweinfurt<\/td>\n<td colspan=\"6\" width=\"337\">DT Jugend 2<\/td>\n<\/tr>\n<tr>\n<td width=\"145\">Name<\/td>\n<td width=\"40\">Volle<\/td>\n<td width=\"40\">Abr.<\/td>\n<td width=\"40\">Fehler<\/td>\n<td width=\"49\">Gesamt<\/td>\n<td width=\"24\">MP<\/td>\n<td width=\"145\">Name<\/td>\n<td width=\"39\">Volle<\/td>\n<td width=\"40\">Abr.<\/td>\n<td width=\"40\">Fehler<\/td>\n<td width=\"49\">Gesamt<\/td>\n<td width=\"24\">MP<\/td>\n<\/tr>\n<tr>\n<td>Dressler Lars<\/td>\n<td>312<\/td>\n<td>104<\/td>\n<td>25<\/td>\n<td>416<\/td>\n<td><\/td>\n<td>Landeck Jan Simon<\/td>\n<td>259<\/td>\n<td>82<\/td>\n<td>33<\/td>\n<td>341<\/td>\n<td><\/td>\n<\/tr>\n<tr>\n<td>Umh\u00f6fer Kristina<\/td>\n<td>328<\/td>\n<td>139<\/td>\n<td>13<\/td>\n<td>467<\/td>\n<td><\/td>\n<td>Eisenhut Lara<\/td>\n<td>269<\/td>\n<td>96<\/td>\n<td>19<\/td>\n<td>365<\/td>\n<td><\/td>\n<\/tr>\n<tr>\n<td>Schmitt Melissa<\/td>\n<td>316<\/td>\n<td>137<\/td>\n<td>12<\/td>\n<td>453<\/td>\n<td><\/td>\n<td>Werner Florian<\/td>\n<td>292<\/td>\n<td>123<\/td>\n<td>15<\/td>\n<td>415<\/td>\n<td><\/td>\n<\/tr>\n<tr>\n<td>Bonus<\/td>\n<td><\/td>\n<td><\/td>\n<td><\/td>\n<td>36<\/td>\n<td><\/td>\n<td>Bonus<\/td>\n<td><\/td>\n<td><\/td>\n<td><\/td>\n<td>72<\/td>\n<td><\/td>\n<\/tr>\n<tr>\n<td>+179<\/td>\n<td>956<\/td>\n<td>380<\/td>\n<td>50<\/td>\n<td>1372<\/td>\n<td><\/td>\n<td>-179<\/td>\n<td>820<\/td>\n<td>301<\/td>\n<td>67<\/td>\n<td>1193<\/td>\n<td><\/td>\n<\/tr>\n<\/tbody>\n<\/table>\n<p>&nbsp;<\/p>\n<p>&nbsp;<\/p>\n","protected":false},"excerpt":{"rendered":"<p>1. Herren Ein grandioser Sieg! Dieses Spiel bedarf eigentlicher keiner Worte, sondern die Zahlen sprechen f\u00fcr sich. Unsere vier Kegler spielten \u00fcberragend gut und \u00fcberboten abermals mit einem Gesamtergebnis von <a href=\"https:\/\/www.doppelturm.de\/?page_id=377\" class=\"more-link\">[&hellip;]<\/a><\/p>\n","protected":false},"author":1,"featured_media":0,"parent":994,"menu_order":0,"comment_status":"closed","ping_status":"closed","template":"","meta":{"Layout":""},"_links":{"self":[{"href":"https:\/\/www.doppelturm.de\/index.php?rest_route=\/wp\/v2\/pages\/377"}],"collection":[{"href":"https:\/\/www.doppelturm.de\/index.php?rest_route=\/wp\/v2\/pages"}],"about":[{"href":"https:\/\/www.doppelturm.de\/index.php?rest_route=\/wp\/v2\/types\/page"}],"author":[{"embeddable":true,"href":"https:\/\/www.doppelturm.de\/index.php?rest_route=\/wp\/v2\/users\/1"}],"replies":[{"embeddable":true,"href":"https:\/\/www.doppelturm.de\/index.php?rest_route=%2Fwp%2Fv2%2Fcomments&post=377"}],"version-history":[{"count":3,"href":"https:\/\/www.doppelturm.de\/index.php?rest_route=\/wp\/v2\/pages\/377\/revisions"}],"predecessor-version":[{"id":431,"href":"https:\/\/www.doppelturm.de\/index.php?rest_route=\/wp\/v2\/pages\/377\/revisions\/431"}],"up":[{"embeddable":true,"href":"https:\/\/www.doppelturm.de\/index.php?rest_route=\/wp\/v2\/pages\/994"}],"wp:attachment":[{"href":"https:\/\/www.doppelturm.de\/index.php?rest_route=%2Fwp%2Fv2%2Fmedia&parent=377"}],"curies":[{"name":"wp","href":"https:\/\/api.w.org\/{rel}","templated":true}]}}