{"id":230,"date":"2015-10-29T17:28:25","date_gmt":"2015-10-29T16:28:25","guid":{"rendered":"http:\/\/www.doppelturm.de\/?page_id=230"},"modified":"2017-10-20T09:57:59","modified_gmt":"2017-10-20T07:57:59","slug":"kegeln","status":"publish","type":"page","link":"https:\/\/www.doppelturm.de\/?page_id=230","title":{"rendered":"Kegeln"},"content":{"rendered":"<p>Kegeln &#8211; eine Pr\u00e4zisionsportart!<\/p>\n<p>Die jahrtausendalte Tradition des Kegelns l\u00e4sst sich bis ins fr\u00fcheste Mittelalter zur\u00fcckf\u00fchren. Aus dem volkst\u00fcmlichen Spielen unter freiem Himmel bildeten sich im Laufe der Jahrhunderte in Europa das Wettkampf- und Freizeitspiel Kegeln heraus.<\/p>\n<p>Wer beim Sportkegeln Erfolg haben will, muss \u00fcber eine ausgepr\u00e4gte K\u00f6rperkoordination verf\u00fcgen, um den harmonischen und automatisierten Bewegungsablauf \u00fcber eine lange Distanz zu wiederholen. Nur mit der richtigen Technik und gute Ausdauer kann der Sportkegler \u00fcber 120 Schub die Leistungen konstant aufrechterhalten.\u00a0Mentale Fitness und eine gute Physis tragen ebenso wie Konzentrationsf\u00e4higkeit und Nervenst\u00e4rke zum Erfolg bei.<\/p>\n","protected":false},"excerpt":{"rendered":"<p>Kegeln &#8211; eine Pr\u00e4zisionsportart! Die jahrtausendalte Tradition des Kegelns l\u00e4sst sich bis ins fr\u00fcheste Mittelalter zur\u00fcckf\u00fchren. Aus dem volkst\u00fcmlichen Spielen unter freiem Himmel bildeten sich im Laufe der Jahrhunderte in <a href=\"https:\/\/www.doppelturm.de\/?page_id=230\" class=\"more-link\">[&hellip;]<\/a><\/p>\n","protected":false},"author":1,"featured_media":0,"parent":0,"menu_order":0,"comment_status":"closed","ping_status":"closed","template":"","meta":{"Layout":""},"_links":{"self":[{"href":"https:\/\/www.doppelturm.de\/index.php?rest_route=\/wp\/v2\/pages\/230"}],"collection":[{"href":"https:\/\/www.doppelturm.de\/index.php?rest_route=\/wp\/v2\/pages"}],"about":[{"href":"https:\/\/www.doppelturm.de\/index.php?rest_route=\/wp\/v2\/types\/page"}],"author":[{"embeddable":true,"href":"https:\/\/www.doppelturm.de\/index.php?rest_route=\/wp\/v2\/users\/1"}],"replies":[{"embeddable":true,"href":"https:\/\/www.doppelturm.de\/index.php?rest_route=%2Fwp%2Fv2%2Fcomments&post=230"}],"version-history":[{"count":6,"href":"https:\/\/www.doppelturm.de\/index.php?rest_route=\/wp\/v2\/pages\/230\/revisions"}],"predecessor-version":[{"id":1696,"href":"https:\/\/www.doppelturm.de\/index.php?rest_route=\/wp\/v2\/pages\/230\/revisions\/1696"}],"wp:attachment":[{"href":"https:\/\/www.doppelturm.de\/index.php?rest_route=%2Fwp%2Fv2%2Fmedia&parent=230"}],"curies":[{"name":"wp","href":"https:\/\/api.w.org\/{rel}","templated":true}]}}