{"id":223,"date":"2015-10-28T23:38:41","date_gmt":"2015-10-28T22:38:41","guid":{"rendered":"http:\/\/www.doppelturm.de\/?page_id=223"},"modified":"2017-10-20T09:39:54","modified_gmt":"2017-10-20T07:39:54","slug":"hobbykegler","status":"publish","type":"page","link":"https:\/\/www.doppelturm.de\/?page_id=223","title":{"rendered":"Hobbykegler"},"content":{"rendered":"<p><a href=\"http:\/\/www.doppelturm.de\/wp-content\/uploads\/2015\/04\/Kegelbahn3.jpg\"><img decoding=\"async\" loading=\"lazy\" class=\"alignnone size-medium wp-image-4\" src=\"http:\/\/www.doppelturm.de\/wp-content\/uploads\/2015\/04\/Kegelbahn3-300x225.jpg\" alt=\"Kegelbahn\" width=\"300\" height=\"225\" srcset=\"https:\/\/www.doppelturm.de\/wp-content\/uploads\/2015\/04\/Kegelbahn3-300x225.jpg 300w, https:\/\/www.doppelturm.de\/wp-content\/uploads\/2015\/04\/Kegelbahn3.jpg 587w\" sizes=\"(max-width: 300px) 100vw, 300px\" \/><\/a><br \/>\nSelbstverst\u00e4ndlich hei\u00dfen wir auch Hobbykegler herzlich auf unseren Bahnen willkommen.<\/p>\n<p>Ob zum Zeitvertreib mit Freunden, einen Abteilungsausflug oder f\u00fcr einen Kindergeburtstag &#8211; Kegeln ist eine gern gesehene Abwechslung f\u00fcr alle Altersklassen. F\u00fcr Ihre eigenen Ereignisse k\u00f6nnen bei uns bis zu vier Kunststoffbahnen gemietet werden.<br \/>\nReservierungen k\u00f6nnen bei Vereinsvorstand angemeldet werden. Tel.: 09723-5398<\/p>\n","protected":false},"excerpt":{"rendered":"<p>Selbstverst\u00e4ndlich hei\u00dfen wir auch Hobbykegler herzlich auf unseren Bahnen willkommen. Ob zum Zeitvertreib mit Freunden, einen Abteilungsausflug oder f\u00fcr einen Kindergeburtstag &#8211; Kegeln ist eine gern gesehene Abwechslung f\u00fcr alle <a href=\"https:\/\/www.doppelturm.de\/?page_id=223\" class=\"more-link\">[&hellip;]<\/a><\/p>\n","protected":false},"author":1,"featured_media":0,"parent":0,"menu_order":0,"comment_status":"closed","ping_status":"closed","template":"","meta":{"Layout":""},"_links":{"self":[{"href":"https:\/\/www.doppelturm.de\/index.php?rest_route=\/wp\/v2\/pages\/223"}],"collection":[{"href":"https:\/\/www.doppelturm.de\/index.php?rest_route=\/wp\/v2\/pages"}],"about":[{"href":"https:\/\/www.doppelturm.de\/index.php?rest_route=\/wp\/v2\/types\/page"}],"author":[{"embeddable":true,"href":"https:\/\/www.doppelturm.de\/index.php?rest_route=\/wp\/v2\/users\/1"}],"replies":[{"embeddable":true,"href":"https:\/\/www.doppelturm.de\/index.php?rest_route=%2Fwp%2Fv2%2Fcomments&post=223"}],"version-history":[{"count":5,"href":"https:\/\/www.doppelturm.de\/index.php?rest_route=\/wp\/v2\/pages\/223\/revisions"}],"predecessor-version":[{"id":1694,"href":"https:\/\/www.doppelturm.de\/index.php?rest_route=\/wp\/v2\/pages\/223\/revisions\/1694"}],"wp:attachment":[{"href":"https:\/\/www.doppelturm.de\/index.php?rest_route=%2Fwp%2Fv2%2Fmedia&parent=223"}],"curies":[{"name":"wp","href":"https:\/\/api.w.org\/{rel}","templated":true}]}}