{"id":1349,"date":"2017-03-20T08:27:57","date_gmt":"2017-03-20T07:27:57","guid":{"rendered":"http:\/\/www.doppelturm.de\/?page_id=1349"},"modified":"2017-10-10T10:18:36","modified_gmt":"2017-10-10T08:18:36","slug":"spieltag-18-19-03-2017","status":"publish","type":"page","link":"https:\/\/www.doppelturm.de\/?page_id=1349","title":{"rendered":"Spieltag 18.+19.03.2017"},"content":{"rendered":"<p><b>Herren 1<\/b><\/p>\n<p class=\"RundschauStandardText\"><span style=\"color: black;\"><strong>Unentschieden im spannenden Match!<\/strong><br \/>\nIn einem spannenden Ausw\u00e4rtsspiel ging es hin und her. Oliver hatte nicht seinen besten Tag und spielte f\u00fcr ihn ungew\u00f6hnlich viele Fehlw\u00fcrfe, da er aber beim heuten schw\u00e4chsten Gegner hatte, reichte es trotzdem zum Mannschaftspunkt. Philipp spielte sehr stark und hielt gegen den Tagesbesten der Gegner gut mit. Auf der letzten Bahn musste er allerdings aufgrund zu vieler Fehler den Punkt abgegeben. Matthias und Sascha gingen somit mit 1:1 und 12 Holz Vorsprung auf die Bahn. Der Beginn verlief hoffnungsvoll und beide holten den ersten Satzpunkt. Anschlie\u00dfend lief es nicht mehr so gut, beide lie\u00dfen nach und der Gegner zeigte Kampfgeist. Im Gleichlauf ging eine Bahn verloren und eine Bahn endete im Unentschieden. Vor der letzten Bahn sah alles nach einem Sieg f\u00fcr Ma\u00dfbach aus. Aber die Rafelder k\u00e4mpften sich ins Spiel zur\u00fcck und gewannen beide in einem spannenden Schlussspurt jeweils ihren Satzpunkt und holten dadurch den Mannschaftspunkt &#8211; kurioserweise beide mit weniger Holz als ihre Gegner. Die Ma\u00dfbacher hatten am Ende 8 Holz mehr, sodass sie die Ergebnispunkte einfuhren, wodurch es zu einem 3:3 Unentschieden kam. Grafenrheinfeld und Sand sind in der Tabelle nun punktgleich, aufgrund mehr Mannschaftspunkte bleibt Grafenrheinfeld allerdings Tabellenf\u00fchrer. Ausgerechnet diese beiden Mannschaften treffen nun zum alles entscheidenden Endkampf um die Meisterschaft und Aufstieg am Samstag den 25.03.2017 15:00 Uhr in Grafenrheinfeld aufeinander. Spannender geht es nun wirklich nicht!<\/span><\/p>\n\n<div class=\"sp-wrap sp-wrap-green\">\n<div class=\"sp-head\" title=\"Erweitern\">\nErgebnisse ansehen\n<\/div>\n<div class=\"sp-body folded\">\n<table class=\"tablerpt\">\n<tbody>\n<tr>\n<td class=\"lineheaderc\" colspan=\"7\" width=\"480\">Ma\u00dfbach<\/td>\n<td class=\"lineheaderc\" colspan=\"7\" width=\"480\" height=\"20\">DT Herren 1<\/td>\n<\/tr>\n<tr>\n<td class=\"lineheader\" height=\"20\">Name<\/td>\n<td class=\"lineheaderc\">D 1<\/td>\n<td class=\"lineheaderc\">D 2<\/td>\n<td class=\"lineheaderc\">D 3<\/td>\n<td class=\"lineheaderc\">D 4<\/td>\n<td class=\"lineheaderc\">Gesamt<\/td>\n<td class=\"lineheaderc\">MP<\/td>\n<td class=\"lineheaderc\">MP<\/td>\n<td class=\"lineheaderc\">Gesamt<\/td>\n<td class=\"lineheaderc\">D 4<\/td>\n<td class=\"lineheaderc\">D 3<\/td>\n<td class=\"lineheaderc\">D 2<\/td>\n<td class=\"lineheaderc\">D 1<\/td>\n<td class=\"lineheaderc\">Name<\/td>\n<\/tr>\n<tr>\n<td class=\"cellborder\" height=\"20\">Sch\u00f6ller, Markus<\/td>\n<td class=\"cellborderc\">144<\/td>\n<td class=\"cellborderc\">116<\/td>\n<td class=\"cellborderc\">109<\/td>\n<td class=\"cellborderc\">124<\/td>\n<td class=\"cellborderc\">493<\/td>\n<td class=\"cellborderc\">0<\/td>\n<td class=\"cellborderc\">1<\/td>\n<td class=\"cellborderc\">520<\/td>\n<td class=\"cellborderc\">152<\/td>\n<td class=\"cellborderc\">117<\/td>\n<td class=\"cellborderc\">119<\/td>\n<td class=\"cellborderc\">132<\/td>\n<td class=\"cellborder\" align=\"right\">Werner, Oliver<\/td>\n<\/tr>\n<tr>\n<td class=\"cellborder\" height=\"20\">Schneider, Edgar<\/td>\n<td class=\"cellborderc\">156<\/td>\n<td class=\"cellborderc\">144<\/td>\n<td class=\"cellborderc\">133<\/td>\n<td class=\"cellborderc\">120<\/td>\n<td class=\"cellborderc\">553<\/td>\n<td class=\"cellborderc\">1<\/td>\n<td class=\"cellborderc\">0<\/td>\n<td class=\"cellborderc\">538<\/td>\n<td class=\"cellborderc\">114<\/td>\n<td class=\"cellborderc\">149<\/td>\n<td class=\"cellborderc\">131<\/td>\n<td class=\"cellborderc\">144<\/td>\n<td class=\"cellborder\" align=\"right\">H\u00fcmmer, Philipp<\/td>\n<\/tr>\n<tr>\n<td class=\"cellborder\" height=\"20\">Schneider, Patrick<\/td>\n<td class=\"cellborderc\">126<\/td>\n<td class=\"cellborderc\">125<\/td>\n<td class=\"cellborderc\">139<\/td>\n<td class=\"cellborderc\">146<\/td>\n<td class=\"cellborderc\">536<\/td>\n<td class=\"cellborderc\">0<\/td>\n<td class=\"cellborderc\">1<\/td>\n<td class=\"cellborderc\">535<\/td>\n<td class=\"cellborderc\">152<\/td>\n<td class=\"cellborderc\">116<\/td>\n<td class=\"cellborderc\">125<\/td>\n<td class=\"cellborderc\">142<\/td>\n<td class=\"cellborder\" align=\"right\">M\u00fcller, Sascha<\/td>\n<\/tr>\n<tr>\n<td class=\"cellborder\" height=\"20\">Kitzinger, Marc<\/td>\n<td class=\"cellborderc\">122<\/td>\n<td class=\"cellborderc\">149<\/td>\n<td class=\"cellborderc\">136<\/td>\n<td class=\"cellborderc\">134<\/td>\n<td class=\"cellborderc\">541<\/td>\n<td class=\"cellborderc\">0<\/td>\n<td class=\"cellborderc\">1<\/td>\n<td class=\"cellborderc\">522<\/td>\n<td class=\"cellborderc\">138<\/td>\n<td class=\"cellborderc\">136<\/td>\n<td class=\"cellborderc\">120<\/td>\n<td class=\"cellborderc\">128<\/td>\n<td class=\"cellborder\" align=\"right\">Braun, Matthias<\/td>\n<\/tr>\n<tr>\n<td colspan=\"7\">\n<table class=\"tablerpt\">\n<tbody>\n<tr>\n<td class=\"lineheaderc\">Differenz<\/td>\n<td class=\"lineheaderc\">Volle<\/td>\n<td class=\"lineheaderc\">R\u00e4umen<\/td>\n<td class=\"lineheaderc\">Fehler<\/td>\n<td class=\"lineheaderc\">Gesamt<\/td>\n<td class=\"lineheaderc\">MP<\/td>\n<\/tr>\n<tr>\n<td class=\"cellborderc\">+8<\/td>\n<td class=\"cellborderc\">1415<\/td>\n<td class=\"cellborderc\">708<\/td>\n<td class=\"cellborderc\">16<\/td>\n<td class=\"cellborderc\">2123<\/td>\n<td class=\"cellborderc\">3<\/td>\n<\/tr>\n<\/tbody>\n<\/table>\n<\/td>\n<td colspan=\"7\">\n<table class=\"tablerpt\">\n<tbody>\n<tr>\n<td class=\"lineheaderc\">MP<\/td>\n<td class=\"lineheaderc\">Gesamt<\/td>\n<td class=\"lineheaderc\">Fehler<\/td>\n<td class=\"lineheaderc\">R\u00e4umen<\/td>\n<td class=\"lineheaderc\">Volle<\/td>\n<td class=\"lineheaderc\">Differenz<\/td>\n<\/tr>\n<tr>\n<td class=\"cellborderc\">3<\/td>\n<td class=\"cellborderc\">2115<\/td>\n<td class=\"cellborderc\">35<\/td>\n<td class=\"cellborderc\">683<\/td>\n<td class=\"cellborderc\">1432<\/td>\n<td class=\"cellborderc\">-8<\/td>\n<\/tr>\n<\/tbody>\n<\/table>\n<\/td>\n<\/tr>\n<\/tbody>\n<\/table>\n<p>\n<\/div>\n<\/div>\n<br \/>\n<b>Damen<\/b><\/p>\n<p class=\"RundschauStandardText\"><span style=\"color: black;\"><strong>Unentschieden im Spitzenspiel<\/strong><br \/>\nUnsere Damen gaben alles im Spitzenspiel, gegen das bereits als Meister feststehende Team aus Dreieck Schweinfurt, und erreichten mit guten Ergebnissen ein Unentschieden. \u00c4hnlich wie bei der 1. Herrenmannschaft holten die Rafelderinnen vier Mannschaftspunkte in den direkten Duellen, verloren allerdings in der Gesamtholzzahl, sodass das spannende Spiel in einem Unentschieden endete.<br \/>\n<\/span><\/p>\n\n<div class=\"sp-wrap sp-wrap-green\">\n<div class=\"sp-head\" title=\"Erweitern\">\nErgebnisse ansehen\n<\/div>\n<div class=\"sp-body folded\">\n<table class=\"tablerpt\">\n<tbody>\n<tr>\n<td class=\"lineheaderc\" colspan=\"7\" width=\"480\" height=\"20\">Dreieck Schweinfurt<\/td>\n<td class=\"lineheaderc\" colspan=\"7\" width=\"480\">DT Damen<\/td>\n<\/tr>\n<tr>\n<td class=\"lineheader\" height=\"20\">Name<\/td>\n<td class=\"lineheaderc\">D 1<\/td>\n<td class=\"lineheaderc\">D 2<\/td>\n<td class=\"lineheaderc\">D 3<\/td>\n<td class=\"lineheaderc\">D 4<\/td>\n<td class=\"lineheaderc\">Gesamt<\/td>\n<td class=\"lineheaderc\">MP<\/td>\n<td class=\"lineheaderc\">MP<\/td>\n<td class=\"lineheaderc\">Gesamt<\/td>\n<td class=\"lineheaderc\">D 4<\/td>\n<td class=\"lineheaderc\">D 3<\/td>\n<td class=\"lineheaderc\">D 2<\/td>\n<td class=\"lineheaderc\">D 1<\/td>\n<td class=\"lineheaderc\">Name<\/td>\n<\/tr>\n<tr>\n<td class=\"cellborder\" height=\"20\">Weber, Rebecca<\/td>\n<td class=\"cellborderc\">131<\/td>\n<td class=\"cellborderc\">122<\/td>\n<td class=\"cellborderc\">124<\/td>\n<td class=\"cellborderc\">126<\/td>\n<td class=\"cellborderc\">503<\/td>\n<td class=\"cellborderc\">1<\/td>\n<td class=\"cellborderc\">0<\/td>\n<td class=\"cellborderc\">466<\/td>\n<td class=\"cellborderc\">128<\/td>\n<td class=\"cellborderc\">112<\/td>\n<td class=\"cellborderc\">110<\/td>\n<td class=\"cellborderc\">116<\/td>\n<td class=\"cellborder\" align=\"right\">Braun, Emily<\/td>\n<\/tr>\n<tr>\n<td class=\"cellborder\" height=\"20\">Jelitto, Melanie<\/td>\n<td class=\"cellborderc\">127<\/td>\n<td class=\"cellborderc\">136<\/td>\n<td class=\"cellborderc\">121<\/td>\n<td class=\"cellborderc\">125<\/td>\n<td class=\"cellborderc\">509<\/td>\n<td class=\"cellborderc\">0<\/td>\n<td class=\"cellborderc\">1<\/td>\n<td class=\"cellborderc\">525<\/td>\n<td class=\"cellborderc\">134<\/td>\n<td class=\"cellborderc\">135<\/td>\n<td class=\"cellborderc\">128<\/td>\n<td class=\"cellborderc\">128<\/td>\n<td class=\"cellborder\" align=\"right\">Landeck, Silvia<\/td>\n<\/tr>\n<tr>\n<td class=\"cellborder\" height=\"20\">Ziegler, Verena<\/td>\n<td class=\"cellborderc\">117<\/td>\n<td class=\"cellborderc\">127<\/td>\n<td class=\"cellborderc\">151<\/td>\n<td class=\"cellborderc\">119<\/td>\n<td class=\"cellborderc\">514<\/td>\n<td class=\"cellborderc\">0<\/td>\n<td class=\"cellborderc\">1<\/td>\n<td class=\"cellborderc\">539<\/td>\n<td class=\"cellborderc\">129<\/td>\n<td class=\"cellborderc\">140<\/td>\n<td class=\"cellborderc\">137<\/td>\n<td class=\"cellborderc\">133<\/td>\n<td class=\"cellborder\" align=\"right\">N\u00f6th, Helena<\/td>\n<\/tr>\n<tr>\n<td class=\"cellborder\" height=\"20\">Weber, Monika<\/td>\n<td class=\"cellborderc\">115<\/td>\n<td class=\"cellborderc\">134<\/td>\n<td class=\"cellborderc\">124<\/td>\n<td class=\"cellborderc\">129<\/td>\n<td class=\"cellborderc\">502<\/td>\n<td class=\"cellborderc\">0<\/td>\n<td class=\"cellborderc\">1<\/td>\n<td class=\"cellborderc\">509<\/td>\n<td class=\"cellborderc\">121<\/td>\n<td class=\"cellborderc\">127<\/td>\n<td class=\"cellborderc\">127<\/td>\n<td class=\"cellborderc\">134<\/td>\n<td class=\"cellborder\" align=\"right\">R\u00f6sch, Anni<\/td>\n<\/tr>\n<tr>\n<td class=\"cellborder\" height=\"20\">Ditterich, Kristin<\/td>\n<td class=\"cellborderc\">140<\/td>\n<td class=\"cellborderc\">141<\/td>\n<td class=\"cellborderc\">122<\/td>\n<td class=\"cellborderc\">151<\/td>\n<td class=\"cellborderc\">554<\/td>\n<td class=\"cellborderc\">1<\/td>\n<td class=\"cellborderc\">0<\/td>\n<td class=\"cellborderc\">502<\/td>\n<td class=\"cellborderc\">130<\/td>\n<td class=\"cellborderc\">124<\/td>\n<td class=\"cellborderc\">131<\/td>\n<td class=\"cellborderc\">117<\/td>\n<td class=\"cellborder\" align=\"right\">Murphy, Corinna<\/td>\n<\/tr>\n<tr>\n<td class=\"cellborder\" height=\"20\">Pfaff, Ute<\/td>\n<td class=\"cellborderc\">133<\/td>\n<td class=\"cellborderc\">134<\/td>\n<td class=\"cellborderc\">109<\/td>\n<td class=\"cellborderc\">122<\/td>\n<td class=\"cellborderc\">498<\/td>\n<td class=\"cellborderc\">0<\/td>\n<td class=\"cellborderc\">1<\/td>\n<td class=\"cellborderc\">526<\/td>\n<td class=\"cellborderc\">150<\/td>\n<td class=\"cellborderc\">123<\/td>\n<td class=\"cellborderc\">118<\/td>\n<td class=\"cellborderc\">135<\/td>\n<td class=\"cellborder\" align=\"right\">Mauder, Jennefer<\/td>\n<\/tr>\n<tr>\n<td colspan=\"7\">\n<table class=\"tablerpt\">\n<tbody>\n<tr>\n<td class=\"lineheaderc\">Differenz<\/td>\n<td class=\"lineheaderc\">Volle<\/td>\n<td class=\"lineheaderc\">R\u00e4umen<\/td>\n<td class=\"lineheaderc\">Fehler<\/td>\n<td class=\"lineheaderc\">Gesamt<\/td>\n<td class=\"lineheaderc\">MP<\/td>\n<\/tr>\n<tr>\n<td class=\"cellborderc\">+13<\/td>\n<td class=\"cellborderc\">2097<\/td>\n<td class=\"cellborderc\">983<\/td>\n<td class=\"cellborderc\">33<\/td>\n<td class=\"cellborderc\">3080<\/td>\n<td class=\"cellborderc\">4<\/td>\n<\/tr>\n<\/tbody>\n<\/table>\n<\/td>\n<td colspan=\"7\">\n<table class=\"tablerpt\">\n<tbody>\n<tr>\n<td class=\"lineheaderc\">MP<\/td>\n<td class=\"lineheaderc\">Gesamt<\/td>\n<td class=\"lineheaderc\">Fehler<\/td>\n<td class=\"lineheaderc\">R\u00e4umen<\/td>\n<td class=\"lineheaderc\">Volle<\/td>\n<td class=\"lineheaderc\">Differenz<\/td>\n<\/tr>\n<tr>\n<td class=\"cellborderc\">4<\/td>\n<td class=\"cellborderc\">3067<\/td>\n<td class=\"cellborderc\">41<\/td>\n<td class=\"cellborderc\">1009<\/td>\n<td class=\"cellborderc\">2058<\/td>\n<td class=\"cellborderc\">-13<\/td>\n<\/tr>\n<\/tbody>\n<\/table>\n<\/td>\n<\/tr>\n<\/tbody>\n<\/table>\n<p>\n<\/div>\n<\/div>\n<br \/>\n<b>Herren 2<\/b><\/p>\n<p class=\"RundschauStandardText\"><span style=\"color: black;\"><strong>Niederlage<\/strong><br \/>\nUnsere 2. Herrenmannschaft tut sich auch zum Saisonendspurt schwer. Auch bei Freie Turner Schweinfurt konnte kein Punkt gewonnen werden. Vor dem letzten Spieltag sind sie nun punktgleich mit dem Abstiegsplatz, sie haben aber 3 Mannschaftspunkte mehr, die es im letzten Spiel zu verteidigen gilt, sodass der Abstieg noch vermieden werden kann.<br \/>\n\n<div class=\"sp-wrap sp-wrap-green\">\n<div class=\"sp-head\" title=\"Erweitern\">\nErgebnisse ansehen\n<\/div>\n<div class=\"sp-body folded\">\n<p><\/span><\/p>\n<table class=\"tablerpt\">\n<tbody>\n<tr>\n<td class=\"lineheaderc\" colspan=\"7\" width=\"480\">FT Schweinfurt<\/td>\n<td class=\"lineheaderc\" colspan=\"7\" width=\"480\" height=\"20\">DT Herren 2<\/td>\n<\/tr>\n<tr>\n<td class=\"lineheader\" height=\"20\">Name<\/td>\n<td class=\"lineheaderc\">D 1<\/td>\n<td class=\"lineheaderc\">D 2<\/td>\n<td class=\"lineheaderc\">D 3<\/td>\n<td class=\"lineheaderc\">D 4<\/td>\n<td class=\"lineheaderc\">Gesamt<\/td>\n<td class=\"lineheaderc\">MP<\/td>\n<td class=\"lineheaderc\">MP<\/td>\n<td class=\"lineheaderc\">Gesamt<\/td>\n<td class=\"lineheaderc\">D 4<\/td>\n<td class=\"lineheaderc\">D 3<\/td>\n<td class=\"lineheaderc\">D 2<\/td>\n<td class=\"lineheaderc\">D 1<\/td>\n<td class=\"lineheaderc\">Name<\/td>\n<\/tr>\n<tr>\n<td class=\"cellborder\" height=\"20\">Barthelmes, Christian<\/td>\n<td class=\"cellborderc\">122<\/td>\n<td class=\"cellborderc\">129<\/td>\n<td class=\"cellborderc\">113<\/td>\n<td class=\"cellborderc\">131<\/td>\n<td class=\"cellborderc\">495<\/td>\n<td class=\"cellborderc\">1<\/td>\n<td class=\"cellborderc\">0<\/td>\n<td class=\"cellborderc\">489<\/td>\n<td class=\"cellborderc\">113<\/td>\n<td class=\"cellborderc\">126<\/td>\n<td class=\"cellborderc\">131<\/td>\n<td class=\"cellborderc\">119<\/td>\n<td class=\"cellborder\" align=\"right\">Hofstetter, Burkard<\/td>\n<\/tr>\n<tr>\n<td class=\"cellborder\" height=\"20\">Pfister, Rene<\/td>\n<td class=\"cellborderc\">128<\/td>\n<td class=\"cellborderc\">123<\/td>\n<td class=\"cellborderc\">116<\/td>\n<td class=\"cellborderc\">140<\/td>\n<td class=\"cellborderc\">507<\/td>\n<td class=\"cellborderc\">0<\/td>\n<td class=\"cellborderc\">1<\/td>\n<td class=\"cellborderc\">462<\/td>\n<td class=\"cellborderc\">132<\/td>\n<td class=\"cellborderc\">105<\/td>\n<td class=\"cellborderc\">111<\/td>\n<td class=\"cellborderc\">114<\/td>\n<td class=\"cellborder\" align=\"right\">Weigand, Leo<\/td>\n<\/tr>\n<tr>\n<td class=\"cellborder\" height=\"20\">Weis, Lothar<\/td>\n<td class=\"cellborderc\">116<\/td>\n<td class=\"cellborderc\">155<\/td>\n<td class=\"cellborderc\">109<\/td>\n<td class=\"cellborderc\">109<\/td>\n<td class=\"cellborderc\">489<\/td>\n<td class=\"cellborderc\">0<\/td>\n<td class=\"cellborderc\">1<\/td>\n<td class=\"cellborderc\">484<\/td>\n<td class=\"cellborderc\">112<\/td>\n<td class=\"cellborderc\">118<\/td>\n<td class=\"cellborderc\">134<\/td>\n<td class=\"cellborderc\">120<\/td>\n<td class=\"cellborder\" align=\"right\">Lohrey, Gerhard<\/td>\n<\/tr>\n<tr>\n<td class=\"cellborder\" height=\"20\">Wirsing, Heinz-G\u00fcnter<\/td>\n<td class=\"cellborderc\">125<\/td>\n<td class=\"cellborderc\">114<\/td>\n<td class=\"cellborderc\">123<\/td>\n<td class=\"cellborderc\">116<\/td>\n<td class=\"cellborderc\">478<\/td>\n<td class=\"cellborderc\">1<\/td>\n<td class=\"cellborderc\">0<\/td>\n<td class=\"cellborderc\">442<\/td>\n<td class=\"cellborderc\">96<\/td>\n<td class=\"cellborderc\">110<\/td>\n<td class=\"cellborderc\">129<\/td>\n<td class=\"cellborderc\">107<\/td>\n<td class=\"cellborder\" align=\"right\">Borowski, Wolfgang<\/td>\n<\/tr>\n<tr>\n<td colspan=\"7\">\n<table class=\"tablerpt\">\n<tbody>\n<tr>\n<td class=\"lineheaderc\">Differenz<\/td>\n<td class=\"lineheaderc\">Volle<\/td>\n<td class=\"lineheaderc\">R\u00e4umen<\/td>\n<td class=\"lineheaderc\">Fehler<\/td>\n<td class=\"lineheaderc\">Gesamt<\/td>\n<td class=\"lineheaderc\">MP<\/td>\n<\/tr>\n<tr>\n<td class=\"cellborderc\">+92<\/td>\n<td class=\"cellborderc\"><\/td>\n<td class=\"cellborderc\"><\/td>\n<td class=\"cellborderc\"><\/td>\n<td class=\"cellborderc\">1969<\/td>\n<td class=\"cellborderc\">5<\/td>\n<\/tr>\n<\/tbody>\n<\/table>\n<\/td>\n<td colspan=\"7\">\n<table class=\"tablerpt\">\n<tbody>\n<tr>\n<td class=\"lineheaderc\">MP<\/td>\n<td class=\"lineheaderc\">Gesamt<\/td>\n<td class=\"lineheaderc\">Fehler<\/td>\n<td class=\"lineheaderc\">R\u00e4umen<\/td>\n<td class=\"lineheaderc\">Volle<\/td>\n<td class=\"lineheaderc\">Differenz<\/td>\n<\/tr>\n<tr>\n<td class=\"cellborderc\">1<\/td>\n<td class=\"cellborderc\">1877<\/td>\n<td class=\"cellborderc\"><\/td>\n<td class=\"cellborderc\"><\/td>\n<td class=\"cellborderc\"><\/td>\n<td class=\"cellborderc\">-92<\/td>\n<\/tr>\n<\/tbody>\n<\/table>\n<\/td>\n<\/tr>\n<\/tbody>\n<\/table>\n<p>\n<\/div>\n<\/div>\n<\/p>\n<p><b>Gemischt 1<\/b><\/p>\n<p class=\"RundschauStandardText\"><span style=\"color: black;\"><strong>Weiterer Sieg vom Vizemeister<\/strong><br \/>\nUnser Team, das bereits als Vizemeister in der Vereinsklasse SW feststeht, gab sich auch im vorletzten Spiel keine Bl\u00f6\u00dfe und holte die Punkte nach Grafenrheinfeld. Sowohl Burkard, als auch \u201eOpa\u201c (an seinem 80. Geburtstag) erreichten gute Ergebnisse, w\u00e4hrend sich Christine und Walter etwas schwerer taten. Auch im letzten Spiel wollen wir einen Sieg sehen!<br \/>\n<\/span><\/p>\n\n<div class=\"sp-wrap sp-wrap-green\">\n<div class=\"sp-head\" title=\"Erweitern\">\nErgebnisse ansehen\n<\/div>\n<div class=\"sp-body folded\">\n<table class=\"tablerpt\">\n<tbody>\n<tr>\n<td class=\"lineheaderc\" colspan=\"5\" width=\"480\">Dreieck Schweinfurt gem.<\/td>\n<td class=\"lineheaderc\" colspan=\"5\" width=\"480\" height=\"20\">DT Gemischt 1<\/td>\n<\/tr>\n<tr>\n<td class=\"lineheader\" height=\"20\">Name<\/td>\n<td class=\"lineheaderc\">Volle<\/td>\n<td class=\"lineheaderc\">R\u00e4umen<\/td>\n<td class=\"lineheaderc\">Fehler<\/td>\n<td class=\"lineheaderc\">Gesamt<\/td>\n<td class=\"lineheaderc\">Gesamt<\/td>\n<td class=\"lineheaderc\">Fehler<\/td>\n<td class=\"lineheaderc\">R\u00e4umen<\/td>\n<td class=\"lineheaderc\">Volle<\/td>\n<td class=\"lineheaderc\">Name<\/td>\n<\/tr>\n<tr>\n<td class=\"cellborder\" height=\"20\">Jelitto Monika<\/td>\n<td class=\"cellborderc\">268<\/td>\n<td class=\"cellborderc\">124<\/td>\n<td class=\"cellborderc\">5<\/td>\n<td class=\"cellborderc\">392<\/td>\n<td class=\"cellborderc\">352<\/td>\n<td class=\"cellborderc\">19<\/td>\n<td class=\"cellborderc\">76<\/td>\n<td class=\"cellborderc\">276<\/td>\n<td class=\"cellborder\" align=\"right\">Krieger Christine<\/td>\n<\/tr>\n<tr>\n<td class=\"cellborder\" height=\"20\">Brandl Edith<\/td>\n<td class=\"cellborderc\">256<\/td>\n<td class=\"cellborderc\">84<\/td>\n<td class=\"cellborderc\">21<\/td>\n<td class=\"cellborderc\">340<\/td>\n<td class=\"cellborderc\">423<\/td>\n<td class=\"cellborderc\">7<\/td>\n<td class=\"cellborderc\">129<\/td>\n<td class=\"cellborderc\">294<\/td>\n<td class=\"cellborder\" align=\"right\">Hofstetter Burkard<\/td>\n<\/tr>\n<tr>\n<td class=\"cellborder\" height=\"20\">Habl Edith<\/td>\n<td class=\"cellborderc\">288<\/td>\n<td class=\"cellborderc\">95<\/td>\n<td class=\"cellborderc\">9<\/td>\n<td class=\"cellborderc\">383<\/td>\n<td class=\"cellborderc\">408<\/td>\n<td class=\"cellborderc\">6<\/td>\n<td class=\"cellborderc\">117<\/td>\n<td class=\"cellborderc\">291<\/td>\n<td class=\"cellborder\" align=\"right\">Argiropoulos, Georgios<\/td>\n<\/tr>\n<tr>\n<td class=\"cellborder\" height=\"20\">Klein Kurt<\/td>\n<td class=\"cellborderc\">274<\/td>\n<td class=\"cellborderc\">97<\/td>\n<td class=\"cellborderc\">17<\/td>\n<td class=\"cellborderc\">371<\/td>\n<td class=\"cellborderc\">345<\/td>\n<td class=\"cellborderc\">20<\/td>\n<td class=\"cellborderc\">67<\/td>\n<td class=\"cellborderc\">278<\/td>\n<td class=\"cellborder\" align=\"right\">Nacke Walter<\/td>\n<\/tr>\n<tr>\n<td colspan=\"5\">\n<table class=\"tablerpt\">\n<tbody>\n<tr>\n<td class=\"lineheaderc\">Differenz<\/td>\n<td class=\"lineheaderc\">Volle<\/td>\n<td class=\"lineheaderc\">R\u00e4umen<\/td>\n<td class=\"lineheaderc\">Fehler<\/td>\n<td class=\"lineheaderc\">Gesamt<\/td>\n<\/tr>\n<tr>\n<td class=\"cellborderc\">-42<\/td>\n<td class=\"cellborderc\">1086<\/td>\n<td class=\"cellborderc\">400<\/td>\n<td class=\"cellborderc\">52<\/td>\n<td class=\"cellborderc\">1486<\/td>\n<\/tr>\n<\/tbody>\n<\/table>\n<\/td>\n<td colspan=\"5\">\n<table class=\"tablerpt\">\n<tbody>\n<tr>\n<td class=\"lineheaderc\">Gesamt<\/td>\n<td class=\"lineheaderc\">Fehler<\/td>\n<td class=\"lineheaderc\">R\u00e4umen<\/td>\n<td class=\"lineheaderc\">Volle<\/td>\n<td class=\"lineheaderc\">Differenz<\/td>\n<\/tr>\n<tr>\n<td class=\"cellborderc\">1528<\/td>\n<td class=\"cellborderc\">52<\/td>\n<td class=\"cellborderc\">389<\/td>\n<td class=\"cellborderc\">1139<\/td>\n<td class=\"cellborderc\">+42<\/td>\n<\/tr>\n<\/tbody>\n<\/table>\n<\/td>\n<\/tr>\n<\/tbody>\n<\/table>\n<p>\n<\/div>\n<\/div>\n<br \/>\n<b>Gemischt 2<\/b><\/p>\n<p class=\"RundschauStandardText\"><span style=\"color: black;\"><strong>Niederlage in Gerolzhofen<\/strong><br \/>\nUnsere 2. gemischte Mannschaft konnte in Gerolzhofen keine Punkte einfahren. Die erspielten Ergebnisse k\u00f6nnen sich aber durchaus sehen lassen. Leider liegt uns keine aktuelle Tabelle vor, allerdings d\u00fcrfte die Mannschaft im guten Mittelfeld liegen, sodass wir die Saison n\u00e4chste Woche \u2013 hoffentlich mit einem Sieg \u2013 erfolgreich abschlie\u00dfen k\u00f6nnen.<br \/>\n<\/span><\/p>\n\n<div class=\"sp-wrap sp-wrap-green\">\n<div class=\"sp-head\" title=\"Erweitern\">\nErgebnisse ansehen\n<\/div>\n<div class=\"sp-body folded\">\n<\/p>\n<table class=\"tablerpt\">\n<tbody>\n<tr>\n<td class=\"lineheaderc\" colspan=\"5\" width=\"480\">Gerolzhofen gem.<\/td>\n<td class=\"lineheaderc\" colspan=\"5\" width=\"480\" height=\"20\">DT Gemischt 2<\/td>\n<\/tr>\n<tr>\n<td class=\"lineheader\" height=\"20\">Name<\/td>\n<td class=\"lineheaderc\">Volle<\/td>\n<td class=\"lineheaderc\">R\u00e4umen<\/td>\n<td class=\"lineheaderc\">Fehler<\/td>\n<td class=\"lineheaderc\">Gesamt<\/td>\n<td class=\"lineheaderc\">Gesamt<\/td>\n<td class=\"lineheaderc\">Fehler<\/td>\n<td class=\"lineheaderc\">R\u00e4umen<\/td>\n<td class=\"lineheaderc\">Volle<\/td>\n<td class=\"lineheaderc\">Name<\/td>\n<\/tr>\n<tr>\n<td class=\"cellborder\" height=\"20\">Kraus Luzia<\/td>\n<td class=\"cellborderc\">308<\/td>\n<td class=\"cellborderc\">106<\/td>\n<td class=\"cellborderc\">11<\/td>\n<td class=\"cellborderc\">414<\/td>\n<td class=\"cellborderc\">332<\/td>\n<td class=\"cellborderc\">19<\/td>\n<td class=\"cellborderc\">80<\/td>\n<td class=\"cellborderc\">252<\/td>\n<td class=\"cellborder\" align=\"right\">Kuntschar Andreas\/Kimmel Herbert<\/td>\n<\/tr>\n<tr>\n<td class=\"cellborder\" height=\"20\">F\u00e4rber Karl-Heinz<\/td>\n<td class=\"cellborderc\">248<\/td>\n<td class=\"cellborderc\">96<\/td>\n<td class=\"cellborderc\">13<\/td>\n<td class=\"cellborderc\">344<\/td>\n<td class=\"cellborderc\">393<\/td>\n<td class=\"cellborderc\">11<\/td>\n<td class=\"cellborderc\">102<\/td>\n<td class=\"cellborderc\">291<\/td>\n<td class=\"cellborder\" align=\"right\">Ludewig J\u00f6rg<\/td>\n<\/tr>\n<tr>\n<td class=\"cellborder\" height=\"20\">Gessendorfer Birgit<\/td>\n<td class=\"cellborderc\">292<\/td>\n<td class=\"cellborderc\">89<\/td>\n<td class=\"cellborderc\">19<\/td>\n<td class=\"cellborderc\">381<\/td>\n<td class=\"cellborderc\">324<\/td>\n<td class=\"cellborderc\">15<\/td>\n<td class=\"cellborderc\">79<\/td>\n<td class=\"cellborderc\">245<\/td>\n<td class=\"cellborder\" align=\"right\">Kuntschar Pia<\/td>\n<\/tr>\n<tr>\n<td class=\"cellborder\" height=\"20\">Br\u00e4utigam Harald<\/td>\n<td class=\"cellborderc\">274<\/td>\n<td class=\"cellborderc\">105<\/td>\n<td class=\"cellborderc\">13<\/td>\n<td class=\"cellborderc\">379<\/td>\n<td class=\"cellborderc\">424<\/td>\n<td class=\"cellborderc\">7<\/td>\n<td class=\"cellborderc\">135<\/td>\n<td class=\"cellborderc\">289<\/td>\n<td class=\"cellborder\" align=\"right\">N\u00f6th Reinhold<\/td>\n<\/tr>\n<tr>\n<td colspan=\"5\">\n<table class=\"tablerpt\">\n<tbody>\n<tr>\n<td class=\"lineheaderc\">Differenz<\/td>\n<td class=\"lineheaderc\">Volle<\/td>\n<td class=\"lineheaderc\">R\u00e4umen<\/td>\n<td class=\"lineheaderc\">Fehler<\/td>\n<td class=\"lineheaderc\">Gesamt<\/td>\n<\/tr>\n<tr>\n<td class=\"cellborderc\">+45<\/td>\n<td class=\"cellborderc\">1122<\/td>\n<td class=\"cellborderc\">396<\/td>\n<td class=\"cellborderc\">56<\/td>\n<td class=\"cellborderc\">1518<\/td>\n<\/tr>\n<\/tbody>\n<\/table>\n<\/td>\n<td colspan=\"5\">\n<table class=\"tablerpt\">\n<tbody>\n<tr>\n<td class=\"lineheaderc\">Gesamt<\/td>\n<td class=\"lineheaderc\">Fehler<\/td>\n<td class=\"lineheaderc\">R\u00e4umen<\/td>\n<td class=\"lineheaderc\">Volle<\/td>\n<td class=\"lineheaderc\">Differenz<\/td>\n<\/tr>\n<tr>\n<td class=\"cellborderc\">1473<\/td>\n<td class=\"cellborderc\">52<\/td>\n<td class=\"cellborderc\">396<\/td>\n<td class=\"cellborderc\">1077<\/td>\n<td class=\"cellborderc\">-45<\/td>\n<\/tr>\n<\/tbody>\n<\/table>\n<\/td>\n<\/tr>\n<\/tbody>\n<\/table>\n<p>\n<\/div>\n<\/div>\n\n","protected":false},"excerpt":{"rendered":"<p>Herren 1 Unentschieden im spannenden Match! In einem spannenden Ausw\u00e4rtsspiel ging es hin und her. Oliver hatte nicht seinen besten Tag und spielte f\u00fcr ihn ungew\u00f6hnlich viele Fehlw\u00fcrfe, da er <a href=\"https:\/\/www.doppelturm.de\/?page_id=1349\" class=\"more-link\">[&hellip;]<\/a><\/p>\n","protected":false},"author":2,"featured_media":0,"parent":1621,"menu_order":20,"comment_status":"closed","ping_status":"closed","template":"","meta":{"Layout":""},"_links":{"self":[{"href":"https:\/\/www.doppelturm.de\/index.php?rest_route=\/wp\/v2\/pages\/1349"}],"collection":[{"href":"https:\/\/www.doppelturm.de\/index.php?rest_route=\/wp\/v2\/pages"}],"about":[{"href":"https:\/\/www.doppelturm.de\/index.php?rest_route=\/wp\/v2\/types\/page"}],"author":[{"embeddable":true,"href":"https:\/\/www.doppelturm.de\/index.php?rest_route=\/wp\/v2\/users\/2"}],"replies":[{"embeddable":true,"href":"https:\/\/www.doppelturm.de\/index.php?rest_route=%2Fwp%2Fv2%2Fcomments&post=1349"}],"version-history":[{"count":4,"href":"https:\/\/www.doppelturm.de\/index.php?rest_route=\/wp\/v2\/pages\/1349\/revisions"}],"predecessor-version":[{"id":1356,"href":"https:\/\/www.doppelturm.de\/index.php?rest_route=\/wp\/v2\/pages\/1349\/revisions\/1356"}],"up":[{"embeddable":true,"href":"https:\/\/www.doppelturm.de\/index.php?rest_route=\/wp\/v2\/pages\/1621"}],"wp:attachment":[{"href":"https:\/\/www.doppelturm.de\/index.php?rest_route=%2Fwp%2Fv2%2Fmedia&parent=1349"}],"curies":[{"name":"wp","href":"https:\/\/api.w.org\/{rel}","templated":true}]}}