{"id":1274,"date":"2017-03-13T09:37:13","date_gmt":"2017-03-13T08:37:13","guid":{"rendered":"http:\/\/www.doppelturm.de\/?page_id=1274"},"modified":"2017-10-10T10:20:17","modified_gmt":"2017-10-10T08:20:17","slug":"spieltag-11-12-03-2017","status":"publish","type":"page","link":"https:\/\/www.doppelturm.de\/?page_id=1274","title":{"rendered":"Spieltag 11.+12.03.2017"},"content":{"rendered":"<p><b>Herren 1<\/b><\/p>\n<p class=\"RundschauStandardText\"><span style=\"color: black;\">Ungef\u00e4hrdeter Heimsieg<br \/>\nIm Startpaar legte Oliver mit seinem Tagesbestwert von 570 Holz gleich richtig los und holte viel Holz heraus und nat\u00fcrlich auch den Mannschaftspunkt. Ersatzspieler Leo aus der Jugend half bereits zum zweiten Mal in dieser Saison aus, machte auch diesmal seine Sache wieder super und erreichte ein gutes Ergebnis. Da sein Gegner der Beste von Herschfeld war, ging leider der Mannschaftspunkt verloren. Sascha und Matthias nahmen somit 40 Holz Vorsprung mit auf die Bahnen und lie\u00dfen sich diesen nat\u00fcrlich nicht nehmen, holten Ihre Mannschaftspunkte und legten noch ein paar Holz drauf. Somit bleibt die Mannschaft nat\u00fcrlich weiter Tabellenf\u00fchrer und alle dr\u00fccken die Daumen f\u00fcr die letzten beiden Spiele.<br \/>\n<\/span><\/p>\n<table class=\"tablerpt\">\n<tbody>\n<tr>\n<td class=\"lineheaderc\" colspan=\"7\" width=\"480\">DT Herren 1<\/td>\n<td class=\"lineheaderc\" colspan=\"7\" width=\"480\" height=\"20\">Herschfeld 2<\/td>\n<\/tr>\n<tr>\n<td class=\"lineheader\" height=\"20\">Name<\/td>\n<td class=\"lineheaderc\">D 1<\/td>\n<td class=\"lineheaderc\">D 2<\/td>\n<td class=\"lineheaderc\">D 3<\/td>\n<td class=\"lineheaderc\">D 4<\/td>\n<td class=\"lineheaderc\">Gesamt<\/td>\n<td class=\"lineheaderc\">MP<\/td>\n<td class=\"lineheaderc\">MP<\/td>\n<td class=\"lineheaderc\">Gesamt<\/td>\n<td class=\"lineheaderc\">D 4<\/td>\n<td class=\"lineheaderc\">D 3<\/td>\n<td class=\"lineheaderc\">D 2<\/td>\n<td class=\"lineheaderc\">D 1<\/td>\n<td class=\"lineheaderc\">Name<\/td>\n<\/tr>\n<tr>\n<td class=\"cellborder\" height=\"20\">Werner Oliver<\/td>\n<td class=\"cellborderc\">147<\/td>\n<td class=\"cellborderc\">132<\/td>\n<td class=\"cellborderc\">139<\/td>\n<td class=\"cellborderc\">152<\/td>\n<td class=\"cellborderc\">570<\/td>\n<td class=\"cellborderc\">1<\/td>\n<td class=\"cellborderc\">0<\/td>\n<td class=\"cellborderc\">503<\/td>\n<td class=\"cellborderc\">124<\/td>\n<td class=\"cellborderc\">132<\/td>\n<td class=\"cellborderc\">127<\/td>\n<td class=\"cellborderc\">120<\/td>\n<td class=\"cellborder\" align=\"right\">Abert Bernd<\/td>\n<\/tr>\n<tr>\n<td class=\"cellborder\" height=\"20\">Weigand Leo<\/td>\n<td class=\"cellborderc\">126<\/td>\n<td class=\"cellborderc\">129<\/td>\n<td class=\"cellborderc\">118<\/td>\n<td class=\"cellborderc\">125<\/td>\n<td class=\"cellborderc\">498<\/td>\n<td class=\"cellborderc\">0<\/td>\n<td class=\"cellborderc\">1<\/td>\n<td class=\"cellborderc\">525<\/td>\n<td class=\"cellborderc\">135<\/td>\n<td class=\"cellborderc\">113<\/td>\n<td class=\"cellborderc\">135<\/td>\n<td class=\"cellborderc\">142<\/td>\n<td class=\"cellborder\" align=\"right\">Bach, Karl-Heinz<\/td>\n<\/tr>\n<tr>\n<td class=\"cellborder\" height=\"20\">M\u00fcller Sascha<\/td>\n<td class=\"cellborderc\">126<\/td>\n<td class=\"cellborderc\">129<\/td>\n<td class=\"cellborderc\">118<\/td>\n<td class=\"cellborderc\">125<\/td>\n<td class=\"cellborderc\">514<\/td>\n<td class=\"cellborderc\">1<\/td>\n<td class=\"cellborderc\">0<\/td>\n<td class=\"cellborderc\">495<\/td>\n<td class=\"cellborderc\">127<\/td>\n<td class=\"cellborderc\">118<\/td>\n<td class=\"cellborderc\">137<\/td>\n<td class=\"cellborderc\">113<\/td>\n<td class=\"cellborder\" align=\"right\">Kugler Burkard<\/td>\n<\/tr>\n<tr>\n<td class=\"cellborder\" height=\"20\">Braun Matthias<\/td>\n<td class=\"cellborderc\">134<\/td>\n<td class=\"cellborderc\">131<\/td>\n<td class=\"cellborderc\">149<\/td>\n<td class=\"cellborderc\">145<\/td>\n<td class=\"cellborderc\">559<\/td>\n<td class=\"cellborderc\">1<\/td>\n<td class=\"cellborderc\">0<\/td>\n<td class=\"cellborderc\">511<\/td>\n<td class=\"cellborderc\">122<\/td>\n<td class=\"cellborderc\">128<\/td>\n<td class=\"cellborderc\">132<\/td>\n<td class=\"cellborderc\">129<\/td>\n<td class=\"cellborder\" align=\"right\">M\u00fcller Andreas<\/td>\n<\/tr>\n<tr>\n<td colspan=\"7\">\n<table class=\"tablerpt\">\n<tbody>\n<tr>\n<td class=\"lineheaderc\">Differenz<\/td>\n<td class=\"lineheaderc\">Volle<\/td>\n<td class=\"lineheaderc\">R\u00e4umen<\/td>\n<td class=\"lineheaderc\">Fehler<\/td>\n<td class=\"lineheaderc\">Gesamt<\/td>\n<td class=\"lineheaderc\">MP<\/td>\n<\/tr>\n<tr>\n<td class=\"cellborderc\">+107<\/td>\n<td class=\"cellborderc\">1490<\/td>\n<td class=\"cellborderc\">651<\/td>\n<td class=\"cellborderc\">23<\/td>\n<td class=\"cellborderc\">2141<\/td>\n<td class=\"cellborderc\">5<\/td>\n<\/tr>\n<\/tbody>\n<\/table>\n<\/td>\n<td colspan=\"7\">\n<table class=\"tablerpt\">\n<tbody>\n<tr>\n<td class=\"lineheaderc\">MP<\/td>\n<td class=\"lineheaderc\">Gesamt<\/td>\n<td class=\"lineheaderc\">Fehler<\/td>\n<td class=\"lineheaderc\">R\u00e4umen<\/td>\n<td class=\"lineheaderc\">Volle<\/td>\n<td class=\"lineheaderc\">Differenz<\/td>\n<\/tr>\n<tr>\n<td class=\"cellborderc\">1<\/td>\n<td class=\"cellborderc\">2034<\/td>\n<td class=\"cellborderc\">28<\/td>\n<td class=\"cellborderc\">612<\/td>\n<td class=\"cellborderc\">1422<\/td>\n<td class=\"cellborderc\">-107<\/td>\n<\/tr>\n<\/tbody>\n<\/table>\n<\/td>\n<\/tr>\n<\/tbody>\n<\/table>\n<p><b>Damen<\/b><\/p>\n<p class=\"RundschauStandardText\"><span style=\"color: black;\">Gegen unsere G\u00e4ste aus Karlstadt ging es gleich spannend in die Partie. W\u00e4hrend Helena Ihren Punkt zu Beginn sicher holte, musste Emily, trotz 32 Holz Vorsprung, ihren Punkt abgeben. Im Mittelpaar verlor Anni ebenfalls ihren Punkt, w\u00e4hrend Conni mit Ihrem Tagesbestergebnis den Punkt und gut Holz rausholte. Im Schluss gewann Jenny eindeutig gegen ihre Gegnerin und Daniela teilte sich den Mannschaftspunkt durch Punkt- und Holzgleichheit.<br \/>\n<\/span><\/p>\n<table class=\"tablerpt\">\n<tbody>\n<tr>\n<td class=\"lineheaderc\" colspan=\"7\" width=\"480\" height=\"20\">DT Damen<\/td>\n<td class=\"lineheaderc\" colspan=\"7\" width=\"480\">Gut Holz Karlstadt<\/td>\n<\/tr>\n<tr>\n<td class=\"lineheader\" height=\"20\">Name<\/td>\n<td class=\"lineheaderc\">D 1<\/td>\n<td class=\"lineheaderc\">D 2<\/td>\n<td class=\"lineheaderc\">D 3<\/td>\n<td class=\"lineheaderc\">D 4<\/td>\n<td class=\"lineheaderc\">Gesamt<\/td>\n<td class=\"lineheaderc\">MP<\/td>\n<td class=\"lineheaderc\">MP<\/td>\n<td class=\"lineheaderc\">Gesamt<\/td>\n<td class=\"lineheaderc\">D 4<\/td>\n<td class=\"lineheaderc\">D 3<\/td>\n<td class=\"lineheaderc\">D 2<\/td>\n<td class=\"lineheaderc\">D 1<\/td>\n<td class=\"lineheaderc\">Name<\/td>\n<\/tr>\n<tr>\n<td class=\"cellborder\" height=\"20\">Braun Emily<\/td>\n<td class=\"cellborderc\">116<\/td>\n<td class=\"cellborderc\">115<\/td>\n<td class=\"cellborderc\">131<\/td>\n<td class=\"cellborderc\">125<\/td>\n<td class=\"cellborderc\">487<\/td>\n<td class=\"cellborderc\">0<\/td>\n<td class=\"cellborderc\">1<\/td>\n<td class=\"cellborderc\">455<\/td>\n<td class=\"cellborderc\">125<\/td>\n<td class=\"cellborderc\">88<\/td>\n<td class=\"cellborderc\">121<\/td>\n<td class=\"cellborderc\">121<\/td>\n<td class=\"cellborder\" align=\"right\">Interwies, Veronika<\/td>\n<\/tr>\n<tr>\n<td class=\"cellborder\" height=\"20\">N\u00f6th Helena<\/td>\n<td class=\"cellborderc\">138<\/td>\n<td class=\"cellborderc\">118<\/td>\n<td class=\"cellborderc\">113<\/td>\n<td class=\"cellborderc\">135<\/td>\n<td class=\"cellborderc\">504<\/td>\n<td class=\"cellborderc\">1<\/td>\n<td class=\"cellborderc\">0<\/td>\n<td class=\"cellborderc\">476<\/td>\n<td class=\"cellborderc\">116<\/td>\n<td class=\"cellborderc\">118<\/td>\n<td class=\"cellborderc\">89<\/td>\n<td class=\"cellborderc\">153<\/td>\n<td class=\"cellborder\" align=\"right\">Tautorat, Brigitte<\/td>\n<\/tr>\n<tr>\n<td class=\"cellborder\" height=\"20\">R\u00f6sch Anni<\/td>\n<td class=\"cellborderc\">123<\/td>\n<td class=\"cellborderc\">121<\/td>\n<td class=\"cellborderc\">134<\/td>\n<td class=\"cellborderc\">115<\/td>\n<td class=\"cellborderc\">493<\/td>\n<td class=\"cellborderc\">0<\/td>\n<td class=\"cellborderc\">1<\/td>\n<td class=\"cellborderc\">521<\/td>\n<td class=\"cellborderc\">135<\/td>\n<td class=\"cellborderc\">134<\/td>\n<td class=\"cellborderc\">115<\/td>\n<td class=\"cellborderc\">137<\/td>\n<td class=\"cellborder\" align=\"right\">Weidl, Ilona<\/td>\n<\/tr>\n<tr>\n<td class=\"cellborder\" height=\"20\">Murphy Corinna<\/td>\n<td class=\"cellborderc\">128<\/td>\n<td class=\"cellborderc\">140<\/td>\n<td class=\"cellborderc\">123<\/td>\n<td class=\"cellborderc\">143<\/td>\n<td class=\"cellborderc\">534<\/td>\n<td class=\"cellborderc\">1<\/td>\n<td class=\"cellborderc\">0<\/td>\n<td class=\"cellborderc\">453<\/td>\n<td class=\"cellborderc\">105<\/td>\n<td class=\"cellborderc\">106<\/td>\n<td class=\"cellborderc\">124<\/td>\n<td class=\"cellborderc\">118<\/td>\n<td class=\"cellborder\" align=\"right\">Spengler, Beate<\/td>\n<\/tr>\n<tr>\n<td class=\"cellborder\" height=\"20\">Eisenhut Daniela<\/td>\n<td class=\"cellborderc\">117<\/td>\n<td class=\"cellborderc\">128<\/td>\n<td class=\"cellborderc\">124<\/td>\n<td class=\"cellborderc\">138<\/td>\n<td class=\"cellborderc\">507<\/td>\n<td class=\"cellborderc\">0,5<\/td>\n<td class=\"cellborderc\">0,5<\/td>\n<td class=\"cellborderc\">507<\/td>\n<td class=\"cellborderc\">137<\/td>\n<td class=\"cellborderc\">135<\/td>\n<td class=\"cellborderc\">111<\/td>\n<td class=\"cellborderc\">124<\/td>\n<td class=\"cellborder\" align=\"right\">Weisenberger, Ursula<\/td>\n<\/tr>\n<tr>\n<td class=\"cellborder\" height=\"20\">Mauder Jennefer<\/td>\n<td class=\"cellborderc\">114<\/td>\n<td class=\"cellborderc\">142<\/td>\n<td class=\"cellborderc\">117<\/td>\n<td class=\"cellborderc\">138<\/td>\n<td class=\"cellborderc\">512<\/td>\n<td class=\"cellborderc\">1<\/td>\n<td class=\"cellborderc\">0<\/td>\n<td class=\"cellborderc\">478<\/td>\n<td class=\"cellborderc\">122<\/td>\n<td class=\"cellborderc\">113<\/td>\n<td class=\"cellborderc\">121<\/td>\n<td class=\"cellborderc\">122<\/td>\n<td class=\"cellborder\" align=\"right\">Interwies, Daniela<\/td>\n<\/tr>\n<tr>\n<td colspan=\"7\">\n<table class=\"tablerpt\">\n<tbody>\n<tr>\n<td class=\"lineheaderc\">Differenz<\/td>\n<td class=\"lineheaderc\">Volle<\/td>\n<td class=\"lineheaderc\">R\u00e4umen<\/td>\n<td class=\"lineheaderc\">Fehler<\/td>\n<td class=\"lineheaderc\">Gesamt<\/td>\n<td class=\"lineheaderc\">MP<\/td>\n<\/tr>\n<tr>\n<td class=\"cellborderc\">+147<\/td>\n<td class=\"cellborderc\">2074<\/td>\n<td class=\"cellborderc\">963<\/td>\n<td class=\"cellborderc\">40<\/td>\n<td class=\"cellborderc\">3037<\/td>\n<td class=\"cellborderc\">5,5<\/td>\n<\/tr>\n<\/tbody>\n<\/table>\n<\/td>\n<td colspan=\"7\">\n<table class=\"tablerpt\">\n<tbody>\n<tr>\n<td class=\"lineheaderc\">MP<\/td>\n<td class=\"lineheaderc\">Gesamt<\/td>\n<td class=\"lineheaderc\">Fehler<\/td>\n<td class=\"lineheaderc\">R\u00e4umen<\/td>\n<td class=\"lineheaderc\">Volle<\/td>\n<td class=\"lineheaderc\">Differenz<\/td>\n<\/tr>\n<tr>\n<td class=\"cellborderc\">2,5<\/td>\n<td class=\"cellborderc\">2890<\/td>\n<td class=\"cellborderc\">68<\/td>\n<td class=\"cellborderc\">873<\/td>\n<td class=\"cellborderc\">2890<\/td>\n<td class=\"cellborderc\">-147<\/td>\n<\/tr>\n<\/tbody>\n<\/table>\n<\/td>\n<\/tr>\n<\/tbody>\n<\/table>\n<p><b>Herren 2<\/b><\/p>\n<p class=\"RundschauStandardText\"><span style=\"color: black;\">Durchschnittliche Ergebnisse unserer 2. Herrenmannschaft hat nicht f\u00fcr einen Sieg im Heimspiel gegen Ebern gereicht. Zu Beginn konnte man beide Punkte knapp gewinnen und schickte das Schlusspaar mit 2:0-F\u00fchrung und 12 Holz Vorsprung auf die Bahn. Hier mussten allerdings beide Punkte hergegeben werden und der geringe Vorsprung war auch schnell dahin. Die letzten beide Spiele m\u00fcssen das Team noch einmal punkten, um den Abstieg sicher zu vermeiden.<br \/>\n<\/span><\/p>\n<table class=\"tablerpt\">\n<tbody>\n<tr>\n<td class=\"lineheaderc\" colspan=\"7\" width=\"480\" height=\"20\">DT Herren 2<\/td>\n<td class=\"lineheaderc\" colspan=\"7\" width=\"480\">TV Ebern<\/td>\n<\/tr>\n<tr>\n<td class=\"lineheader\" height=\"20\">Name<\/td>\n<td class=\"lineheaderc\">D 1<\/td>\n<td class=\"lineheaderc\">D 2<\/td>\n<td class=\"lineheaderc\">D 3<\/td>\n<td class=\"lineheaderc\">D 4<\/td>\n<td class=\"lineheaderc\">Gesamt<\/td>\n<td class=\"lineheaderc\">MP<\/td>\n<td class=\"lineheaderc\" height=\"20\">MP<\/td>\n<td class=\"lineheaderc\">Gesamt<\/td>\n<td class=\"lineheaderc\">D 4<\/td>\n<td class=\"lineheaderc\">D 3<\/td>\n<td class=\"lineheaderc\">D 2<\/td>\n<td class=\"lineheaderc\">D 1<\/td>\n<td class=\"lineheaderc\">Name<\/td>\n<\/tr>\n<tr>\n<td class=\"cellborder\" height=\"20\">Lohrey, Gerhard<\/td>\n<td class=\"cellborderc\">126<\/td>\n<td class=\"cellborderc\">113<\/td>\n<td class=\"cellborderc\">130<\/td>\n<td class=\"cellborderc\">119<\/td>\n<td class=\"cellborderc\">488<\/td>\n<td class=\"cellborderc\">1<\/td>\n<td class=\"cellborderc\">0<\/td>\n<td class=\"cellborderc\">480<\/td>\n<td class=\"cellborderc\">116<\/td>\n<td class=\"cellborderc\">115<\/td>\n<td class=\"cellborderc\">121<\/td>\n<td class=\"cellborderc\">128<\/td>\n<td class=\"cellborder\" align=\"right\">Lurz, Stefan<\/td>\n<\/tr>\n<tr>\n<td class=\"cellborder\" height=\"20\">Borowski, Wolfgang<\/td>\n<td class=\"cellborderc\">110<\/td>\n<td class=\"cellborderc\">111<\/td>\n<td class=\"cellborderc\">125<\/td>\n<td class=\"cellborderc\">114<\/td>\n<td class=\"cellborderc\">460<\/td>\n<td class=\"cellborderc\">1<\/td>\n<td class=\"cellborderc\">0<\/td>\n<td class=\"cellborderc\">456<\/td>\n<td class=\"cellborderc\">127<\/td>\n<td class=\"cellborderc\">124<\/td>\n<td class=\"cellborderc\">105<\/td>\n<td class=\"cellborderc\">100<\/td>\n<td class=\"cellborder\" align=\"right\">Diringer, Ulf<\/td>\n<\/tr>\n<tr>\n<td class=\"cellborder\" height=\"20\">Argiropoulos, Georgios<\/td>\n<td class=\"cellborderc\">107<\/td>\n<td class=\"cellborderc\">125<\/td>\n<td class=\"cellborderc\">126<\/td>\n<td class=\"cellborderc\">119<\/td>\n<td class=\"cellborderc\">477<\/td>\n<td class=\"cellborderc\">0<\/td>\n<td class=\"cellborderc\">1<\/td>\n<td class=\"cellborderc\">527<\/td>\n<td class=\"cellborderc\">147<\/td>\n<td class=\"cellborderc\">135<\/td>\n<td class=\"cellborderc\">114<\/td>\n<td class=\"cellborderc\">131<\/td>\n<td class=\"cellborder\" align=\"right\">Sp\u00e4th, Sebastian<\/td>\n<\/tr>\n<tr>\n<td class=\"cellborder\" height=\"20\">Mauder, Hermann<\/td>\n<td class=\"cellborderc\">116<\/td>\n<td class=\"cellborderc\">131<\/td>\n<td class=\"cellborderc\">144<\/td>\n<td class=\"cellborderc\">113<\/td>\n<td class=\"cellborderc\">504<\/td>\n<td class=\"cellborderc\">0<\/td>\n<td class=\"cellborderc\">1<\/td>\n<td class=\"cellborderc\">516<\/td>\n<td class=\"cellborderc\">132<\/td>\n<td class=\"cellborderc\">135<\/td>\n<td class=\"cellborderc\">126<\/td>\n<td class=\"cellborderc\">123<\/td>\n<td class=\"cellborder\" align=\"right\">Dietz, Achim<\/td>\n<\/tr>\n<tr>\n<td colspan=\"7\">\n<table class=\"tablerpt\">\n<tbody>\n<tr>\n<td class=\"lineheaderc\">Differenz<\/td>\n<td class=\"lineheaderc\">Volle<\/td>\n<td class=\"lineheaderc\">R\u00e4umen<\/td>\n<td class=\"lineheaderc\">Fehler<\/td>\n<td class=\"lineheaderc\">Gesamt<\/td>\n<td class=\"lineheaderc\">MP<\/td>\n<\/tr>\n<tr>\n<td class=\"cellborderc\">-50<\/td>\n<td class=\"cellborderc\">1360<\/td>\n<td class=\"cellborderc\">569<\/td>\n<td class=\"cellborderc\">46<\/td>\n<td class=\"cellborderc\">1929<\/td>\n<td class=\"cellborderc\">2<\/td>\n<\/tr>\n<\/tbody>\n<\/table>\n<\/td>\n<td colspan=\"7\">\n<table class=\"tablerpt\">\n<tbody>\n<tr>\n<td class=\"lineheaderc\">MP<\/td>\n<td class=\"lineheaderc\">Gesamt<\/td>\n<td class=\"lineheaderc\">Fehler<\/td>\n<td class=\"lineheaderc\">R\u00e4umen<\/td>\n<td class=\"lineheaderc\">Volle<\/td>\n<td class=\"lineheaderc\">Differenz<\/td>\n<\/tr>\n<tr>\n<td class=\"cellborderc\">4<\/td>\n<td class=\"cellborderc\">1979<\/td>\n<td class=\"cellborderc\">40<\/td>\n<td class=\"cellborderc\">600<\/td>\n<td class=\"cellborderc\">1379<\/td>\n<td class=\"cellborderc\">+50<\/td>\n<\/tr>\n<\/tbody>\n<\/table>\n<\/td>\n<\/tr>\n<\/tbody>\n<\/table>\n<p><b>Gemischt 1<\/b><\/p>\n<p class=\"RundschauStandardText\"><span style=\"color: black;\">Knappe Niederlage im Spitzenspiel<br \/>\nTrotz gute Ergebnisse hat es beim Spitzenspiel (Tabellenersten gegen Tabellenzweiten) nicht zu einem Heimsieg gereicht. Das Spiel begann gut f\u00fcr unsere Mannschaft, in dem nach mit 33 Holz in F\u00fchrung ging. Im Schlusspaar schmolz der Vorsprung und am Ende musste man sich leider mit lediglich 12 Holz geschlagen geben.<br \/>\n<\/span><\/p>\n<table class=\"tablerpt\">\n<tbody>\n<tr>\n<td class=\"lineheaderc\" colspan=\"5\" width=\"480\">DT Gemischt 1<\/td>\n<td class=\"lineheaderc\" colspan=\"5\" width=\"480\" height=\"20\">Dittelbrunn<\/td>\n<\/tr>\n<tr>\n<td class=\"lineheader\" height=\"20\">Name<\/td>\n<td class=\"lineheaderc\">Volle<\/td>\n<td class=\"lineheaderc\">R\u00e4umen<\/td>\n<td class=\"lineheaderc\">Fehler<\/td>\n<td class=\"lineheaderc\">Gesamt<\/td>\n<td class=\"lineheaderc\">Gesamt<\/td>\n<td class=\"lineheaderc\">Fehler<\/td>\n<td class=\"lineheaderc\">R\u00e4umen<\/td>\n<td class=\"lineheaderc\">Volle<\/td>\n<td class=\"lineheaderc\">Name<\/td>\n<\/tr>\n<tr>\n<td class=\"cellborder\" height=\"20\">Krieger Christine<\/td>\n<td class=\"cellborderc\"><\/td>\n<td class=\"cellborderc\"><\/td>\n<td class=\"cellborderc\"><\/td>\n<td class=\"cellborderc\"><\/td>\n<td class=\"cellborderc\"><\/td>\n<td class=\"cellborderc\"><\/td>\n<td class=\"cellborderc\"><\/td>\n<td class=\"cellborderc\"><\/td>\n<td class=\"cellborder\" align=\"right\"><\/td>\n<\/tr>\n<tr>\n<td class=\"cellborder\" height=\"20\">Hofstetter Burkard<\/td>\n<td class=\"cellborderc\"><\/td>\n<td class=\"cellborderc\"><\/td>\n<td class=\"cellborderc\"><\/td>\n<td class=\"cellborderc\">407<\/td>\n<td class=\"cellborderc\"><\/td>\n<td class=\"cellborderc\"><\/td>\n<td class=\"cellborderc\"><\/td>\n<td class=\"cellborderc\"><\/td>\n<td class=\"cellborder\" align=\"right\"><\/td>\n<\/tr>\n<tr>\n<td class=\"cellborder\" height=\"20\">Argiropoulos Georgios<\/td>\n<td class=\"cellborderc\"><\/td>\n<td class=\"cellborderc\"><\/td>\n<td class=\"cellborderc\"><\/td>\n<td class=\"cellborderc\">432<\/td>\n<td class=\"cellborderc\"><\/td>\n<td class=\"cellborderc\"><\/td>\n<td class=\"cellborderc\"><\/td>\n<td class=\"cellborderc\"><\/td>\n<td class=\"cellborder\" align=\"right\"><\/td>\n<\/tr>\n<tr>\n<td class=\"cellborder\" height=\"20\">Nacke Walter<\/td>\n<td class=\"cellborderc\"><\/td>\n<td class=\"cellborderc\"><\/td>\n<td class=\"cellborderc\"><\/td>\n<td class=\"cellborderc\"><\/td>\n<td class=\"cellborderc\"><\/td>\n<td class=\"cellborderc\"><\/td>\n<td class=\"cellborderc\"><\/td>\n<td class=\"cellborderc\"><\/td>\n<td class=\"cellborder\" align=\"right\"><\/td>\n<\/tr>\n<tr>\n<td colspan=\"5\">\n<table class=\"tablerpt\">\n<tbody>\n<tr>\n<td class=\"lineheaderc\">Differenz<\/td>\n<td class=\"lineheaderc\">Volle<\/td>\n<td class=\"lineheaderc\">R\u00e4umen<\/td>\n<td class=\"lineheaderc\">Fehler<\/td>\n<td class=\"lineheaderc\">Gesamt<\/td>\n<\/tr>\n<tr>\n<td class=\"cellborderc\">-12<\/td>\n<td class=\"cellborderc\"><\/td>\n<td class=\"cellborderc\"><\/td>\n<td class=\"cellborderc\"><\/td>\n<td class=\"cellborderc\">1610<\/td>\n<\/tr>\n<\/tbody>\n<\/table>\n<\/td>\n<td colspan=\"5\">\n<table class=\"tablerpt\">\n<tbody>\n<tr>\n<td class=\"lineheaderc\">Gesamt<\/td>\n<td class=\"lineheaderc\">Fehler<\/td>\n<td class=\"lineheaderc\">R\u00e4umen<\/td>\n<td class=\"lineheaderc\">Volle<\/td>\n<td class=\"lineheaderc\">Differenz<\/td>\n<\/tr>\n<tr>\n<td class=\"cellborderc\">1622<\/td>\n<td class=\"cellborderc\"><\/td>\n<td class=\"cellborderc\"><\/td>\n<td class=\"cellborderc\"><\/td>\n<td class=\"cellborderc\">+12<\/td>\n<\/tr>\n<\/tbody>\n<\/table>\n<\/td>\n<\/tr>\n<\/tbody>\n<\/table>\n<p>&nbsp;<\/p>\n","protected":false},"excerpt":{"rendered":"<p>Herren 1 Ungef\u00e4hrdeter Heimsieg Im Startpaar legte Oliver mit seinem Tagesbestwert von 570 Holz gleich richtig los und holte viel Holz heraus und nat\u00fcrlich auch den Mannschaftspunkt. Ersatzspieler Leo aus <a href=\"https:\/\/www.doppelturm.de\/?page_id=1274\" class=\"more-link\">[&hellip;]<\/a><\/p>\n","protected":false},"author":2,"featured_media":0,"parent":1621,"menu_order":35,"comment_status":"closed","ping_status":"closed","template":"","meta":{"Layout":""},"_links":{"self":[{"href":"https:\/\/www.doppelturm.de\/index.php?rest_route=\/wp\/v2\/pages\/1274"}],"collection":[{"href":"https:\/\/www.doppelturm.de\/index.php?rest_route=\/wp\/v2\/pages"}],"about":[{"href":"https:\/\/www.doppelturm.de\/index.php?rest_route=\/wp\/v2\/types\/page"}],"author":[{"embeddable":true,"href":"https:\/\/www.doppelturm.de\/index.php?rest_route=\/wp\/v2\/users\/2"}],"replies":[{"embeddable":true,"href":"https:\/\/www.doppelturm.de\/index.php?rest_route=%2Fwp%2Fv2%2Fcomments&post=1274"}],"version-history":[{"count":5,"href":"https:\/\/www.doppelturm.de\/index.php?rest_route=\/wp\/v2\/pages\/1274\/revisions"}],"predecessor-version":[{"id":1279,"href":"https:\/\/www.doppelturm.de\/index.php?rest_route=\/wp\/v2\/pages\/1274\/revisions\/1279"}],"up":[{"embeddable":true,"href":"https:\/\/www.doppelturm.de\/index.php?rest_route=\/wp\/v2\/pages\/1621"}],"wp:attachment":[{"href":"https:\/\/www.doppelturm.de\/index.php?rest_route=%2Fwp%2Fv2%2Fmedia&parent=1274"}],"curies":[{"name":"wp","href":"https:\/\/api.w.org\/{rel}","templated":true}]}}