{"id":1241,"date":"2017-02-11T19:36:46","date_gmt":"2017-02-11T18:36:46","guid":{"rendered":"http:\/\/www.doppelturm.de\/?page_id=1241"},"modified":"2017-10-10T10:21:11","modified_gmt":"2017-10-10T08:21:11","slug":"spieltag-07-12-10-12-2016","status":"publish","type":"page","link":"https:\/\/www.doppelturm.de\/?page_id=1241","title":{"rendered":"Spieltag 07.12-10.12.2016"},"content":{"rendered":"<p><b>Herren 2<\/b><\/p>\n<p class=\"RundschauStandardText\"><span style=\"color: black;\">Trotz besten Saisonergebnis hat es gegen den Tabellenf\u00fchrer nicht zu einem Sieg gereicht. Beim nachgeholten Spiel schlugen sich unsere Herren gut und gingen dank Hermann und Gerd mit 2:0 und 28 Keil in F\u00fchrung. Unsere Schlussspieler Georg und Wolfgang hielten gegen Grafenrheinfeld 9 Ihre Gegner gut mit, aber der Vorsprung schmolz dahin und auch bei<br \/>\nden direkten Duellen konnten Sie die Punkte nicht halten. Sodass am Ende eine &#8211; zwar erwartete &#8211; aber enge Niederlage auf dem Papier stand.<\/span><\/p>\n<table class=\"tablerpt\">\n<tbody>\n<tr>\n<td class=\"lineheaderc\" colspan=\"7\" width=\"480\" height=\"20\">DT Herren 2<\/td>\n<td class=\"lineheaderc\" colspan=\"7\" width=\"480\">Alle Neune Sand 3<\/td>\n<\/tr>\n<tr>\n<td class=\"lineheader\" height=\"20\">Name<\/td>\n<td class=\"lineheaderc\">D 1<\/td>\n<td class=\"lineheaderc\">D 2<\/td>\n<td class=\"lineheaderc\">D 3<\/td>\n<td class=\"lineheaderc\">D 4<\/td>\n<td class=\"lineheaderc\">Gesamt<\/td>\n<td class=\"lineheaderc\">MP<\/td>\n<td class=\"lineheaderc\" height=\"20\">MP<\/td>\n<td class=\"lineheaderc\">Gesamt<\/td>\n<td class=\"lineheaderc\">D 4<\/td>\n<td class=\"lineheaderc\">D 3<\/td>\n<td class=\"lineheaderc\">D 2<\/td>\n<td class=\"lineheaderc\">D 1<\/td>\n<td class=\"lineheaderc\">Name<\/td>\n<\/tr>\n<tr>\n<td class=\"cellborder\" height=\"20\">Lohrey Gerd<\/td>\n<td class=\"cellborderc\">130<\/td>\n<td class=\"cellborderc\">116<\/td>\n<td class=\"cellborderc\">131<\/td>\n<td class=\"cellborderc\">125<\/td>\n<td class=\"cellborderc\">502<\/td>\n<td class=\"cellborderc\">1<\/td>\n<td class=\"cellborderc\">0<\/td>\n<td class=\"cellborderc\">496<\/td>\n<td class=\"cellborderc\">137<\/td>\n<td class=\"cellborderc\">122<\/td>\n<td class=\"cellborderc\">109<\/td>\n<td class=\"cellborderc\">128<\/td>\n<td class=\"cellborder\" align=\"right\">Zettelmaier Bernhard<\/td>\n<\/tr>\n<tr>\n<td class=\"cellborder\" height=\"20\">Mauder Hermann<\/td>\n<td class=\"cellborderc\">148<\/td>\n<td class=\"cellborderc\">136<\/td>\n<td class=\"cellborderc\">131<\/td>\n<td class=\"cellborderc\">115<\/td>\n<td class=\"cellborderc\">530<\/td>\n<td class=\"cellborderc\">1<\/td>\n<td class=\"cellborderc\">0<\/td>\n<td class=\"cellborderc\">508<\/td>\n<td class=\"cellborderc\">127<\/td>\n<td class=\"cellborderc\">114<\/td>\n<td class=\"cellborderc\">145<\/td>\n<td class=\"cellborderc\">122<\/td>\n<td class=\"cellborder\" align=\"right\">Schneider Dieter<\/td>\n<\/tr>\n<tr>\n<td class=\"cellborder\" height=\"20\">Borowski Wolfgang<\/td>\n<td class=\"cellborderc\">112<\/td>\n<td class=\"cellborderc\">125<\/td>\n<td class=\"cellborderc\">124<\/td>\n<td class=\"cellborderc\">139<\/td>\n<td class=\"cellborderc\">500<\/td>\n<td class=\"cellborderc\">0<\/td>\n<td class=\"cellborderc\">1<\/td>\n<td class=\"cellborderc\">518<\/td>\n<td class=\"cellborderc\">130<\/td>\n<td class=\"cellborderc\">138<\/td>\n<td class=\"cellborderc\">136<\/td>\n<td class=\"cellborderc\">114<\/td>\n<td class=\"cellborder\" align=\"right\">Ro\u00dfmeier Daniel<\/td>\n<\/tr>\n<tr>\n<td class=\"cellborder\" height=\"20\">Hartmann Georg<\/td>\n<td class=\"cellborderc\">132<\/td>\n<td class=\"cellborderc\">115<\/td>\n<td class=\"cellborderc\">134<\/td>\n<td class=\"cellborderc\">144<\/td>\n<td class=\"cellborderc\">525<\/td>\n<td class=\"cellborderc\">0<\/td>\n<td class=\"cellborderc\">1<\/td>\n<td class=\"cellborderc\">559<\/td>\n<td class=\"cellborderc\">142<\/td>\n<td class=\"cellborderc\">148<\/td>\n<td class=\"cellborderc\">123<\/td>\n<td class=\"cellborderc\">146<\/td>\n<td class=\"cellborder\" align=\"right\">Hemmerich Frank<\/td>\n<\/tr>\n<tr>\n<td colspan=\"7\">\n<table class=\"tablerpt\">\n<tbody>\n<tr>\n<td class=\"lineheaderc\">Differenz<\/td>\n<td class=\"lineheaderc\">Volle<\/td>\n<td class=\"lineheaderc\">R\u00e4umen<\/td>\n<td class=\"lineheaderc\">Fehler<\/td>\n<td class=\"lineheaderc\">Gesamt<\/td>\n<td class=\"lineheaderc\">MP<\/td>\n<\/tr>\n<tr>\n<td class=\"cellborderc\">-24<\/td>\n<td class=\"cellborderc\">1396<\/td>\n<td class=\"cellborderc\">661<\/td>\n<td class=\"cellborderc\">31<\/td>\n<td class=\"cellborderc\">2057<\/td>\n<td class=\"cellborderc\">2<\/td>\n<\/tr>\n<\/tbody>\n<\/table>\n<\/td>\n<td colspan=\"7\">\n<table class=\"tablerpt\">\n<tbody>\n<tr>\n<td class=\"lineheaderc\">MP<\/td>\n<td class=\"lineheaderc\">Gesamt<\/td>\n<td class=\"lineheaderc\">Fehler<\/td>\n<td class=\"lineheaderc\">R\u00e4umen<\/td>\n<td class=\"lineheaderc\">Volle<\/td>\n<td class=\"lineheaderc\">Differenz<\/td>\n<\/tr>\n<tr>\n<td class=\"cellborderc\">4<\/td>\n<td class=\"cellborderc\">2081<\/td>\n<td class=\"cellborderc\">32<\/td>\n<td class=\"cellborderc\">646<\/td>\n<td class=\"cellborderc\">2081<\/td>\n<td class=\"cellborderc\">+24<\/td>\n<\/tr>\n<\/tbody>\n<\/table>\n<\/td>\n<\/tr>\n<\/tbody>\n<\/table>\n<p><b>Gemischt 1 und 2<\/b><\/p>\n<p class=\"RundschauStandardText\"><span style=\"color: black;\">Wir gegen Uns: Das Spiel des Jahres f\u00fcr unsere gemischten Mannschaften. Beim nachgeholten Spiel trafen Sie zum klubinternen Duell aufeinander. Die erste Mannschaft lie\u00df aber nichts anbrennen und holte den Sieg und somit auch die Vizeherbstmeisterschaft. Die zweite Mannschaft gibt die Punkte gerne nach Rafeld ab und werden in der R\u00fcckrunde versuchen sich im Tabellenmittelfeld zuhalten. Wir freuen uns schon jetzt auf das R\u00fcckspiel im Januar.<\/span><\/p>\n<table class=\"tablerpt\">\n<tbody>\n<tr>\n<td class=\"lineheaderc\" colspan=\"5\" width=\"480\">DT Gemischt 1<\/td>\n<td class=\"lineheaderc\" colspan=\"5\" width=\"480\" height=\"20\">DT Gemischt 2<\/td>\n<\/tr>\n<tr>\n<td class=\"lineheader\" height=\"20\">Name<\/td>\n<td class=\"lineheaderc\">Volle<\/td>\n<td class=\"lineheaderc\">R\u00e4umen<\/td>\n<td class=\"lineheaderc\">Fehler<\/td>\n<td class=\"lineheaderc\">Gesamt<\/td>\n<td class=\"lineheaderc\">Gesamt<\/td>\n<td class=\"lineheaderc\">Fehler<\/td>\n<td class=\"lineheaderc\">R\u00e4umen<\/td>\n<td class=\"lineheaderc\">Volle<\/td>\n<td class=\"lineheaderc\">Name<\/td>\n<\/tr>\n<tr>\n<td class=\"cellborder\" height=\"20\">Krieger Christine<\/td>\n<td class=\"cellborderc\">283<\/td>\n<td class=\"cellborderc\">102<\/td>\n<td class=\"cellborderc\">12<\/td>\n<td class=\"cellborderc\">385<\/td>\n<td class=\"cellborderc\">350<\/td>\n<td class=\"cellborderc\">17<\/td>\n<td class=\"cellborderc\">92<\/td>\n<td class=\"cellborderc\">258<\/td>\n<td class=\"cellborder\" align=\"right\">Kuntschar Pia<\/td>\n<\/tr>\n<tr>\n<td class=\"cellborder\" height=\"20\">Krieger Marius<\/td>\n<td class=\"cellborderc\">277<\/td>\n<td class=\"cellborderc\">92<\/td>\n<td class=\"cellborderc\">11<\/td>\n<td class=\"cellborderc\">369<\/td>\n<td class=\"cellborderc\">381<\/td>\n<td class=\"cellborderc\">14<\/td>\n<td class=\"cellborderc\">95<\/td>\n<td class=\"cellborderc\">286<\/td>\n<td class=\"cellborder\" align=\"right\">N\u00f6th Reinhold<\/td>\n<\/tr>\n<tr>\n<td class=\"cellborder\" height=\"20\">Hofstetter Burkard<\/td>\n<td class=\"cellborderc\">275<\/td>\n<td class=\"cellborderc\">115<\/td>\n<td class=\"cellborderc\">9<\/td>\n<td class=\"cellborderc\">390<\/td>\n<td class=\"cellborderc\">285<\/td>\n<td class=\"cellborderc\">28<\/td>\n<td class=\"cellborderc\">60<\/td>\n<td class=\"cellborderc\">225<\/td>\n<td class=\"cellborder\" align=\"right\">Kimmel Herbert<\/td>\n<\/tr>\n<tr>\n<td class=\"cellborder\" height=\"20\">Argiropoulos Georgios<\/td>\n<td class=\"cellborderc\">273<\/td>\n<td class=\"cellborderc\">142<\/td>\n<td class=\"cellborderc\">7<\/td>\n<td class=\"cellborderc\">415<\/td>\n<td class=\"cellborderc\">381<\/td>\n<td class=\"cellborderc\">11<\/td>\n<td class=\"cellborderc\">108<\/td>\n<td class=\"cellborderc\">273<\/td>\n<td class=\"cellborder\" align=\"right\">Werner Florian<\/td>\n<\/tr>\n<tr>\n<td colspan=\"5\">\n<table class=\"tablerpt\">\n<tbody>\n<tr>\n<td class=\"lineheaderc\">Differenz<\/td>\n<td class=\"lineheaderc\">Volle<\/td>\n<td class=\"lineheaderc\">R\u00e4umen<\/td>\n<td class=\"lineheaderc\">Fehler<\/td>\n<td class=\"lineheaderc\">Gesamt<\/td>\n<\/tr>\n<tr>\n<td class=\"cellborderc\">+162<\/td>\n<td class=\"cellborderc\">1108<\/td>\n<td class=\"cellborderc\">451<\/td>\n<td class=\"cellborderc\">39<\/td>\n<td class=\"cellborderc\">1559<\/td>\n<\/tr>\n<\/tbody>\n<\/table>\n<\/td>\n<td colspan=\"5\">\n<table class=\"tablerpt\">\n<tbody>\n<tr>\n<td class=\"lineheaderc\">Gesamt<\/td>\n<td class=\"lineheaderc\">Fehler<\/td>\n<td class=\"lineheaderc\">R\u00e4umen<\/td>\n<td class=\"lineheaderc\">Volle<\/td>\n<td class=\"lineheaderc\">Differenz<\/td>\n<\/tr>\n<tr>\n<td class=\"cellborderc\">1397<\/td>\n<td class=\"cellborderc\">70<\/td>\n<td class=\"cellborderc\">355<\/td>\n<td class=\"cellborderc\">1042<\/td>\n<td class=\"cellborderc\">-162<\/td>\n<\/tr>\n<\/tbody>\n<\/table>\n<\/td>\n<\/tr>\n<\/tbody>\n<\/table>\n<p><b>Gemischt 2<\/b><\/p>\n<p class=\"RundschauStandardText\"><span style=\"color: black;\">Noch ein Spiel hat unserer zweite gemischte Mannschaft letzte Woche nachgeholt. Daheim gegen Gerolzhofen konnte jedoch kein Sieg eingefahren werden. W\u00e4hrend die Rafelder auf Abr\u00e4umen gut mithalten konnten, zog Geo bei den Vollen davon. Erfreulich das Noch-Jugendspieler Kai Mauder kurzfristig als Ersatzspieler zur Verf\u00fcgung stand und trotz langer Spielpause ein ordentliches Ergebnis ablieferte.<\/span><\/p>\n<p><\/p>\n<table class=\"tablerpt\">\n<tbody>\n<tr>\n<td class=\"lineheaderc\" colspan=\"5\" width=\"480\">DT Gemischt 2<\/td>\n<td class=\"lineheaderc\" colspan=\"5\" width=\"480\" height=\"20\">Gerolzhofen 4<\/td>\n<\/tr>\n<tr>\n<td class=\"lineheader\" height=\"20\">Name<\/td>\n<td class=\"lineheaderc\">Volle<\/td>\n<td class=\"lineheaderc\">R\u00e4umen<\/td>\n<td class=\"lineheaderc\">Fehler<\/td>\n<td class=\"lineheaderc\">Gesamt<\/td>\n<td class=\"lineheaderc\">Gesamt<\/td>\n<td class=\"lineheaderc\">Fehler<\/td>\n<td class=\"lineheaderc\">R\u00e4umen<\/td>\n<td class=\"lineheaderc\">Volle<\/td>\n<td class=\"lineheaderc\">Name<\/td>\n<\/tr>\n<tr>\n<td class=\"cellborder\" height=\"20\"><\/td>\n<td class=\"cellborderc\"><\/td>\n<td class=\"cellborderc\"><\/td>\n<td class=\"cellborderc\"><\/td>\n<td class=\"cellborderc\"><\/td>\n<td class=\"cellborderc\"><\/td>\n<td class=\"cellborderc\"><\/td>\n<td class=\"cellborderc\"><\/td>\n<td class=\"cellborderc\"><\/td>\n<td class=\"cellborder\" align=\"right\"><\/td>\n<\/tr>\n<tr>\n<td class=\"cellborder\" height=\"20\"><\/td>\n<td class=\"cellborderc\"><\/td>\n<td class=\"cellborderc\"><\/td>\n<td class=\"cellborderc\"><\/td>\n<td class=\"cellborderc\"><\/td>\n<td class=\"cellborderc\"><\/td>\n<td class=\"cellborderc\"><\/td>\n<td class=\"cellborderc\"><\/td>\n<td class=\"cellborderc\"><\/td>\n<td class=\"cellborder\" align=\"right\"><\/td>\n<\/tr>\n<tr>\n<td class=\"cellborder\" height=\"20\"><\/td>\n<td class=\"cellborderc\"><\/td>\n<td class=\"cellborderc\"><\/td>\n<td class=\"cellborderc\"><\/td>\n<td class=\"cellborderc\"><\/td>\n<td class=\"cellborderc\"><\/td>\n<td class=\"cellborderc\"><\/td>\n<td class=\"cellborderc\"><\/td>\n<td class=\"cellborderc\"><\/td>\n<td class=\"cellborder\" align=\"right\"><\/td>\n<\/tr>\n<tr>\n<td class=\"cellborder\" height=\"20\"><\/td>\n<td class=\"cellborderc\"><\/td>\n<td class=\"cellborderc\"><\/td>\n<td class=\"cellborderc\"><\/td>\n<td class=\"cellborderc\"><\/td>\n<td class=\"cellborderc\"><\/td>\n<td class=\"cellborderc\"><\/td>\n<td class=\"cellborderc\"><\/td>\n<td class=\"cellborderc\"><\/td>\n<td class=\"cellborder\" align=\"right\"><\/td>\n<\/tr>\n<tr>\n<td colspan=\"5\">\n<table class=\"tablerpt\">\n<tbody>\n<tr>\n<td class=\"lineheaderc\">Differenz<\/td>\n<td class=\"lineheaderc\">Volle<\/td>\n<td class=\"lineheaderc\">R\u00e4umen<\/td>\n<td class=\"lineheaderc\">Fehler<\/td>\n<td class=\"lineheaderc\">Gesamt<\/td>\n<\/tr>\n<tr>\n<td class=\"cellborderc\">-82<\/td>\n<td class=\"cellborderc\"><\/td>\n<td class=\"cellborderc\"><\/td>\n<td class=\"cellborderc\"><\/td>\n<td class=\"cellborderc\">1450<\/td>\n<\/tr>\n<\/tbody>\n<\/table>\n<\/td>\n<td colspan=\"5\">\n<table class=\"tablerpt\">\n<tbody>\n<tr>\n<td class=\"lineheaderc\">Gesamt<\/td>\n<td class=\"lineheaderc\">Fehler<\/td>\n<td class=\"lineheaderc\">R\u00e4umen<\/td>\n<td class=\"lineheaderc\">Volle<\/td>\n<td class=\"lineheaderc\">Differenz<\/td>\n<\/tr>\n<tr>\n<td class=\"cellborderc\">1532<\/td>\n<td class=\"cellborderc\"><\/td>\n<td class=\"cellborderc\"><\/td>\n<td class=\"cellborderc\"><\/td>\n<td class=\"cellborderc\">+82<\/td>\n<\/tr>\n<\/tbody>\n<\/table>\n<\/td>\n<\/tr>\n<\/tbody>\n<\/table>\n<p><b>Jugend 1<\/b><\/p>\n<p class=\"RundschauStandardText\"><span style=\"color: black;\"><br \/>\nUnsere erste Jugendmannschaft konnte in Gerolzhofen leider nicht gewinnen und somit haben sie auch die Chance auf die Meisterschaft verspielt. Unsere Spieler spielten gute Ergebnisse f\u00fcr die schwere Bahn und k\u00f6nnen mit Ihren Leistungen zufrieden sein.<\/span><\/p>\n<table class=\"tablerpt\">\n<tbody>\n<tr>\n<td class=\"lineheaderc\" colspan=\"6\" width=\"480\">Gerolzhofen<\/td>\n<td class=\"lineheaderc\" colspan=\"6\" width=\"480\" height=\"20\">DT Jugend 1<\/td>\n<\/tr>\n<tr>\n<td class=\"lineheader\" height=\"20\">Name<\/td>\n<td class=\"lineheaderc\">D 1<\/td>\n<td class=\"lineheaderc\">D 2<\/td>\n<td class=\"lineheaderc\">D 3<\/td>\n<td class=\"lineheaderc\">D 4<\/td>\n<td class=\"lineheaderc\">Gesamt<\/td>\n<td class=\"lineheaderc\">Gesamt<\/td>\n<td class=\"lineheaderc\">D 4<\/td>\n<td class=\"lineheaderc\">D 3<\/td>\n<td class=\"lineheaderc\">D 2<\/td>\n<td class=\"lineheaderc\">D 1<\/td>\n<td class=\"lineheaderc\">Name<\/td>\n<\/tr>\n<tr>\n<td class=\"cellborder\" height=\"20\">Stingl, Fabian<\/td>\n<td class=\"cellborderc\">113<\/td>\n<td class=\"cellborderc\">97<\/td>\n<td class=\"cellborderc\">94<\/td>\n<td class=\"cellborderc\">104<\/td>\n<td class=\"cellborderc\">408<\/td>\n<td class=\"cellborderc\">478<\/td>\n<td class=\"cellborderc\">103<\/td>\n<td class=\"cellborderc\">130<\/td>\n<td class=\"cellborderc\">114<\/td>\n<td class=\"cellborderc\">131<\/td>\n<td class=\"cellborder\" align=\"right\">Krug, Christoph<\/td>\n<\/tr>\n<tr>\n<td class=\"cellborder\" height=\"20\">Wegner, Henrik<\/td>\n<td class=\"cellborderc\">87<\/td>\n<td class=\"cellborderc\">85<\/td>\n<td class=\"cellborderc\"><\/td>\n<td class=\"cellborderc\"><\/td>\n<td class=\"cellborderc\">172<\/td>\n<td class=\"cellborderc\">377<\/td>\n<td class=\"cellborderc\">96<\/td>\n<td class=\"cellborderc\">90<\/td>\n<td class=\"cellborderc\">95<\/td>\n<td class=\"cellborderc\">96<\/td>\n<td class=\"cellborder\" align=\"right\">Fischer, Christoph<\/td>\n<\/tr>\n<tr>\n<td class=\"cellborder\" height=\"20\">Braun, Jana<\/td>\n<td class=\"cellborderc\"><\/td>\n<td class=\"cellborderc\"><\/td>\n<td class=\"cellborderc\">89<\/td>\n<td class=\"cellborderc\">93<\/td>\n<td class=\"cellborderc\">182<\/td>\n<td class=\"cellborderc\"><\/td>\n<td class=\"cellborderc\"><\/td>\n<td class=\"cellborderc\"><\/td>\n<td class=\"cellborderc\"><\/td>\n<td class=\"cellborderc\"><\/td>\n<td class=\"cellborder\" align=\"right\"><\/td>\n<\/tr>\n<tr>\n<td class=\"cellborder\" height=\"20\">Schreiner, Florian<\/td>\n<td class=\"cellborderc\">125<\/td>\n<td class=\"cellborderc\">98<\/td>\n<td class=\"cellborderc\">129<\/td>\n<td class=\"cellborderc\">114<\/td>\n<td class=\"cellborderc\">466<\/td>\n<td class=\"cellborderc\">452<\/td>\n<td class=\"cellborderc\">123<\/td>\n<td class=\"cellborderc\">103<\/td>\n<td class=\"cellborderc\">104<\/td>\n<td class=\"cellborderc\">122<\/td>\n<td class=\"cellborder\" align=\"right\">Gousi, Chrysavgi<\/td>\n<\/tr>\n<tr>\n<td colspan=\"6\">\n<table class=\"tablerpt\">\n<tbody>\n<tr>\n<td class=\"lineheaderc\">Differenz<\/td>\n<td class=\"lineheaderc\">Volle<\/td>\n<td class=\"lineheaderc\">R\u00e4umen<\/td>\n<td class=\"lineheaderc\">Fehler<\/td>\n<td class=\"lineheaderc\">Gesamt<\/td>\n<\/tr>\n<tr>\n<td class=\"cellborderc\">-48<\/td>\n<td class=\"cellborderc\"><\/td>\n<td class=\"cellborderc\"><\/td>\n<td class=\"cellborderc\"><\/td>\n<td class=\"cellborderc\">1441<\/td>\n<\/tr>\n<\/tbody>\n<\/table>\n<\/td>\n<td colspan=\"6\">\n<table class=\"tablerpt\">\n<tbody>\n<tr>\n<td class=\"lineheaderc\">Gesamt<\/td>\n<td class=\"lineheaderc\">Fehler<\/td>\n<td class=\"lineheaderc\">R\u00e4umen<\/td>\n<td class=\"lineheaderc\">Volle<\/td>\n<td class=\"lineheaderc\">Differenz<\/td>\n<\/tr>\n<tr>\n<td class=\"cellborderc\">1393<\/td>\n<td class=\"cellborderc\"><\/td>\n<td class=\"cellborderc\"><\/td>\n<td class=\"cellborderc\"><\/td>\n<td class=\"cellborderc\">48<\/td>\n<\/tr>\n<\/tbody>\n<\/table>\n<\/td>\n<\/tr>\n<\/tbody>\n<\/table>\n<p><b>Jugend 1<\/b><\/p>\n<p class=\"RundschauStandardText\"><span style=\"color: black;\"><br \/>\nTrotz Niederlage in Gerolzhofen ein paar Tage zuvor hat sich unsere erste Jugend nicht unterkriegen lassen und dies beim Spiel gegen R\u00f6thlein bewiesen. Mit guten Ergebnissen und toller Moral konnte ein Sieg eingefahren werden und der zweite Tabellenplatz abgesichert werden.<\/span><\/p>\n<table class=\"tablerpt\">\n<tbody>\n<tr>\n<td class=\"lineheaderc\" colspan=\"6\" width=\"480\">DT Jugend 1<\/td>\n<td class=\"lineheaderc\" colspan=\"6\" width=\"480\" height=\"20\">SE R\u00f6thlein<\/td>\n<\/tr>\n<tr>\n<td class=\"lineheader\" height=\"20\">Name<\/td>\n<td class=\"lineheaderc\">D 1<\/td>\n<td class=\"lineheaderc\">D 2<\/td>\n<td class=\"lineheaderc\">D 3<\/td>\n<td class=\"lineheaderc\">D 4<\/td>\n<td class=\"lineheaderc\">Gesamt<\/td>\n<td class=\"lineheaderc\">Gesamt<\/td>\n<td class=\"lineheaderc\">D 4<\/td>\n<td class=\"lineheaderc\">D 3<\/td>\n<td class=\"lineheaderc\">D 2<\/td>\n<td class=\"lineheaderc\">D 1<\/td>\n<td class=\"lineheaderc\">Name<\/td>\n<\/tr>\n<tr>\n<td class=\"cellborder\" height=\"20\">Stingl, Fabian<\/td>\n<td class=\"cellborderc\">113<\/td>\n<td class=\"cellborderc\">97<\/td>\n<td class=\"cellborderc\">94<\/td>\n<td class=\"cellborderc\">104<\/td>\n<td class=\"cellborderc\">408<\/td>\n<td class=\"cellborderc\">478<\/td>\n<td class=\"cellborderc\">103<\/td>\n<td class=\"cellborderc\">130<\/td>\n<td class=\"cellborderc\">114<\/td>\n<td class=\"cellborderc\">131<\/td>\n<td class=\"cellborder\" align=\"right\">Krug, Christoph<\/td>\n<\/tr>\n<tr>\n<td class=\"cellborder\" height=\"20\">Wegner, Henrik<\/td>\n<td class=\"cellborderc\">87<\/td>\n<td class=\"cellborderc\">85<\/td>\n<td class=\"cellborderc\"><\/td>\n<td class=\"cellborderc\"><\/td>\n<td class=\"cellborderc\">172<\/td>\n<td class=\"cellborderc\">377<\/td>\n<td class=\"cellborderc\">96<\/td>\n<td class=\"cellborderc\">90<\/td>\n<td class=\"cellborderc\">95<\/td>\n<td class=\"cellborderc\">96<\/td>\n<td class=\"cellborder\" align=\"right\">Fischer, Christoph<\/td>\n<\/tr>\n<tr>\n<td class=\"cellborder\" height=\"20\">Braun, Jana<\/td>\n<td class=\"cellborderc\"><\/td>\n<td class=\"cellborderc\"><\/td>\n<td class=\"cellborderc\">89<\/td>\n<td class=\"cellborderc\">93<\/td>\n<td class=\"cellborderc\">182<\/td>\n<td class=\"cellborderc\"><\/td>\n<td class=\"cellborderc\"><\/td>\n<td class=\"cellborderc\"><\/td>\n<td class=\"cellborderc\"><\/td>\n<td class=\"cellborderc\"><\/td>\n<td class=\"cellborder\" align=\"right\"><\/td>\n<\/tr>\n<tr>\n<td class=\"cellborder\" height=\"20\">Schreiner, Florian<\/td>\n<td class=\"cellborderc\">125<\/td>\n<td class=\"cellborderc\">98<\/td>\n<td class=\"cellborderc\">129<\/td>\n<td class=\"cellborderc\">114<\/td>\n<td class=\"cellborderc\">466<\/td>\n<td class=\"cellborderc\">452<\/td>\n<td class=\"cellborderc\">123<\/td>\n<td class=\"cellborderc\">103<\/td>\n<td class=\"cellborderc\">104<\/td>\n<td class=\"cellborderc\">122<\/td>\n<td class=\"cellborder\" align=\"right\">Gousi, Chrysavgi<\/td>\n<\/tr>\n<tr>\n<td colspan=\"6\">\n<table class=\"tablerpt\">\n<tbody>\n<tr>\n<td class=\"lineheaderc\">Differenz<\/td>\n<td class=\"lineheaderc\">Volle<\/td>\n<td class=\"lineheaderc\">R\u00e4umen<\/td>\n<td class=\"lineheaderc\">Fehler<\/td>\n<td class=\"lineheaderc\">Gesamt<\/td>\n<\/tr>\n<tr>\n<td class=\"cellborderc\">+89<\/td>\n<td class=\"cellborderc\"><\/td>\n<td class=\"cellborderc\"><\/td>\n<td class=\"cellborderc\"><\/td>\n<td class=\"cellborderc\">1403<\/td>\n<\/tr>\n<\/tbody>\n<\/table>\n<\/td>\n<td colspan=\"6\">\n<table class=\"tablerpt\">\n<tbody>\n<tr>\n<td class=\"lineheaderc\">Gesamt<\/td>\n<td class=\"lineheaderc\">Fehler<\/td>\n<td class=\"lineheaderc\">R\u00e4umen<\/td>\n<td class=\"lineheaderc\">Volle<\/td>\n<td class=\"lineheaderc\">Differenz<\/td>\n<\/tr>\n<tr>\n<td class=\"cellborderc\">1314<\/td>\n<td class=\"cellborderc\"><\/td>\n<td class=\"cellborderc\"><\/td>\n<td class=\"cellborderc\"><\/td>\n<td class=\"cellborderc\">-89<\/td>\n<\/tr>\n<\/tbody>\n<\/table>\n<\/td>\n<\/tr>\n<\/tbody>\n<\/table>\n<p><b>Jugend 2<\/b><\/p>\n<p class=\"RundschauStandardText\"><span style=\"color: black;\"><br \/>\nNat\u00fcrlich erwarten wir von unseren j\u00fcngsten Kegelanf\u00e4nger keine Siege, aber wir sind stolz zu sehen, wie sie Ihren pers\u00f6nlichen Kegelstil weiterentwickeln und auch die Konzentration und Ausdauer \u00fcber die 120 Schub gefestigt wird. Fabian spielt in seiner ersten offiziellen Saison schon gute Ergebnisse. Jana erkegelt immer \u00f6fter die 400er Grenze. Henrik, unser j\u00fcngster Kegelanf\u00e4nger, kommt auch immer besser zurecht und erlernt noch die Psychologie des Wettkampfes.<\/span><\/p>\n<table class=\"tablerpt\">\n<tbody>\n<tr>\n<td class=\"lineheaderc\" colspan=\"6\" width=\"480\">DT Jugend 2<\/td>\n<td class=\"lineheaderc\" colspan=\"6\" width=\"480\" height=\"20\">Gerolzhofen<\/td>\n<\/tr>\n<tr>\n<td class=\"lineheader\" height=\"20\">Name<\/td>\n<td class=\"lineheaderc\">D 1<\/td>\n<td class=\"lineheaderc\">D 2<\/td>\n<td class=\"lineheaderc\">D 3<\/td>\n<td class=\"lineheaderc\">D 4<\/td>\n<td class=\"lineheaderc\">Gesamt<\/td>\n<td class=\"lineheaderc\">Gesamt<\/td>\n<td class=\"lineheaderc\">D 4<\/td>\n<td class=\"lineheaderc\">D 3<\/td>\n<td class=\"lineheaderc\">D 2<\/td>\n<td class=\"lineheaderc\">D 1<\/td>\n<td class=\"lineheaderc\">Name<\/td>\n<\/tr>\n<tr>\n<td class=\"cellborder\" height=\"20\">Stingl, Fabian<\/td>\n<td class=\"cellborderc\">113<\/td>\n<td class=\"cellborderc\">97<\/td>\n<td class=\"cellborderc\">94<\/td>\n<td class=\"cellborderc\">104<\/td>\n<td class=\"cellborderc\">408<\/td>\n<td class=\"cellborderc\">478<\/td>\n<td class=\"cellborderc\">103<\/td>\n<td class=\"cellborderc\">130<\/td>\n<td class=\"cellborderc\">114<\/td>\n<td class=\"cellborderc\">131<\/td>\n<td class=\"cellborder\" align=\"right\">Krug, Christoph<\/td>\n<\/tr>\n<tr>\n<td class=\"cellborder\" height=\"20\">Wegner, Henrik<\/td>\n<td class=\"cellborderc\">87<\/td>\n<td class=\"cellborderc\">85<\/td>\n<td class=\"cellborderc\"><\/td>\n<td class=\"cellborderc\"><\/td>\n<td class=\"cellborderc\">172<\/td>\n<td class=\"cellborderc\">377<\/td>\n<td class=\"cellborderc\">96<\/td>\n<td class=\"cellborderc\">90<\/td>\n<td class=\"cellborderc\">95<\/td>\n<td class=\"cellborderc\">96<\/td>\n<td class=\"cellborder\" align=\"right\">Fischer, Christoph<\/td>\n<\/tr>\n<tr>\n<td class=\"cellborder\" height=\"20\">Braun, Jana<\/td>\n<td class=\"cellborderc\"><\/td>\n<td class=\"cellborderc\"><\/td>\n<td class=\"cellborderc\">89<\/td>\n<td class=\"cellborderc\">93<\/td>\n<td class=\"cellborderc\">182<\/td>\n<td class=\"cellborderc\"><\/td>\n<td class=\"cellborderc\"><\/td>\n<td class=\"cellborderc\"><\/td>\n<td class=\"cellborderc\"><\/td>\n<td class=\"cellborderc\"><\/td>\n<td class=\"cellborder\" align=\"right\"><\/td>\n<\/tr>\n<tr>\n<td class=\"cellborder\" height=\"20\">Schreiner, Florian<\/td>\n<td class=\"cellborderc\">125<\/td>\n<td class=\"cellborderc\">98<\/td>\n<td class=\"cellborderc\">129<\/td>\n<td class=\"cellborderc\">114<\/td>\n<td class=\"cellborderc\">466<\/td>\n<td class=\"cellborderc\">452<\/td>\n<td class=\"cellborderc\">123<\/td>\n<td class=\"cellborderc\">103<\/td>\n<td class=\"cellborderc\">104<\/td>\n<td class=\"cellborderc\">122<\/td>\n<td class=\"cellborder\" align=\"right\">Gousi, Chrysavgi<\/td>\n<\/tr>\n<tr>\n<td colspan=\"6\">\n<table class=\"tablerpt\">\n<tbody>\n<tr>\n<td class=\"lineheaderc\">Differenz<\/td>\n<td class=\"lineheaderc\">Volle<\/td>\n<td class=\"lineheaderc\">R\u00e4umen<\/td>\n<td class=\"lineheaderc\">Fehler<\/td>\n<td class=\"lineheaderc\">Gesamt<\/td>\n<\/tr>\n<tr>\n<td class=\"cellborderc\">-205<\/td>\n<td class=\"cellborderc\"><\/td>\n<td class=\"cellborderc\"><\/td>\n<td class=\"cellborderc\"><\/td>\n<td class=\"cellborderc\">1263<\/td>\n<\/tr>\n<\/tbody>\n<\/table>\n<\/td>\n<td colspan=\"6\">\n<table class=\"tablerpt\">\n<tbody>\n<tr>\n<td class=\"lineheaderc\">Gesamt<\/td>\n<td class=\"lineheaderc\">Fehler<\/td>\n<td class=\"lineheaderc\">R\u00e4umen<\/td>\n<td class=\"lineheaderc\">Volle<\/td>\n<td class=\"lineheaderc\">Differenz<\/td>\n<\/tr>\n<tr>\n<td class=\"cellborderc\">1468<\/td>\n<td class=\"cellborderc\"><\/td>\n<td class=\"cellborderc\"><\/td>\n<td class=\"cellborderc\"><\/td>\n<td class=\"cellborderc\">+205<\/td>\n<\/tr>\n<\/tbody>\n<\/table>\n<\/td>\n<\/tr>\n<\/tbody>\n<\/table>\n","protected":false},"excerpt":{"rendered":"<p>Herren 2 Trotz besten Saisonergebnis hat es gegen den Tabellenf\u00fchrer nicht zu einem Sieg gereicht. Beim nachgeholten Spiel schlugen sich unsere Herren gut und gingen dank Hermann und Gerd mit <a href=\"https:\/\/www.doppelturm.de\/?page_id=1241\" class=\"more-link\">[&hellip;]<\/a><\/p>\n","protected":false},"author":2,"featured_media":0,"parent":1621,"menu_order":62,"comment_status":"closed","ping_status":"closed","template":"","meta":{"Layout":""},"_links":{"self":[{"href":"https:\/\/www.doppelturm.de\/index.php?rest_route=\/wp\/v2\/pages\/1241"}],"collection":[{"href":"https:\/\/www.doppelturm.de\/index.php?rest_route=\/wp\/v2\/pages"}],"about":[{"href":"https:\/\/www.doppelturm.de\/index.php?rest_route=\/wp\/v2\/types\/page"}],"author":[{"embeddable":true,"href":"https:\/\/www.doppelturm.de\/index.php?rest_route=\/wp\/v2\/users\/2"}],"replies":[{"embeddable":true,"href":"https:\/\/www.doppelturm.de\/index.php?rest_route=%2Fwp%2Fv2%2Fcomments&post=1241"}],"version-history":[{"count":1,"href":"https:\/\/www.doppelturm.de\/index.php?rest_route=\/wp\/v2\/pages\/1241\/revisions"}],"predecessor-version":[{"id":1242,"href":"https:\/\/www.doppelturm.de\/index.php?rest_route=\/wp\/v2\/pages\/1241\/revisions\/1242"}],"up":[{"embeddable":true,"href":"https:\/\/www.doppelturm.de\/index.php?rest_route=\/wp\/v2\/pages\/1621"}],"wp:attachment":[{"href":"https:\/\/www.doppelturm.de\/index.php?rest_route=%2Fwp%2Fv2%2Fmedia&parent=1241"}],"curies":[{"name":"wp","href":"https:\/\/api.w.org\/{rel}","templated":true}]}}