{"id":1237,"date":"2017-02-11T18:20:56","date_gmt":"2017-02-11T17:20:56","guid":{"rendered":"http:\/\/www.doppelturm.de\/?page_id=1237"},"modified":"2017-10-10T10:21:05","modified_gmt":"2017-10-10T08:21:05","slug":"spieltag-17-18-12-2016","status":"publish","type":"page","link":"https:\/\/www.doppelturm.de\/?page_id=1237","title":{"rendered":"Spieltag 17.+18.12.2016"},"content":{"rendered":"<p><b>Herren 1<\/b><\/p>\n<p class=\"RundschauStandardText\"><span style=\"color: black;\">Mit einem neuen Mannschaftsrekord har unsere erste Herrenmannschaft einen ungef\u00e4hrdeten Sieg eingefahren. Unsere M\u00e4nner zeigten sich durchgehend in sehr guter Form und jeder Punkt konnte mit tollen Einzelergebnissen eingefahren werden. Damit bleiben sie weiter<br \/>\nan der Tabellenspitze dran.<\/span><\/p>\n<table class=\"tablerpt\">\n<tbody>\n<tr>\n<td class=\"lineheaderc\" colspan=\"7\" width=\"480\">Gro\u00dfbardorf 2<\/td>\n<td class=\"lineheaderc\" colspan=\"7\" width=\"480\" height=\"20\">DT Herren 1<\/td>\n<\/tr>\n<tr>\n<td class=\"lineheader\" height=\"20\">Name<\/td>\n<td class=\"lineheaderc\">D 1<\/td>\n<td class=\"lineheaderc\">D 2<\/td>\n<td class=\"lineheaderc\">D 3<\/td>\n<td class=\"lineheaderc\">D 4<\/td>\n<td class=\"lineheaderc\">Gesamt<\/td>\n<td class=\"lineheaderc\">MP<\/td>\n<td class=\"lineheaderc\">MP<\/td>\n<td class=\"lineheaderc\">Gesamt<\/td>\n<td class=\"lineheaderc\">D 4<\/td>\n<td class=\"lineheaderc\">D 3<\/td>\n<td class=\"lineheaderc\">D 2<\/td>\n<td class=\"lineheaderc\">D 1<\/td>\n<td class=\"lineheaderc\">Name<\/td>\n<\/tr>\n<tr>\n<td class=\"cellborder\" height=\"20\">D\u00fcmling Alexander<\/td>\n<td class=\"cellborderc\">117<\/td>\n<td class=\"cellborderc\">131<\/td>\n<td class=\"cellborderc\">135<\/td>\n<td class=\"cellborderc\">121<\/td>\n<td class=\"cellborderc\">504<\/td>\n<td class=\"cellborderc\">0<\/td>\n<td class=\"cellborderc\">1<\/td>\n<td class=\"cellborderc\">556<\/td>\n<td class=\"cellborderc\">119<\/td>\n<td class=\"cellborderc\">143<\/td>\n<td class=\"cellborderc\">152<\/td>\n<td class=\"cellborderc\">142<\/td>\n<td class=\"cellborder\" align=\"right\">Braun Matthias<\/td>\n<\/tr>\n<tr>\n<td class=\"cellborder\" height=\"20\">Weigand Josef<\/td>\n<td class=\"cellborderc\">126<\/td>\n<td class=\"cellborderc\">127<\/td>\n<td class=\"cellborderc\">127<\/td>\n<td class=\"cellborderc\">119<\/td>\n<td class=\"cellborderc\">499<\/td>\n<td class=\"cellborderc\">0<\/td>\n<td class=\"cellborderc\">1<\/td>\n<td class=\"cellborderc\">559<\/td>\n<td class=\"cellborderc\">126<\/td>\n<td class=\"cellborderc\">146<\/td>\n<td class=\"cellborderc\">144<\/td>\n<td class=\"cellborderc\">143<\/td>\n<td class=\"cellborder\" align=\"right\">H\u00fcmmer Philipp<\/td>\n<\/tr>\n<tr>\n<td class=\"cellborder\" height=\"20\">Kirchner Nico<\/td>\n<td class=\"cellborderc\">144<\/td>\n<td class=\"cellborderc\">155<\/td>\n<td class=\"cellborderc\">123<\/td>\n<td class=\"cellborderc\">129<\/td>\n<td class=\"cellborderc\">551<\/td>\n<td class=\"cellborderc\">0<\/td>\n<td class=\"cellborderc\">1<\/td>\n<td class=\"cellborderc\">579<\/td>\n<td class=\"cellborderc\">147<\/td>\n<td class=\"cellborderc\">145<\/td>\n<td class=\"cellborderc\">149<\/td>\n<td class=\"cellborderc\">138<\/td>\n<td class=\"cellborder\" align=\"right\">M\u00fcller Sascha<\/td>\n<\/tr>\n<tr>\n<td class=\"cellborder\" height=\"20\">Behr Ulrich<\/td>\n<td class=\"cellborderc\">150<\/td>\n<td class=\"cellborderc\">130<\/td>\n<td class=\"cellborderc\">134<\/td>\n<td class=\"cellborderc\">139<\/td>\n<td class=\"cellborderc\">553<\/td>\n<td class=\"cellborderc\">0<\/td>\n<td class=\"cellborderc\">1<\/td>\n<td class=\"cellborderc\">563<\/td>\n<td class=\"cellborderc\">129<\/td>\n<td class=\"cellborderc\">147<\/td>\n<td class=\"cellborderc\">147<\/td>\n<td class=\"cellborderc\">140<\/td>\n<td class=\"cellborder\" align=\"right\">Werner Oliver<\/td>\n<\/tr>\n<tr>\n<td colspan=\"7\">\n<table class=\"tablerpt\">\n<tbody>\n<tr>\n<td class=\"lineheaderc\">Differenz<\/td>\n<td class=\"lineheaderc\">Volle<\/td>\n<td class=\"lineheaderc\">R\u00e4umen<\/td>\n<td class=\"lineheaderc\">Fehler<\/td>\n<td class=\"lineheaderc\">Gesamt<\/td>\n<td class=\"lineheaderc\">MP<\/td>\n<\/tr>\n<tr>\n<td class=\"cellborderc\">-150<\/td>\n<td class=\"cellborderc\">1414<\/td>\n<td class=\"cellborderc\">693<\/td>\n<td class=\"cellborderc\">16<\/td>\n<td class=\"cellborderc\">2107<\/td>\n<td class=\"cellborderc\">0<\/td>\n<\/tr>\n<\/tbody>\n<\/table>\n<\/td>\n<td colspan=\"7\">\n<table class=\"tablerpt\">\n<tbody>\n<tr>\n<td class=\"lineheaderc\">MP<\/td>\n<td class=\"lineheaderc\">Gesamt<\/td>\n<td class=\"lineheaderc\">Fehler<\/td>\n<td class=\"lineheaderc\">R\u00e4umen<\/td>\n<td class=\"lineheaderc\">Volle<\/td>\n<td class=\"lineheaderc\">Differenz<\/td>\n<\/tr>\n<tr>\n<td class=\"cellborderc\">6<\/td>\n<td class=\"cellborderc\">2257<\/td>\n<td class=\"cellborderc\">21<\/td>\n<td class=\"cellborderc\">789<\/td>\n<td class=\"cellborderc\">1468<\/td>\n<td class=\"cellborderc\">+150<\/td>\n<\/tr>\n<\/tbody>\n<\/table>\n<\/td>\n<\/tr>\n<\/tbody>\n<\/table>\n<p><b>Damen<\/b><\/p>\n<p class=\"RundschauStandardText\"><span style=\"color: black;\">Einen weiteren Ausw\u00e4rtssieg haben unsere Damen eingefahren. Zu Beginn ging man mit 0:2 und \u00fcber 80 Holz in den R\u00fcckstand. Aber die Spielerinnen blieben ruhig und holten Holz f\u00fcr Holz auf und gewannen auch die Mannschaftspunkte, sodass am Ende ein verdienter Sieg auf dem Papier stand<br \/>\n<\/span><\/p>\n<table class=\"tablerpt\">\n<tbody>\n<tr>\n<td class=\"lineheaderc\" colspan=\"7\" width=\"480\" height=\"20\">Gro\u00dfbardorf<\/td>\n<td class=\"lineheaderc\" colspan=\"7\" width=\"480\">DT Damen<\/td>\n<\/tr>\n<tr>\n<td class=\"lineheader\" height=\"20\">Name<\/td>\n<td class=\"lineheaderc\">D 1<\/td>\n<td class=\"lineheaderc\">D 2<\/td>\n<td class=\"lineheaderc\">D 3<\/td>\n<td class=\"lineheaderc\">D 4<\/td>\n<td class=\"lineheaderc\">Gesamt<\/td>\n<td class=\"lineheaderc\">MP<\/td>\n<td class=\"lineheaderc\">MP<\/td>\n<td class=\"lineheaderc\">Gesamt<\/td>\n<td class=\"lineheaderc\">D 4<\/td>\n<td class=\"lineheaderc\">D 3<\/td>\n<td class=\"lineheaderc\">D 2<\/td>\n<td class=\"lineheaderc\">D 1<\/td>\n<td class=\"lineheaderc\">Name<\/td>\n<\/tr>\n<tr>\n<td class=\"cellborder\" height=\"20\">Wohlfahrt Leonie<\/td>\n<td class=\"cellborderc\">131<\/td>\n<td class=\"cellborderc\">129<\/td>\n<td class=\"cellborderc\">146<\/td>\n<td class=\"cellborderc\">140<\/td>\n<td class=\"cellborderc\">545<\/td>\n<td class=\"cellborderc\">1<\/td>\n<td class=\"cellborderc\">0<\/td>\n<td class=\"cellborderc\">491<\/td>\n<td class=\"cellborderc\">111<\/td>\n<td class=\"cellborderc\">139<\/td>\n<td class=\"cellborderc\">123<\/td>\n<td class=\"cellborderc\">118<\/td>\n<td class=\"cellborder\" align=\"right\">Landeck Silvia<\/td>\n<\/tr>\n<tr>\n<td class=\"cellborder\" height=\"20\">Behr Sabine<\/td>\n<td class=\"cellborderc\">117<\/td>\n<td class=\"cellborderc\">123<\/td>\n<td class=\"cellborderc\">115<\/td>\n<td class=\"cellborderc\">130<\/td>\n<td class=\"cellborderc\">485<\/td>\n<td class=\"cellborderc\">1<\/td>\n<td class=\"cellborderc\">0<\/td>\n<td class=\"cellborderc\">452<\/td>\n<td class=\"cellborderc\">120<\/td>\n<td class=\"cellborderc\">96<\/td>\n<td class=\"cellborderc\">107<\/td>\n<td class=\"cellborderc\">129<\/td>\n<td class=\"cellborder\" align=\"right\">Pfaff Sabine<\/td>\n<\/tr>\n<tr>\n<td class=\"cellborder\" height=\"20\">Re\u00df Lisa<\/td>\n<td class=\"cellborderc\">116<\/td>\n<td class=\"cellborderc\">112<\/td>\n<td class=\"cellborderc\">108<\/td>\n<td class=\"cellborderc\">120<\/td>\n<td class=\"cellborderc\">456<\/td>\n<td class=\"cellborderc\">0<\/td>\n<td class=\"cellborderc\">1<\/td>\n<td class=\"cellborderc\">530<\/td>\n<td class=\"cellborderc\">123<\/td>\n<td class=\"cellborderc\">141<\/td>\n<td class=\"cellborderc\">145<\/td>\n<td class=\"cellborderc\">121<\/td>\n<td class=\"cellborder\" align=\"right\">N\u00f6th Helena<\/td>\n<\/tr>\n<tr>\n<td class=\"cellborder\" height=\"20\">Reinhold Ellen<\/td>\n<td class=\"cellborderc\">134<\/td>\n<td class=\"cellborderc\">128<\/td>\n<td class=\"cellborderc\">129<\/td>\n<td class=\"cellborderc\">120<\/td>\n<td class=\"cellborderc\">511<\/td>\n<td class=\"cellborderc\">0<\/td>\n<td class=\"cellborderc\">1<\/td>\n<td class=\"cellborderc\">558<\/td>\n<td class=\"cellborderc\">139<\/td>\n<td class=\"cellborderc\">134<\/td>\n<td class=\"cellborderc\">152<\/td>\n<td class=\"cellborderc\">133<\/td>\n<td class=\"cellborder\" align=\"right\">Mauder Jenny<\/td>\n<\/tr>\n<tr>\n<td class=\"cellborder\" height=\"20\">Reinhard Erika<\/td>\n<td class=\"cellborderc\">127<\/td>\n<td class=\"cellborderc\">131<\/td>\n<td class=\"cellborderc\">122<\/td>\n<td class=\"cellborderc\">132<\/td>\n<td class=\"cellborderc\">512<\/td>\n<td class=\"cellborderc\">0<\/td>\n<td class=\"cellborderc\">1<\/td>\n<td class=\"cellborderc\">532<\/td>\n<td class=\"cellborderc\">130<\/td>\n<td class=\"cellborderc\">125<\/td>\n<td class=\"cellborderc\">141<\/td>\n<td class=\"cellborderc\">136<\/td>\n<td class=\"cellborder\" align=\"right\">Eisenhut Daniela<\/td>\n<\/tr>\n<tr>\n<td class=\"cellborder\" height=\"20\">Kugler J. \/ T\u00fcchert S.<\/td>\n<td class=\"cellborderc\">123<\/td>\n<td class=\"cellborderc\">121<\/td>\n<td class=\"cellborderc\">120<\/td>\n<td class=\"cellborderc\">116<\/td>\n<td class=\"cellborderc\">480<\/td>\n<td class=\"cellborderc\">1<\/td>\n<td class=\"cellborderc\">0<\/td>\n<td class=\"cellborderc\">478<\/td>\n<td class=\"cellborderc\">126<\/td>\n<td class=\"cellborderc\">110<\/td>\n<td class=\"cellborderc\">136<\/td>\n<td class=\"cellborderc\">106<\/td>\n<td class=\"cellborder\" align=\"right\">R\u00f6sch Anni<\/td>\n<\/tr>\n<tr>\n<td colspan=\"7\">\n<table class=\"tablerpt\">\n<tbody>\n<tr>\n<td class=\"lineheaderc\">Differenz<\/td>\n<td class=\"lineheaderc\">Volle<\/td>\n<td class=\"lineheaderc\">R\u00e4umen<\/td>\n<td class=\"lineheaderc\">Fehler<\/td>\n<td class=\"lineheaderc\">Gesamt<\/td>\n<td class=\"lineheaderc\">MP<\/td>\n<\/tr>\n<tr>\n<td class=\"cellborderc\">-51<\/td>\n<td class=\"cellborderc\">2062<\/td>\n<td class=\"cellborderc\">982<\/td>\n<td class=\"cellborderc\">46<\/td>\n<td class=\"cellborderc\">2990<\/td>\n<td class=\"cellborderc\">3<\/td>\n<\/tr>\n<\/tbody>\n<\/table>\n<\/td>\n<td colspan=\"7\">\n<table class=\"tablerpt\">\n<tbody>\n<tr>\n<td class=\"lineheaderc\">MP<\/td>\n<td class=\"lineheaderc\">Gesamt<\/td>\n<td class=\"lineheaderc\">Fehler<\/td>\n<td class=\"lineheaderc\">R\u00e4umen<\/td>\n<td class=\"lineheaderc\">Volle<\/td>\n<td class=\"lineheaderc\">Differenz<\/td>\n<\/tr>\n<tr>\n<td class=\"cellborderc\">5<\/td>\n<td class=\"cellborderc\">3041<\/td>\n<td class=\"cellborderc\">61<\/td>\n<td class=\"cellborderc\">930<\/td>\n<td class=\"cellborderc\">2111<\/td>\n<td class=\"cellborderc\">+51<\/td>\n<\/tr>\n<\/tbody>\n<\/table>\n<\/td>\n<\/tr>\n<\/tbody>\n<\/table>\n<p><b>Herren 2<\/b><\/p>\n<p class=\"RundschauStandardText\"><span style=\"color: black;\">Unsere zweite Herrenmannschaft hat sich dank dem Unentschieden einen Tabellenpunkt bei Dreieck Schweinfurt erk\u00e4mpft. Trotz schlechteren Mannschaftsergebnis, aber dank der erk\u00e4mpften Mannschaftspunkte in den direkten Duellen, konnte ein Unentschieden erreicht<br \/>\nwerden.<\/span><\/p>\n<table class=\"tablerpt\">\n<tbody>\n<tr>\n<td class=\"lineheaderc\" colspan=\"7\" width=\"480\">Dreieck SW 2<\/td>\n<td class=\"lineheaderc\" colspan=\"7\" width=\"480\" height=\"20\">DT Herren 2<\/td>\n<\/tr>\n<tr>\n<td class=\"lineheader\" height=\"20\">Name<\/td>\n<td class=\"lineheaderc\">D 1<\/td>\n<td class=\"lineheaderc\">D 2<\/td>\n<td class=\"lineheaderc\">D 3<\/td>\n<td class=\"lineheaderc\">D 4<\/td>\n<td class=\"lineheaderc\">Gesamt<\/td>\n<td class=\"lineheaderc\">MP<\/td>\n<td class=\"lineheaderc\">MP<\/td>\n<td class=\"lineheaderc\">Gesamt<\/td>\n<td class=\"lineheaderc\">D 4<\/td>\n<td class=\"lineheaderc\">D 3<\/td>\n<td class=\"lineheaderc\">D 2<\/td>\n<td class=\"lineheaderc\">D 1<\/td>\n<td class=\"lineheaderc\">Name<\/td>\n<\/tr>\n<tr>\n<td class=\"cellborder\" height=\"20\">B\u00f6hnlein Horst<\/td>\n<td class=\"cellborderc\">124<\/td>\n<td class=\"cellborderc\">123<\/td>\n<td class=\"cellborderc\">148<\/td>\n<td class=\"cellborderc\">145<\/td>\n<td class=\"cellborderc\">545<\/td>\n<td class=\"cellborderc\">1<\/td>\n<td class=\"cellborderc\">0<\/td>\n<td class=\"cellborderc\">459<\/td>\n<td class=\"cellborderc\">120<\/td>\n<td class=\"cellborderc\">109<\/td>\n<td class=\"cellborderc\">109<\/td>\n<td class=\"cellborderc\">121<\/td>\n<td class=\"cellborder\" align=\"right\">Lohrey Gerd<\/td>\n<\/tr>\n<tr>\n<td class=\"cellborder\" height=\"20\">Jelitto Heinz<\/td>\n<td class=\"cellborderc\">104<\/td>\n<td class=\"cellborderc\">109<\/td>\n<td class=\"cellborderc\">130<\/td>\n<td class=\"cellborderc\">90<\/td>\n<td class=\"cellborderc\">433<\/td>\n<td class=\"cellborderc\">0<\/td>\n<td class=\"cellborderc\">1<\/td>\n<td class=\"cellborderc\">443<\/td>\n<td class=\"cellborderc\">98<\/td>\n<td class=\"cellborderc\">104<\/td>\n<td class=\"cellborderc\">128<\/td>\n<td class=\"cellborderc\">113<\/td>\n<td class=\"cellborder\" align=\"right\">Mauder Hermann<\/td>\n<\/tr>\n<tr>\n<td class=\"cellborder\" height=\"20\">Habl Werner<\/td>\n<td class=\"cellborderc\">120<\/td>\n<td class=\"cellborderc\">125<\/td>\n<td class=\"cellborderc\">121<\/td>\n<td class=\"cellborderc\">119<\/td>\n<td class=\"cellborderc\">486<\/td>\n<td class=\"cellborderc\">0<\/td>\n<td class=\"cellborderc\">1<\/td>\n<td class=\"cellborderc\">506<\/td>\n<td class=\"cellborderc\">137<\/td>\n<td class=\"cellborderc\">121<\/td>\n<td class=\"cellborderc\">128<\/td>\n<td class=\"cellborderc\">120<\/td>\n<td class=\"cellborder\" align=\"right\">Fichna Manfred<\/td>\n<\/tr>\n<tr>\n<td class=\"cellborder\" height=\"20\">Weber Steffen<\/td>\n<td class=\"cellborderc\">120<\/td>\n<td class=\"cellborderc\">116<\/td>\n<td class=\"cellborderc\">124<\/td>\n<td class=\"cellborderc\">116<\/td>\n<td class=\"cellborderc\">476<\/td>\n<td class=\"cellborderc\">0<\/td>\n<td class=\"cellborderc\">1<\/td>\n<td class=\"cellborderc\">511<\/td>\n<td class=\"cellborderc\">144<\/td>\n<td class=\"cellborderc\">136<\/td>\n<td class=\"cellborderc\">114<\/td>\n<td class=\"cellborderc\">117<\/td>\n<td class=\"cellborder\" align=\"right\">Hartmann Georg<\/td>\n<\/tr>\n<tr>\n<td colspan=\"7\">\n<table class=\"tablerpt\">\n<tbody>\n<tr>\n<td class=\"lineheaderc\">Differenz<\/td>\n<td class=\"lineheaderc\">Volle<\/td>\n<td class=\"lineheaderc\">R\u00e4umen<\/td>\n<td class=\"lineheaderc\">Fehler<\/td>\n<td class=\"lineheaderc\">Gesamt<\/td>\n<td class=\"lineheaderc\">MP<\/td>\n<\/tr>\n<tr>\n<td class=\"cellborderc\">+21<\/td>\n<td class=\"cellborderc\">1350<\/td>\n<td class=\"cellborderc\">590<\/td>\n<td class=\"cellborderc\">34<\/td>\n<td class=\"cellborderc\">1940<\/td>\n<td class=\"cellborderc\">3<\/td>\n<\/tr>\n<\/tbody>\n<\/table>\n<\/td>\n<td colspan=\"7\">\n<table class=\"tablerpt\">\n<tbody>\n<tr>\n<td class=\"lineheaderc\">MP<\/td>\n<td class=\"lineheaderc\">Gesamt<\/td>\n<td class=\"lineheaderc\">Fehler<\/td>\n<td class=\"lineheaderc\">R\u00e4umen<\/td>\n<td class=\"lineheaderc\">Volle<\/td>\n<td class=\"lineheaderc\">Differenz<\/td>\n<\/tr>\n<tr>\n<td class=\"cellborderc\">3<\/td>\n<td class=\"cellborderc\">1919<\/td>\n<td class=\"cellborderc\">40<\/td>\n<td class=\"cellborderc\">545<\/td>\n<td class=\"cellborderc\">1374<\/td>\n<td class=\"cellborderc\">-21<\/td>\n<\/tr>\n<\/tbody>\n<\/table>\n<\/td>\n<\/tr>\n<\/tbody>\n<\/table>\n<p><b>Gemischt 2<\/b><\/p>\n<p class=\"RundschauStandardText\"><span style=\"color: black;\">Weiterer Punktgewinn f\u00fcr unsere zweite gemischte Mannschaft. Zu Beginn hielten J\u00f6rg und Pia mit Ihren jeweiligen Gegnern mit, gerieten aber etwas in R\u00fcckstand. Die Schlussspieler Reinhold und der Jugendliche Leo lieferten aber gute Leistungen ab und konnten das Spiel zu unseren Gunsten drehen.<\/span><\/p>\n<table class=\"tablerpt\">\n<tbody>\n<tr>\n<td class=\"lineheaderc\" colspan=\"5\" width=\"480\">SKK Dreieck SW<\/td>\n<td class=\"lineheaderc\" colspan=\"5\" width=\"480\" height=\"20\">DT Gemischt 2<\/td>\n<\/tr>\n<tr>\n<td class=\"lineheader\" height=\"20\">Name<\/td>\n<td class=\"lineheaderc\">Volle<\/td>\n<td class=\"lineheaderc\">R\u00e4umen<\/td>\n<td class=\"lineheaderc\">Fehler<\/td>\n<td class=\"lineheaderc\">Gesamt<\/td>\n<td class=\"lineheaderc\">Gesamt<\/td>\n<td class=\"lineheaderc\">Fehler<\/td>\n<td class=\"lineheaderc\">R\u00e4umen<\/td>\n<td class=\"lineheaderc\">Volle<\/td>\n<td class=\"lineheaderc\">Name<\/td>\n<\/tr>\n<tr>\n<td class=\"cellborder\" height=\"20\">Weber, Florian<\/td>\n<td class=\"cellborderc\">276<\/td>\n<td class=\"cellborderc\">83<\/td>\n<td class=\"cellborderc\">15<\/td>\n<td class=\"cellborderc\">359<\/td>\n<td class=\"cellborderc\">356<\/td>\n<td class=\"cellborderc\">15<\/td>\n<td class=\"cellborderc\">96<\/td>\n<td class=\"cellborderc\">260<\/td>\n<td class=\"cellborder\" align=\"right\">Kuntschar, Pia<\/td>\n<\/tr>\n<tr>\n<td class=\"cellborder\" height=\"20\">Jelitto, Monika<\/td>\n<td class=\"cellborderc\">267<\/td>\n<td class=\"cellborderc\">87<\/td>\n<td class=\"cellborderc\">15<\/td>\n<td class=\"cellborderc\">354<\/td>\n<td class=\"cellborderc\">337<\/td>\n<td class=\"cellborderc\">21<\/td>\n<td class=\"cellborderc\">79<\/td>\n<td class=\"cellborderc\">258<\/td>\n<td class=\"cellborder\" align=\"right\">Ludewig, J\u00f6rg<\/td>\n<\/tr>\n<tr>\n<td class=\"cellborder\" height=\"20\">Herder, Jutta<\/td>\n<td class=\"cellborderc\">255<\/td>\n<td class=\"cellborderc\">129<\/td>\n<td class=\"cellborderc\">8<\/td>\n<td class=\"cellborderc\">384<\/td>\n<td class=\"cellborderc\">406<\/td>\n<td class=\"cellborderc\">9<\/td>\n<td class=\"cellborderc\">116<\/td>\n<td class=\"cellborderc\">290<\/td>\n<td class=\"cellborder\" align=\"right\">N\u00f6th, Reinhold<\/td>\n<\/tr>\n<tr>\n<td class=\"cellborder\" height=\"20\">Brandl, Edith<\/td>\n<td class=\"cellborderc\">270<\/td>\n<td class=\"cellborderc\">85<\/td>\n<td class=\"cellborderc\">16<\/td>\n<td class=\"cellborderc\">355<\/td>\n<td class=\"cellborderc\">408<\/td>\n<td class=\"cellborderc\">5<\/td>\n<td class=\"cellborderc\">129<\/td>\n<td class=\"cellborderc\">279<\/td>\n<td class=\"cellborder\" align=\"right\">Weigand, Leo<\/td>\n<\/tr>\n<tr>\n<td colspan=\"5\">\n<table class=\"tablerpt\">\n<tbody>\n<tr>\n<td class=\"lineheaderc\">Differenz<\/td>\n<td class=\"lineheaderc\">Volle<\/td>\n<td class=\"lineheaderc\">R\u00e4umen<\/td>\n<td class=\"lineheaderc\">Fehler<\/td>\n<td class=\"lineheaderc\">Gesamt<\/td>\n<\/tr>\n<tr>\n<td class=\"cellborderc\">-55<\/td>\n<td class=\"cellborderc\">1068<\/td>\n<td class=\"cellborderc\">384<\/td>\n<td class=\"cellborderc\">54<\/td>\n<td class=\"cellborderc\">1452<\/td>\n<\/tr>\n<\/tbody>\n<\/table>\n<\/td>\n<td colspan=\"5\">\n<table class=\"tablerpt\">\n<tbody>\n<tr>\n<td class=\"lineheaderc\">Gesamt<\/td>\n<td class=\"lineheaderc\">Fehler<\/td>\n<td class=\"lineheaderc\">R\u00e4umen<\/td>\n<td class=\"lineheaderc\">Volle<\/td>\n<td class=\"lineheaderc\">Differenz<\/td>\n<\/tr>\n<tr>\n<td class=\"cellborderc\">1507<\/td>\n<td class=\"cellborderc\">50<\/td>\n<td class=\"cellborderc\">420<\/td>\n<td class=\"cellborderc\">1087<\/td>\n<td class=\"cellborderc\">+55<\/td>\n<\/tr>\n<\/tbody>\n<\/table>\n<\/td>\n<\/tr>\n<\/tbody>\n<\/table>\n","protected":false},"excerpt":{"rendered":"<p>Herren 1 Mit einem neuen Mannschaftsrekord har unsere erste Herrenmannschaft einen ungef\u00e4hrdeten Sieg eingefahren. Unsere M\u00e4nner zeigten sich durchgehend in sehr guter Form und jeder Punkt konnte mit tollen Einzelergebnissen <a href=\"https:\/\/www.doppelturm.de\/?page_id=1237\" class=\"more-link\">[&hellip;]<\/a><\/p>\n","protected":false},"author":2,"featured_media":0,"parent":1621,"menu_order":60,"comment_status":"closed","ping_status":"closed","template":"","meta":{"Layout":""},"_links":{"self":[{"href":"https:\/\/www.doppelturm.de\/index.php?rest_route=\/wp\/v2\/pages\/1237"}],"collection":[{"href":"https:\/\/www.doppelturm.de\/index.php?rest_route=\/wp\/v2\/pages"}],"about":[{"href":"https:\/\/www.doppelturm.de\/index.php?rest_route=\/wp\/v2\/types\/page"}],"author":[{"embeddable":true,"href":"https:\/\/www.doppelturm.de\/index.php?rest_route=\/wp\/v2\/users\/2"}],"replies":[{"embeddable":true,"href":"https:\/\/www.doppelturm.de\/index.php?rest_route=%2Fwp%2Fv2%2Fcomments&post=1237"}],"version-history":[{"count":3,"href":"https:\/\/www.doppelturm.de\/index.php?rest_route=\/wp\/v2\/pages\/1237\/revisions"}],"predecessor-version":[{"id":1240,"href":"https:\/\/www.doppelturm.de\/index.php?rest_route=\/wp\/v2\/pages\/1237\/revisions\/1240"}],"up":[{"embeddable":true,"href":"https:\/\/www.doppelturm.de\/index.php?rest_route=\/wp\/v2\/pages\/1621"}],"wp:attachment":[{"href":"https:\/\/www.doppelturm.de\/index.php?rest_route=%2Fwp%2Fv2%2Fmedia&parent=1237"}],"curies":[{"name":"wp","href":"https:\/\/api.w.org\/{rel}","templated":true}]}}