{"id":1225,"date":"2017-02-11T15:39:35","date_gmt":"2017-02-11T14:39:35","guid":{"rendered":"http:\/\/www.doppelturm.de\/?page_id=1225"},"modified":"2017-10-10T10:20:57","modified_gmt":"2017-10-10T08:20:57","slug":"spieltag-13-15-01-2017","status":"publish","type":"page","link":"https:\/\/www.doppelturm.de\/?page_id=1225","title":{"rendered":"Spieltag 13.-15.01.2017"},"content":{"rendered":"<p><b>Herren 1<\/b><\/p>\n<p class=\"RundschauStandardText\"><span style=\"color: black;\">Tabellenf\u00fchrung \u00fcbernommen<br \/>\nEinen weiteren Heimsieg hat unserer 1. Mannschaft eingefahren. Gleich zu Beginn setzte Oli ein starkes Zeichen, indem er mit 4:0 seinen Mannschaftspunkt einfuhr und viele Kegel rausholte. Philipp tat sich gegen seinen Gegner schon schwerer und musste den Mannschaftspunkt abgeben. Somit stand es 1:1 und 17 Holz Vorsprung f\u00fcr Rafeld. Das bew\u00e4hrte Schlusspaar Sascha und Matthias gab sich keine Bl\u00f6\u00dfe und holten beide Ihren Mannschaftspunkt und bauten den Vorsprung aus. Insgesamt spielte die Mannschaft zusammen lediglich 11 Fehler, was sich auch im guten Abr\u00e4umergebnis widerspiegelt. Mit dem Sieg und dem gleichzeitigen Punktverlust eines direkten Konkurrenten hat unsere Mannschaft die Tabellenf\u00fchrung, punktgleich mit Sand, aber mit einem Mannschaftspunkt mehr, \u00fcbernommen.<\/span><\/p>\n<table class=\"tablerpt\">\n<tbody>\n<tr>\n<td class=\"lineheaderc\" colspan=\"7\" width=\"480\">DT Herren 1<\/td>\n<td class=\"lineheaderc\" colspan=\"7\" width=\"480\" height=\"20\">Kegelkranz Heustreu<\/td>\n<\/tr>\n<tr>\n<td class=\"lineheader\" height=\"20\">Name<\/td>\n<td class=\"lineheaderc\">D 1<\/td>\n<td class=\"lineheaderc\">D 2<\/td>\n<td class=\"lineheaderc\">D 3<\/td>\n<td class=\"lineheaderc\">D 4<\/td>\n<td class=\"lineheaderc\">Gesamt<\/td>\n<td class=\"lineheaderc\">MP<\/td>\n<td class=\"lineheaderc\">MP<\/td>\n<td class=\"lineheaderc\">Gesamt<\/td>\n<td class=\"lineheaderc\">D 4<\/td>\n<td class=\"lineheaderc\">D 3<\/td>\n<td class=\"lineheaderc\">D 2<\/td>\n<td class=\"lineheaderc\">D 1<\/td>\n<td class=\"lineheaderc\">Name<\/td>\n<\/tr>\n<tr>\n<td class=\"cellborder\" height=\"20\">Werner Oliver<\/td>\n<td class=\"cellborderc\">136<\/td>\n<td class=\"cellborderc\">143<\/td>\n<td class=\"cellborderc\">160<\/td>\n<td class=\"cellborderc\">143<\/td>\n<td class=\"cellborderc\">582<\/td>\n<td class=\"cellborderc\">1<\/td>\n<td class=\"cellborderc\">0<\/td>\n<td class=\"cellborderc\">511<\/td>\n<td class=\"cellborderc\">131<\/td>\n<td class=\"cellborderc\">120<\/td>\n<td class=\"cellborderc\">132<\/td>\n<td class=\"cellborderc\">128<\/td>\n<td class=\"cellborder\" align=\"right\">Endres J\u00fcrgen<\/td>\n<\/tr>\n<tr>\n<td class=\"cellborder\" height=\"20\">H\u00fcmmer Philipp<\/td>\n<td class=\"cellborderc\">127<\/td>\n<td class=\"cellborderc\">107<\/td>\n<td class=\"cellborderc\">135<\/td>\n<td class=\"cellborderc\">137<\/td>\n<td class=\"cellborderc\">506<\/td>\n<td class=\"cellborderc\">0<\/td>\n<td class=\"cellborderc\">1<\/td>\n<td class=\"cellborderc\">560<\/td>\n<td class=\"cellborderc\">145<\/td>\n<td class=\"cellborderc\">144<\/td>\n<td class=\"cellborderc\">130<\/td>\n<td class=\"cellborderc\">141<\/td>\n<td class=\"cellborder\" align=\"right\">Kr\u00fcger Oliver<\/td>\n<\/tr>\n<tr>\n<td class=\"cellborder\" height=\"20\">M\u00fcller Sascha<\/td>\n<td class=\"cellborderc\">135<\/td>\n<td class=\"cellborderc\">157<\/td>\n<td class=\"cellborderc\">136<\/td>\n<td class=\"cellborderc\">124<\/td>\n<td class=\"cellborderc\">552<\/td>\n<td class=\"cellborderc\">1<\/td>\n<td class=\"cellborderc\">0<\/td>\n<td class=\"cellborderc\">493<\/td>\n<td class=\"cellborderc\">134<\/td>\n<td class=\"cellborderc\">118<\/td>\n<td class=\"cellborderc\">122<\/td>\n<td class=\"cellborderc\">119<\/td>\n<td class=\"cellborder\" align=\"right\">Muth Markus<\/td>\n<\/tr>\n<tr>\n<td class=\"cellborder\" height=\"20\">Braun Matthias<\/td>\n<td class=\"cellborderc\">131<\/td>\n<td class=\"cellborderc\">132<\/td>\n<td class=\"cellborderc\">144<\/td>\n<td class=\"cellborderc\">151<\/td>\n<td class=\"cellborderc\">558<\/td>\n<td class=\"cellborderc\">1<\/td>\n<td class=\"cellborderc\">0<\/td>\n<td class=\"cellborderc\">538<\/td>\n<td class=\"cellborderc\">130<\/td>\n<td class=\"cellborderc\">142<\/td>\n<td class=\"cellborderc\">131<\/td>\n<td class=\"cellborderc\">135<\/td>\n<td class=\"cellborder\" align=\"right\">K\u00f6berlein Gerd<\/td>\n<\/tr>\n<tr>\n<td colspan=\"7\">\n<table class=\"tablerpt\">\n<tbody>\n<tr>\n<td class=\"lineheaderc\">Differenz<\/td>\n<td class=\"lineheaderc\">Volle<\/td>\n<td class=\"lineheaderc\">R\u00e4umen<\/td>\n<td class=\"lineheaderc\">Fehler<\/td>\n<td class=\"lineheaderc\">Gesamt<\/td>\n<td class=\"lineheaderc\">MP<\/td>\n<\/tr>\n<tr>\n<td class=\"cellborderc\">+96<\/td>\n<td class=\"cellborderc\">1459<\/td>\n<td class=\"cellborderc\">739<\/td>\n<td class=\"cellborderc\">11<\/td>\n<td class=\"cellborderc\">2198<\/td>\n<td class=\"cellborderc\">5<\/td>\n<\/tr>\n<\/tbody>\n<\/table>\n<\/td>\n<td colspan=\"7\">\n<table class=\"tablerpt\">\n<tbody>\n<tr>\n<td class=\"lineheaderc\">MP<\/td>\n<td class=\"lineheaderc\">Gesamt<\/td>\n<td class=\"lineheaderc\">Fehler<\/td>\n<td class=\"lineheaderc\">R\u00e4umen<\/td>\n<td class=\"lineheaderc\">Volle<\/td>\n<td class=\"lineheaderc\">Differenz<\/td>\n<\/tr>\n<tr>\n<td class=\"cellborderc\">1<\/td>\n<td class=\"cellborderc\">2102<\/td>\n<td class=\"cellborderc\">21<\/td>\n<td class=\"cellborderc\">671<\/td>\n<td class=\"cellborderc\">1431<\/td>\n<td class=\"cellborderc\">-96<\/td>\n<\/tr>\n<\/tbody>\n<\/table>\n<\/td>\n<\/tr>\n<\/tbody>\n<\/table>\n<p><b>Damen<\/b><\/p>\n<p class=\"RundschauStandardText\"><span style=\"color: black;\">Eindrucksvoller Sieg<br \/>\nUnsere Damen sind zurzeit einfach gut drauf und das mussten auch unsere G\u00e4ste von DJK und Gl\u00fcck Auf Schweinfurt erkennen. Der unbedingte Siegeswille &#8211; und die Wiedergutmachung der desolaten Niederlage in der Vorrunde &#8211; war von Anfang an zu sp\u00fcren. Mit einem um 10 Holz verbesserten Saisonmannschaftsrekord und einem \u201eZu-0 Sieg\u201c gegen den bisherigen Tabellenf\u00fchrer konnten Sie auf den zweiten Tabellenplatz aufsteigen. Die Meisterschaft und damit der m\u00f6gliche Aufstieg sind weiterhin das Ziel.<br \/>\n<\/span><\/p>\n<table class=\"tablerpt\">\n<tbody>\n<tr>\n<td class=\"lineheaderc\" colspan=\"7\" width=\"480\" height=\"20\">DT Damen<\/td>\n<td class=\"lineheaderc\" colspan=\"7\" width=\"480\">Gl\u00fcck Auf \/ DJK SW<\/td>\n<\/tr>\n<tr>\n<td class=\"lineheader\" height=\"20\">Name<\/td>\n<td class=\"lineheaderc\">D 1<\/td>\n<td class=\"lineheaderc\">D 2<\/td>\n<td class=\"lineheaderc\">D 3<\/td>\n<td class=\"lineheaderc\">D 4<\/td>\n<td class=\"lineheaderc\">Gesamt<\/td>\n<td class=\"lineheaderc\">MP<\/td>\n<td class=\"lineheaderc\">MP<\/td>\n<td class=\"lineheaderc\">Gesamt<\/td>\n<td class=\"lineheaderc\">D 4<\/td>\n<td class=\"lineheaderc\">D 3<\/td>\n<td class=\"lineheaderc\">D 2<\/td>\n<td class=\"lineheaderc\">D 1<\/td>\n<td class=\"lineheaderc\">Name<\/td>\n<\/tr>\n<tr>\n<td class=\"cellborder\" height=\"20\">Landeck Silvia<\/td>\n<td class=\"cellborderc\">123<\/td>\n<td class=\"cellborderc\">118<\/td>\n<td class=\"cellborderc\">126<\/td>\n<td class=\"cellborderc\">122<\/td>\n<td class=\"cellborderc\">489<\/td>\n<td class=\"cellborderc\">1<\/td>\n<td class=\"cellborderc\">0<\/td>\n<td class=\"cellborderc\">488<\/td>\n<td class=\"cellborderc\">103<\/td>\n<td class=\"cellborderc\">134<\/td>\n<td class=\"cellborderc\">131<\/td>\n<td class=\"cellborderc\">120<\/td>\n<td class=\"cellborder\" align=\"right\">Michler Katharina<\/td>\n<\/tr>\n<tr>\n<td class=\"cellborder\" height=\"20\">N\u00f6th Helena<\/td>\n<td class=\"cellborderc\">136<\/td>\n<td class=\"cellborderc\">148<\/td>\n<td class=\"cellborderc\">145<\/td>\n<td class=\"cellborderc\">130<\/td>\n<td class=\"cellborderc\">559<\/td>\n<td class=\"cellborderc\">1<\/td>\n<td class=\"cellborderc\">0<\/td>\n<td class=\"cellborderc\">484<\/td>\n<td class=\"cellborderc\">133<\/td>\n<td class=\"cellborderc\">106<\/td>\n<td class=\"cellborderc\">126<\/td>\n<td class=\"cellborderc\">119<\/td>\n<td class=\"cellborder\" align=\"right\">Umh\u00f6fer Kristina<\/td>\n<\/tr>\n<tr>\n<td class=\"cellborder\" height=\"20\">R\u00f6sch Anni<\/td>\n<td class=\"cellborderc\">131<\/td>\n<td class=\"cellborderc\">129<\/td>\n<td class=\"cellborderc\">134<\/td>\n<td class=\"cellborderc\">121<\/td>\n<td class=\"cellborderc\">515<\/td>\n<td class=\"cellborderc\">1<\/td>\n<td class=\"cellborderc\">0<\/td>\n<td class=\"cellborderc\">460<\/td>\n<td class=\"cellborderc\">120<\/td>\n<td class=\"cellborderc\">101<\/td>\n<td class=\"cellborderc\">122<\/td>\n<td class=\"cellborderc\">117<\/td>\n<td class=\"cellborder\" align=\"right\">Horal Petra<\/td>\n<\/tr>\n<tr>\n<td class=\"cellborder\" height=\"20\">Mauder Jenny<\/td>\n<td class=\"cellborderc\">147<\/td>\n<td class=\"cellborderc\">141<\/td>\n<td class=\"cellborderc\">124<\/td>\n<td class=\"cellborderc\">134<\/td>\n<td class=\"cellborderc\">546<\/td>\n<td class=\"cellborderc\">1<\/td>\n<td class=\"cellborderc\">0<\/td>\n<td class=\"cellborderc\">523<\/td>\n<td class=\"cellborderc\">119<\/td>\n<td class=\"cellborderc\">143<\/td>\n<td class=\"cellborderc\">127<\/td>\n<td class=\"cellborderc\">134<\/td>\n<td class=\"cellborder\" align=\"right\">Limpert Nadine<\/td>\n<\/tr>\n<tr>\n<td class=\"cellborder\" height=\"20\">Murphy Corinna<\/td>\n<td class=\"cellborderc\">134<\/td>\n<td class=\"cellborderc\">129<\/td>\n<td class=\"cellborderc\">137<\/td>\n<td class=\"cellborderc\">119<\/td>\n<td class=\"cellborderc\">519<\/td>\n<td class=\"cellborderc\">1<\/td>\n<td class=\"cellborderc\">0<\/td>\n<td class=\"cellborderc\">468<\/td>\n<td class=\"cellborderc\">106<\/td>\n<td class=\"cellborderc\">118<\/td>\n<td class=\"cellborderc\">126<\/td>\n<td class=\"cellborderc\">118<\/td>\n<td class=\"cellborder\" align=\"right\">B\u00fchl Rita<\/td>\n<\/tr>\n<tr>\n<td class=\"cellborder\" height=\"20\">Eisenhut Daniela<\/td>\n<td class=\"cellborderc\">118<\/td>\n<td class=\"cellborderc\">130<\/td>\n<td class=\"cellborderc\">127<\/td>\n<td class=\"cellborderc\">114<\/td>\n<td class=\"cellborderc\">489<\/td>\n<td class=\"cellborderc\">1<\/td>\n<td class=\"cellborderc\">0<\/td>\n<td class=\"cellborderc\">490<\/td>\n<td class=\"cellborderc\">118<\/td>\n<td class=\"cellborderc\">125<\/td>\n<td class=\"cellborderc\">129<\/td>\n<td class=\"cellborderc\">118<\/td>\n<td class=\"cellborder\" align=\"right\">K\u00f6tzner Claudia<\/td>\n<\/tr>\n<tr>\n<td colspan=\"7\">\n<table class=\"tablerpt\">\n<tbody>\n<tr>\n<td class=\"lineheaderc\">Differenz<\/td>\n<td class=\"lineheaderc\">Volle<\/td>\n<td class=\"lineheaderc\">R\u00e4umen<\/td>\n<td class=\"lineheaderc\">Fehler<\/td>\n<td class=\"lineheaderc\">Gesamt<\/td>\n<td class=\"lineheaderc\">MP<\/td>\n<\/tr>\n<tr>\n<td class=\"cellborderc\">+204<\/td>\n<td class=\"cellborderc\">2131<\/td>\n<td class=\"cellborderc\">986<\/td>\n<td class=\"cellborderc\">38<\/td>\n<td class=\"cellborderc\">3117<\/td>\n<td class=\"cellborderc\">8<\/td>\n<\/tr>\n<\/tbody>\n<\/table>\n<\/td>\n<td colspan=\"7\">\n<table class=\"tablerpt\">\n<tbody>\n<tr>\n<td class=\"lineheaderc\">MP<\/td>\n<td class=\"lineheaderc\">Gesamt<\/td>\n<td class=\"lineheaderc\">Fehler<\/td>\n<td class=\"lineheaderc\">R\u00e4umen<\/td>\n<td class=\"lineheaderc\">Volle<\/td>\n<td class=\"lineheaderc\">Differenz<\/td>\n<\/tr>\n<tr>\n<td class=\"cellborderc\">0<\/td>\n<td class=\"cellborderc\">2913<\/td>\n<td class=\"cellborderc\">61<\/td>\n<td class=\"cellborderc\">872<\/td>\n<td class=\"cellborderc\">2041<\/td>\n<td class=\"cellborderc\">-204<\/td>\n<\/tr>\n<\/tbody>\n<\/table>\n<\/td>\n<\/tr>\n<\/tbody>\n<\/table>\n<p><b>Herren 2<\/b><\/p>\n<p class=\"RundschauStandardText\"><span style=\"color: black;\">Weitere bittere Niederlage<br \/>\nUnserer 2. Mannschaft musste eine weitere Heimniederlage einstecken. W\u00e4hrend das Anfangspaar Gerd und Hermann noch gut mit den Gegnern aus Stettfeld mithalten konnten und quasi ein Unentschieden erreichte, konnte das Schlusspaar Georg und Manfred die Niederlage nicht verhindern. Unser Team konnte in die Volle zwar gut mithalten, verspielte das Spiel allerdings auf Abr\u00e4umen und leisteten sich einfach zu viele Fehler. Mit der Niederlage sind sie in der Tabelle nach unten gerutscht und liegen nun punktgleich mit zwei weiteren Teams auf einen Abstiegsplatz.<\/span><\/p>\n<table class=\"tablerpt\">\n<tbody>\n<tr>\n<td class=\"lineheaderc\" colspan=\"7\" width=\"480\">DT Herren 2<\/td>\n<td class=\"lineheaderc\" colspan=\"7\" width=\"480\" height=\"20\">SKK Stettfeld<\/td>\n<\/tr>\n<tr>\n<td class=\"lineheader\" height=\"20\">Name<\/td>\n<td class=\"lineheaderc\">D 1<\/td>\n<td class=\"lineheaderc\">D 2<\/td>\n<td class=\"lineheaderc\">D 3<\/td>\n<td class=\"lineheaderc\">D 4<\/td>\n<td class=\"lineheaderc\">Gesamt<\/td>\n<td class=\"lineheaderc\">MP<\/td>\n<td class=\"lineheaderc\">MP<\/td>\n<td class=\"lineheaderc\">Gesamt<\/td>\n<td class=\"lineheaderc\">D 4<\/td>\n<td class=\"lineheaderc\">D 3<\/td>\n<td class=\"lineheaderc\">D 2<\/td>\n<td class=\"lineheaderc\">D 1<\/td>\n<td class=\"lineheaderc\">Name<\/td>\n<\/tr>\n<tr>\n<td class=\"cellborder\" height=\"20\">Lohrey Gerd<\/td>\n<td class=\"cellborderc\"><\/td>\n<td class=\"cellborderc\"><\/td>\n<td class=\"cellborderc\"><\/td>\n<td class=\"cellborderc\"><\/td>\n<td class=\"cellborderc\">494<\/td>\n<td class=\"cellborderc\">1<\/td>\n<td class=\"cellborderc\">0<\/td>\n<td class=\"cellborderc\">442<\/td>\n<td class=\"cellborderc\"><\/td>\n<td class=\"cellborderc\"><\/td>\n<td class=\"cellborderc\"><\/td>\n<td class=\"cellborderc\"><\/td>\n<td class=\"cellborder\" align=\"right\">Benedikt Herbert \/ Rzepka Joachim<\/td>\n<\/tr>\n<tr>\n<td class=\"cellborder\" height=\"20\">Mauder Hermann<\/td>\n<td class=\"cellborderc\"><\/td>\n<td class=\"cellborderc\"><\/td>\n<td class=\"cellborderc\"><\/td>\n<td class=\"cellborderc\"><\/td>\n<td class=\"cellborderc\">493<\/td>\n<td class=\"cellborderc\">0<\/td>\n<td class=\"cellborderc\">1<\/td>\n<td class=\"cellborderc\">538<\/td>\n<td class=\"cellborderc\"><\/td>\n<td class=\"cellborderc\"><\/td>\n<td class=\"cellborderc\"><\/td>\n<td class=\"cellborderc\"><\/td>\n<td class=\"cellborder\" align=\"right\">Spath Matthias<\/td>\n<\/tr>\n<tr>\n<td class=\"cellborder\" height=\"20\">Fichna Manfred<\/td>\n<td class=\"cellborderc\"><\/td>\n<td class=\"cellborderc\"><\/td>\n<td class=\"cellborderc\"><\/td>\n<td class=\"cellborderc\"><\/td>\n<td class=\"cellborderc\">512<\/td>\n<td class=\"cellborderc\">1<\/td>\n<td class=\"cellborderc\">0<\/td>\n<td class=\"cellborderc\">493<\/td>\n<td class=\"cellborderc\"><\/td>\n<td class=\"cellborderc\"><\/td>\n<td class=\"cellborderc\"><\/td>\n<td class=\"cellborderc\"><\/td>\n<td class=\"cellborder\" align=\"right\">Full Daniel<\/td>\n<\/tr>\n<tr>\n<td class=\"cellborder\" height=\"20\">Hartmann Georg<\/td>\n<td class=\"cellborderc\"><\/td>\n<td class=\"cellborderc\"><\/td>\n<td class=\"cellborderc\"><\/td>\n<td class=\"cellborderc\"><\/td>\n<td class=\"cellborderc\">461<\/td>\n<td class=\"cellborderc\">0<\/td>\n<td class=\"cellborderc\">1<\/td>\n<td class=\"cellborderc\">517<\/td>\n<td class=\"cellborderc\"><\/td>\n<td class=\"cellborderc\"><\/td>\n<td class=\"cellborderc\"><\/td>\n<td class=\"cellborderc\"><\/td>\n<td class=\"cellborder\" align=\"right\">Bruchmann Andreas<\/td>\n<\/tr>\n<tr>\n<td colspan=\"7\">\n<table class=\"tablerpt\">\n<tbody>\n<tr>\n<td class=\"lineheaderc\">Differenz<\/td>\n<td class=\"lineheaderc\">Volle<\/td>\n<td class=\"lineheaderc\">R\u00e4umen<\/td>\n<td class=\"lineheaderc\">Fehler<\/td>\n<td class=\"lineheaderc\">Gesamt<\/td>\n<td class=\"lineheaderc\">MP<\/td>\n<\/tr>\n<tr>\n<td class=\"cellborderc\">-80<\/td>\n<td class=\"cellborderc\"><\/td>\n<td class=\"cellborderc\"><\/td>\n<td class=\"cellborderc\"><\/td>\n<td class=\"cellborderc\">1960<\/td>\n<td class=\"cellborderc\">1<\/td>\n<\/tr>\n<\/tbody>\n<\/table>\n<\/td>\n<td colspan=\"7\">\n<table class=\"tablerpt\">\n<tbody>\n<tr>\n<td class=\"lineheaderc\">MP<\/td>\n<td class=\"lineheaderc\">Gesamt<\/td>\n<td class=\"lineheaderc\">Fehler<\/td>\n<td class=\"lineheaderc\">R\u00e4umen<\/td>\n<td class=\"lineheaderc\">Volle<\/td>\n<td class=\"lineheaderc\">Differenz<\/td>\n<\/tr>\n<tr>\n<td class=\"cellborderc\">5<\/td>\n<td class=\"cellborderc\">2040<\/td>\n<td class=\"cellborderc\"><\/td>\n<td class=\"cellborderc\"><\/td>\n<td class=\"cellborderc\"><\/td>\n<td class=\"cellborderc\">+80<\/td>\n<\/tr>\n<\/tbody>\n<\/table>\n<\/td>\n<\/tr>\n<\/tbody>\n<\/table>\n<p><b>Gemischt 1 und 2<\/b><\/p>\n<p class=\"RundschauStandardText\"><span style=\"color: black;\">Erwartetes Ergebnis bei klubinternen Duelle<br \/>\nDas zweite Aufeinandertreffen unserer gemischten Mannschaften endete erwartungsgem\u00e4\u00df mit einem Sieg f\u00fcr die erste Mannschaft. Von beiden Mannschaften wurden gute Ergebnisse abgeliefert und das interne Duell wurde mit viel Freude bestritten. Die n\u00e4chsten Spiele stehen bereits an, w\u00e4hrend sich die zweite Mannschaft versucht im Mittelfeld zu halten, will sich die erste Mannschaft die Chance auf die Meisterschaft bewahren.<\/span><\/p>\n<table class=\"tablerpt\">\n<tbody>\n<tr>\n<td class=\"lineheaderc\" colspan=\"5\" width=\"480\">DT Gemischt 2<\/td>\n<td class=\"lineheaderc\" colspan=\"5\" width=\"480\" height=\"20\">DT Gemischt 1<\/td>\n<\/tr>\n<tr>\n<td class=\"lineheader\" height=\"20\">Name<\/td>\n<td class=\"lineheaderc\">Volle<\/td>\n<td class=\"lineheaderc\">R\u00e4umen<\/td>\n<td class=\"lineheaderc\">Fehler<\/td>\n<td class=\"lineheaderc\">Gesamt<\/td>\n<td class=\"lineheaderc\">Gesamt<\/td>\n<td class=\"lineheaderc\">Fehler<\/td>\n<td class=\"lineheaderc\">R\u00e4umen<\/td>\n<td class=\"lineheaderc\">Volle<\/td>\n<td class=\"lineheaderc\">Name<\/td>\n<\/tr>\n<tr>\n<td class=\"cellborder\" height=\"20\">N\u00f6th Reinhold<\/td>\n<td class=\"cellborderc\">284<\/td>\n<td class=\"cellborderc\">126<\/td>\n<td class=\"cellborderc\">8<\/td>\n<td class=\"cellborderc\">410<\/td>\n<td class=\"cellborderc\">388<\/td>\n<td class=\"cellborderc\">8<\/td>\n<td class=\"cellborderc\">123<\/td>\n<td class=\"cellborderc\">265<\/td>\n<td class=\"cellborder\" align=\"right\">Krieger Marius<\/td>\n<\/tr>\n<tr>\n<td class=\"cellborder\" height=\"20\">Ludewig J\u00f6rg<\/td>\n<td class=\"cellborderc\">282<\/td>\n<td class=\"cellborderc\">86<\/td>\n<td class=\"cellborderc\">17<\/td>\n<td class=\"cellborderc\">368<\/td>\n<td class=\"cellborderc\">424<\/td>\n<td class=\"cellborderc\">4<\/td>\n<td class=\"cellborderc\">130<\/td>\n<td class=\"cellborderc\">294<\/td>\n<td class=\"cellborder\" align=\"right\">Hofstetter Burkard<\/td>\n<\/tr>\n<tr>\n<td class=\"cellborder\" height=\"20\">Kuntschar Pia<\/td>\n<td class=\"cellborderc\">248<\/td>\n<td class=\"cellborderc\">97<\/td>\n<td class=\"cellborderc\">12<\/td>\n<td class=\"cellborderc\">345<\/td>\n<td class=\"cellborderc\">345<\/td>\n<td class=\"cellborderc\">24<\/td>\n<td class=\"cellborderc\">71<\/td>\n<td class=\"cellborderc\">274<\/td>\n<td class=\"cellborder\" align=\"right\">Krieger Christine<\/td>\n<\/tr>\n<tr>\n<td class=\"cellborder\" height=\"20\">Kimmel Herbert<\/td>\n<td class=\"cellborderc\">252<\/td>\n<td class=\"cellborderc\">71<\/td>\n<td class=\"cellborderc\">25<\/td>\n<td class=\"cellborderc\">323<\/td>\n<td class=\"cellborderc\">417<\/td>\n<td class=\"cellborderc\">10<\/td>\n<td class=\"cellborderc\">111<\/td>\n<td class=\"cellborderc\">306<\/td>\n<td class=\"cellborder\" align=\"right\">Argiropoulos Georgios<\/td>\n<\/tr>\n<tr>\n<td colspan=\"5\">\n<table class=\"tablerpt\">\n<tbody>\n<tr>\n<td class=\"lineheaderc\">Differenz<\/td>\n<td class=\"lineheaderc\">Volle<\/td>\n<td class=\"lineheaderc\">R\u00e4umen<\/td>\n<td class=\"lineheaderc\">Fehler<\/td>\n<td class=\"lineheaderc\">Gesamt<\/td>\n<\/tr>\n<tr>\n<td class=\"cellborderc\">-128<\/td>\n<td class=\"cellborderc\">1066<\/td>\n<td class=\"cellborderc\">380<\/td>\n<td class=\"cellborderc\">62<\/td>\n<td class=\"cellborderc\">1446<\/td>\n<\/tr>\n<\/tbody>\n<\/table>\n<\/td>\n<td colspan=\"5\">\n<table class=\"tablerpt\">\n<tbody>\n<tr>\n<td class=\"lineheaderc\">Gesamt<\/td>\n<td class=\"lineheaderc\">Fehler<\/td>\n<td class=\"lineheaderc\">R\u00e4umen<\/td>\n<td class=\"lineheaderc\">Volle<\/td>\n<td class=\"lineheaderc\">Differenz<\/td>\n<\/tr>\n<tr>\n<td class=\"cellborderc\">1574<\/td>\n<td class=\"cellborderc\">46<\/td>\n<td class=\"cellborderc\">435<\/td>\n<td class=\"cellborderc\">1139<\/td>\n<td class=\"cellborderc\">+128<\/td>\n<\/tr>\n<\/tbody>\n<\/table>\n<\/td>\n<\/tr>\n<\/tbody>\n<\/table>\n<p><b>Jugend 2<\/b><\/p>\n<p class=\"RundschauStandardText\"><span style=\"color: black;\"><br \/>\nMit einem guten Ergebnis ist unsere zweite Jugendmannschaft in das neue Jahr gestartet. Zwar hat es nicht zu einem Sieg gereicht, aber dies war auch nicht unser Ziel in der Saison. Alle Spieler konnten gute Ergebnisse abliefern und k\u00f6nnen auf ihre gezeigten Leistungen stolz sein.<\/span><\/p>\n<table class=\"tablerpt\">\n<tbody>\n<tr>\n<td class=\"lineheaderc\" colspan=\"6\" width=\"480\">\u00b4R\u00f6thlein<\/td>\n<td class=\"lineheaderc\" colspan=\"6\" width=\"480\" height=\"20\">DT Jugend 2<\/td>\n<\/tr>\n<tr>\n<td class=\"lineheader\" height=\"20\">Name<\/td>\n<td class=\"lineheaderc\">D 1<\/td>\n<td class=\"lineheaderc\">D 2<\/td>\n<td class=\"lineheaderc\">D 3<\/td>\n<td class=\"lineheaderc\">D 4<\/td>\n<td class=\"lineheaderc\">Gesamt<\/td>\n<td class=\"lineheaderc\">Gesamt<\/td>\n<td class=\"lineheaderc\">D 4<\/td>\n<td class=\"lineheaderc\">D 3<\/td>\n<td class=\"lineheaderc\">D 2<\/td>\n<td class=\"lineheaderc\">D 1<\/td>\n<td class=\"lineheaderc\">Name<\/td>\n<\/tr>\n<tr>\n<td class=\"cellborder\" height=\"20\">Fischer Christoph<\/td>\n<td class=\"cellborderc\">104<\/td>\n<td class=\"cellborderc\">92<\/td>\n<td class=\"cellborderc\">80<\/td>\n<td class=\"cellborderc\">100<\/td>\n<td class=\"cellborderc\">376<\/td>\n<td class=\"cellborderc\">438<\/td>\n<td class=\"cellborderc\">107<\/td>\n<td class=\"cellborderc\">115<\/td>\n<td class=\"cellborderc\">109<\/td>\n<td class=\"cellborderc\">107<\/td>\n<td class=\"cellborder\" align=\"right\">Stingl Fabian<\/td>\n<\/tr>\n<tr>\n<td class=\"cellborder\" height=\"20\">Krug Christoph<\/td>\n<td class=\"cellborderc\">129<\/td>\n<td class=\"cellborderc\">103<\/td>\n<td class=\"cellborderc\">120<\/td>\n<td class=\"cellborderc\">111<\/td>\n<td class=\"cellborderc\">463<\/td>\n<td class=\"cellborderc\">395<\/td>\n<td class=\"cellborderc\">126<\/td>\n<td class=\"cellborderc\">99<\/td>\n<td class=\"cellborderc\">88<\/td>\n<td class=\"cellborderc\">82<\/td>\n<td class=\"cellborder\" align=\"right\">Wegner Henrik \/ Landeck Jan Simon<\/td>\n<\/tr>\n<tr>\n<td class=\"cellborder\" height=\"20\">Gousi Chrysavgi<\/td>\n<td class=\"cellborderc\">132<\/td>\n<td class=\"cellborderc\">129<\/td>\n<td class=\"cellborderc\">116<\/td>\n<td class=\"cellborderc\">118<\/td>\n<td class=\"cellborderc\">495<\/td>\n<td class=\"cellborderc\">436<\/td>\n<td class=\"cellborderc\">117<\/td>\n<td class=\"cellborderc\">95<\/td>\n<td class=\"cellborderc\">112<\/td>\n<td class=\"cellborderc\">113<\/td>\n<td class=\"cellborder\" align=\"right\">Eisenhut Lara \/ Schreiner Florian<\/td>\n<\/tr>\n<tr>\n<td colspan=\"6\">\n<table class=\"tablerpt\">\n<tbody>\n<tr>\n<td class=\"lineheaderc\">Differenz<\/td>\n<td class=\"lineheaderc\">Volle<\/td>\n<td class=\"lineheaderc\">R\u00e4umen<\/td>\n<td class=\"lineheaderc\">Fehler<\/td>\n<td class=\"lineheaderc\">Gesamt<\/td>\n<\/tr>\n<tr>\n<td class=\"cellborderc\">+65<\/td>\n<td class=\"cellborderc\"><\/td>\n<td class=\"cellborderc\"><\/td>\n<td class=\"cellborderc\"><\/td>\n<td class=\"cellborderc\">1406<\/td>\n<\/tr>\n<\/tbody>\n<\/table>\n<\/td>\n<td colspan=\"6\">\n<table class=\"tablerpt\">\n<tbody>\n<tr>\n<td class=\"lineheaderc\">Gesamt<\/td>\n<td class=\"lineheaderc\">Fehler<\/td>\n<td class=\"lineheaderc\">R\u00e4umen<\/td>\n<td class=\"lineheaderc\">Volle<\/td>\n<td class=\"lineheaderc\">Differenz<\/td>\n<\/tr>\n<tr>\n<td class=\"cellborderc\">1341<\/td>\n<td class=\"cellborderc\"><\/td>\n<td class=\"cellborderc\"><\/td>\n<td class=\"cellborderc\"><\/td>\n<td class=\"cellborderc\">-65<\/td>\n<\/tr>\n<\/tbody>\n<\/table>\n<\/td>\n<\/tr>\n<\/tbody>\n<\/table>\n","protected":false},"excerpt":{"rendered":"<p>Herren 1 Tabellenf\u00fchrung \u00fcbernommen Einen weiteren Heimsieg hat unserer 1. Mannschaft eingefahren. Gleich zu Beginn setzte Oli ein starkes Zeichen, indem er mit 4:0 seinen Mannschaftspunkt einfuhr und viele Kegel <a href=\"https:\/\/www.doppelturm.de\/?page_id=1225\" class=\"more-link\">[&hellip;]<\/a><\/p>\n","protected":false},"author":2,"featured_media":0,"parent":1621,"menu_order":57,"comment_status":"closed","ping_status":"closed","template":"","meta":{"Layout":""},"_links":{"self":[{"href":"https:\/\/www.doppelturm.de\/index.php?rest_route=\/wp\/v2\/pages\/1225"}],"collection":[{"href":"https:\/\/www.doppelturm.de\/index.php?rest_route=\/wp\/v2\/pages"}],"about":[{"href":"https:\/\/www.doppelturm.de\/index.php?rest_route=\/wp\/v2\/types\/page"}],"author":[{"embeddable":true,"href":"https:\/\/www.doppelturm.de\/index.php?rest_route=\/wp\/v2\/users\/2"}],"replies":[{"embeddable":true,"href":"https:\/\/www.doppelturm.de\/index.php?rest_route=%2Fwp%2Fv2%2Fcomments&post=1225"}],"version-history":[{"count":3,"href":"https:\/\/www.doppelturm.de\/index.php?rest_route=\/wp\/v2\/pages\/1225\/revisions"}],"predecessor-version":[{"id":1228,"href":"https:\/\/www.doppelturm.de\/index.php?rest_route=\/wp\/v2\/pages\/1225\/revisions\/1228"}],"up":[{"embeddable":true,"href":"https:\/\/www.doppelturm.de\/index.php?rest_route=\/wp\/v2\/pages\/1621"}],"wp:attachment":[{"href":"https:\/\/www.doppelturm.de\/index.php?rest_route=%2Fwp%2Fv2%2Fmedia&parent=1225"}],"curies":[{"name":"wp","href":"https:\/\/api.w.org\/{rel}","templated":true}]}}