{"id":1222,"date":"2017-02-11T14:43:35","date_gmt":"2017-02-11T13:43:35","guid":{"rendered":"http:\/\/www.doppelturm.de\/?page_id=1222"},"modified":"2017-10-10T10:20:50","modified_gmt":"2017-10-10T08:20:50","slug":"spieltag-21-22-01-2017","status":"publish","type":"page","link":"https:\/\/www.doppelturm.de\/?page_id=1222","title":{"rendered":"Spieltag 21.+22.01.2017"},"content":{"rendered":"<p><b>Herren 1<\/b><\/p>\n<p class=\"RundschauStandardText\"><span style=\"color: black;\">Wie gewonnen so zerronnen<br \/>\nErst letzte Woche konnte unsere erste Mannschaft die alleinige Tabellenf\u00fchrung \u00fcbernehmen. Der Wille war gro\u00df diese in Zeil zu verteidigen und sich f\u00fcr die knappe Heimniederlage aus der Vorrunde zu revanchieren. Leider mussten sie auch diesmal eine Niederlage &#8211; trotz guten Anfang &#8211; einstecken. Sascha kam zu Beginn noch nicht so richtig zurecht, gab dann aber noch mal alles und erreichte dank zwei starker Schlussbahnen den Tagesbestwert und auch den Mannschaftspunkt. Philipp lieferte sich ein knappes Duell mit seinem Gegner und konnte sich dank 3 Satzpunkte auch den Mannschaftspunkt holen. Somit stand es 2:0 und 31 Holz Vorsprung f\u00fcr Rafeld. Leider bekamen es Oliver und Matthias mit zwei stark aufspielenden Gegner zu tun. Beide Mannschaftspunkte gingen verloren und auch der Vorsprung war dahin, somit ging der Sieg verdienterma\u00dfen zu den Gastgebern. Damit \u00fcbernimmt Zeil erneut mit 1 Punkt Vorsprung die Tabellenf\u00fchrung, dahinter reihen sich punktgleich Grafenrheinfeld, Sand und Ma\u00dfbach. Somit bahnt sich f\u00fcr das letzte Drittel der Saison ein Vierkampf um die Meisterschaft an.<\/span><\/p>\n<table class=\"tablerpt\">\n<tbody>\n<tr>\n<td class=\"lineheaderc\" colspan=\"7\" width=\"480\">Zeil 2<\/td>\n<td class=\"lineheaderc\" colspan=\"7\" width=\"480\" height=\"20\">DT Herren 1<\/td>\n<\/tr>\n<tr>\n<td class=\"lineheader\" height=\"20\">Name<\/td>\n<td class=\"lineheaderc\">D 1<\/td>\n<td class=\"lineheaderc\">D 2<\/td>\n<td class=\"lineheaderc\">D 3<\/td>\n<td class=\"lineheaderc\">D 4<\/td>\n<td class=\"lineheaderc\">Gesamt<\/td>\n<td class=\"lineheaderc\">MP<\/td>\n<td class=\"lineheaderc\">MP<\/td>\n<td class=\"lineheaderc\">Gesamt<\/td>\n<td class=\"lineheaderc\">D 4<\/td>\n<td class=\"lineheaderc\">D 3<\/td>\n<td class=\"lineheaderc\">D 2<\/td>\n<td class=\"lineheaderc\">D 1<\/td>\n<td class=\"lineheaderc\">Name<\/td>\n<\/tr>\n<tr>\n<td class=\"cellborder\" height=\"20\">Gr\u00e4fe David<\/td>\n<td class=\"cellborderc\">119<\/td>\n<td class=\"cellborderc\">124<\/td>\n<td class=\"cellborderc\">128<\/td>\n<td class=\"cellborderc\">113<\/td>\n<td class=\"cellborderc\">484<\/td>\n<td class=\"cellborderc\">0<\/td>\n<td class=\"cellborderc\">1<\/td>\n<td class=\"cellborderc\">485<\/td>\n<td class=\"cellborderc\">131<\/td>\n<td class=\"cellborderc\">104<\/td>\n<td class=\"cellborderc\">127<\/td>\n<td class=\"cellborderc\">123<\/td>\n<td class=\"cellborder\" align=\"right\">H\u00fcmmer Philipp<\/td>\n<\/tr>\n<tr>\n<td class=\"cellborder\" height=\"20\">Schropp Georg<\/td>\n<td class=\"cellborderc\">121<\/td>\n<td class=\"cellborderc\">148<\/td>\n<td class=\"cellborderc\">139<\/td>\n<td class=\"cellborderc\">121<\/td>\n<td class=\"cellborderc\">529<\/td>\n<td class=\"cellborderc\">0<\/td>\n<td class=\"cellborderc\">1<\/td>\n<td class=\"cellborderc\">559<\/td>\n<td class=\"cellborderc\">152<\/td>\n<td class=\"cellborderc\">153<\/td>\n<td class=\"cellborderc\">135<\/td>\n<td class=\"cellborderc\">119<\/td>\n<td class=\"cellborder\" align=\"right\">M\u00fcller Sascha<\/td>\n<\/tr>\n<tr>\n<td class=\"cellborder\" height=\"20\">\u00d6sterling Dominic<\/td>\n<td class=\"cellborderc\">135<\/td>\n<td class=\"cellborderc\">145<\/td>\n<td class=\"cellborderc\">124<\/td>\n<td class=\"cellborderc\">128<\/td>\n<td class=\"cellborderc\">532<\/td>\n<td class=\"cellborderc\">1<\/td>\n<td class=\"cellborderc\">0<\/td>\n<td class=\"cellborderc\">503<\/td>\n<td class=\"cellborderc\">124<\/td>\n<td class=\"cellborderc\">135<\/td>\n<td class=\"cellborderc\">104<\/td>\n<td class=\"cellborderc\">140<\/td>\n<td class=\"cellborder\" align=\"right\">Werner Oliver<\/td>\n<\/tr>\n<tr>\n<td class=\"cellborder\" height=\"20\">\u00d6sterling Pascal<\/td>\n<td class=\"cellborderc\">144<\/td>\n<td class=\"cellborderc\">131<\/td>\n<td class=\"cellborderc\">139<\/td>\n<td class=\"cellborderc\">139<\/td>\n<td class=\"cellborderc\">553<\/td>\n<td class=\"cellborderc\">1<\/td>\n<td class=\"cellborderc\">0<\/td>\n<td class=\"cellborderc\">527<\/td>\n<td class=\"cellborderc\">133<\/td>\n<td class=\"cellborderc\">125<\/td>\n<td class=\"cellborderc\">137<\/td>\n<td class=\"cellborderc\">132<\/td>\n<td class=\"cellborder\" align=\"right\">Braun Matthias<\/td>\n<\/tr>\n<tr>\n<td colspan=\"7\">\n<table class=\"tablerpt\">\n<tbody>\n<tr>\n<td class=\"lineheaderc\">Differenz<\/td>\n<td class=\"lineheaderc\">Volle<\/td>\n<td class=\"lineheaderc\">R\u00e4umen<\/td>\n<td class=\"lineheaderc\">Fehler<\/td>\n<td class=\"lineheaderc\">Gesamt<\/td>\n<td class=\"lineheaderc\">MP<\/td>\n<\/tr>\n<tr>\n<td class=\"cellborderc\">+24<\/td>\n<td class=\"cellborderc\">1425<\/td>\n<td class=\"cellborderc\">673<\/td>\n<td class=\"cellborderc\">21<\/td>\n<td class=\"cellborderc\">2098<\/td>\n<td class=\"cellborderc\">4<\/td>\n<\/tr>\n<\/tbody>\n<\/table>\n<\/td>\n<td colspan=\"7\">\n<table class=\"tablerpt\">\n<tbody>\n<tr>\n<td class=\"lineheaderc\">MP<\/td>\n<td class=\"lineheaderc\">Gesamt<\/td>\n<td class=\"lineheaderc\">Fehler<\/td>\n<td class=\"lineheaderc\">R\u00e4umen<\/td>\n<td class=\"lineheaderc\">Volle<\/td>\n<td class=\"lineheaderc\">Differenz<\/td>\n<\/tr>\n<tr>\n<td class=\"cellborderc\">2<\/td>\n<td class=\"cellborderc\">2074<\/td>\n<td class=\"cellborderc\">19<\/td>\n<td class=\"cellborderc\">637<\/td>\n<td class=\"cellborderc\">1437<\/td>\n<td class=\"cellborderc\">-24<\/td>\n<\/tr>\n<\/tbody>\n<\/table>\n<\/td>\n<\/tr>\n<\/tbody>\n<\/table>\n<p><b>Damen<\/b><\/p>\n<p class=\"RundschauStandardText\"><span style=\"color: black;\">Ausw\u00e4rtssieg dank Bahn- und Mannschaftsrekord<br \/>\nWieder einmal haben unsere Damen Ihre derzeit gute Form bewiesen. Erst letzte Woche stellte man den pers\u00f6nlichen Mannschaftsrekord auf, um ihn diese Woche bereits wieder um 63 Holz zu verbessern. Nebenbei haben unsere Spielerinnen auch einen neuen Damenmannschaftsbahnrekord in Trossenfurt aufgestellt. Dadurch konnten die Rafelderinnen auch das Spiel &#8211; trotz guten Ergebnissen der Heimmannschaft &#8211; relativ eindeutig gewinnen. Alle Spielerinnen konnten gute Ergebnisse abliefern und lediglich Silvia musste ihren Punkt gegen die st\u00e4rkste Gegnerin abgeben.<br \/>\n<\/span><\/p>\n<table class=\"tablerpt\">\n<tbody>\n<tr>\n<td class=\"lineheaderc\" colspan=\"7\" width=\"480\" height=\"20\">DJK Kirchaich<\/td>\n<td class=\"lineheaderc\" colspan=\"7\" width=\"480\">DT Damen<\/td>\n<\/tr>\n<tr>\n<td class=\"lineheader\" height=\"20\">Name<\/td>\n<td class=\"lineheaderc\">D 1<\/td>\n<td class=\"lineheaderc\">D 2<\/td>\n<td class=\"lineheaderc\">D 3<\/td>\n<td class=\"lineheaderc\">D 4<\/td>\n<td class=\"lineheaderc\">Gesamt<\/td>\n<td class=\"lineheaderc\">MP<\/td>\n<td class=\"lineheaderc\">MP<\/td>\n<td class=\"lineheaderc\">Gesamt<\/td>\n<td class=\"lineheaderc\">D 4<\/td>\n<td class=\"lineheaderc\">D 3<\/td>\n<td class=\"lineheaderc\">D 2<\/td>\n<td class=\"lineheaderc\">D 1<\/td>\n<td class=\"lineheaderc\">Name<\/td>\n<\/tr>\n<tr>\n<td class=\"cellborder\" height=\"20\">Eckert Lisa<\/td>\n<td class=\"cellborderc\">124<\/td>\n<td class=\"cellborderc\">124<\/td>\n<td class=\"cellborderc\">115<\/td>\n<td class=\"cellborderc\">139<\/td>\n<td class=\"cellborderc\">502<\/td>\n<td class=\"cellborderc\">0<\/td>\n<td class=\"cellborderc\">1<\/td>\n<td class=\"cellborderc\">539<\/td>\n<td class=\"cellborderc\">140<\/td>\n<td class=\"cellborderc\">126<\/td>\n<td class=\"cellborderc\">135<\/td>\n<td class=\"cellborderc\">138<\/td>\n<td class=\"cellborder\" align=\"right\">N\u00f6th Helena<\/td>\n<\/tr>\n<tr>\n<td class=\"cellborder\" height=\"20\">M\u00fcller Silke<\/td>\n<td class=\"cellborderc\">133<\/td>\n<td class=\"cellborderc\">121<\/td>\n<td class=\"cellborderc\">139<\/td>\n<td class=\"cellborderc\">134<\/td>\n<td class=\"cellborderc\">527<\/td>\n<td class=\"cellborderc\">1<\/td>\n<td class=\"cellborderc\">0<\/td>\n<td class=\"cellborderc\">493<\/td>\n<td class=\"cellborderc\">125<\/td>\n<td class=\"cellborderc\">120<\/td>\n<td class=\"cellborderc\">116<\/td>\n<td class=\"cellborderc\">132<\/td>\n<td class=\"cellborder\" align=\"right\">Landeck Silvia<\/td>\n<\/tr>\n<tr>\n<td class=\"cellborder\" height=\"20\">B\u00f6llner Tanja<\/td>\n<td class=\"cellborderc\">119<\/td>\n<td class=\"cellborderc\">131<\/td>\n<td class=\"cellborderc\">121<\/td>\n<td class=\"cellborderc\">136<\/td>\n<td class=\"cellborderc\">507<\/td>\n<td class=\"cellborderc\">0<\/td>\n<td class=\"cellborderc\">1<\/td>\n<td class=\"cellborderc\">540<\/td>\n<td class=\"cellborderc\">135<\/td>\n<td class=\"cellborderc\">118<\/td>\n<td class=\"cellborderc\">142<\/td>\n<td class=\"cellborderc\">145<\/td>\n<td class=\"cellborder\" align=\"right\">Eisenhut Daniela<\/td>\n<\/tr>\n<tr>\n<td class=\"cellborder\" height=\"20\">Hornung Diana<\/td>\n<td class=\"cellborderc\">116<\/td>\n<td class=\"cellborderc\">131<\/td>\n<td class=\"cellborderc\">122<\/td>\n<td class=\"cellborderc\">116<\/td>\n<td class=\"cellborderc\">507<\/td>\n<td class=\"cellborderc\">0<\/td>\n<td class=\"cellborderc\">1<\/td>\n<td class=\"cellborderc\">508<\/td>\n<td class=\"cellborderc\">127<\/td>\n<td class=\"cellborderc\">122<\/td>\n<td class=\"cellborderc\">134<\/td>\n<td class=\"cellborderc\">125<\/td>\n<td class=\"cellborder\" align=\"right\">R\u00f6sch Anni<\/td>\n<\/tr>\n<tr>\n<td class=\"cellborder\" height=\"20\">Eckert Sabrina<\/td>\n<td class=\"cellborderc\">126<\/td>\n<td class=\"cellborderc\">142<\/td>\n<td class=\"cellborderc\">121<\/td>\n<td class=\"cellborderc\">126<\/td>\n<td class=\"cellborderc\">515<\/td>\n<td class=\"cellborderc\">0<\/td>\n<td class=\"cellborderc\">1<\/td>\n<td class=\"cellborderc\">562<\/td>\n<td class=\"cellborderc\">151<\/td>\n<td class=\"cellborderc\">141<\/td>\n<td class=\"cellborderc\">135<\/td>\n<td class=\"cellborderc\">135<\/td>\n<td class=\"cellborder\" align=\"right\">Mauder Jenny<\/td>\n<\/tr>\n<tr>\n<td class=\"cellborder\" height=\"20\">Pfuhlmann Barbara<\/td>\n<td class=\"cellborderc\">125<\/td>\n<td class=\"cellborderc\">142<\/td>\n<td class=\"cellborderc\">129<\/td>\n<td class=\"cellborderc\">141<\/td>\n<td class=\"cellborderc\">537<\/td>\n<td class=\"cellborderc\">0<\/td>\n<td class=\"cellborderc\">1<\/td>\n<td class=\"cellborderc\">538<\/td>\n<td class=\"cellborderc\">138<\/td>\n<td class=\"cellborderc\">140<\/td>\n<td class=\"cellborderc\">121<\/td>\n<td class=\"cellborderc\">139<\/td>\n<td class=\"cellborder\" align=\"right\">Murphy Corinna<\/td>\n<\/tr>\n<tr>\n<td colspan=\"7\">\n<table class=\"tablerpt\">\n<tbody>\n<tr>\n<td class=\"lineheaderc\">Differenz<\/td>\n<td class=\"lineheaderc\">Volle<\/td>\n<td class=\"lineheaderc\">R\u00e4umen<\/td>\n<td class=\"lineheaderc\">Fehler<\/td>\n<td class=\"lineheaderc\">Gesamt<\/td>\n<td class=\"lineheaderc\">MP<\/td>\n<\/tr>\n<tr>\n<td class=\"cellborderc\">-101<\/td>\n<td class=\"cellborderc\">2089<\/td>\n<td class=\"cellborderc\">992<\/td>\n<td class=\"cellborderc\">43<\/td>\n<td class=\"cellborderc\">3081<\/td>\n<td class=\"cellborderc\">1<\/td>\n<\/tr>\n<\/tbody>\n<\/table>\n<\/td>\n<td colspan=\"7\">\n<table class=\"tablerpt\">\n<tbody>\n<tr>\n<td class=\"lineheaderc\">MP<\/td>\n<td class=\"lineheaderc\">Gesamt<\/td>\n<td class=\"lineheaderc\">Fehler<\/td>\n<td class=\"lineheaderc\">R\u00e4umen<\/td>\n<td class=\"lineheaderc\">Volle<\/td>\n<td class=\"lineheaderc\">Differenz<\/td>\n<\/tr>\n<tr>\n<td class=\"cellborderc\">7<\/td>\n<td class=\"cellborderc\">3180<\/td>\n<td class=\"cellborderc\">42<\/td>\n<td class=\"cellborderc\">1017<\/td>\n<td class=\"cellborderc\">2263<\/td>\n<td class=\"cellborderc\">+101<\/td>\n<\/tr>\n<\/tbody>\n<\/table>\n<\/td>\n<\/tr>\n<\/tbody>\n<\/table>\n<p><b>Herren 2<\/b><\/p>\n<p class=\"RundschauStandardText\"><span style=\"color: black;\">Durch Nichtantritt des Gegners aus Ha\u00dffurt ging das Spiel und damit die beiden Tabellenpunkte kampflos nach Grafenrheinfeld<\/span><\/p>\n<p><b>Gemischt 1 und 2<\/b><\/p>\n<p class=\"RundschauStandardText\"><span style=\"color: black;\">Erwartetes Ergebnis bei klubinternen Duelle<br \/>\nDas zweite Aufeinandertreffen unserer gemischten Mannschaften endete erwartungsgem\u00e4\u00df mit einem Sieg f\u00fcr die erste Mannschaft. Von beiden Mannschaften wurden gute Ergebnisse abgeliefert und das interne Duell wurde mit viel Freude bestritten. Die n\u00e4chsten Spiele stehen bereits an, w\u00e4hrend sich die zweite Mannschaft versucht im Mittelfeld zu halten, will sich die erste Mannschaft die Chance auf die Meisterschaft bewahren.<\/span><\/p>\n<table class=\"tablerpt\">\n<tbody>\n<tr>\n<td class=\"lineheaderc\" colspan=\"5\" width=\"480\">DT Gemischt 2<\/td>\n<td class=\"lineheaderc\" colspan=\"5\" width=\"480\" height=\"20\">DT Gemischt 1<\/td>\n<\/tr>\n<tr>\n<td class=\"lineheader\" height=\"20\">Name<\/td>\n<td class=\"lineheaderc\">Volle<\/td>\n<td class=\"lineheaderc\">R\u00e4umen<\/td>\n<td class=\"lineheaderc\">Fehler<\/td>\n<td class=\"lineheaderc\">Gesamt<\/td>\n<td class=\"lineheaderc\">Gesamt<\/td>\n<td class=\"lineheaderc\">Fehler<\/td>\n<td class=\"lineheaderc\">R\u00e4umen<\/td>\n<td class=\"lineheaderc\">Volle<\/td>\n<td class=\"lineheaderc\">Name<\/td>\n<\/tr>\n<tr>\n<td class=\"cellborder\" height=\"20\">N\u00f6th Reinhold<\/td>\n<td class=\"cellborderc\">284<\/td>\n<td class=\"cellborderc\">126<\/td>\n<td class=\"cellborderc\">8<\/td>\n<td class=\"cellborderc\">410<\/td>\n<td class=\"cellborderc\">388<\/td>\n<td class=\"cellborderc\">8<\/td>\n<td class=\"cellborderc\">123<\/td>\n<td class=\"cellborderc\">265<\/td>\n<td class=\"cellborder\" align=\"right\">Krieger Marius<\/td>\n<\/tr>\n<tr>\n<td class=\"cellborder\" height=\"20\">Ludewig J\u00f6rg<\/td>\n<td class=\"cellborderc\">282<\/td>\n<td class=\"cellborderc\">86<\/td>\n<td class=\"cellborderc\">17<\/td>\n<td class=\"cellborderc\">368<\/td>\n<td class=\"cellborderc\">424<\/td>\n<td class=\"cellborderc\">4<\/td>\n<td class=\"cellborderc\">130<\/td>\n<td class=\"cellborderc\">294<\/td>\n<td class=\"cellborder\" align=\"right\">Hofstetter Burkard<\/td>\n<\/tr>\n<tr>\n<td class=\"cellborder\" height=\"20\">Kuntschar Pia<\/td>\n<td class=\"cellborderc\">248<\/td>\n<td class=\"cellborderc\">97<\/td>\n<td class=\"cellborderc\">12<\/td>\n<td class=\"cellborderc\">345<\/td>\n<td class=\"cellborderc\">345<\/td>\n<td class=\"cellborderc\">24<\/td>\n<td class=\"cellborderc\">71<\/td>\n<td class=\"cellborderc\">274<\/td>\n<td class=\"cellborder\" align=\"right\">Krieger Christine<\/td>\n<\/tr>\n<tr>\n<td class=\"cellborder\" height=\"20\">Kimmel Herbert<\/td>\n<td class=\"cellborderc\">252<\/td>\n<td class=\"cellborderc\">71<\/td>\n<td class=\"cellborderc\">25<\/td>\n<td class=\"cellborderc\">323<\/td>\n<td class=\"cellborderc\">417<\/td>\n<td class=\"cellborderc\">10<\/td>\n<td class=\"cellborderc\">111<\/td>\n<td class=\"cellborderc\">306<\/td>\n<td class=\"cellborder\" align=\"right\">Argiropoulos Georgios<\/td>\n<\/tr>\n<tr>\n<td colspan=\"5\">\n<table class=\"tablerpt\">\n<tbody>\n<tr>\n<td class=\"lineheaderc\">Differenz<\/td>\n<td class=\"lineheaderc\">Volle<\/td>\n<td class=\"lineheaderc\">R\u00e4umen<\/td>\n<td class=\"lineheaderc\">Fehler<\/td>\n<td class=\"lineheaderc\">Gesamt<\/td>\n<\/tr>\n<tr>\n<td class=\"cellborderc\">-128<\/td>\n<td class=\"cellborderc\">1066<\/td>\n<td class=\"cellborderc\">380<\/td>\n<td class=\"cellborderc\">62<\/td>\n<td class=\"cellborderc\">1446<\/td>\n<\/tr>\n<\/tbody>\n<\/table>\n<\/td>\n<td colspan=\"5\">\n<table class=\"tablerpt\">\n<tbody>\n<tr>\n<td class=\"lineheaderc\">Gesamt<\/td>\n<td class=\"lineheaderc\">Fehler<\/td>\n<td class=\"lineheaderc\">R\u00e4umen<\/td>\n<td class=\"lineheaderc\">Volle<\/td>\n<td class=\"lineheaderc\">Differenz<\/td>\n<\/tr>\n<tr>\n<td class=\"cellborderc\">1574<\/td>\n<td class=\"cellborderc\">46<\/td>\n<td class=\"cellborderc\">435<\/td>\n<td class=\"cellborderc\">1139<\/td>\n<td class=\"cellborderc\">+128<\/td>\n<\/tr>\n<\/tbody>\n<\/table>\n<\/td>\n<\/tr>\n<\/tbody>\n<\/table>\n","protected":false},"excerpt":{"rendered":"<p>Herren 1 Wie gewonnen so zerronnen Erst letzte Woche konnte unsere erste Mannschaft die alleinige Tabellenf\u00fchrung \u00fcbernehmen. Der Wille war gro\u00df diese in Zeil zu verteidigen und sich f\u00fcr die <a href=\"https:\/\/www.doppelturm.de\/?page_id=1222\" class=\"more-link\">[&hellip;]<\/a><\/p>\n","protected":false},"author":2,"featured_media":0,"parent":1621,"menu_order":50,"comment_status":"closed","ping_status":"closed","template":"","meta":{"Layout":""},"_links":{"self":[{"href":"https:\/\/www.doppelturm.de\/index.php?rest_route=\/wp\/v2\/pages\/1222"}],"collection":[{"href":"https:\/\/www.doppelturm.de\/index.php?rest_route=\/wp\/v2\/pages"}],"about":[{"href":"https:\/\/www.doppelturm.de\/index.php?rest_route=\/wp\/v2\/types\/page"}],"author":[{"embeddable":true,"href":"https:\/\/www.doppelturm.de\/index.php?rest_route=\/wp\/v2\/users\/2"}],"replies":[{"embeddable":true,"href":"https:\/\/www.doppelturm.de\/index.php?rest_route=%2Fwp%2Fv2%2Fcomments&post=1222"}],"version-history":[{"count":2,"href":"https:\/\/www.doppelturm.de\/index.php?rest_route=\/wp\/v2\/pages\/1222\/revisions"}],"predecessor-version":[{"id":1224,"href":"https:\/\/www.doppelturm.de\/index.php?rest_route=\/wp\/v2\/pages\/1222\/revisions\/1224"}],"up":[{"embeddable":true,"href":"https:\/\/www.doppelturm.de\/index.php?rest_route=\/wp\/v2\/pages\/1621"}],"wp:attachment":[{"href":"https:\/\/www.doppelturm.de\/index.php?rest_route=%2Fwp%2Fv2%2Fmedia&parent=1222"}],"curies":[{"name":"wp","href":"https:\/\/api.w.org\/{rel}","templated":true}]}}