{"id":1218,"date":"2017-02-11T13:57:22","date_gmt":"2017-02-11T12:57:22","guid":{"rendered":"http:\/\/www.doppelturm.de\/?page_id=1218"},"modified":"2017-10-10T10:20:42","modified_gmt":"2017-10-10T08:20:42","slug":"spieltag-29-01-2017","status":"publish","type":"page","link":"https:\/\/www.doppelturm.de\/?page_id=1218","title":{"rendered":"Spieltag 29.01.2017"},"content":{"rendered":"<p><b>Damen<\/b><\/p>\n<p class=\"RundschauStandardText\"><span style=\"color: black;\">Unsere Damen konnten einen weiteren Heimsieg einfahren. Wobei nur Conny und Jenny an die guten Leistungen der letzten Spiele ankn\u00fcpfen konnten, w\u00e4hrend die anderen Spielerinnen hinter ihren gewohnten Ergebnissen blieben. Nur Sabine und Daniela konnten die jeweiligen Punkte im Anfang- und Mittelpaar einfahren. Dadurch war das Spiel ausgeglichen und spannend. Auch unsere Schlussdamen mussten erst ins Spiel reinfinden, sodass erst mit den letzten 2 Bahnen die Mannschaftspunkte &#8211; und damit der Sieg &#8211; gesichert und der Holzvorsprung ausgeweitet werden konnte.<br \/>\n<\/span><\/p>\n<table class=\"tablerpt\">\n<tbody>\n<tr>\n<td class=\"lineheaderc\" colspan=\"7\" width=\"480\" height=\"20\">DT Damen<\/td>\n<td class=\"lineheaderc\" colspan=\"7\" width=\"480\">ESV Schweinfurt \/ R\u00f6thlein 2<\/td>\n<\/tr>\n<tr>\n<td class=\"lineheader\" height=\"20\">Name<\/td>\n<td class=\"lineheaderc\">D 1<\/td>\n<td class=\"lineheaderc\">D 2<\/td>\n<td class=\"lineheaderc\">D 3<\/td>\n<td class=\"lineheaderc\">D 4<\/td>\n<td class=\"lineheaderc\">Gesamt<\/td>\n<td class=\"lineheaderc\">MP<\/td>\n<td class=\"lineheaderc\">MP<\/td>\n<td class=\"lineheaderc\">Gesamt<\/td>\n<td class=\"lineheaderc\">D 4<\/td>\n<td class=\"lineheaderc\">D 3<\/td>\n<td class=\"lineheaderc\">D 2<\/td>\n<td class=\"lineheaderc\">D 1<\/td>\n<td class=\"lineheaderc\">Name<\/td>\n<\/tr>\n<tr>\n<td class=\"cellborder\" height=\"20\">Landeck Silvia<\/td>\n<td class=\"cellborderc\">123<\/td>\n<td class=\"cellborderc\">107<\/td>\n<td class=\"cellborderc\">124<\/td>\n<td class=\"cellborderc\">135<\/td>\n<td class=\"cellborderc\">489<\/td>\n<td class=\"cellborderc\">0<\/td>\n<td class=\"cellborderc\">1<\/td>\n<td class=\"cellborderc\">492<\/td>\n<td class=\"cellborderc\">126<\/td>\n<td class=\"cellborderc\">137<\/td>\n<td class=\"cellborderc\">113<\/td>\n<td class=\"cellborderc\">116<\/td>\n<td class=\"cellborder\" align=\"right\">Staub Gisela<\/td>\n<\/tr>\n<tr>\n<td class=\"cellborder\" height=\"20\">Pfaff Sabine<\/td>\n<td class=\"cellborderc\">106<\/td>\n<td class=\"cellborderc\">123<\/td>\n<td class=\"cellborderc\">122<\/td>\n<td class=\"cellborderc\">121<\/td>\n<td class=\"cellborderc\">482<\/td>\n<td class=\"cellborderc\">1<\/td>\n<td class=\"cellborderc\">0<\/td>\n<td class=\"cellborderc\">445<\/td>\n<td class=\"cellborderc\">101<\/td>\n<td class=\"cellborderc\">120<\/td>\n<td class=\"cellborderc\">102<\/td>\n<td class=\"cellborderc\">122<\/td>\n<td class=\"cellborder\" align=\"right\">Groh Jaqueline<\/td>\n<\/tr>\n<tr>\n<td class=\"cellborder\" height=\"20\">Eisenhut Daniela<\/td>\n<td class=\"cellborderc\">115<\/td>\n<td class=\"cellborderc\">127<\/td>\n<td class=\"cellborderc\">124<\/td>\n<td class=\"cellborderc\">116<\/td>\n<td class=\"cellborderc\">482<\/td>\n<td class=\"cellborderc\">1<\/td>\n<td class=\"cellborderc\">0<\/td>\n<td class=\"cellborderc\">461<\/td>\n<td class=\"cellborderc\">133<\/td>\n<td class=\"cellborderc\">90<\/td>\n<td class=\"cellborderc\">113<\/td>\n<td class=\"cellborderc\">125<\/td>\n<td class=\"cellborder\" align=\"right\">Keller Melanie<\/td>\n<\/tr>\n<tr>\n<td class=\"cellborder\" height=\"20\">N\u00f6th Helena<\/td>\n<td class=\"cellborderc\">128<\/td>\n<td class=\"cellborderc\">146<\/td>\n<td class=\"cellborderc\">111<\/td>\n<td class=\"cellborderc\">97<\/td>\n<td class=\"cellborderc\">482<\/td>\n<td class=\"cellborderc\">0<\/td>\n<td class=\"cellborderc\">1<\/td>\n<td class=\"cellborderc\">503<\/td>\n<td class=\"cellborderc\">118<\/td>\n<td class=\"cellborderc\">139<\/td>\n<td class=\"cellborderc\">125<\/td>\n<td class=\"cellborderc\">121<\/td>\n<td class=\"cellborder\" align=\"right\">Krug Stefanie<\/td>\n<\/tr>\n<tr>\n<td class=\"cellborder\" height=\"20\">Murphy Corinna<\/td>\n<td class=\"cellborderc\">128<\/td>\n<td class=\"cellborderc\">127<\/td>\n<td class=\"cellborderc\">152<\/td>\n<td class=\"cellborderc\">137<\/td>\n<td class=\"cellborderc\">544<\/td>\n<td class=\"cellborderc\">1<\/td>\n<td class=\"cellborderc\">0<\/td>\n<td class=\"cellborderc\">489<\/td>\n<td class=\"cellborderc\">108<\/td>\n<td class=\"cellborderc\">123<\/td>\n<td class=\"cellborderc\">123<\/td>\n<td class=\"cellborderc\">135<\/td>\n<td class=\"cellborder\" align=\"right\">Keller Isolde<\/td>\n<\/tr>\n<tr>\n<td class=\"cellborder\" height=\"20\">Mauder Jennefer<\/td>\n<td class=\"cellborderc\">119<\/td>\n<td class=\"cellborderc\">130<\/td>\n<td class=\"cellborderc\">133<\/td>\n<td class=\"cellborderc\">138<\/td>\n<td class=\"cellborderc\">520<\/td>\n<td class=\"cellborderc\">1<\/td>\n<td class=\"cellborderc\">0<\/td>\n<td class=\"cellborderc\">493<\/td>\n<td class=\"cellborderc\">128<\/td>\n<td class=\"cellborderc\">112<\/td>\n<td class=\"cellborderc\">128<\/td>\n<td class=\"cellborderc\">125<\/td>\n<td class=\"cellborder\" align=\"right\">Kohl Nina<\/td>\n<\/tr>\n<tr>\n<td colspan=\"7\">\n<table class=\"tablerpt\">\n<tbody>\n<tr>\n<td class=\"lineheaderc\">Differenz<\/td>\n<td class=\"lineheaderc\">Volle<\/td>\n<td class=\"lineheaderc\">R\u00e4umen<\/td>\n<td class=\"lineheaderc\">Fehler<\/td>\n<td class=\"lineheaderc\">Gesamt<\/td>\n<td class=\"lineheaderc\">MP<\/td>\n<\/tr>\n<tr>\n<td class=\"cellborderc\">+178<\/td>\n<td class=\"cellborderc\">2110<\/td>\n<td class=\"cellborderc\">948<\/td>\n<td class=\"cellborderc\">52<\/td>\n<td class=\"cellborderc\">3058<\/td>\n<td class=\"cellborderc\">6<\/td>\n<\/tr>\n<\/tbody>\n<\/table>\n<\/td>\n<td colspan=\"7\">\n<table class=\"tablerpt\">\n<tbody>\n<tr>\n<td class=\"lineheaderc\">MP<\/td>\n<td class=\"lineheaderc\">Gesamt<\/td>\n<td class=\"lineheaderc\">Fehler<\/td>\n<td class=\"lineheaderc\">R\u00e4umen<\/td>\n<td class=\"lineheaderc\">Volle<\/td>\n<td class=\"lineheaderc\">Differenz<\/td>\n<\/tr>\n<tr>\n<td class=\"cellborderc\">2<\/td>\n<td class=\"cellborderc\">2880<\/td>\n<td class=\"cellborderc\">68<\/td>\n<td class=\"cellborderc\">876<\/td>\n<td class=\"cellborderc\">2004<\/td>\n<td class=\"cellborderc\">-178<\/td>\n<\/tr>\n<\/tbody>\n<\/table>\n<\/td>\n<\/tr>\n<\/tbody>\n<\/table>\n<p><b>Herren 2<\/b><\/p>\n<p class=\"RundschauStandardText\"><span style=\"color: black;\">Eine erneute Ausw\u00e4rtsniederlage musste die Mannschaft in R\u00f6thlein einstecken. Durch ein starkes Ergebnis der Gegner im Anfangspaar gerieten die Rafelder mit 0:2 und \u00fcber 150 Holz fr\u00fch in R\u00fcckstand. Das Schlusspaar konnte zwar beiden Punkte gewinnen, aber die Holz konnten nicht mehr aufgeholt werden, sodass am Ende das Ergebnis \u00fcber Sieg und Niederlage entschied. Somit stehen sie mit leidlich einem Punkt Vorsprung auf den ersten Nichtabstiegsplatz.<\/span><\/p>\n<table class=\"tablerpt\">\n<tbody>\n<tr>\n<td class=\"lineheaderc\" colspan=\"7\" width=\"480\" height=\"20\">R\u00f6thlein 4<\/td>\n<td class=\"lineheaderc\" colspan=\"7\" width=\"480\">DT Herren 2<\/td>\n<\/tr>\n<tr>\n<td class=\"lineheader\" height=\"20\">Name<\/td>\n<td class=\"lineheaderc\">D 1<\/td>\n<td class=\"lineheaderc\">D 2<\/td>\n<td class=\"lineheaderc\">D 3<\/td>\n<td class=\"lineheaderc\">D 4<\/td>\n<td class=\"lineheaderc\">Gesamt<\/td>\n<td class=\"lineheaderc\">MP<\/td>\n<td class=\"lineheaderc\" height=\"20\">MP<\/td>\n<td class=\"lineheaderc\">Gesamt<\/td>\n<td class=\"lineheaderc\">D 4<\/td>\n<td class=\"lineheaderc\">D 3<\/td>\n<td class=\"lineheaderc\">D 2<\/td>\n<td class=\"lineheaderc\">D 1<\/td>\n<td class=\"lineheaderc\">Name<\/td>\n<\/tr>\n<tr>\n<td class=\"cellborder\" height=\"20\">Jarausch Daniel<\/td>\n<td class=\"cellborderc\"> 143<\/td>\n<td class=\"cellborderc\"> 160<\/td>\n<td class=\"cellborderc\">135<\/td>\n<td class=\"cellborderc\">144<\/td>\n<td class=\"cellborderc\">582<\/td>\n<td class=\"cellborderc\">1<\/td>\n<td class=\"cellborderc\">0<\/td>\n<td class=\"cellborderc\">458<\/td>\n<td class=\"cellborderc\">111<\/td>\n<td class=\"cellborderc\">111<\/td>\n<td class=\"cellborderc\">117<\/td>\n<td class=\"cellborderc\">119<\/td>\n<td class=\"cellborder\" align=\"right\">Borowski Wolfgang<\/td>\n<\/tr>\n<tr>\n<td class=\"cellborder\" height=\"20\">Sterker Lukas<\/td>\n<td class=\"cellborderc\"> 147<\/td>\n<td class=\"cellborderc\">126<\/td>\n<td class=\"cellborderc\">116<\/td>\n<td class=\"cellborderc\">125<\/td>\n<td class=\"cellborderc\">514<\/td>\n<td class=\"cellborderc\">1<\/td>\n<td class=\"cellborderc\">0<\/td>\n<td class=\"cellborderc\">481<\/td>\n<td class=\"cellborderc\">117<\/td>\n<td class=\"cellborderc\">120<\/td>\n<td class=\"cellborderc\">114<\/td>\n<td class=\"cellborderc\">130<\/td>\n<td class=\"cellborder\" align=\"right\">Mauder Hermann<\/td>\n<\/tr>\n<tr>\n<td class=\"cellborder\" height=\"20\">Groh Stefan<\/td>\n<td class=\"cellborderc\"> 124<\/td>\n<td class=\"cellborderc\">116<\/td>\n<td class=\"cellborderc\">125<\/td>\n<td class=\"cellborderc\">122<\/td>\n<td class=\"cellborderc\">487<\/td>\n<td class=\"cellborderc\">0<\/td>\n<td class=\"cellborderc\">1<\/td>\n<td class=\"cellborderc\">511<\/td>\n<td class=\"cellborderc\">121<\/td>\n<td class=\"cellborderc\">122<\/td>\n<td class=\"cellborderc\">130<\/td>\n<td class=\"cellborderc\">138<\/td>\n<td class=\"cellborder\" align=\"right\">Lohrey Gerd<\/td>\n<\/tr>\n<tr>\n<td class=\"cellborder\" height=\"20\">St\u00fchler Horst<\/td>\n<td class=\"cellborderc\"> 119<\/td>\n<td class=\"cellborderc\">125<\/td>\n<td class=\"cellborderc\">130<\/td>\n<td class=\"cellborderc\">110<\/td>\n<td class=\"cellborderc\">484<\/td>\n<td class=\"cellborderc\">0<\/td>\n<td class=\"cellborderc\">1<\/td>\n<td class=\"cellborderc\">489<\/td>\n<td class=\"cellborderc\">126<\/td>\n<td class=\"cellborderc\">136<\/td>\n<td class=\"cellborderc\">103<\/td>\n<td class=\"cellborderc\">124<\/td>\n<td class=\"cellborder\" align=\"right\">Fichna Manfred<\/td>\n<\/tr>\n<tr>\n<td colspan=\"7\">\n<table class=\"tablerpt\">\n<tbody>\n<tr>\n<td class=\"lineheaderc\">Differenz<\/td>\n<td class=\"lineheaderc\">Volle<\/td>\n<td class=\"lineheaderc\">R\u00e4umen<\/td>\n<td class=\"lineheaderc\">Fehler<\/td>\n<td class=\"lineheaderc\">Gesamt<\/td>\n<td class=\"lineheaderc\">MP<\/td>\n<\/tr>\n<tr>\n<td class=\"cellborderc\">+128<\/td>\n<td class=\"cellborderc\">1394<\/td>\n<td class=\"cellborderc\">673<\/td>\n<td class=\"cellborderc\">28<\/td>\n<td class=\"cellborderc\">2067<\/td>\n<td class=\"cellborderc\">4<\/td>\n<\/tr>\n<\/tbody>\n<\/table>\n<\/td>\n<td colspan=\"7\">\n<table class=\"tablerpt\">\n<tbody>\n<tr>\n<td class=\"lineheaderc\">MP<\/td>\n<td class=\"lineheaderc\">Gesamt<\/td>\n<td class=\"lineheaderc\">Fehler<\/td>\n<td class=\"lineheaderc\">R\u00e4umen<\/td>\n<td class=\"lineheaderc\">Volle<\/td>\n<td class=\"lineheaderc\">Differenz<\/td>\n<\/tr>\n<tr>\n<td class=\"cellborderc\">2<\/td>\n<td class=\"cellborderc\">1939<\/td>\n<td class=\"cellborderc\">48<\/td>\n<td class=\"cellborderc\">575<\/td>\n<td class=\"cellborderc\">1364<\/td>\n<td class=\"cellborderc\">-128<\/td>\n<\/tr>\n<\/tbody>\n<\/table>\n<\/td>\n<\/tr>\n<\/tbody>\n<\/table>\n","protected":false},"excerpt":{"rendered":"<p>Damen Unsere Damen konnten einen weiteren Heimsieg einfahren. Wobei nur Conny und Jenny an die guten Leistungen der letzten Spiele ankn\u00fcpfen konnten, w\u00e4hrend die anderen Spielerinnen hinter ihren gewohnten Ergebnissen <a href=\"https:\/\/www.doppelturm.de\/?page_id=1218\" class=\"more-link\">[&hellip;]<\/a><\/p>\n","protected":false},"author":2,"featured_media":0,"parent":1621,"menu_order":48,"comment_status":"closed","ping_status":"closed","template":"","meta":{"Layout":""},"_links":{"self":[{"href":"https:\/\/www.doppelturm.de\/index.php?rest_route=\/wp\/v2\/pages\/1218"}],"collection":[{"href":"https:\/\/www.doppelturm.de\/index.php?rest_route=\/wp\/v2\/pages"}],"about":[{"href":"https:\/\/www.doppelturm.de\/index.php?rest_route=\/wp\/v2\/types\/page"}],"author":[{"embeddable":true,"href":"https:\/\/www.doppelturm.de\/index.php?rest_route=\/wp\/v2\/users\/2"}],"replies":[{"embeddable":true,"href":"https:\/\/www.doppelturm.de\/index.php?rest_route=%2Fwp%2Fv2%2Fcomments&post=1218"}],"version-history":[{"count":3,"href":"https:\/\/www.doppelturm.de\/index.php?rest_route=\/wp\/v2\/pages\/1218\/revisions"}],"predecessor-version":[{"id":1221,"href":"https:\/\/www.doppelturm.de\/index.php?rest_route=\/wp\/v2\/pages\/1218\/revisions\/1221"}],"up":[{"embeddable":true,"href":"https:\/\/www.doppelturm.de\/index.php?rest_route=\/wp\/v2\/pages\/1621"}],"wp:attachment":[{"href":"https:\/\/www.doppelturm.de\/index.php?rest_route=%2Fwp%2Fv2%2Fmedia&parent=1218"}],"curies":[{"name":"wp","href":"https:\/\/api.w.org\/{rel}","templated":true}]}}