{"id":1206,"date":"2017-02-10T18:24:25","date_gmt":"2017-02-10T17:24:25","guid":{"rendered":"http:\/\/www.doppelturm.de\/?page_id=1206"},"modified":"2017-10-10T10:20:27","modified_gmt":"2017-10-10T08:20:27","slug":"spieltag-08-02-2017-12-02-2017","status":"publish","type":"page","link":"https:\/\/www.doppelturm.de\/?page_id=1206","title":{"rendered":"Spieltag 08.02.2017 &#8211; 12.02.2017"},"content":{"rendered":"<p><b>Damen<\/b><\/p>\n<p class=\"RundschauStandardText\">Gegen den Tabellenletzten konnten unsere Damen einen weiteren Sieg einfahren. Sie mussten aber 3 Mannschaftspunkte in den direkten Duellen abgeben und konnten den Sieg lediglich \u00fcber die Ergebnispunkte einfahren. Die Mannschaftspunkte k\u00f6nnten aber, wenn es im Kampf um die Meisterschaft in der Tabelle punktgleich stehen sollte, noch wichtig werden. Auf geht\u2019s in den Saisonendspurt, M\u00e4dels!<span style=\"color: black;\"><br \/>\n<\/span><\/p>\n<table class=\"tablerpt\">\n<tbody>\n<tr>\n<td class=\"lineheaderc\" colspan=\"7\" width=\"480\" height=\"20\">DJK Kirchaich 2<\/td>\n<td class=\"lineheaderc\" colspan=\"7\" width=\"480\">DT Damen<\/td>\n<\/tr>\n<tr>\n<td class=\"lineheader\" height=\"20\">Name<\/td>\n<td class=\"lineheaderc\">D 1<\/td>\n<td class=\"lineheaderc\">D 2<\/td>\n<td class=\"lineheaderc\">D 3<\/td>\n<td class=\"lineheaderc\">D 4<\/td>\n<td class=\"lineheaderc\">Gesamt<\/td>\n<td class=\"lineheaderc\">MP<\/td>\n<td class=\"lineheaderc\">MP<\/td>\n<td class=\"lineheaderc\">Gesamt<\/td>\n<td class=\"lineheaderc\">D 4<\/td>\n<td class=\"lineheaderc\">D 3<\/td>\n<td class=\"lineheaderc\">D 2<\/td>\n<td class=\"lineheaderc\">D 1<\/td>\n<td class=\"lineheaderc\">Name<\/td>\n<\/tr>\n<tr>\n<td class=\"cellborder\" height=\"20\">Ehrle Angela<\/td>\n<td class=\"cellborderc\"><\/td>\n<td class=\"cellborderc\"><\/td>\n<td class=\"cellborderc\"><\/td>\n<td class=\"cellborderc\"><\/td>\n<td class=\"cellborderc\">464<\/td>\n<td class=\"cellborderc\">1<\/td>\n<td class=\"cellborderc\">0<\/td>\n<td class=\"cellborderc\">443<\/td>\n<td class=\"cellborderc\"><\/td>\n<td class=\"cellborderc\"><\/td>\n<td class=\"cellborderc\"><\/td>\n<td class=\"cellborderc\"><\/td>\n<td class=\"cellborder\" align=\"right\">Pfaff Sabine<\/td>\n<\/tr>\n<tr>\n<td class=\"cellborder\" height=\"20\">M\u00fcller Agnes<\/td>\n<td class=\"cellborderc\"><\/td>\n<td class=\"cellborderc\"><\/td>\n<td class=\"cellborderc\"><\/td>\n<td class=\"cellborderc\"><\/td>\n<td class=\"cellborderc\">437<\/td>\n<td class=\"cellborderc\">0<\/td>\n<td class=\"cellborderc\">1<\/td>\n<td class=\"cellborderc\">516<\/td>\n<td class=\"cellborderc\"><\/td>\n<td class=\"cellborderc\"><\/td>\n<td class=\"cellborderc\"><\/td>\n<td class=\"cellborderc\"><\/td>\n<td class=\"cellborder\" align=\"right\">N\u00f6th Helena<\/td>\n<\/tr>\n<tr>\n<td class=\"cellborder\" height=\"20\">Gerich Vivien<\/td>\n<td class=\"cellborderc\"><\/td>\n<td class=\"cellborderc\"><\/td>\n<td class=\"cellborderc\"><\/td>\n<td class=\"cellborderc\"><\/td>\n<td class=\"cellborderc\">479<\/td>\n<td class=\"cellborderc\">0<\/td>\n<td class=\"cellborderc\">1<\/td>\n<td class=\"cellborderc\">549<\/td>\n<td class=\"cellborderc\"><\/td>\n<td class=\"cellborderc\"><\/td>\n<td class=\"cellborderc\"><\/td>\n<td class=\"cellborderc\"><\/td>\n<td class=\"cellborder\" align=\"right\">Eisenhut Daniela<\/td>\n<\/tr>\n<tr>\n<td class=\"cellborder\" height=\"20\">Br\u00e4uter Tamara<\/td>\n<td class=\"cellborderc\"><\/td>\n<td class=\"cellborderc\"><\/td>\n<td class=\"cellborderc\"><\/td>\n<td class=\"cellborderc\"><\/td>\n<td class=\"cellborderc\">496<\/td>\n<td class=\"cellborderc\">1<\/td>\n<td class=\"cellborderc\">0<\/td>\n<td class=\"cellborderc\">457<\/td>\n<td class=\"cellborderc\"><\/td>\n<td class=\"cellborderc\"><\/td>\n<td class=\"cellborderc\"><\/td>\n<td class=\"cellborderc\"><\/td>\n<td class=\"cellborder\" align=\"right\">Braun Emily<\/td>\n<\/tr>\n<tr>\n<td class=\"cellborder\" height=\"20\">Gersch Katja<\/td>\n<td class=\"cellborderc\"><\/td>\n<td class=\"cellborderc\"><\/td>\n<td class=\"cellborderc\"><\/td>\n<td class=\"cellborderc\"><\/td>\n<td class=\"cellborderc\">512<\/td>\n<td class=\"cellborderc\">1<\/td>\n<td class=\"cellborderc\">0<\/td>\n<td class=\"cellborderc\">491<\/td>\n<td class=\"cellborderc\"><\/td>\n<td class=\"cellborderc\"><\/td>\n<td class=\"cellborderc\"><\/td>\n<td class=\"cellborderc\"><\/td>\n<td class=\"cellborder\" align=\"right\">Mauder Jenny<\/td>\n<\/tr>\n<tr>\n<td class=\"cellborder\" height=\"20\">Seyfried<\/td>\n<td class=\"cellborderc\"><\/td>\n<td class=\"cellborderc\"><\/td>\n<td class=\"cellborderc\"><\/td>\n<td class=\"cellborderc\"><\/td>\n<td class=\"cellborderc\">497<\/td>\n<td class=\"cellborderc\">0<\/td>\n<td class=\"cellborderc\">1<\/td>\n<td class=\"cellborderc\">524<\/td>\n<td class=\"cellborderc\"><\/td>\n<td class=\"cellborderc\"><\/td>\n<td class=\"cellborderc\"><\/td>\n<td class=\"cellborderc\"><\/td>\n<td class=\"cellborder\" align=\"right\">Murphy Corinna<\/td>\n<\/tr>\n<tr>\n<td colspan=\"7\">\n<table class=\"tablerpt\">\n<tbody>\n<tr>\n<td class=\"lineheaderc\">Differenz<\/td>\n<td class=\"lineheaderc\">Volle<\/td>\n<td class=\"lineheaderc\">R\u00e4umen<\/td>\n<td class=\"lineheaderc\">Fehler<\/td>\n<td class=\"lineheaderc\">Gesamt<\/td>\n<td class=\"lineheaderc\">MP<\/td>\n<\/tr>\n<tr>\n<td class=\"cellborderc\">-95<\/td>\n<td class=\"cellborderc\">2000<\/td>\n<td class=\"cellborderc\">885<\/td>\n<td class=\"cellborderc\">68<\/td>\n<td class=\"cellborderc\">2885<\/td>\n<td class=\"cellborderc\">3<\/td>\n<\/tr>\n<\/tbody>\n<\/table>\n<\/td>\n<td colspan=\"7\">\n<table class=\"tablerpt\">\n<tbody>\n<tr>\n<td class=\"lineheaderc\">MP<\/td>\n<td class=\"lineheaderc\">Gesamt<\/td>\n<td class=\"lineheaderc\">Fehler<\/td>\n<td class=\"lineheaderc\">R\u00e4umen<\/td>\n<td class=\"lineheaderc\">Volle<\/td>\n<td class=\"lineheaderc\">Differenz<\/td>\n<\/tr>\n<tr>\n<td class=\"cellborderc\">5<\/td>\n<td class=\"cellborderc\">2980<\/td>\n<td class=\"cellborderc\">56<\/td>\n<td class=\"cellborderc\">920<\/td>\n<td class=\"cellborderc\">2060<\/td>\n<td class=\"cellborderc\">+95<\/td>\n<\/tr>\n<\/tbody>\n<\/table>\n<\/td>\n<\/tr>\n<\/tbody>\n<\/table>\n<p><b>Gemischt 1<\/b><\/p>\n<p class=\"RundschauStandardText\">Unsere erste gemischte Mannschaft hat im nachgeholten Spiel einen weiteren Heimsieg eingefahren. Jeder Rafelder Spieler konnte gute Leistungen abliefern und seinem direkten Gegner gut Holz abnehmen, sodass am Ende ein deutlicher Sieg auf dem Papier stand. Durch einen Punktverlust vom Mitmeisterschaftskonkurrenten Dittelbrunn liegen die Rafelder nun punktgleich mit eben diesen auf den 1. und 2. Tabellenplatz.<\/p>\n<p>&nbsp;<\/p>\n<table class=\"tablerpt\">\n<tbody>\n<tr>\n<td class=\"lineheaderc\" colspan=\"5\" width=\"480\">DT Gemischt 1<\/td>\n<td class=\"lineheaderc\" colspan=\"5\" width=\"480\" height=\"20\">Gerolzhofen<\/td>\n<\/tr>\n<tr>\n<td class=\"lineheader\" height=\"20\">Name<\/td>\n<td class=\"lineheaderc\">Volle<\/td>\n<td class=\"lineheaderc\">R\u00e4umen<\/td>\n<td class=\"lineheaderc\">Fehler<\/td>\n<td class=\"lineheaderc\">Gesamt<\/td>\n<td class=\"lineheaderc\">Gesamt<\/td>\n<td class=\"lineheaderc\">Fehler<\/td>\n<td class=\"lineheaderc\">R\u00e4umen<\/td>\n<td class=\"lineheaderc\">Volle<\/td>\n<td class=\"lineheaderc\">Name<\/td>\n<\/tr>\n<tr>\n<td class=\"cellborder\" height=\"20\">Hofstetter Burkard<\/td>\n<td class=\"cellborderc\">269<\/td>\n<td class=\"cellborderc\">122<\/td>\n<td class=\"cellborderc\">6<\/td>\n<td class=\"cellborderc\">391<\/td>\n<td class=\"cellborderc\">323<\/td>\n<td class=\"cellborderc\">17<\/td>\n<td class=\"cellborderc\">80<\/td>\n<td class=\"cellborderc\">243<\/td>\n<td class=\"cellborder\" align=\"right\">Kraus Luzia<\/td>\n<\/tr>\n<tr>\n<td class=\"cellborder\" height=\"20\">Werner Florian<\/td>\n<td class=\"cellborderc\">287<\/td>\n<td class=\"cellborderc\">104<\/td>\n<td class=\"cellborderc\">12<\/td>\n<td class=\"cellborderc\">391<\/td>\n<td class=\"cellborderc\">367<\/td>\n<td class=\"cellborderc\">17<\/td>\n<td class=\"cellborderc\">80<\/td>\n<td class=\"cellborderc\">243<\/td>\n<td class=\"cellborder\" align=\"right\">F\u00e4rber Karlheinz<\/td>\n<\/tr>\n<tr>\n<td class=\"cellborder\" height=\"20\">Argiropoulos Georgios<\/td>\n<td class=\"cellborderc\">294<\/td>\n<td class=\"cellborderc\">105<\/td>\n<td class=\"cellborderc\">10<\/td>\n<td class=\"cellborderc\">399<\/td>\n<td class=\"cellborderc\">332<\/td>\n<td class=\"cellborderc\">15<\/td>\n<td class=\"cellborderc\">94<\/td>\n<td class=\"cellborderc\">238<\/td>\n<td class=\"cellborder\" align=\"right\">Gessend\u00f6rfer Birgit<\/td>\n<\/tr>\n<tr>\n<td class=\"cellborder\" height=\"20\">Nacke Walter<\/td>\n<td class=\"cellborderc\">286<\/td>\n<td class=\"cellborderc\">128<\/td>\n<td class=\"cellborderc\">8<\/td>\n<td class=\"cellborderc\">414<\/td>\n<td class=\"cellborderc\">351<\/td>\n<td class=\"cellborderc\">17<\/td>\n<td class=\"cellborderc\">86<\/td>\n<td class=\"cellborderc\">265<\/td>\n<td class=\"cellborder\" align=\"right\">Breutigam Harald<\/td>\n<\/tr>\n<tr>\n<td colspan=\"5\">\n<table class=\"tablerpt\">\n<tbody>\n<tr>\n<td class=\"lineheaderc\">Differenz<\/td>\n<td class=\"lineheaderc\">Volle<\/td>\n<td class=\"lineheaderc\">R\u00e4umen<\/td>\n<td class=\"lineheaderc\">Fehler<\/td>\n<td class=\"lineheaderc\">Gesamt<\/td>\n<\/tr>\n<tr>\n<td class=\"cellborderc\">+222<\/td>\n<td class=\"cellborderc\">1136<\/td>\n<td class=\"cellborderc\">459<\/td>\n<td class=\"cellborderc\">36<\/td>\n<td class=\"cellborderc\">1595<\/td>\n<\/tr>\n<\/tbody>\n<\/table>\n<\/td>\n<td colspan=\"5\">\n<table class=\"tablerpt\">\n<tbody>\n<tr>\n<td class=\"lineheaderc\">Gesamt<\/td>\n<td class=\"lineheaderc\">Fehler<\/td>\n<td class=\"lineheaderc\">R\u00e4umen<\/td>\n<td class=\"lineheaderc\">Volle<\/td>\n<td class=\"lineheaderc\">Differenz<\/td>\n<\/tr>\n<tr>\n<td class=\"cellborderc\">1373<\/td>\n<td class=\"cellborderc\">65<\/td>\n<td class=\"cellborderc\">365<\/td>\n<td class=\"cellborderc\">1008<\/td>\n<td class=\"cellborderc\">-222<\/td>\n<\/tr>\n<\/tbody>\n<\/table>\n<\/td>\n<\/tr>\n<\/tbody>\n<\/table>\n<p><b>Jugend 1<\/b><\/p>\n<p class=\"RundschauStandardText\"><span style=\"color: black;\"><br \/>\nBeim vorletzten Jugendspiel \u00fcbertraf sich die Mannschaft selbst und erreichte Ihren pers\u00f6nlichen Mannschaftsrekord. Leo und Marius lie\u00dfen von Anfang an nichts anbrennen und erreichten beide sehr gute Einzelergebnisse. Dadurch konnten sie einen guten Vorsprung gegen Ihre Gegner rausholen. Emily und Florian teilten sich die Aufgabe des Schlussspielers. Sie hielten gegen Ihren Kontrahenten gut mit und konnten mit einem guten Ergebnis den Sieg einfahren.<\/span><\/p>\n<table class=\"tablerpt\">\n<tbody>\n<tr>\n<td class=\"lineheaderc\" colspan=\"6\" width=\"480\">ESV Schweinfurt<\/td>\n<td class=\"lineheaderc\" colspan=\"6\" width=\"480\" height=\"20\">DT Jugend 1<\/td>\n<\/tr>\n<tr>\n<td class=\"lineheader\" height=\"20\">Name<\/td>\n<td class=\"lineheaderc\">D 1<\/td>\n<td class=\"lineheaderc\">D 2<\/td>\n<td class=\"lineheaderc\">D 3<\/td>\n<td class=\"lineheaderc\">D 4<\/td>\n<td class=\"lineheaderc\">Gesamt<\/td>\n<td class=\"lineheaderc\">Gesamt<\/td>\n<td class=\"lineheaderc\">D 4<\/td>\n<td class=\"lineheaderc\">D 3<\/td>\n<td class=\"lineheaderc\">D 2<\/td>\n<td class=\"lineheaderc\">D 1<\/td>\n<td class=\"lineheaderc\">Name<\/td>\n<\/tr>\n<tr>\n<td class=\"cellborder\" height=\"20\">Willacker Patricia<\/td>\n<td class=\"cellborderc\">129<\/td>\n<td class=\"cellborderc\">141<\/td>\n<td class=\"cellborderc\">105<\/td>\n<td class=\"cellborderc\">96<\/td>\n<td class=\"cellborderc\">471<\/td>\n<td class=\"cellborderc\">530<\/td>\n<td class=\"cellborderc\">147<\/td>\n<td class=\"cellborderc\">136<\/td>\n<td class=\"cellborderc\">124<\/td>\n<td class=\"cellborderc\">123<\/td>\n<td class=\"cellborder\" align=\"right\">Weigand Leo<\/td>\n<\/tr>\n<tr>\n<td class=\"cellborder\" height=\"20\">Heilmann Alexander \/ Geyer Laura<\/td>\n<td class=\"cellborderc\">87<\/td>\n<td class=\"cellborderc\">95<\/td>\n<td class=\"cellborderc\">85<\/td>\n<td class=\"cellborderc\">80<\/td>\n<td class=\"cellborderc\">347<\/td>\n<td class=\"cellborderc\">536<\/td>\n<td class=\"cellborderc\">146<\/td>\n<td class=\"cellborderc\">136<\/td>\n<td class=\"cellborderc\">146<\/td>\n<td class=\"cellborderc\">108<\/td>\n<td class=\"cellborder\" align=\"right\">Krieger Marius<\/td>\n<\/tr>\n<tr>\n<td class=\"cellborder\" height=\"20\">Willacker Lucas<\/td>\n<td class=\"cellborderc\">117<\/td>\n<td class=\"cellborderc\">139<\/td>\n<td class=\"cellborderc\">141<\/td>\n<td class=\"cellborderc\">134<\/td>\n<td class=\"cellborderc\">531<\/td>\n<td class=\"cellborderc\">492<\/td>\n<td class=\"cellborderc\">114<\/td>\n<td class=\"cellborderc\">131<\/td>\n<td class=\"cellborderc\">128<\/td>\n<td class=\"cellborderc\">119<\/td>\n<td class=\"cellborder\" align=\"right\">Braun Emily \/ Werner Florian<\/td>\n<\/tr>\n<tr>\n<td colspan=\"6\">\n<table class=\"tablerpt\">\n<tbody>\n<tr>\n<td class=\"lineheaderc\">Differenz<\/td>\n<td class=\"lineheaderc\">Volle<\/td>\n<td class=\"lineheaderc\">R\u00e4umen<\/td>\n<td class=\"lineheaderc\">Fehler<\/td>\n<td class=\"lineheaderc\">Gesamt<\/td>\n<\/tr>\n<tr>\n<td class=\"cellborderc\">-137<\/td>\n<td class=\"cellborderc\">947<\/td>\n<td class=\"cellborderc\">474<\/td>\n<td class=\"cellborderc\">48<\/td>\n<td class=\"cellborderc\">1421<\/td>\n<\/tr>\n<\/tbody>\n<\/table>\n<\/td>\n<td colspan=\"6\">\n<table class=\"tablerpt\">\n<tbody>\n<tr>\n<td class=\"lineheaderc\">Gesamt<\/td>\n<td class=\"lineheaderc\">Fehler<\/td>\n<td class=\"lineheaderc\">R\u00e4umen<\/td>\n<td class=\"lineheaderc\">Volle<\/td>\n<td class=\"lineheaderc\">Differenz<\/td>\n<\/tr>\n<tr>\n<td class=\"cellborderc\">1558<\/td>\n<td class=\"cellborderc\">38<\/td>\n<td class=\"cellborderc\">494<\/td>\n<td class=\"cellborderc\">1064<\/td>\n<td class=\"cellborderc\">+137<\/td>\n<\/tr>\n<\/tbody>\n<\/table>\n<\/td>\n<\/tr>\n<\/tbody>\n<\/table>\n<p><b>Jugend 2<\/b><\/p>\n<p class=\"RundschauStandardText\"><span style=\"color: black;\"><br \/>\nUnsere j\u00fcngsten Kegler konnten einen Heimsieg einfahren. Zu Beginn gingen Fabian und Florian auf die Bahn und konnten beide gute Einzelergebnisse erzielen. Mit lediglich 3 Holz Vorsprung ging Lara als Schlussspielerin auf die Bahn und konnte an die guten Ergebnisse Ihrer Mitspieler ankn\u00fcpfen und den 2. Saisonsieg der Mannschaft sichern.<\/span><\/p>\n<table class=\"tablerpt\">\n<tbody>\n<tr>\n<td class=\"lineheaderc\" colspan=\"6\" width=\"480\">DT Jugend 2<\/td>\n<td class=\"lineheaderc\" colspan=\"6\" width=\"480\" height=\"20\">Gl\u00fcck Auf SW \/ Dittelbrunn<\/td>\n<\/tr>\n<tr>\n<td class=\"lineheader\" height=\"20\">Name<\/td>\n<td class=\"lineheaderc\">D 1<\/td>\n<td class=\"lineheaderc\">D 2<\/td>\n<td class=\"lineheaderc\">D 3<\/td>\n<td class=\"lineheaderc\">D 4<\/td>\n<td class=\"lineheaderc\">Gesamt<\/td>\n<td class=\"lineheaderc\">Gesamt<\/td>\n<td class=\"lineheaderc\">D 4<\/td>\n<td class=\"lineheaderc\">D 3<\/td>\n<td class=\"lineheaderc\">D 2<\/td>\n<td class=\"lineheaderc\">D 1<\/td>\n<td class=\"lineheaderc\">Name<\/td>\n<\/tr>\n<tr>\n<td class=\"cellborder\" height=\"20\">Schreiner Florian<\/td>\n<td class=\"cellborderc\">99<\/td>\n<td class=\"cellborderc\">107<\/td>\n<td class=\"cellborderc\">107<\/td>\n<td class=\"cellborderc\">105<\/td>\n<td class=\"cellborderc\">418<\/td>\n<td class=\"cellborderc\">486<\/td>\n<td class=\"cellborderc\">111<\/td>\n<td class=\"cellborderc\">110<\/td>\n<td class=\"cellborderc\">133<\/td>\n<td class=\"cellborderc\">132<\/td>\n<td class=\"cellborder\" align=\"right\">Dressler Lars<\/td>\n<\/tr>\n<tr>\n<td class=\"cellborder\" height=\"20\">Stingl Fabian<\/td>\n<td class=\"cellborderc\">109<\/td>\n<td class=\"cellborderc\">115<\/td>\n<td class=\"cellborderc\">114<\/td>\n<td class=\"cellborderc\">111<\/td>\n<td class=\"cellborderc\">449<\/td>\n<td class=\"cellborderc\">384<\/td>\n<td class=\"cellborderc\">99<\/td>\n<td class=\"cellborderc\">104<\/td>\n<td class=\"cellborderc\">88<\/td>\n<td class=\"cellborderc\">99<\/td>\n<td class=\"cellborder\" align=\"right\">R\u00fchr Lea \/ Schraut Lina<\/td>\n<\/tr>\n<tr>\n<td class=\"cellborder\" height=\"20\">Eisenhut Lara<\/td>\n<td class=\"cellborderc\">122<\/td>\n<td class=\"cellborderc\">109<\/td>\n<td class=\"cellborderc\">104<\/td>\n<td class=\"cellborderc\">114<\/td>\n<td class=\"cellborderc\">449<\/td>\n<td class=\"cellborderc\">410<\/td>\n<td class=\"cellborderc\">94<\/td>\n<td class=\"cellborderc\">95<\/td>\n<td class=\"cellborderc\">111<\/td>\n<td class=\"cellborderc\">110<\/td>\n<td class=\"cellborder\" align=\"right\">Sch\u00e4fer Ronja<\/td>\n<\/tr>\n<tr>\n<td colspan=\"6\">\n<table class=\"tablerpt\">\n<tbody>\n<tr>\n<td class=\"lineheaderc\">Differenz<\/td>\n<td class=\"lineheaderc\">Volle<\/td>\n<td class=\"lineheaderc\">R\u00e4umen<\/td>\n<td class=\"lineheaderc\">Fehler<\/td>\n<td class=\"lineheaderc\">Gesamt<\/td>\n<\/tr>\n<tr>\n<td class=\"cellborderc\">+54<\/td>\n<td class=\"cellborderc\">1049<\/td>\n<td class=\"cellborderc\">339<\/td>\n<td class=\"cellborderc\">54<\/td>\n<td class=\"cellborderc\">1388<\/td>\n<\/tr>\n<\/tbody>\n<\/table>\n<\/td>\n<td colspan=\"6\">\n<table class=\"tablerpt\">\n<tbody>\n<tr>\n<td class=\"lineheaderc\">Gesamt<\/td>\n<td class=\"lineheaderc\">Fehler<\/td>\n<td class=\"lineheaderc\">R\u00e4umen<\/td>\n<td class=\"lineheaderc\">Volle<\/td>\n<td class=\"lineheaderc\">Differenz<\/td>\n<\/tr>\n<tr>\n<td class=\"cellborderc\">1334<\/td>\n<td class=\"cellborderc\">42<\/td>\n<td class=\"cellborderc\">371<\/td>\n<td class=\"cellborderc\">963<\/td>\n<td class=\"cellborderc\">-54<\/td>\n<\/tr>\n<\/tbody>\n<\/table>\n<\/td>\n<\/tr>\n<\/tbody>\n<\/table>\n","protected":false},"excerpt":{"rendered":"<p>Damen Gegen den Tabellenletzten konnten unsere Damen einen weiteren Sieg einfahren. Sie mussten aber 3 Mannschaftspunkte in den direkten Duellen abgeben und konnten den Sieg lediglich \u00fcber die Ergebnispunkte einfahren. <a href=\"https:\/\/www.doppelturm.de\/?page_id=1206\" class=\"more-link\">[&hellip;]<\/a><\/p>\n","protected":false},"author":2,"featured_media":0,"parent":1621,"menu_order":40,"comment_status":"closed","ping_status":"closed","template":"","meta":{"Layout":""},"_links":{"self":[{"href":"https:\/\/www.doppelturm.de\/index.php?rest_route=\/wp\/v2\/pages\/1206"}],"collection":[{"href":"https:\/\/www.doppelturm.de\/index.php?rest_route=\/wp\/v2\/pages"}],"about":[{"href":"https:\/\/www.doppelturm.de\/index.php?rest_route=\/wp\/v2\/types\/page"}],"author":[{"embeddable":true,"href":"https:\/\/www.doppelturm.de\/index.php?rest_route=\/wp\/v2\/users\/2"}],"replies":[{"embeddable":true,"href":"https:\/\/www.doppelturm.de\/index.php?rest_route=%2Fwp%2Fv2%2Fcomments&post=1206"}],"version-history":[{"count":17,"href":"https:\/\/www.doppelturm.de\/index.php?rest_route=\/wp\/v2\/pages\/1206\/revisions"}],"predecessor-version":[{"id":1246,"href":"https:\/\/www.doppelturm.de\/index.php?rest_route=\/wp\/v2\/pages\/1206\/revisions\/1246"}],"up":[{"embeddable":true,"href":"https:\/\/www.doppelturm.de\/index.php?rest_route=\/wp\/v2\/pages\/1621"}],"wp:attachment":[{"href":"https:\/\/www.doppelturm.de\/index.php?rest_route=%2Fwp%2Fv2%2Fmedia&parent=1206"}],"curies":[{"name":"wp","href":"https:\/\/api.w.org\/{rel}","templated":true}]}}