{"id":1069,"date":"2016-10-19T09:41:26","date_gmt":"2016-10-19T07:41:26","guid":{"rendered":"http:\/\/www.doppelturm.de\/?page_id=1069"},"modified":"2017-10-10T10:21:27","modified_gmt":"2017-10-10T08:21:27","slug":"spieltag-15-16-10-2016","status":"publish","type":"page","link":"https:\/\/www.doppelturm.de\/?page_id=1069","title":{"rendered":"Spieltag 15. &#8211; 16.10.2016"},"content":{"rendered":"<p><b>Herren 1<\/b><\/p>\n<p><strong>Gl\u00fccklicher Ausw\u00e4rtssieg<br \/>\n<\/strong>Nach der ungl\u00fccklichen letzten Heimniederlage, kehrte das Gl\u00fcck zu uns zur\u00fcck. Das Tagesbestergebnis spielte wieder einmal Oliver und holte relativ ungef\u00e4hrdet den ersten Mannschaftspunkt. Philipp tat sich da schon schwerer und musste seinen Punkt abgeben, hielt aber den Holzverlust in Grenzen. Sascha spielte am Anfang stark auf, brach dann aber ungewohnterweise ein und musste die restlichen Bahnen um den Mannschaftspunkt k\u00e4mpfen. Bei Matthias war es genau anders rum, zu Beginn zeigte er noch Schw\u00e4chen, aber er fing sich dann gl\u00fccklicherweise wieder. Nach diesem Auf und Ab hatten die M\u00e4nner noch 15 Holz Vorsprung, was diesen knappen Sieg sicherte.<br \/>\n<strong>Tabellenplatz: 4 (6:2 Punkte) Pl\u00e4tzen 1-4 punktgleich<\/strong><\/p>\n<table class=\"tablerpt\">\n<tbody>\n<tr>\n<td class=\"lineheaderc\" colspan=\"7\" width=\"480\">Ha\u00dffurt<\/td>\n<td class=\"lineheaderc\" colspan=\"7\" width=\"480\" height=\"20\">DT Herren 1<\/td>\n<\/tr>\n<tr>\n<td class=\"lineheader\" height=\"20\">Name<\/td>\n<td class=\"lineheaderc\">D 1<\/td>\n<td class=\"lineheaderc\">D 2<\/td>\n<td class=\"lineheaderc\">D 3<\/td>\n<td class=\"lineheaderc\">D 4<\/td>\n<td class=\"lineheaderc\">Gesamt<\/td>\n<td class=\"lineheaderc\">MP<\/td>\n<td class=\"lineheaderc\" height=\"20\">MP<\/td>\n<td class=\"lineheaderc\">Gesamt<\/td>\n<td class=\"lineheaderc\">D 4<\/td>\n<td class=\"lineheaderc\">D 3<\/td>\n<td class=\"lineheaderc\">D 2<\/td>\n<td class=\"lineheaderc\">D 1<\/td>\n<td class=\"lineheaderc\">Name<\/td>\n<\/tr>\n<tr>\n<td class=\"cellborder\" height=\"20\">\u00a0Frantzen<\/td>\n<td class=\"cellborderc\">142<\/td>\n<td class=\"cellborderc\">135<\/td>\n<td class=\"cellborderc\">134<\/td>\n<td class=\"cellborderc\">119<\/td>\n<td class=\"cellborderc\">530<\/td>\n<td class=\"cellborderc\">0<\/td>\n<td class=\"cellborderc\">1<\/td>\n<td class=\"cellborderc\">553<\/td>\n<td class=\"cellborderc\">139<\/td>\n<td class=\"cellborderc\">142<\/td>\n<td class=\"cellborderc\">145<\/td>\n<td class=\"cellborderc\">127<\/td>\n<td class=\"cellborder\" align=\"right\">Werner, Oliver<\/td>\n<\/tr>\n<tr>\n<td class=\"cellborder\" height=\"20\">\u00a0Giebfried<\/td>\n<td class=\"cellborderc\">128<\/td>\n<td class=\"cellborderc\">141<\/td>\n<td class=\"cellborderc\">105<\/td>\n<td class=\"cellborderc\">\u00a0124<\/td>\n<td class=\"cellborderc\">498<\/td>\n<td class=\"cellborderc\">1<\/td>\n<td class=\"cellborderc\">0<\/td>\n<td class=\"cellborderc\">489<\/td>\n<td class=\"cellborderc\">120<\/td>\n<td class=\"cellborderc\">127<\/td>\n<td class=\"cellborderc\">122<\/td>\n<td class=\"cellborderc\">120<\/td>\n<td class=\"cellborder\" align=\"right\">H\u00fcmmer, Philipp<\/td>\n<\/tr>\n<tr>\n<td class=\"cellborder\" height=\"20\">\u00a0Eichmann\/Krug<\/td>\n<td class=\"cellborderc\">114<\/td>\n<td class=\"cellborderc\">133<\/td>\n<td class=\"cellborderc\">99<\/td>\n<td class=\"cellborderc\">131<\/td>\n<td class=\"cellborderc\">477<\/td>\n<td class=\"cellborderc\">0<\/td>\n<td class=\"cellborderc\">1<\/td>\n<td class=\"cellborderc\">505<\/td>\n<td class=\"cellborderc\">117<\/td>\n<td class=\"cellborderc\">128<\/td>\n<td class=\"cellborderc\">104<\/td>\n<td class=\"cellborderc\">156<\/td>\n<td class=\"cellborder\" align=\"right\">M\u00fcller, Sascha<\/td>\n<\/tr>\n<tr>\n<td class=\"cellborder\" height=\"20\">\u00a0Wolf<\/td>\n<td class=\"cellborderc\">121<\/td>\n<td class=\"cellborderc\">149<\/td>\n<td class=\"cellborderc\">142<\/td>\n<td class=\"cellborderc\">129<\/td>\n<td class=\"cellborderc\">541<\/td>\n<td class=\"cellborderc\">1<\/td>\n<td class=\"cellborderc\">0<\/td>\n<td class=\"cellborderc\">514<\/td>\n<td class=\"cellborderc\">123<\/td>\n<td class=\"cellborderc\">139<\/td>\n<td class=\"cellborderc\">144<\/td>\n<td class=\"cellborderc\">108<\/td>\n<td class=\"cellborder\" align=\"right\">Braun, Matthias<\/td>\n<\/tr>\n<tr>\n<td colspan=\"7\">\n<table class=\"tablerpt\">\n<tbody>\n<tr>\n<td class=\"lineheaderc\">Differenz<\/td>\n<td class=\"lineheaderc\">Volle<\/td>\n<td class=\"lineheaderc\">R\u00e4umen<\/td>\n<td class=\"lineheaderc\">Fehler<\/td>\n<td class=\"lineheaderc\">Gesamt<\/td>\n<td class=\"lineheaderc\">MP<\/td>\n<\/tr>\n<tr>\n<td class=\"cellborderc\">-15<\/td>\n<td class=\"cellborderc\">1397<\/td>\n<td class=\"cellborderc\">649<\/td>\n<td class=\"cellborderc\">37<\/td>\n<td class=\"cellborderc\">2046<\/td>\n<td class=\"cellborderc\">2<\/td>\n<\/tr>\n<\/tbody>\n<\/table>\n<\/td>\n<td colspan=\"7\">\n<table class=\"tablerpt\">\n<tbody>\n<tr>\n<td class=\"lineheaderc\">MP<\/td>\n<td class=\"lineheaderc\">Gesamt<\/td>\n<td class=\"lineheaderc\">Fehler<\/td>\n<td class=\"lineheaderc\">R\u00e4umen<\/td>\n<td class=\"lineheaderc\">Volle<\/td>\n<td class=\"lineheaderc\">Differenz<\/td>\n<\/tr>\n<tr>\n<td class=\"cellborderc\">4<\/td>\n<td class=\"cellborderc\">2061<\/td>\n<td class=\"cellborderc\">19<\/td>\n<td class=\"cellborderc\">665<\/td>\n<td class=\"cellborderc\">1396<\/td>\n<td class=\"cellborderc\">+15<\/td>\n<\/tr>\n<\/tbody>\n<\/table>\n<\/td>\n<\/tr>\n<\/tbody>\n<\/table>\n<p><b>Damen<br \/>\n<\/b><\/p>\n<p><strong>Unsere Damen k\u00f6nnen in Geo einfach nicht gewinnen<br \/>\n<\/strong>Die Motivation war gro\u00df diesmal in Geo die Punkte mitzunehmen oder zumindest \u201edie Bahn zu knacken\u201c und ein gutes Ergebnis zu erzielen. Leider ist weder das eine noch das andere gelungen und die Niederlage ist auch ziemlich eindeutig ausgefallen. Nur Daniela zeigte Ihre St\u00e4rke und bewies, dass man auf der schwierigen Bahn gute Ergebnisse erzielen kann. Auch die Ergebnisse von Silvia und Anni sind \u2013 im Vergleich \u2013 noch gut ausgefallen. Kopf hoch und weiterk\u00e4mpfen!<br \/>\n<strong>Tabellenplatz: 5 (6:4 Punkte)<\/strong><\/p>\n<table class=\"tablerpt\">\n<tbody>\n<tr>\n<td class=\"lineheaderc\" colspan=\"7\" width=\"480\" height=\"20\">Gerolzhofen<\/td>\n<td class=\"lineheaderc\" colspan=\"7\" width=\"480\">DT Damen<\/td>\n<\/tr>\n<tr>\n<td class=\"lineheader\" height=\"20\">Name<\/td>\n<td class=\"lineheaderc\">D 1<\/td>\n<td class=\"lineheaderc\">D 2<\/td>\n<td class=\"lineheaderc\">D 3<\/td>\n<td class=\"lineheaderc\">D 4<\/td>\n<td class=\"lineheaderc\">Gesamt<\/td>\n<td class=\"lineheaderc\">MP<\/td>\n<td class=\"lineheaderc\">MP<\/td>\n<td class=\"lineheaderc\">Gesamt<\/td>\n<td class=\"lineheaderc\">D 4<\/td>\n<td class=\"lineheaderc\">D 3<\/td>\n<td class=\"lineheaderc\">D 2<\/td>\n<td class=\"lineheaderc\">D 1<\/td>\n<td class=\"lineheaderc\">Name<\/td>\n<\/tr>\n<tr>\n<td class=\"cellborder\" height=\"20\">Leubner<\/td>\n<td class=\"cellborderc\">132<\/td>\n<td class=\"cellborderc\">109<\/td>\n<td class=\"cellborderc\">112<\/td>\n<td class=\"cellborderc\">134<\/td>\n<td class=\"cellborderc\">487<\/td>\n<td class=\"cellborderc\">1<\/td>\n<td class=\"cellborderc\">0<\/td>\n<td class=\"cellborderc\">465<\/td>\n<td class=\"cellborderc\">118<\/td>\n<td class=\"cellborderc\">129<\/td>\n<td class=\"cellborderc\">103<\/td>\n<td class=\"cellborderc\">115<\/td>\n<td class=\"cellborder\" align=\"right\">Pfaff, Sabine<\/td>\n<\/tr>\n<tr>\n<td class=\"cellborder\" height=\"20\">Niedermeier D.<\/td>\n<td class=\"cellborderc\">131<\/td>\n<td class=\"cellborderc\">99<\/td>\n<td class=\"cellborderc\">132<\/td>\n<td class=\"cellborderc\">125<\/td>\n<td class=\"cellborderc\">487<\/td>\n<td class=\"cellborderc\">1<\/td>\n<td class=\"cellborderc\">0<\/td>\n<td class=\"cellborderc\">483<\/td>\n<td class=\"cellborderc\">106<\/td>\n<td class=\"cellborderc\">120<\/td>\n<td class=\"cellborderc\">136<\/td>\n<td class=\"cellborderc\">121<\/td>\n<td class=\"cellborder\" align=\"right\">Landeck, Silvia<\/td>\n<\/tr>\n<tr>\n<td class=\"cellborder\" height=\"20\">Niedermeier L.<\/td>\n<td class=\"cellborderc\">143<\/td>\n<td class=\"cellborderc\">133<\/td>\n<td class=\"cellborderc\">141<\/td>\n<td class=\"cellborderc\">137<\/td>\n<td class=\"cellborderc\">554<\/td>\n<td class=\"cellborderc\">1<\/td>\n<td class=\"cellborderc\">0<\/td>\n<td class=\"cellborderc\">487<\/td>\n<td class=\"cellborderc\">117<\/td>\n<td class=\"cellborderc\">126<\/td>\n<td class=\"cellborderc\">133<\/td>\n<td class=\"cellborderc\">111<\/td>\n<td class=\"cellborder\" align=\"right\">R\u00f6sch, Anni<\/td>\n<\/tr>\n<tr>\n<td class=\"cellborder\" height=\"20\">Fritz<\/td>\n<td class=\"cellborderc\">118<\/td>\n<td class=\"cellborderc\">105<\/td>\n<td class=\"cellborderc\">107<\/td>\n<td class=\"cellborderc\">117<\/td>\n<td class=\"cellborderc\">447<\/td>\n<td class=\"cellborderc\">0<\/td>\n<td class=\"cellborderc\">1<\/td>\n<td class=\"cellborderc\">460<\/td>\n<td class=\"cellborderc\">105<\/td>\n<td class=\"cellborderc\">125<\/td>\n<td class=\"cellborderc\">112<\/td>\n<td class=\"cellborderc\">118<\/td>\n<td class=\"cellborder\" align=\"right\">N\u00f6th, Helena<\/td>\n<\/tr>\n<tr>\n<td class=\"cellborder\" height=\"20\">Geck<\/td>\n<td class=\"cellborderc\">145<\/td>\n<td class=\"cellborderc\">123<\/td>\n<td class=\"cellborderc\">120<\/td>\n<td class=\"cellborderc\">112<\/td>\n<td class=\"cellborderc\">500<\/td>\n<td class=\"cellborderc\">0<\/td>\n<td class=\"cellborderc\">1<\/td>\n<td class=\"cellborderc\">548<\/td>\n<td class=\"cellborderc\">108<\/td>\n<td class=\"cellborderc\">153<\/td>\n<td class=\"cellborderc\">120<\/td>\n<td class=\"cellborderc\">167<\/td>\n<td class=\"cellborder\" align=\"right\">Eisenhut, Daniela<\/td>\n<\/tr>\n<tr>\n<td class=\"cellborder\" height=\"20\">Dippert<\/td>\n<td class=\"cellborderc\">115<\/td>\n<td class=\"cellborderc\">142<\/td>\n<td class=\"cellborderc\">147<\/td>\n<td class=\"cellborderc\">145<\/td>\n<td class=\"cellborderc\">549<\/td>\n<td class=\"cellborderc\">1<\/td>\n<td class=\"cellborderc\">0<\/td>\n<td class=\"cellborderc\">466<\/td>\n<td class=\"cellborderc\">120<\/td>\n<td class=\"cellborderc\">110<\/td>\n<td class=\"cellborderc\">123<\/td>\n<td class=\"cellborderc\">113<\/td>\n<td class=\"cellborder\" align=\"right\">Mauder, Jenny<\/td>\n<\/tr>\n<tr>\n<td colspan=\"7\">\n<table class=\"tablerpt\">\n<tbody>\n<tr>\n<td class=\"lineheaderc\">Differenz<\/td>\n<td class=\"lineheaderc\">Volle<\/td>\n<td class=\"lineheaderc\">R\u00e4umen<\/td>\n<td class=\"lineheaderc\">Fehler<\/td>\n<td class=\"lineheaderc\">Gesamt<\/td>\n<td class=\"lineheaderc\">MP<\/td>\n<\/tr>\n<tr>\n<td class=\"cellborderc\">-115<\/td>\n<td class=\"cellborderc\">2064<\/td>\n<td class=\"cellborderc\">960<\/td>\n<td class=\"cellborderc\">43<\/td>\n<td class=\"cellborderc\">3024<\/td>\n<td class=\"cellborderc\">6<\/td>\n<\/tr>\n<\/tbody>\n<\/table>\n<\/td>\n<td colspan=\"7\">\n<table class=\"tablerpt\">\n<tbody>\n<tr>\n<td class=\"lineheaderc\">MP<\/td>\n<td class=\"lineheaderc\">Gesamt<\/td>\n<td class=\"lineheaderc\">Fehler<\/td>\n<td class=\"lineheaderc\">R\u00e4umen<\/td>\n<td class=\"lineheaderc\">Volle<\/td>\n<td class=\"lineheaderc\">Differenz<\/td>\n<\/tr>\n<tr>\n<td class=\"cellborderc\">2<\/td>\n<td class=\"cellborderc\">2909<\/td>\n<td class=\"cellborderc\">64<\/td>\n<td class=\"cellborderc\">860<\/td>\n<td class=\"cellborderc\">2049<\/td>\n<td class=\"cellborderc\">+115<\/td>\n<\/tr>\n<\/tbody>\n<\/table>\n<\/td>\n<\/tr>\n<\/tbody>\n<\/table>\n<p><b>Herren 2<\/b><\/p>\n<p><strong>Erster Punktgewinn<br \/>\n<\/strong>Diesmal war auch der 2. Herrenmannschaft das Gl\u00fcck hold und der erste Punktegewinn konnte als Aufsteiger eingefahren werden. Gerd zeigte wieder seine Klasse und holte mit einem super Ergebnis von 544 den Mannschaftspunkt. Auch Wolfgang und Hermann konnten Ihre Punkte einfahren. Lediglich Aushilfsspieler \u201eOpa\u201c musste den Punkt gegen den Tagesbesten hergeben. Der letzte Schub entschied \u00fcber Unentschieden oder Sieg und so konnte der extrem knappe Sieg eingefahren werden.<br \/>\n<strong>Tabellenplatz: 10 (2:6 Punkte)<\/strong><\/p>\n<table class=\"tablerpt\">\n<tbody>\n<tr>\n<td class=\"lineheaderc\" colspan=\"7\" width=\"480\" height=\"20\">DT Herren 2<\/td>\n<td class=\"lineheaderc\" colspan=\"7\" width=\"480\">R\u00f6thlein 4<\/td>\n<\/tr>\n<tr>\n<td class=\"lineheader\" height=\"20\">Name<\/td>\n<td class=\"lineheaderc\">D 1<\/td>\n<td class=\"lineheaderc\">D 2<\/td>\n<td class=\"lineheaderc\">D 3<\/td>\n<td class=\"lineheaderc\">D 4<\/td>\n<td class=\"lineheaderc\">Gesamt<\/td>\n<td class=\"lineheaderc\">MP<\/td>\n<td class=\"lineheaderc\" height=\"20\">MP<\/td>\n<td class=\"lineheaderc\">Gesamt<\/td>\n<td class=\"lineheaderc\">D 4<\/td>\n<td class=\"lineheaderc\">D 3<\/td>\n<td class=\"lineheaderc\">D 2<\/td>\n<td class=\"lineheaderc\">D 1<\/td>\n<td class=\"lineheaderc\">Name<\/td>\n<\/tr>\n<tr>\n<td class=\"cellborder\" height=\"20\">Gerd Lohrey<\/td>\n<td class=\"cellborderc\"><\/td>\n<td class=\"cellborderc\"><\/td>\n<td class=\"cellborderc\"><\/td>\n<td class=\"cellborderc\"><\/td>\n<td class=\"cellborderc\">544<\/td>\n<td class=\"cellborderc\">1<\/td>\n<td class=\"cellborderc\">0<\/td>\n<td class=\"cellborderc\">529<\/td>\n<td class=\"cellborderc\"><\/td>\n<td class=\"cellborderc\"><\/td>\n<td class=\"cellborderc\"><\/td>\n<td class=\"cellborderc\"><\/td>\n<td class=\"cellborder\" align=\"right\">\u00a0Jarausch<\/td>\n<\/tr>\n<tr>\n<td class=\"cellborder\" height=\"20\">Wolfgang Borowski<\/td>\n<td class=\"cellborderc\"><\/td>\n<td class=\"cellborderc\"><\/td>\n<td class=\"cellborderc\"><\/td>\n<td class=\"cellborderc\"><\/td>\n<td class=\"cellborderc\">503<\/td>\n<td class=\"cellborderc\">1<\/td>\n<td class=\"cellborderc\">0<\/td>\n<td class=\"cellborderc\">488<\/td>\n<td class=\"cellborderc\"><\/td>\n<td class=\"cellborderc\"><\/td>\n<td class=\"cellborderc\"><\/td>\n<td class=\"cellborderc\"><\/td>\n<td class=\"cellborder\" align=\"right\">\u00a0Stahl<\/td>\n<\/tr>\n<tr>\n<td class=\"cellborder\" height=\"20\">Hermann Mauder<\/td>\n<td class=\"cellborderc\"><\/td>\n<td class=\"cellborderc\"><\/td>\n<td class=\"cellborderc\"><\/td>\n<td class=\"cellborderc\"><\/td>\n<td class=\"cellborderc\">482<\/td>\n<td class=\"cellborderc\">1<\/td>\n<td class=\"cellborderc\">0<\/td>\n<td class=\"cellborderc\">476<\/td>\n<td class=\"cellborderc\"><\/td>\n<td class=\"cellborderc\"><\/td>\n<td class=\"cellborderc\"><\/td>\n<td class=\"cellborderc\"><\/td>\n<td class=\"cellborder\" align=\"right\">\u00a0Sterker<\/td>\n<\/tr>\n<tr>\n<td class=\"cellborder\" height=\"20\">Argiropoulos, Georgios<\/td>\n<td class=\"cellborderc\"><\/td>\n<td class=\"cellborderc\"><\/td>\n<td class=\"cellborderc\"><\/td>\n<td class=\"cellborderc\"><\/td>\n<td class=\"cellborderc\">512<\/td>\n<td class=\"cellborderc\">0<\/td>\n<td class=\"cellborderc\">1<\/td>\n<td class=\"cellborderc\">548<\/td>\n<td class=\"cellborderc\"><\/td>\n<td class=\"cellborderc\"><\/td>\n<td class=\"cellborderc\"><\/td>\n<td class=\"cellborderc\"><\/td>\n<td class=\"cellborder\" align=\"right\">\u00a0St\u00fchler<\/td>\n<\/tr>\n<tr>\n<td colspan=\"7\">\n<table class=\"tablerpt\">\n<tbody>\n<tr>\n<td class=\"lineheaderc\">Differenz<\/td>\n<td class=\"lineheaderc\">Volle<\/td>\n<td class=\"lineheaderc\">R\u00e4umen<\/td>\n<td class=\"lineheaderc\">Fehler<\/td>\n<td class=\"lineheaderc\">Gesamt<\/td>\n<td class=\"lineheaderc\">MP<\/td>\n<\/tr>\n<tr>\n<td class=\"cellborderc\">+\/-0<\/td>\n<td class=\"cellborderc\"><\/td>\n<td class=\"cellborderc\"><\/td>\n<td class=\"cellborderc\"><\/td>\n<td class=\"cellborderc\">2041<\/td>\n<td class=\"cellborderc\">4<\/td>\n<\/tr>\n<\/tbody>\n<\/table>\n<\/td>\n<td colspan=\"7\">\n<table class=\"tablerpt\">\n<tbody>\n<tr>\n<td class=\"lineheaderc\">MP<\/td>\n<td class=\"lineheaderc\">Gesamt<\/td>\n<td class=\"lineheaderc\">Fehler<\/td>\n<td class=\"lineheaderc\">R\u00e4umen<\/td>\n<td class=\"lineheaderc\">Volle<\/td>\n<td class=\"lineheaderc\">Differenz<\/td>\n<\/tr>\n<tr>\n<td class=\"cellborderc\">2<\/td>\n<td class=\"cellborderc\">2041<\/td>\n<td class=\"cellborderc\"><\/td>\n<td class=\"cellborderc\"><\/td>\n<td class=\"cellborderc\"><\/td>\n<td class=\"cellborderc\">+\/-0<\/td>\n<\/tr>\n<\/tbody>\n<\/table>\n<\/td>\n<\/tr>\n<\/tbody>\n<\/table>\n<p><b>Gemischt 1<\/b><\/p>\n<p><strong>Zweites Spiel \u2013 zweiter Sieg<br \/>\n<\/strong>Direkt im Anschluss an das Damenspiel musste auch unsere 1. gemischte Mannschaft in Geo antreten und haben sogleich bewiesen, dass man dort doch gewinnen kann. Mit 178 Holz Vorsprung fiel der Ausw\u00e4rtssieg \u2013 danke klasse Einzelergebnisse &#8211; sogar recht eindeutig aus. Die Mannschaft beh\u00e4lt weiterhin Ihre wei\u00dfe Weste. Weiter so!<br \/>\n<strong>Tabellenplatz: 2 (4:0 Punkte) punktgleich mit Platz 3<\/strong><\/p>\n<table class=\"tablerpt\">\n<tbody>\n<tr>\n<td class=\"lineheaderc\" colspan=\"5\" width=\"480\">Gerolzhofen gem.<\/td>\n<td class=\"lineheaderc\" colspan=\"5\" width=\"480\" height=\"20\">DT Gemischt 1<\/td>\n<\/tr>\n<tr>\n<td class=\"lineheader\" height=\"20\">Name<\/td>\n<td class=\"lineheaderc\">Volle<\/td>\n<td class=\"lineheaderc\">R\u00e4umen<\/td>\n<td class=\"lineheaderc\">Fehler<\/td>\n<td class=\"lineheaderc\">Gesamt<\/td>\n<td class=\"lineheaderc\">Gesamt<\/td>\n<td class=\"lineheaderc\">Fehler<\/td>\n<td class=\"lineheaderc\">R\u00e4umen<\/td>\n<td class=\"lineheaderc\">Volle<\/td>\n<td class=\"lineheaderc\">Name<\/td>\n<\/tr>\n<tr>\n<td class=\"cellborder\" height=\"20\">\u00a0Kraus<\/td>\n<td class=\"cellborderc\">276<\/td>\n<td class=\"cellborderc\">89<\/td>\n<td class=\"cellborderc\">14<\/td>\n<td class=\"cellborderc\">365<\/td>\n<td class=\"cellborderc\">395<\/td>\n<td class=\"cellborderc\">7<\/td>\n<td class=\"cellborderc\">126<\/td>\n<td class=\"cellborderc\">269<\/td>\n<td class=\"cellborder\" align=\"right\">Krieger, Christine<\/td>\n<\/tr>\n<tr>\n<td class=\"cellborder\" height=\"20\">\u00a0F\u00e4rber<\/td>\n<td class=\"cellborderc\">270<\/td>\n<td class=\"cellborderc\">111<\/td>\n<td class=\"cellborderc\">6<\/td>\n<td class=\"cellborderc\">381<\/td>\n<td class=\"cellborderc\">356<\/td>\n<td class=\"cellborderc\">14<\/td>\n<td class=\"cellborderc\">93<\/td>\n<td class=\"cellborderc\">263<\/td>\n<td class=\"cellborder\" align=\"right\">R\u00f6sch, Gerhard<\/td>\n<\/tr>\n<tr>\n<td class=\"cellborder\" height=\"20\">\u00a0Gessendorfer<\/td>\n<td class=\"cellborderc\">245<\/td>\n<td class=\"cellborderc\">80<\/td>\n<td class=\"cellborderc\">17<\/td>\n<td class=\"cellborderc\">325<\/td>\n<td class=\"cellborderc\">446<\/td>\n<td class=\"cellborderc\">6<\/td>\n<td class=\"cellborderc\">152<\/td>\n<td class=\"cellborderc\">294<\/td>\n<td class=\"cellborder\" align=\"right\">Argiropoulos, Georgios<\/td>\n<\/tr>\n<tr>\n<td class=\"cellborder\" height=\"20\">\u00a0Br\u00e4utigam<\/td>\n<td class=\"cellborderc\">262<\/td>\n<td class=\"cellborderc\">96<\/td>\n<td class=\"cellborderc\">11<\/td>\n<td class=\"cellborderc\">358<\/td>\n<td class=\"cellborderc\">4106<\/td>\n<td class=\"cellborderc\">6<\/td>\n<td class=\"cellborderc\">98<\/td>\n<td class=\"cellborderc\">312<\/td>\n<td class=\"cellborder\" align=\"right\">Hofstetter, Burkard<\/td>\n<\/tr>\n<tr>\n<td colspan=\"5\">\n<table class=\"tablerpt\">\n<tbody>\n<tr>\n<td class=\"lineheaderc\">Differenz<\/td>\n<td class=\"lineheaderc\">Volle<\/td>\n<td class=\"lineheaderc\">R\u00e4umen<\/td>\n<td class=\"lineheaderc\">Fehler<\/td>\n<td class=\"lineheaderc\">Gesamt<\/td>\n<\/tr>\n<tr>\n<td class=\"cellborderc\">-178<\/td>\n<td class=\"cellborderc\">1053<\/td>\n<td class=\"cellborderc\">376<\/td>\n<td class=\"cellborderc\">48<\/td>\n<td class=\"cellborderc\">1429<\/td>\n<\/tr>\n<\/tbody>\n<\/table>\n<\/td>\n<td colspan=\"5\">\n<table class=\"tablerpt\">\n<tbody>\n<tr>\n<td class=\"lineheaderc\">Gesamt<\/td>\n<td class=\"lineheaderc\">Fehler<\/td>\n<td class=\"lineheaderc\">R\u00e4umen<\/td>\n<td class=\"lineheaderc\">Volle<\/td>\n<td class=\"lineheaderc\">Differenz<\/td>\n<\/tr>\n<tr>\n<td class=\"cellborderc\">1607<\/td>\n<td class=\"cellborderc\">33<\/td>\n<td class=\"cellborderc\">469<\/td>\n<td class=\"cellborderc\">1138<\/td>\n<td class=\"cellborderc\">+178<\/td>\n<\/tr>\n<\/tbody>\n<\/table>\n<\/td>\n<\/tr>\n<\/tbody>\n<\/table>\n<p><b>Gemischt 2<\/b><\/p>\n<p><strong>Zweites Spiel \u2013 zweiter Sieg Nummer 2<br \/>\n<\/strong>Auch unsere 2. gemischte Mannschaft kann sich \u2013 dank einem erneuten Heimsieg \u2013 weiterhin \u00fcber eine wei\u00dfe Weste freuen. Mit einem sehr gutem Ergebnis wurde mit Florian unser Jugendspieler Tagesbester, dicht gefolgt von Reinhold. Im n\u00e4chstem Spiel m\u00fcssen sie sich mit dem derzeitigen ungeschlagenen und schnittbesten Tabellenf\u00fchrer aus Dittelbrunn messen.<br \/>\n<strong>Tabellenplatz: 3 (4:0 Punkte) punktgleich mit Platz 2<\/strong><\/p>\n<table class=\"tablerpt\">\n<tbody>\n<tr>\n<td class=\"lineheaderc\" colspan=\"5\" width=\"480\">DT Gemischt 2<\/td>\n<td class=\"lineheaderc\" colspan=\"5\" width=\"480\" height=\"20\">Herlheim<\/td>\n<\/tr>\n<tr>\n<td class=\"lineheader\" height=\"20\">Name<\/td>\n<td class=\"lineheaderc\">Volle<\/td>\n<td class=\"lineheaderc\">R\u00e4umen<\/td>\n<td class=\"lineheaderc\">Fehler<\/td>\n<td class=\"lineheaderc\">Gesamt<\/td>\n<td class=\"lineheaderc\">Gesamt<\/td>\n<td class=\"lineheaderc\">Fehler<\/td>\n<td class=\"lineheaderc\">R\u00e4umen<\/td>\n<td class=\"lineheaderc\">Volle<\/td>\n<td class=\"lineheaderc\">Name<\/td>\n<\/tr>\n<tr>\n<td class=\"cellborder\" height=\"20\">\u00a0J\u00f6rg Ludewig<\/td>\n<td class=\"cellborderc\">\u00a0256<\/td>\n<td class=\"cellborderc\">100<\/td>\n<td class=\"cellborderc\">13<\/td>\n<td class=\"cellborderc\">356<\/td>\n<td class=\"cellborderc\">374<\/td>\n<td class=\"cellborderc\">13<\/td>\n<td class=\"cellborderc\">101<\/td>\n<td class=\"cellborderc\">273<\/td>\n<td class=\"cellborder\" align=\"right\">Ludwig<\/td>\n<\/tr>\n<tr>\n<td class=\"cellborder\" height=\"20\">\u00a0Kuntschar Pia<\/td>\n<td class=\"cellborderc\">254<\/td>\n<td class=\"cellborderc\">76<\/td>\n<td class=\"cellborderc\">17<\/td>\n<td class=\"cellborderc\">330<\/td>\n<td class=\"cellborderc\">316<\/td>\n<td class=\"cellborderc\">21<\/td>\n<td class=\"cellborderc\">88<\/td>\n<td class=\"cellborderc\">228<\/td>\n<td class=\"cellborder\" align=\"right\">Hauck<\/td>\n<\/tr>\n<tr>\n<td class=\"cellborder\" height=\"20\">\u00a0N\u00f6th Reinhold<\/td>\n<td class=\"cellborderc\">288<\/td>\n<td class=\"cellborderc\">120<\/td>\n<td class=\"cellborderc\">11<\/td>\n<td class=\"cellborderc\">408<\/td>\n<td class=\"cellborderc\">394<\/td>\n<td class=\"cellborderc\">11<\/td>\n<td class=\"cellborderc\">97<\/td>\n<td class=\"cellborderc\">297<\/td>\n<td class=\"cellborder\" align=\"right\">Zachmann<\/td>\n<\/tr>\n<tr>\n<td class=\"cellborder\" height=\"20\">\u00a0Werner Florian<\/td>\n<td class=\"cellborderc\">295<\/td>\n<td class=\"cellborderc\">123<\/td>\n<td class=\"cellborderc\">7<\/td>\n<td class=\"cellborderc\">418<\/td>\n<td class=\"cellborderc\">373<\/td>\n<td class=\"cellborderc\">13<\/td>\n<td class=\"cellborderc\">106<\/td>\n<td class=\"cellborderc\">267<\/td>\n<td class=\"cellborder\" align=\"right\">Borst<\/td>\n<\/tr>\n<tr>\n<td colspan=\"5\">\n<table class=\"tablerpt\">\n<tbody>\n<tr>\n<td class=\"lineheaderc\">Differenz<\/td>\n<td class=\"lineheaderc\">Volle<\/td>\n<td class=\"lineheaderc\">R\u00e4umen<\/td>\n<td class=\"lineheaderc\">Fehler<\/td>\n<td class=\"lineheaderc\">Gesamt<\/td>\n<\/tr>\n<tr>\n<td class=\"cellborderc\">+55<\/td>\n<td class=\"cellborderc\">1093<\/td>\n<td class=\"cellborderc\">419<\/td>\n<td class=\"cellborderc\">48<\/td>\n<td class=\"cellborderc\">1512<\/td>\n<\/tr>\n<\/tbody>\n<\/table>\n<\/td>\n<td colspan=\"5\">\n<table class=\"tablerpt\">\n<tbody>\n<tr>\n<td class=\"lineheaderc\">Gesamt<\/td>\n<td class=\"lineheaderc\">Fehler<\/td>\n<td class=\"lineheaderc\">R\u00e4umen<\/td>\n<td class=\"lineheaderc\">Volle<\/td>\n<td class=\"lineheaderc\">Differenz<\/td>\n<\/tr>\n<tr>\n<td class=\"cellborderc\">1457<\/td>\n<td class=\"cellborderc\">58<\/td>\n<td class=\"cellborderc\">392<\/td>\n<td class=\"cellborderc\">1065<\/td>\n<td class=\"cellborderc\">-55<\/td>\n<\/tr>\n<\/tbody>\n<\/table>\n<\/td>\n<\/tr>\n<\/tbody>\n<\/table>\n","protected":false},"excerpt":{"rendered":"<p>Herren 1 Gl\u00fccklicher Ausw\u00e4rtssieg Nach der ungl\u00fccklichen letzten Heimniederlage, kehrte das Gl\u00fcck zu uns zur\u00fcck. Das Tagesbestergebnis spielte wieder einmal Oliver und holte relativ ungef\u00e4hrdet den ersten Mannschaftspunkt. Philipp tat <a href=\"https:\/\/www.doppelturm.de\/?page_id=1069\" class=\"more-link\">[&hellip;]<\/a><\/p>\n","protected":false},"author":2,"featured_media":0,"parent":1621,"menu_order":78,"comment_status":"closed","ping_status":"closed","template":"","meta":{"Layout":""},"_links":{"self":[{"href":"https:\/\/www.doppelturm.de\/index.php?rest_route=\/wp\/v2\/pages\/1069"}],"collection":[{"href":"https:\/\/www.doppelturm.de\/index.php?rest_route=\/wp\/v2\/pages"}],"about":[{"href":"https:\/\/www.doppelturm.de\/index.php?rest_route=\/wp\/v2\/types\/page"}],"author":[{"embeddable":true,"href":"https:\/\/www.doppelturm.de\/index.php?rest_route=\/wp\/v2\/users\/2"}],"replies":[{"embeddable":true,"href":"https:\/\/www.doppelturm.de\/index.php?rest_route=%2Fwp%2Fv2%2Fcomments&post=1069"}],"version-history":[{"count":7,"href":"https:\/\/www.doppelturm.de\/index.php?rest_route=\/wp\/v2\/pages\/1069\/revisions"}],"predecessor-version":[{"id":1078,"href":"https:\/\/www.doppelturm.de\/index.php?rest_route=\/wp\/v2\/pages\/1069\/revisions\/1078"}],"up":[{"embeddable":true,"href":"https:\/\/www.doppelturm.de\/index.php?rest_route=\/wp\/v2\/pages\/1621"}],"wp:attachment":[{"href":"https:\/\/www.doppelturm.de\/index.php?rest_route=%2Fwp%2Fv2%2Fmedia&parent=1069"}],"curies":[{"name":"wp","href":"https:\/\/api.w.org\/{rel}","templated":true}]}}